{"id":40809,"date":"2020-10-23T11:00:45","date_gmt":"2020-10-23T08:00:45","guid":{"rendered":"https:\/\/partners-ltd.com\/magazin\/fara-categorie\/3m-scotchlite-reflective-material-5807-silver-folie-reflectorizanta-textila\/"},"modified":"2025-06-18T15:42:58","modified_gmt":"2025-06-18T12:42:58","slug":"3m-scotchlite-reflective-material-5807-silver-folie-reflectorizanta-textila","status":"publish","type":"product","link":"https:\/\/partners-ltd.com\/ro\/e-shop\/folie-pentru-cutter-plotter\/3m-folie-reflectorizanta\/3m-scotchlite-reflective-material-5807-silver-folie-reflectorizanta-textila\/","title":{"rendered":"3M Scotchlite Reflective Material 5807 Silver &#8211; folie reflectorizant\u0103 textil\u0103"},"content":{"rendered":"<div class=\"wpb-content-wrapper\"><p>[vc_row css=&#8221;.vc_custom_1750250549654{margin-top: 1px !important;margin-right: 1px !important;margin-bottom: 1px !important;margin-left: 1px !important;border-radius: 1px !important;}&#8221;][vc_column]<div id=\"ultimate-heading-293469e4b7623969a\" class=\"uvc-heading ult-adjust-bottom-margin ultimate-heading-293469e4b7623969a uvc-5984  uvc-heading-default-font-sizes\" data-hspacer=\"no_spacer\"  data-halign=\"left\" style=\"text-align:left\"><div class=\"uvc-heading-spacer no_spacer\" style=\"top\"><\/div><div class=\"uvc-main-heading ult-responsive\"  data-ultimate-target='.uvc-heading.ultimate-heading-293469e4b7623969a h2'  data-responsive-json-new='{\"font-size\":\"\",\"line-height\":\"\"}' ><h2 style=\"--font-weight:theme;\">3M Scotchlite Reflective Material 5807 folie reflectorizant\u0103 textil\u0103, argintie<\/h2><\/div><\/div>[vc_empty_space][vc_column_text]<strong><a class=\"dt-pswp-item\" href=\"https:\/\/partners-ltd.com\/wp-content\/uploads\/2020\/10\/3M-Scotchlite-Reflective-Material-5807-\u0435-\u0441\u0432\u0435\u0442\u043b\u043e\u043e\u0442\u0440\u0430\u0437\u0438\u0442\u0435\u043b\u043d\u043e-\u0444\u043e\u043b\u0438\u043e-1.png\" data-dt-img-description=\"\" data-large_image_width=\"854\" data-large_image_height=\"626\"><img loading=\"lazy\" decoding=\"async\" class=\" wp-image-23291 alignleft\" src=\"https:\/\/partners-ltd.com\/wp-content\/uploads\/2020\/10\/3M-Scotchlite-Reflective-Material-5807-\u0435-\u0441\u0432\u0435\u0442\u043b\u043e\u043e\u0442\u0440\u0430\u0437\u0438\u0442\u0435\u043b\u043d\u043e-\u0444\u043e\u043b\u0438\u043e-1.png\" alt=\"3M Scotchlite Reflective Material 5807 este folie reflectorizant\u0103\" width=\"231\" height=\"170\" srcset=\"https:\/\/partners-ltd.com\/wp-content\/uploads\/2020\/10\/3M-Scotchlite-Reflective-Material-5807-\u0435-\u0441\u0432\u0435\u0442\u043b\u043e\u043e\u0442\u0440\u0430\u0437\u0438\u0442\u0435\u043b\u043d\u043e-\u0444\u043e\u043b\u0438\u043e-1.png 854w, https:\/\/partners-ltd.com\/wp-content\/uploads\/2020\/10\/3M-Scotchlite-Reflective-Material-5807-\u0435-\u0441\u0432\u0435\u0442\u043b\u043e\u043e\u0442\u0440\u0430\u0437\u0438\u0442\u0435\u043b\u043d\u043e-\u0444\u043e\u043b\u0438\u043e-1-300x220.png 300w, https:\/\/partners-ltd.com\/wp-content\/uploads\/2020\/10\/3M-Scotchlite-Reflective-Material-5807-\u0435-\u0441\u0432\u0435\u0442\u043b\u043e\u043e\u0442\u0440\u0430\u0437\u0438\u0442\u0435\u043b\u043d\u043e-\u0444\u043e\u043b\u0438\u043e-1-768x563.png 768w, https:\/\/partners-ltd.com\/wp-content\/uploads\/2020\/10\/3M-Scotchlite-Reflective-Material-5807-\u0435-\u0441\u0432\u0435\u0442\u043b\u043e\u043e\u0442\u0440\u0430\u0437\u0438\u0442\u0435\u043b\u043d\u043e-\u0444\u043e\u043b\u0438\u043e-1-425x312.png 425w\" sizes=\"(max-width: 231px) 100vw, 231px\" \/><\/a>3M Scotchlite Reflective Material 5807<\/strong> este o folie reflectorizant\u0103, destinat\u0103 \u00eembun\u0103t\u0103\u021birii vizibilit\u0103\u021bii \u00een condi\u021bii de iluminare slab\u0103 \u0219i pe timp de noapte.<\/p>\n<p>Produsul reflect\u0103 intens lumina, \u00een special cea de la <strong>farurile automobilelor<\/strong>, ceea ce \u00eel face ideal pentru utilizare de c\u0103tre <strong>echipele medicale de urgen\u021b\u0103<\/strong>, <strong>motocicli\u0219ti<\/strong>, <strong>sportivi<\/strong> \u0219i pentru aplica\u021bie pe orice tip de <strong>\u00eembr\u0103c\u0103minte de protec\u021bie<\/strong>, <strong>sportiv\u0103<\/strong> \u0219i<strong> de zi cu zi<\/strong>.\u00a0Este compus din <strong>lentile retroreflective<\/strong>, <strong>expuse<\/strong> <strong>cu unghi larg<\/strong>, lipite de un adeziv activat termic. Retroreflectivitatea ajut\u0103 ochiul s\u0103 perceap\u0103 obiectele \u00een condi\u021bii de lumin\u0103 slab\u0103. Din punct de vedere \u0219tiin\u021bific, retroreflexia apare atunci c\u00e2nd razele de lumin\u0103 se \u00eentorc \u00een direc\u021bia din care au venit.<\/p>\n<p><strong>3M Scotchlite Reflective Material 5807 folie reflectorizant\u0103<\/strong> este potrivit\u0103 pentru accentuarea emblemelor, peticelor, logo-urilor \u0219i etichetelor \u00een diverse forme, dimensiuni, precum \u0219i cifre \u0219i litere. Este adesea utilizat pentru realizarea de \u00eenveli\u0219uri laminate continue \u0219i conducte.<\/p>\n<p>Produsul este un material rezistent la ap\u0103 \u0219i respect\u0103 standardele de performan\u021b\u0103 ANSI \/ ISEA 107, CSA Z96 \u0219i EN 471.<\/p>\n<p><span style=\"text-decoration: underline;\"><strong>Aten\u021bie<\/strong><\/span>: Seria <strong>3M Scotchlite Reflective Material 5807\u00a0<\/strong>nu este ignifug\u0103.[\/vc_column_text]<div id=\"ultimate-heading-10569e4b762396d2\" class=\"uvc-heading ult-adjust-bottom-margin ultimate-heading-10569e4b762396d2 uvc-9326  uvc-heading-default-font-sizes\" data-hspacer=\"no_spacer\"  data-halign=\"left\" style=\"text-align:left\"><div class=\"uvc-heading-spacer no_spacer\" style=\"top\"><\/div><div class=\"uvc-main-heading ult-responsive\"  data-ultimate-target='.uvc-heading.ultimate-heading-10569e4b762396d2 h2'  data-responsive-json-new='{\"font-size\":\"\",\"line-height\":\"\"}' ><h2 style=\"--font-weight:theme;\">3M are grij\u0103 de siguran\u021ba dumneavoastr\u0103 chiar \u0219i pe timp de noapte<\/h2><\/div><\/div>[vc_empty_space][vc_column_text]<a href=\"https:\/\/en.wikipedia.org\/wiki\/3M\"><strong>3M<\/strong> <\/a>este un inovator \u00een dezvoltarea \u0219tiin\u021bei din spatele retroreflexiei. Progreseaz\u0103 \u00een dezvoltarea tehnologic\u0103 a solu\u021biilor tot mai noi \u0219i inovatoare pentru cas\u0103 \u0219i munc\u0103, de <strong>peste 70 de ani<\/strong>. Continu\u0103 s\u0103 fac\u0103 progrese \u00een materialele reflectorizante \u0219i au o participare de lung\u0103 durat\u0103 \u00een crearea unui <strong>mediu de lucru sigur<\/strong>.\u00a0<a href=\"https:\/\/partners-ltd.com\/kategoriya\/folio-za-rezheshti-ploteri\/3m-svetlootrazitelno-folio\/\"><strong>Folia reflectorizant\u0103 3M<\/strong><\/a> este dovedit\u0103 a fi str\u0103lucitoare, durabil\u0103 \u0219i de \u00eenalt\u0103 calitate, cu suport tehnic, de marketing \u0219i de laborator la nivel mondial.[\/vc_column_text][\/vc_column][\/vc_row][vc_row css=&#8221;.vc_custom_1750250573599{margin-top: 1px !important;margin-right: 1px !important;margin-bottom: 1px !important;margin-left: 1px !important;border-radius: 1px !important;}&#8221;][vc_column width=&#8221;1\/2&#8243;]<div id=\"ultimate-heading-996469e4b762396f6\" class=\"uvc-heading ult-adjust-bottom-margin ultimate-heading-996469e4b762396f6 uvc-9130  uvc-heading-default-font-sizes\" data-hspacer=\"no_spacer\"  data-halign=\"left\" style=\"text-align:left\"><div class=\"uvc-heading-spacer no_spacer\" style=\"top\"><\/div><div class=\"uvc-main-heading ult-responsive\"  data-ultimate-target='.uvc-heading.ultimate-heading-996469e4b762396f6 h3'  data-responsive-json-new='{\"font-size\":\"\",\"line-height\":\"\"}' ><h3 style=\"--font-weight:theme;\">Avantaje:<\/h3><\/div><\/div>[vc_empty_space]<div class=\"standard-arrow list-divider bullet-top\"><ul>\n<li>Folie reflectorizant\u0103 str\u0103lucitoare.<\/li>\n<li>Potrivit pentru t\u0103iere cu laser.<\/li>\n<li>Aplica\u021bie pe orice tip de \u00eembr\u0103c\u0103minte de protec\u021bie.<\/li>\n<li>Adeziv activat termic.<\/li>\n<li>Material rezistent la ap\u0103 \u0219i respect\u0103 standardele de performan\u021b\u0103 ANSI \/ ISEA 107, CSA Z96 \u0219i EN 471.<\/li>\n<\/ul>\n<\/div>[\/vc_column][vc_column width=&#8221;1\/2&#8243;][\/vc_column][\/vc_row][vc_row][vc_column][vc_empty_space]<div id=\"ultimate-heading-342969e4b76239750\" class=\"uvc-heading ult-adjust-bottom-margin ultimate-heading-342969e4b76239750 uvc-4385  uvc-heading-default-font-sizes\" data-hspacer=\"no_spacer\"  data-halign=\"left\" style=\"text-align:left\"><div class=\"uvc-heading-spacer no_spacer\" style=\"top\"><\/div><div class=\"uvc-main-heading ult-responsive\"  data-ultimate-target='.uvc-heading.ultimate-heading-342969e4b76239750 h3'  data-responsive-json-new='{\"font-size\":\"\",\"line-height\":\"\"}' ><h3 style=\"--font-weight:theme;\">Documente:<\/h3><\/div><\/div>[vc_empty_space][vc_row_inner][vc_column_inner width=&#8221;1\/3&#8243;][vc_column_text]Buletin de produs[\/vc_column_text][vc_single_image image=&#8221;23299&#8243; style=&#8221;vc_box_border&#8221; onclick=&#8221;custom_link&#8221; img_link_target=&#8221;_blank&#8221; link=&#8221;\/wp-content\/uploads\/2020\/10\/3M-Scotchlite-Reflective-Material-5807-Buletin-de-Produs.pdf&#8221;]<style type=\"text\/css\" data-type=\"the7_shortcodes-inline-css\">#default-btn-9a10aa8b1732434335c16172ff4a3ba8.ico-right-side > i {\n  margin-right: 0px;\n  margin-left: 8px;\n}\n#default-btn-9a10aa8b1732434335c16172ff4a3ba8 > i {\n  margin-right: 8px;\n}\n<\/style><a href=\"\/wp-content\/uploads\/2020\/10\/3M-Scotchlite-Reflective-Material-5807-\u041f\u0440\u043e\u0434\u0443\u043a\u0442\u043e\u0432-\u0411\u044e\u043b\u0435\u0442\u0438\u043d.pdf\" class=\"default-btn-shortcode dt-btn dt-btn-s link-hover-off btn-inline-left \" target=\"_blank\" id=\"default-btn-9a10aa8b1732434335c16172ff4a3ba8\" rel=\"noopener\"><span>Descarc\u0103 PDF<\/span><\/a>[\/vc_column_inner][vc_column_inner width=&#8221;1\/3&#8243;][vc_column_text]Buletin tehnic[\/vc_column_text][vc_single_image image=&#8221;23305&#8243; style=&#8221;vc_box_border&#8221; onclick=&#8221;custom_link&#8221; img_link_target=&#8221;_blank&#8221; link=&#8221;\/wp-content\/uploads\/2020\/10\/3M-Scotchlite-Reflective-Material-5807-Buletin-Tehnic.pdf&#8221;]<style type=\"text\/css\" data-type=\"the7_shortcodes-inline-css\">#default-btn-399d9d7678e4fe70e2a7d4814762ca23.ico-right-side > i {\n  margin-right: 0px;\n  margin-left: 8px;\n}\n#default-btn-399d9d7678e4fe70e2a7d4814762ca23 > i {\n  margin-right: 8px;\n}\n<\/style><a href=\"\/wp-content\/uploads\/2020\/10\/3M-Scotchlite-Reflective-Material-5807-\u0422\u0435\u0445\u043d\u0438\u0447\u0435\u0441\u043a\u0438-\u0411\u044e\u043b\u0435\u0442\u0438\u043d.pdf\" class=\"default-btn-shortcode dt-btn dt-btn-s link-hover-off btn-inline-left \" target=\"_blank\" id=\"default-btn-399d9d7678e4fe70e2a7d4814762ca23\" rel=\"noopener\"><span>Descarc\u0103 PDF<\/span><\/a>[\/vc_column_inner][vc_column_inner width=&#8221;1\/3&#8243;][\/vc_column_inner][\/vc_row_inner][\/vc_column][\/vc_row]<\/p>\n<\/div>","protected":false},"excerpt":{"rendered":"<p><strong>3M Scotchlite Reflective Material 5807<\/strong> &#8211; Folie reflectorizant\u0103 argintie, care reflect\u0103 intens lumina, inclusiv cea a farurilor de automobile. Acest lucru \u00eel face potrivit pentru utilizare de c\u0103tre echipele medicale de urgen\u021b\u0103, motocicli\u0219ti, sportivi \u0219i pentru aplica\u021bie pe orice tip de \u00eembr\u0103c\u0103minte de protec\u021bie, sportiv\u0103 \u0219i de zi cu zi.\u00a0Produsul este rezistent la ap\u0103\u00a0\u0219i respect\u0103 standardele de performan\u021b\u0103 ANSI \/ ISEA 107, CSA Z96 \u0219i EN 471.<\/p>\n","protected":false},"featured_media":23285,"comment_status":"open","ping_status":"closed","template":"","meta":[],"product_cat":[1831,1844],"product_tag":[],"_links":{"self":[{"href":"https:\/\/partners-ltd.com\/ro\/wp-json\/wp\/v2\/product\/40809"}],"collection":[{"href":"https:\/\/partners-ltd.com\/ro\/wp-json\/wp\/v2\/product"}],"about":[{"href":"https:\/\/partners-ltd.com\/ro\/wp-json\/wp\/v2\/types\/product"}],"replies":[{"embeddable":true,"href":"https:\/\/partners-ltd.com\/ro\/wp-json\/wp\/v2\/comments?post=40809"}],"wp:featuredmedia":[{"embeddable":true,"href":"https:\/\/partners-ltd.com\/ro\/wp-json\/wp\/v2\/media\/23285"}],"wp:attachment":[{"href":"https:\/\/partners-ltd.com\/ro\/wp-json\/wp\/v2\/media?parent=40809"}],"wp:term":[{"taxonomy":"product_cat","embeddable":true,"href":"https:\/\/partners-ltd.com\/ro\/wp-json\/wp\/v2\/product_cat?post=40809"},{"taxonomy":"product_tag","embeddable":true,"href":"https:\/\/partners-ltd.com\/ro\/wp-json\/wp\/v2\/product_tag?post=40809"}],"curies":[{"name":"wp","href":"https:\/\/api.w.org\/{rel}","templated":true}]}}