{"id":40804,"date":"2018-05-31T17:30:59","date_gmt":"2018-05-31T14:30:59","guid":{"rendered":"https:\/\/partners-ltd.com\/magazin\/fara-categorie\/3m-3635-222-scotchcal-dual-color-film-folie-neagra-perforata\/"},"modified":"2026-04-07T14:57:07","modified_gmt":"2026-04-07T11:57:07","slug":"3m-3635-222-scotchcal-dual-color-film-folie-neagra-perforata","status":"publish","type":"product","link":"https:\/\/partners-ltd.com\/ro\/e-shop\/folie-pentru-cutter-plotter\/3m-folie-pentru-efecte-luminoase\/3m-3635-222-scotchcal-dual-color-film-folie-neagra-perforata\/","title":{"rendered":"3M 3635-222 Scotchcal Dual-Color Film &#8211; folie neagr\u0103 perforat\u0103"},"content":{"rendered":"<div class=\"wpb-content-wrapper\"><p>[vc_row css=&#8221;.vc_custom_1525420602690{border-top-width: 1px !important;border-right-width: 1px !important;border-bottom-width: 1px !important;border-left-width: 1px !important;padding-right: 10px !important;padding-left: 10px !important;border-left-color: #e2e2e2 !important;border-left-style: dotted !important;border-right-color: #e2e2e2 !important;border-right-style: dotted !important;border-top-color: #e2e2e2 !important;border-top-style: dotted !important;border-bottom-color: #e2e2e2 !important;border-bottom-style: dotted !important;border-radius: 1px !important;}&#8221;][vc_column]<div id=\"ultimate-heading-158869d558420ed87\" class=\"uvc-heading ult-adjust-bottom-margin ultimate-heading-158869d558420ed87 uvc-4519 \" data-hspacer=\"no_spacer\"  data-halign=\"left\" style=\"text-align:left\"><div class=\"uvc-heading-spacer no_spacer\" style=\"top\"><\/div><div class=\"uvc-main-heading ult-responsive\"  data-ultimate-target='.uvc-heading.ultimate-heading-158869d558420ed87 h2'  data-responsive-json-new='{\"font-size\":\"desktop:28px;\",\"line-height\":\"desktop:38px;\"}' ><h2 style=\"--font-weight:theme;margin-bottom:20px;\">3M 3635-222 Scotchcal Dual-Color Film - folie turnat\u0103 zi \u0219i noapte<\/h2><\/div><\/div>[vc_row_inner][vc_column_inner width=&#8221;5\/6&#8243;][vc_column_text]3M 3635-222 Dual-color film este o folie turnat\u0103, autoadeziv\u0103, perforat\u0103 cu adeziv transparent, specializat\u0103 pentru reclame luminoase. Cu aceast\u0103 folie neagr\u0103 perforat\u0103, chiar \u0219i elementele care sunt negre pot fi realizate luminoase. \u00cen timpul zilei (c\u00e2nd reclama nu este iluminat\u0103) elementele sunt negre, iar seara (c\u00e2nd este iluminat\u0103) lumineaz\u0103 \u00een alb. Astfel se ob\u021bine un efect special de 2 culori &#8211; una ziua \u0219i alta noaptea. Potrivit\u0103 pentru grafice \u0219i litere negre, care lumineaz\u0103 noaptea.<\/p>\n<p>Folia 3M 3635-222 este destinat\u0103 pentru aplica\u021bii pe suprafe\u021be netede. Potrivit\u0103 \u0219i pentru imprimare digital\u0103.<\/p>\n<p>Se utilizeaz\u0103 pentru aplica\u021bii care necesit\u0103 calitate \u00eenalt\u0103 \u0219i durabilitate pe termen lung \u00een exterior \u0219i interior. Protejat de acoperirea <a href=\"https:\/\/partners-ltd.com\/ro\/3m-mcs-warranty\/\">garan\u021bia 3M\u2122 MCS\u2122 Warranty<\/a>.[\/vc_column_text][\/vc_column_inner][vc_column_inner width=&#8221;1\/6&#8243;][vc_single_image image=&#8221;14521&#8243; img_size=&#8221;90&#215;90&#8243; alignment=&#8221;center&#8221; onclick=&#8221;custom_link&#8221; link=&#8221;https:\/\/partners-ltd.com\/ro\/3m-mcs-warranty\/&#8221;][\/vc_column_inner][\/vc_row_inner][vc_row_inner][vc_column_inner width=&#8221;1\/3&#8243;][vc_column_text]<strong>Dimensiune rol\u0103:<\/strong> 1,22m \u0445 9,14m; 1,22m \u0445 45,70m[\/vc_column_text][\/vc_column_inner][vc_column_inner width=&#8221;1\/3&#8243;][vc_column_text]<strong>Grosime:<\/strong> 140 microni[\/vc_column_text][\/vc_column_inner][vc_column_inner width=&#8221;1\/3&#8243;][\/vc_column_inner][\/vc_row_inner][\/vc_column][\/vc_row][vc_row][vc_column][vc_row_inner css=&#8221;.vc_custom_1525420680546{border-top-width: 1px !important;border-right-width: 1px !important;border-bottom-width: 1px !important;border-left-width: 1px !important;padding-right: 10px !important;padding-left: 10px !important;border-left-color: #e2e2e2 !important;border-left-style: dotted !important;border-right-color: #e2e2e2 !important;border-right-style: dotted !important;border-top-color: #e2e2e2 !important;border-top-style: dotted !important;border-bottom-color: #e2e2e2 !important;border-bottom-style: dotted !important;border-radius: 1px !important;}&#8221;][vc_column_inner width=&#8221;1\/2&#8243;]<div id=\"ultimate-heading-740869d558420edd2\" class=\"uvc-heading ult-adjust-bottom-margin ultimate-heading-740869d558420edd2 uvc-1663 \" data-hspacer=\"no_spacer\"  data-halign=\"left\" style=\"text-align:left\"><div class=\"uvc-heading-spacer no_spacer\" style=\"top\"><\/div><div class=\"uvc-main-heading ult-responsive\"  data-ultimate-target='.uvc-heading.ultimate-heading-740869d558420edd2 h3'  data-responsive-json-new='{\"font-size\":\"desktop:24px;\",\"line-height\":\"desktop:34px;\"}' ><h3 style=\"--font-weight:theme;margin-bottom:20px;\">Caracteristici principale:<\/h3><\/div><\/div><div class=\"standard-arrow list-divider bullet-top\"><ul>\n<li>pentru reclame luminoase<\/li>\n<li>creeaz\u0103 un efect special de grafice\/elemente negre pe negru \u00een timpul zilei \u0219i alb seara (c\u00e2nd lumineaz\u0103)<\/li>\n<li><span id=\"result_box\" class=\"\" lang=\"ro\"><span class=\"\">poate fi utilizat \u00een combina\u021bie cu folie translucid\u0103 colorat\u0103 pentru a influen\u021ba culoarea luminii transmise<\/span><\/span><\/li>\n<li>transparent, permanent, adeziv acrilat<\/li>\n<li>cu perfora\u021bie de 15% din suprafa\u021b\u0103<\/li>\n<li>durabilitate &#8211; 7 ani<\/li>\n<\/ul>\n<\/div>[\/vc_column_inner][vc_column_inner width=&#8221;1\/2&#8243;][\/vc_column_inner][\/vc_row_inner][\/vc_column][\/vc_row]<\/p>\n<\/div>","protected":false},"excerpt":{"rendered":"<p>Folie neagr\u0103 perforat\u0103 pentru efect special de culoare ziua \u0219i noaptea. Destinat pentru reclame luminoase, \u00een special pentru grafice \u0219i litere negre.<\/p>\n","protected":false},"featured_media":2624,"comment_status":"open","ping_status":"closed","template":"","meta":[],"product_cat":[1831,1846],"product_tag":[],"_links":{"self":[{"href":"https:\/\/partners-ltd.com\/ro\/wp-json\/wp\/v2\/product\/40804"}],"collection":[{"href":"https:\/\/partners-ltd.com\/ro\/wp-json\/wp\/v2\/product"}],"about":[{"href":"https:\/\/partners-ltd.com\/ro\/wp-json\/wp\/v2\/types\/product"}],"replies":[{"embeddable":true,"href":"https:\/\/partners-ltd.com\/ro\/wp-json\/wp\/v2\/comments?post=40804"}],"wp:featuredmedia":[{"embeddable":true,"href":"https:\/\/partners-ltd.com\/ro\/wp-json\/wp\/v2\/media\/2624"}],"wp:attachment":[{"href":"https:\/\/partners-ltd.com\/ro\/wp-json\/wp\/v2\/media?parent=40804"}],"wp:term":[{"taxonomy":"product_cat","embeddable":true,"href":"https:\/\/partners-ltd.com\/ro\/wp-json\/wp\/v2\/product_cat?post=40804"},{"taxonomy":"product_tag","embeddable":true,"href":"https:\/\/partners-ltd.com\/ro\/wp-json\/wp\/v2\/product_tag?post=40804"}],"curies":[{"name":"wp","href":"https:\/\/api.w.org\/{rel}","templated":true}]}}