{"id":40801,"date":"2018-06-01T11:30:55","date_gmt":"2018-06-01T08:30:55","guid":{"rendered":"https:\/\/partners-ltd.com\/magazin\/fara-categorie\/3m-scotchcal-day-night-dark-gray-film-3635-0171-folie-gri-inchis-aproape-negru-care-permite-trecerea-luminii\/"},"modified":"2025-06-18T12:39:07","modified_gmt":"2025-06-18T09:39:07","slug":"3m-scotchcal-day-night-dark-gray-film-3635-0171-folie-gri-inchis-aproape-negru-care-permite-trecerea-luminii","status":"publish","type":"product","link":"https:\/\/partners-ltd.com\/ro\/e-shop\/folie-pentru-cutter-plotter\/3m-folie-pentru-efecte-luminoase\/3m-scotchcal-day-night-dark-gray-film-3635-0171-folie-gri-inchis-aproape-negru-care-permite-trecerea-luminii\/","title":{"rendered":"3M Scotchcal Day\/Night Dark Gray Film 3635-0171 &#8211; folie gri \u00eenchis (aproape negru), care permite trecerea luminii"},"content":{"rendered":"<div class=\"wpb-content-wrapper\"><p>[vc_row][vc_column]<div id=\"ultimate-heading-894869dc176cc1f66\" class=\"uvc-heading ult-adjust-bottom-margin ultimate-heading-894869dc176cc1f66 uvc-8259  uvc-heading-default-font-sizes\" data-hspacer=\"no_spacer\"  data-halign=\"left\" style=\"text-align:left\"><div class=\"uvc-heading-spacer no_spacer\" style=\"top\"><\/div><div class=\"uvc-main-heading ult-responsive\"  data-ultimate-target='.uvc-heading.ultimate-heading-894869dc176cc1f66 h2'  data-responsive-json-new='{\"font-size\":\"\",\"line-height\":\"\"}' ><h2 style=\"--font-weight:theme;\">Folie gri \u00eenchis (aproape negru), care permite trecerea luminii<\/h2><\/div><\/div>[vc_empty_space][vc_column_text]<strong>3M Day\/Night Dark Gray Film 3635-0171<\/strong> &#8211; Folie autoadeziv\u0103, gri \u00eenchis turnat\u0103, semi-transparent\u0103. Dezvoltat pentru efecte speciale de \u00eentuneric \/ lumin\u0103. Produsul este rezistent la <strong>intemperii<\/strong> \u0219i <strong>ap\u0103<\/strong>. Potrivit pentru aplica\u021bie de produse publicitare iluminate \u2013<strong>litere luminoase<\/strong>\u0219i<strong>semne<\/strong>. Ilumineaz\u0103 uniform cu <strong>consum minim<\/strong> de LED-uri.<\/p>\n<p>\u00cen timpul zilei, graficele apar \u00een <strong>culoare gri \u00eenchis<\/strong>, aproape negru, iar seara folia permite trecerea luminii c\u00e2nd este iluminat\u0103 \u0219i produsele publicitare str\u0103lucesc \u00een<strong> culoare alb\u0103<\/strong>.<\/p>\n<p>Folia<strong>permite trecerea<\/strong>excelent\u0103 a luminii, astfel \u00eenc\u00e2t este potrivit\u0103 pentru \u00eentunecarea<strong>stopurilor auto<\/strong>.[\/vc_column_text][\/vc_column][\/vc_row][vc_row][vc_column width=&#8221;1\/2&#8243;][vc_column_text]<\/p>\n<h3>Avantaje:<\/h3>\n<p>[\/vc_column_text]<div class=\"standard-arrow list-divider bullet-top\"><ul>\n<li>Folie pentru efecte \u00eentunecate\/luminoase.<\/li>\n<li>Culoare gri \u00eenchis la lumin\u0103 \u0219i alb\u0103 c\u00e2nd str\u0103luce\u0219te noaptea.<\/li>\n<li>Permite trecerea luminii<\/li>\n<li>Adeziv transparent, sensibil la presiune<\/li>\n<li>Durabilitate ridicat\u0103 p\u00e2n\u0103 la 7 ani.<\/li>\n<\/ul>\n<\/div>[\/vc_column][vc_column width=&#8221;1\/2&#8243;][\/vc_column][\/vc_row][vc_row][vc_column width=&#8221;1\/2&#8243;][vc_column_text]<\/p>\n<h3>Documente:<\/h3>\n<p>[\/vc_column_text][vc_single_image image=&#8221;23240&#8243; style=&#8221;vc_box_border&#8221; onclick=&#8221;custom_link&#8221; img_link_target=&#8221;_blank&#8221; link=&#8221;\/wp-content\/uploads\/2020\/10\/3M-Scotchcal-Day-Night-Product-Bulletin.pdf&#8221;]<style type=\"text\/css\" data-type=\"the7_shortcodes-inline-css\">#default-btn-d1753eb856caa7401b1eb2f61610bc49.ico-right-side > i {\n  margin-right: 0px;\n  margin-left: 8px;\n}\n#default-btn-d1753eb856caa7401b1eb2f61610bc49 > i {\n  margin-right: 8px;\n}\n<\/style><a href=\"\/wp-content\/uploads\/2020\/10\/3M-Scotchcal-Day-Night-Product-Bulletin.pdf\" class=\"default-btn-shortcode dt-btn dt-btn-s link-hover-off btn-inline-left \" target=\"_blank\" id=\"default-btn-d1753eb856caa7401b1eb2f61610bc49\" rel=\"noopener\"><span>Descarc\u0103 PDF<\/span><\/a>[\/vc_column][vc_column width=&#8221;1\/2&#8243;][\/vc_column][\/vc_row]<\/p>\n<\/div>","protected":false},"excerpt":{"rendered":"<p>Folie autoadeziv\u0103 gri \u00eenchis, aproape neagr\u0103 turnat\u0103, creat\u0103 pentru efect de lumin\u0103 <strong>zi\/noapte<\/strong> pentru semne \u0219i litere luminoase.\u00a0Ilumineaz\u0103 <strong>uniform<\/strong> cu <strong>consum minim<\/strong> de LED-uri. \u00cen timpul zilei pare \u00eentunecat\u0103, iar c\u00e2nd este iluminat\u0103 seara &#8211; alb\u0103. Permite trecerea excelent\u0103 a luminii, ceea ce face produsul potrivit pentru \u00eentunecarea <strong>stopurilor auto<\/strong>.<\/p>\n","protected":false},"featured_media":23237,"comment_status":"open","ping_status":"closed","template":"","meta":[],"product_cat":[1831,1846],"product_tag":[],"_links":{"self":[{"href":"https:\/\/partners-ltd.com\/ro\/wp-json\/wp\/v2\/product\/40801"}],"collection":[{"href":"https:\/\/partners-ltd.com\/ro\/wp-json\/wp\/v2\/product"}],"about":[{"href":"https:\/\/partners-ltd.com\/ro\/wp-json\/wp\/v2\/types\/product"}],"replies":[{"embeddable":true,"href":"https:\/\/partners-ltd.com\/ro\/wp-json\/wp\/v2\/comments?post=40801"}],"wp:featuredmedia":[{"embeddable":true,"href":"https:\/\/partners-ltd.com\/ro\/wp-json\/wp\/v2\/media\/23237"}],"wp:attachment":[{"href":"https:\/\/partners-ltd.com\/ro\/wp-json\/wp\/v2\/media?parent=40801"}],"wp:term":[{"taxonomy":"product_cat","embeddable":true,"href":"https:\/\/partners-ltd.com\/ro\/wp-json\/wp\/v2\/product_cat?post=40801"},{"taxonomy":"product_tag","embeddable":true,"href":"https:\/\/partners-ltd.com\/ro\/wp-json\/wp\/v2\/product_tag?post=40801"}],"curies":[{"name":"wp","href":"https:\/\/api.w.org\/{rel}","templated":true}]}}