{"id":40796,"date":"2018-06-01T10:53:51","date_gmt":"2018-06-01T07:53:51","guid":{"rendered":"https:\/\/partners-ltd.com\/magazin\/fara-categorie\/3m-scotchcal-3635-91-day-night-light-control-film-folie-gri-care-permite-trecerea-luminii\/"},"modified":"2026-04-07T14:54:58","modified_gmt":"2026-04-07T11:54:58","slug":"3m-scotchcal-3635-91-day-night-light-control-film-folie-gri-care-permite-trecerea-luminii","status":"publish","type":"product","link":"https:\/\/partners-ltd.com\/ro\/e-shop\/folie-pentru-cutter-plotter\/3m-folie-pentru-efecte-luminoase\/3m-scotchcal-3635-91-day-night-light-control-film-folie-gri-care-permite-trecerea-luminii\/","title":{"rendered":"3M Scotchcal 3635-91 Day\/Night Light Control Film &#8211; folie gri, care permite trecerea luminii"},"content":{"rendered":"<div class=\"wpb-content-wrapper\"><p>[vc_row css=&#8221;.vc_custom_1525420602690{border-top-width: 1px !important;border-right-width: 1px !important;border-bottom-width: 1px !important;border-left-width: 1px !important;padding-right: 10px !important;padding-left: 10px !important;border-left-color: #e2e2e2 !important;border-left-style: dotted !important;border-right-color: #e2e2e2 !important;border-right-style: dotted !important;border-top-color: #e2e2e2 !important;border-top-style: dotted !important;border-bottom-color: #e2e2e2 !important;border-bottom-style: dotted !important;border-radius: 1px !important;}&#8221;][vc_column]<div id=\"ultimate-heading-93969e237cec1295\" class=\"uvc-heading ult-adjust-bottom-margin ultimate-heading-93969e237cec1295 uvc-4650 \" data-hspacer=\"no_spacer\"  data-halign=\"left\" style=\"text-align:left\"><div class=\"uvc-heading-spacer no_spacer\" style=\"top\"><\/div><div class=\"uvc-main-heading ult-responsive\"  data-ultimate-target='.uvc-heading.ultimate-heading-93969e237cec1295 h2'  data-responsive-json-new='{\"font-size\":\"desktop:28px;\",\"line-height\":\"desktop:38px;\"}' ><h2 style=\"--font-weight:theme;margin-bottom:20px;\">3M 3635-91 Scotchcal Grey Light Control Film - folie gri care permite trecerea luminii<\/h2><\/div><\/div>[vc_row_inner][vc_column_inner width=&#8221;5\/6&#8243;][vc_column_text]<strong>3M 3635-91 Scotchcal Grey Light Control Film<\/strong> \u2013 Folie autoadeziv\u0103, gri deschis turnat\u0103, semi-transparent\u0103. Dezvoltat pentru efecte speciale de \u00eentuneric \/ lumin\u0103. Produsul este rezistent la&nbsp;<strong>intemperii<\/strong>&nbsp;\u0219i&nbsp;<strong>ap\u0103<\/strong>. Potrivit pentru aplica\u021bie de produse publicitare iluminate \u2013&nbsp;<strong>litere luminoase<\/strong>&nbsp;\u0219i&nbsp;<strong>semne<\/strong>. Ilumineaz\u0103 uniform cu&nbsp;<strong>consum minim<\/strong>&nbsp;de LED-uri.<\/p>\n<p>\u00cen timpul zilei, graficele apar \u00een&nbsp;<strong>culoare gri<\/strong>, iar seara folia permite trecerea luminii c\u00e2nd este iluminat\u0103 \u0219i produsele publicitare str\u0103lucesc \u00een<strong>&nbsp;culoare alb\u0103<\/strong>.<\/p>\n<p>Folia&nbsp;<strong>permite trecerea<\/strong>&nbsp;excelent\u0103 a luminii, astfel \u00eenc\u00e2t este potrivit\u0103 pentru \u00eentunecarea&nbsp;<strong>stopurilor auto<\/strong>.<\/p>\n<p>Se utilizeaz\u0103 pentru aplica\u021bii care necesit\u0103 calitate \u00eenalt\u0103 \u0219i durabilitate, at\u00e2t \u00een interior, c\u00e2t \u0219i \u00een exterior. Acoper\u0103<strong> 3M MCS Warranty<\/strong>.[\/vc_column_text][\/vc_column_inner][vc_column_inner width=&#8221;1\/6&#8243;][vc_single_image image=&#8221;14521&#8243; img_size=&#8221;90&#215;90&#8243; alignment=&#8221;center&#8221; onclick=&#8221;custom_link&#8221; link=&#8221;https:\/\/partners-ltd.com\/ro\/3m-mcs-warranty\/&#8221;][\/vc_column_inner][\/vc_row_inner][vc_row_inner][vc_column_inner width=&#8221;1\/3&#8243;][vc_column_text]<strong>Dimensiune rol\u0103:<\/strong> 1,22m \u0445 45,7m<br \/>\n1,22m \u0445 9,14m[\/vc_column_text][\/vc_column_inner][vc_column_inner width=&#8221;1\/3&#8243;][vc_column_text]<strong>Grosime:<\/strong> 100 microni[\/vc_column_text][\/vc_column_inner][vc_column_inner width=&#8221;1\/3&#8243;][\/vc_column_inner][\/vc_row_inner][\/vc_column][\/vc_row][vc_row][vc_column][vc_empty_space height=&#8221;24px&#8221;][\/vc_column][\/vc_row][vc_row][vc_column][vc_row_inner css=&#8221;.vc_custom_1525420680546{border-top-width: 1px !important;border-right-width: 1px !important;border-bottom-width: 1px !important;border-left-width: 1px !important;padding-right: 10px !important;padding-left: 10px !important;border-left-color: #e2e2e2 !important;border-left-style: dotted !important;border-right-color: #e2e2e2 !important;border-right-style: dotted !important;border-top-color: #e2e2e2 !important;border-top-style: dotted !important;border-bottom-color: #e2e2e2 !important;border-bottom-style: dotted !important;border-radius: 1px !important;}&#8221;][vc_column_inner width=&#8221;1\/2&#8243;]<div id=\"ultimate-heading-718669e237cec12cb\" class=\"uvc-heading ult-adjust-bottom-margin ultimate-heading-718669e237cec12cb uvc-9814 \" data-hspacer=\"no_spacer\"  data-halign=\"left\" style=\"text-align:left\"><div class=\"uvc-heading-spacer no_spacer\" style=\"top\"><\/div><div class=\"uvc-main-heading ult-responsive\"  data-ultimate-target='.uvc-heading.ultimate-heading-718669e237cec12cb h3'  data-responsive-json-new='{\"font-size\":\"desktop:24px;\",\"line-height\":\"desktop:34px;\"}' ><h3 style=\"--font-weight:theme;margin-bottom:20px;\">Caracteristici principale:<\/h3><\/div><\/div><div class=\"standard-arrow list-divider bullet-top\"><ul>\n<li>folie pentru reclame luminoase efecte<\/li>\n<li>permite trecerea luminii<\/li>\n<li>gri, c\u00e2nd reclama nu este iluminat\u0103, alb\u0103 &#8211; c\u00e2nd este iluminat\u0103<\/li>\n<li>transparent, semi-permanent, adeziv acrilat<\/li>\n<li>durabilitate &#8211; 9 ani<\/li>\n<\/ul>\n<\/div>[\/vc_column_inner][vc_column_inner width=&#8221;1\/2&#8243;][\/vc_column_inner][\/vc_row_inner][\/vc_column][\/vc_row]<\/p>\n<\/div>","protected":false},"excerpt":{"rendered":"<p><strong>Folie autoadeziv\u0103<\/strong> gri turnat\u0103, creat\u0103 pentru efect de <strong>lumin\u0103 zi\/noapte<\/strong> pentru semne \u0219i litere luminoase. Ilumineaz\u0103 uniform cu <strong>consum minim<\/strong> de LED-uri. \u00cen timpul zilei pare <strong>\u00eentunecat\u0103<\/strong>, iar c\u00e2nd este iluminat\u0103 seara \u2013 <strong>alb\u0103<\/strong>. Permite trecerea excelent\u0103 a luminii, ceea ce face produsul potrivit pentru \u00eentunecarea <strong>stopurilor auto<\/strong>.<\/p>\n","protected":false},"featured_media":14776,"comment_status":"open","ping_status":"closed","template":"","meta":[],"product_cat":[1831,1846],"product_tag":[],"_links":{"self":[{"href":"https:\/\/partners-ltd.com\/ro\/wp-json\/wp\/v2\/product\/40796"}],"collection":[{"href":"https:\/\/partners-ltd.com\/ro\/wp-json\/wp\/v2\/product"}],"about":[{"href":"https:\/\/partners-ltd.com\/ro\/wp-json\/wp\/v2\/types\/product"}],"replies":[{"embeddable":true,"href":"https:\/\/partners-ltd.com\/ro\/wp-json\/wp\/v2\/comments?post=40796"}],"wp:featuredmedia":[{"embeddable":true,"href":"https:\/\/partners-ltd.com\/ro\/wp-json\/wp\/v2\/media\/14776"}],"wp:attachment":[{"href":"https:\/\/partners-ltd.com\/ro\/wp-json\/wp\/v2\/media?parent=40796"}],"wp:term":[{"taxonomy":"product_cat","embeddable":true,"href":"https:\/\/partners-ltd.com\/ro\/wp-json\/wp\/v2\/product_cat?post=40796"},{"taxonomy":"product_tag","embeddable":true,"href":"https:\/\/partners-ltd.com\/ro\/wp-json\/wp\/v2\/product_tag?post=40796"}],"curies":[{"name":"wp","href":"https:\/\/api.w.org\/{rel}","templated":true}]}}