{"id":40785,"date":"2018-06-04T19:52:23","date_gmt":"2018-06-04T16:52:23","guid":{"rendered":"https:\/\/partners-ltd.com\/magazin\/fara-categorie\/3m-3635-20-scotchcal-blockout-film-folie-alba-de-blocare\/"},"modified":"2026-04-07T14:46:32","modified_gmt":"2026-04-07T11:46:32","slug":"3m-3635-20-scotchcal-blockout-film-folie-alba-de-blocare","status":"publish","type":"product","link":"https:\/\/partners-ltd.com\/ro\/e-shop\/folie-pentru-cutter-plotter\/3m-folie-pentru-efecte-luminoase\/3m-3635-20-scotchcal-blockout-film-folie-alba-de-blocare\/","title":{"rendered":"3M 3635-20 Scotchcal Blockout Film &#8211; folie alb\u0103 de blocare"},"content":{"rendered":"<div class=\"wpb-content-wrapper\"><p>[vc_row css=&#8221;.vc_custom_1525420602690{border-top-width: 1px !important;border-right-width: 1px !important;border-bottom-width: 1px !important;border-left-width: 1px !important;padding-right: 10px !important;padding-left: 10px !important;border-left-color: #e2e2e2 !important;border-left-style: dotted !important;border-right-color: #e2e2e2 !important;border-right-style: dotted !important;border-top-color: #e2e2e2 !important;border-top-style: dotted !important;border-bottom-color: #e2e2e2 !important;border-bottom-style: dotted !important;border-radius: 1px !important;}&#8221;][vc_column]<div id=\"ultimate-heading-964569d680c2ad923\" class=\"uvc-heading ult-adjust-bottom-margin ultimate-heading-964569d680c2ad923 uvc-5590 \" data-hspacer=\"no_spacer\"  data-halign=\"left\" style=\"text-align:left\"><div class=\"uvc-heading-spacer no_spacer\" style=\"top\"><\/div><div class=\"uvc-main-heading ult-responsive\"  data-ultimate-target='.uvc-heading.ultimate-heading-964569d680c2ad923 h2'  data-responsive-json-new='{\"font-size\":\"desktop:28px;\",\"line-height\":\"desktop:38px;\"}' ><h2 style=\"--font-weight:theme;margin-bottom:20px;\">3M 3635-20 Scotchcal Blockout Film - folie alb\u0103 de blocare<\/h2><\/div><\/div>[vc_row_inner][vc_column_inner width=&#8221;5\/6&#8243;][vc_column_text]Folie PVC turnat\u0103, autoadeziv\u0103, care blocheaz\u0103 lumina. 100% opac, acoperire mat\u0103, alb\u0103 cu spate negru. Blocheaz\u0103 complet lumina \u0219i poate fi utilizat\u0103 pe p\u0103r\u021bi ale fe\u021bei reclamelor luminoase, pentru a le conferi un anumit efect vizibil noaptea (c\u00e2nd lumineaz\u0103).<\/p>\n<p>3M 3635-20 Scotchcal Blockout Film este utilizat\u0103 pentru controlul fluxului de lumin\u0103 al literelor volumetrice luminoase. Se aplic\u0103 pe partea exterioar\u0103 a fe\u021bei (din plexiglas sau vinil) a literelor volumetrice \u0219i semnelor. De asemenea, poate fi aplicat\u0103 \u0219i pe partea interioar\u0103 a fe\u021bei din plexiglas a literelor volumetrice.<\/p>\n<p>Folia de blocare&nbsp;3M 3635-20 poate fi imprimat\u0103. Se folose\u0219te pentru aplica\u021bii care necesit\u0103 calitate \u00eenalt\u0103 \u0219i o perioad\u0103 lung\u0103 de exploatare at\u00e2t \u00een exterior, c\u00e2t \u0219i \u00een interior.<\/p>\n<p>Acoper\u0103 3M\u2122 MCS\u2122 Warranty.[\/vc_column_text][\/vc_column_inner][vc_column_inner width=&#8221;1\/6&#8243;][vc_single_image image=&#8221;14521&#8243; img_size=&#8221;90&#215;90&#8243; alignment=&#8221;center&#8221; onclick=&#8221;custom_link&#8221; link=&#8221;https:\/\/partners-ltd.com\/ro\/3m-mcs-warranty\/&#8221;][\/vc_column_inner][\/vc_row_inner][vc_row_inner][vc_column_inner width=&#8221;1\/3&#8243;][vc_column_text]<strong>Dimensiune rol\u0103:<\/strong> 1,22m \u0445 45,7m<br \/>\n1,22m \u0445 9,14m[\/vc_column_text][\/vc_column_inner][vc_column_inner width=&#8221;1\/3&#8243;][vc_column_text]<strong>Grosime:<\/strong> 100 microni[\/vc_column_text][\/vc_column_inner][vc_column_inner width=&#8221;1\/3&#8243;][\/vc_column_inner][\/vc_row_inner][\/vc_column][\/vc_row][vc_row][vc_column][vc_row_inner css=&#8221;.vc_custom_1525420680546{border-top-width: 1px !important;border-right-width: 1px !important;border-bottom-width: 1px !important;border-left-width: 1px !important;padding-right: 10px !important;padding-left: 10px !important;border-left-color: #e2e2e2 !important;border-left-style: dotted !important;border-right-color: #e2e2e2 !important;border-right-style: dotted !important;border-top-color: #e2e2e2 !important;border-top-style: dotted !important;border-bottom-color: #e2e2e2 !important;border-bottom-style: dotted !important;border-radius: 1px !important;}&#8221;][vc_column_inner width=&#8221;1\/2&#8243;]<div id=\"ultimate-heading-587869d680c2ad964\" class=\"uvc-heading ult-adjust-bottom-margin ultimate-heading-587869d680c2ad964 uvc-4160 \" data-hspacer=\"no_spacer\"  data-halign=\"left\" style=\"text-align:left\"><div class=\"uvc-heading-spacer no_spacer\" style=\"top\"><\/div><div class=\"uvc-main-heading ult-responsive\"  data-ultimate-target='.uvc-heading.ultimate-heading-587869d680c2ad964 h3'  data-responsive-json-new='{\"font-size\":\"desktop:24px;\",\"line-height\":\"desktop:34px;\"}' ><h3 style=\"--font-weight:theme;margin-bottom:20px;\">Caracteristici principale:<\/h3><\/div><\/div><div class=\"standard-arrow list-divider bullet-top\"><ul>\n<li>Folie 100% opac\u0103, care blocheaz\u0103 lumina<\/li>\n<li>pentru reclame luminoase<\/li>\n<li>transparent, semi-permanent, adeziv acrilat<\/li>\n<li>durabilitate &#8211; 10 ani<\/li>\n<\/ul>\n<\/div>[\/vc_column_inner][vc_column_inner width=&#8221;1\/2&#8243;][\/vc_column_inner][\/vc_row_inner][\/vc_column][\/vc_row]<\/p>\n<\/div>","protected":false},"excerpt":{"rendered":"<p>Folie PVC turnat\u0103, autoadeziv\u0103, complet opac\u0103, care blocheaz\u0103 lumina. Alb\u0103 cu spate negru, pentru controlul fluxului de lumin\u0103 \u00een litere volumetrice \u0219i panouri iluminate din interior.<\/p>\n","protected":false},"featured_media":14773,"comment_status":"open","ping_status":"closed","template":"","meta":[],"product_cat":[1831,1846],"product_tag":[],"_links":{"self":[{"href":"https:\/\/partners-ltd.com\/ro\/wp-json\/wp\/v2\/product\/40785"}],"collection":[{"href":"https:\/\/partners-ltd.com\/ro\/wp-json\/wp\/v2\/product"}],"about":[{"href":"https:\/\/partners-ltd.com\/ro\/wp-json\/wp\/v2\/types\/product"}],"replies":[{"embeddable":true,"href":"https:\/\/partners-ltd.com\/ro\/wp-json\/wp\/v2\/comments?post=40785"}],"wp:featuredmedia":[{"embeddable":true,"href":"https:\/\/partners-ltd.com\/ro\/wp-json\/wp\/v2\/media\/14773"}],"wp:attachment":[{"href":"https:\/\/partners-ltd.com\/ro\/wp-json\/wp\/v2\/media?parent=40785"}],"wp:term":[{"taxonomy":"product_cat","embeddable":true,"href":"https:\/\/partners-ltd.com\/ro\/wp-json\/wp\/v2\/product_cat?post=40785"},{"taxonomy":"product_tag","embeddable":true,"href":"https:\/\/partners-ltd.com\/ro\/wp-json\/wp\/v2\/product_tag?post=40785"}],"curies":[{"name":"wp","href":"https:\/\/api.w.org\/{rel}","templated":true}]}}