{"id":40776,"date":"2018-05-29T14:09:28","date_gmt":"2018-05-29T11:09:28","guid":{"rendered":"https:\/\/partners-ltd.com\/magazin\/fara-categorie\/3m-panagraphics-iii-07-m-11-m-14-m-latime\/"},"modified":"2025-06-13T15:30:35","modified_gmt":"2025-06-13T12:30:35","slug":"3m-panagraphics-iii-07-m-11-m-14-m-latime","status":"publish","type":"product","link":"https:\/\/partners-ltd.com\/ro\/e-shop\/folie-pentru-cutter-plotter\/3m-bannere-flexibile-de-vinil\/3m-panagraphics-iii-07-m-11-m-14-m-latime\/","title":{"rendered":"3M Panagraphics III &#8211; 0,7 m\/ 1,1 m\/ 1,4 m l\u0103\u021bime"},"content":{"rendered":"<div class=\"wpb-content-wrapper\"><p>[vc_row css=&#8221;.vc_custom_1543305151106{margin-bottom: 30px !important;border-top-width: 1px !important;border-right-width: 1px !important;border-bottom-width: 1px !important;border-left-width: 1px !important;padding-right: 10px !important;padding-left: 10px !important;border-left-color: #e2e2e2 !important;border-left-style: dotted !important;border-right-color: #e2e2e2 !important;border-right-style: dotted !important;border-top-color: #e2e2e2 !important;border-top-style: dotted !important;border-bottom-color: #e2e2e2 !important;border-bottom-style: dotted !important;border-radius: 1px !important;}&#8221;][vc_column]<div id=\"ultimate-heading-523469e5265c0b3c1\" class=\"uvc-heading ult-adjust-bottom-margin ultimate-heading-523469e5265c0b3c1 uvc-4630 \" data-hspacer=\"no_spacer\"  data-halign=\"left\" style=\"text-align:left\"><div class=\"uvc-heading-spacer no_spacer\" style=\"top\"><\/div><div class=\"uvc-main-heading ult-responsive\"  data-ultimate-target='.uvc-heading.ultimate-heading-523469e5265c0b3c1 h2'  data-responsive-json-new='{\"font-size\":\"desktop:28px;\",\"line-height\":\"desktop:38px;\"}' ><h2 style=\"--font-weight:theme;margin-bottom:20px;\">Vinil alb pentru iluminare din spate 3M Panagraphics III 0,7 m\/ 1,1 m\/ 1,4 m l\u0103\u021bime<\/h2><\/div><\/div>[vc_row_inner][vc_column_inner width=&#8221;5\/6&#8243;][vc_column_text]3M Panagraphics III este o p\u00e2nz\u0103 de vinil flexibil\u0103 &#8211; vinil pentru iluminare din spate 3M. Destinat pentru realizarea reclamelor luminoase. Potrivit\u0103 direct pentru imprimare. Poate fi combinat\u0103 cu folie translucid\u0103 de la 3M pentru a crea un anumit efect de culoare.<\/p>\n<p>Ofer\u0103 o distribu\u021bie excelent\u0103 a fluxului de lumin\u0103. Vinilul 3M Panagraphics III este \u00eent\u0103rit cu fibre de capron, este dimensional stabil \u2013 nu se las\u0103 sau se contract\u0103 la schimbarea condi\u021biilor atmosferice sau a temperaturii exterioare. Acoperirea sa special\u0103 previne p\u0103trunderea umidit\u0103\u021bii \u0219i apari\u021bia mucegaiului \u0219i a petelor galbene.<\/p>\n<p>Un strat suplimentar permite imprimarea cu solvent, av\u00e2nd o bun\u0103 capacitate de acoperire a cernelurilor. Este compatibil\u0103 cu toate seriile de folie translucid\u0103 de la 3M \u0219i este protejat\u0103 de <a href=\"https:\/\/partners-ltd.com\/ro\/3m-mcs-warranty\/\">garan\u021bia 3M\u2122 MCS\u2122 Warranty<\/a>.[\/vc_column_text][\/vc_column_inner][vc_column_inner width=&#8221;1\/6&#8243;][vc_single_image image=&#8221;14521&#8243; img_size=&#8221;120&#215;120&#8243; alignment=&#8221;center&#8221; onclick=&#8221;custom_link&#8221; link=&#8221;https:\/\/partners-ltd.com\/ro\/3m-mcs-warranty\/&#8221;][\/vc_column_inner][\/vc_row_inner][vc_row_inner][vc_column_inner width=&#8221;1\/3&#8243;][vc_column_text]<strong>Dimensiune rol\u0103: <\/strong>0,7 m\/ 1,1 m\/ 1,4 m l\u0103\u021bime x 50 m lungime;[\/vc_column_text][\/vc_column_inner][vc_column_inner width=&#8221;1\/3&#8243;][vc_column_text]<strong>Greutate:<\/strong> 670 gr.\/m<sup>2<\/sup>[\/vc_column_text][\/vc_column_inner][vc_column_inner width=&#8221;1\/3&#8243;][vc_column_text]<strong>Durabilitate:<\/strong> 5 ani[\/vc_column_text][\/vc_column_inner][\/vc_row_inner][\/vc_column][\/vc_row][vc_row css=&#8221;.vc_custom_1543305139755{margin-bottom: 30px !important;border-top-width: 1px !important;border-right-width: 1px !important;border-bottom-width: 1px !important;border-left-width: 1px !important;padding-right: 10px !important;padding-left: 10px !important;border-left-color: #e2e2e2 !important;border-left-style: dotted !important;border-right-color: #e2e2e2 !important;border-right-style: dotted !important;border-top-color: #e2e2e2 !important;border-top-style: dotted !important;border-bottom-color: #e2e2e2 !important;border-bottom-style: dotted !important;border-radius: 2px !important;}&#8221;][vc_column width=&#8221;1\/2&#8243;]<div id=\"ultimate-heading-933169e5265c0b3f8\" class=\"uvc-heading ult-adjust-bottom-margin ultimate-heading-933169e5265c0b3f8 uvc-5505 \" data-hspacer=\"no_spacer\"  data-halign=\"left\" style=\"text-align:left\"><div class=\"uvc-heading-spacer no_spacer\" style=\"top\"><\/div><div class=\"uvc-main-heading ult-responsive\"  data-ultimate-target='.uvc-heading.ultimate-heading-933169e5265c0b3f8 h3'  data-responsive-json-new='{\"font-size\":\"desktop:24px;\",\"line-height\":\"desktop:34px;\"}' ><h3 style=\"--font-weight:theme;margin-bottom:20px;\">Caracteristici principale:<\/h3><\/div><\/div><div class=\"standard-arrow list-divider bullet-top\"><ul>\n<li>distribu\u021bie excelent\u0103 a fluxului de lumin\u0103<\/li>\n<li>\u00eent\u0103rit cu fibre de capron<\/li>\n<li>dimensional stabil<\/li>\n<li>acoperire special\u0103 \u00eempotriva umidit\u0103\u021bii<\/li>\n<\/ul>\n<\/div>[\/vc_column][vc_column width=&#8221;1\/2&#8243;]<div class=\"ult-spacer spacer-69e5265c0b457\" data-id=\"69e5265c0b457\" data-height=\"54\" data-height-mobile=\"20\" data-height-tab=\"20\" data-height-tab-portrait=\"20\" data-height-mobile-landscape=\"20\" style=\"clear:both;display:block;\"><\/div><div class=\"standard-arrow list-divider bullet-top\"><ul>\n<li>excelent\u0103 capacitate de acoperire la imprimare<\/li>\n<li>compatibil cu toate seriile de folie translucid\u0103<\/li>\n<li>durabilitate &#8211; 5 ani<\/li>\n<\/ul>\n<\/div>[\/vc_column][\/vc_row][vc_row css=&#8221;.vc_custom_1532072267931{border-top-width: 1px !important;border-right-width: 1px !important;border-bottom-width: 1px !important;border-left-width: 1px !important;padding-right: 10px !important;padding-bottom: 20px !important;padding-left: 10px !important;border-left-color: #e2e2e2 !important;border-left-style: dotted !important;border-right-color: #e2e2e2 !important;border-right-style: dotted !important;border-top-color: #e2e2e2 !important;border-top-style: dotted !important;border-bottom-color: #e2e2e2 !important;border-bottom-style: dotted !important;border-radius: 1px !important;}&#8221;][vc_column]<div id=\"ultimate-heading-141669e5265c0b495\" class=\"uvc-heading ult-adjust-bottom-margin ultimate-heading-141669e5265c0b495 uvc-7582 \" data-hspacer=\"no_spacer\"  data-halign=\"left\" style=\"text-align:left\"><div class=\"uvc-heading-spacer no_spacer\" style=\"top\"><\/div><div class=\"uvc-main-heading ult-responsive\"  data-ultimate-target='.uvc-heading.ultimate-heading-141669e5265c0b495 h3'  data-responsive-json-new='{\"font-size\":\"desktop:24px;\",\"line-height\":\"desktop:34px;\"}' ><h3 style=\"--font-weight:theme;margin-bottom:20px;\">Documente<\/h3><\/div><\/div>[vc_column_text]Buletin de produs \u0219i test de inflamabilitate pentru vinil 3M Panagraphics III.[\/vc_column_text][vc_row_inner gap=&#8221;15&#8243;][vc_column_inner width=&#8221;1\/4&#8243;][vc_column_text]<\/p>\n<p style=\"text-align: center;\">Buletin de produs<\/p>\n<p>[\/vc_column_text][vc_single_image image=&#8221;16764&#8243; img_size=&#8221;130&#215;180&#8243; alignment=&#8221;center&#8221; style=&#8221;vc_box_outline&#8221;]<style type=\"text\/css\" data-type=\"the7_shortcodes-inline-css\">#default-btn-67b68c8844e23bea52bb6505f6abf440.ico-right-side > i {\n  margin-right: 0px;\n  margin-left: 8px;\n}\n#default-btn-67b68c8844e23bea52bb6505f6abf440 > i {\n  margin-right: 8px;\n}\n<\/style><div class=\"btn-align-center\"><a href=\"\/wp-content\/uploads\/2018\/11\/Product_Bulletin_Panagraphics-III_2017_06.pdf\" class=\"default-btn-shortcode dt-btn dt-btn-s link-hover-off \" target=\"_blank\" id=\"default-btn-67b68c8844e23bea52bb6505f6abf440\" rel=\"noopener\"><i class=\"fas fa-download\"><\/i><span>Descarc\u0103 PDF<\/span><\/a><\/div>[\/vc_column_inner][vc_column_inner width=&#8221;1\/4&#8243;][vc_column_text]<\/p>\n<p style=\"text-align: center;\">Test de inflamabilitate<\/p>\n<p>[\/vc_column_text][vc_single_image image=&#8221;16763&#8243; img_size=&#8221;130&#215;180&#8243; alignment=&#8221;center&#8221; style=&#8221;vc_box_outline&#8221;]<style type=\"text\/css\" data-type=\"the7_shortcodes-inline-css\">#default-btn-a2d46bc8b7a995973302e61f39104446.ico-right-side > i {\n  margin-right: 0px;\n  margin-left: 8px;\n}\n#default-btn-a2d46bc8b7a995973302e61f39104446 > i {\n  margin-right: 8px;\n}\n<\/style><div class=\"btn-align-center\"><a href=\"\/wp-content\/uploads\/2018\/11\/PIII-Flammability-Report.pdf\" class=\"default-btn-shortcode dt-btn dt-btn-s link-hover-off \" target=\"_blank\" id=\"default-btn-a2d46bc8b7a995973302e61f39104446\" rel=\"noopener\"><i class=\"fas fa-download\"><\/i><span>Descarc\u0103 PDF<\/span><\/a><\/div>[\/vc_column_inner][vc_column_inner width=&#8221;1\/4&#8243;][\/vc_column_inner][vc_column_inner width=&#8221;1\/4&#8243;][\/vc_column_inner][\/vc_row_inner][\/vc_column][\/vc_row]<\/p>\n<\/div>","protected":false},"excerpt":{"rendered":"<p>P\u00e2nz\u0103 de vinil lat\u0103, semitransparent\u0103, dimensional stabil\u0103, flexibil\u0103, cu acoperire semilucioas\u0103 pentru realizarea de semne \u0219i litere luminoase durabile. Poate fi combinat\u0103 cu folie translucid\u0103 3M din seriile 3630 \u0219i 2330. Potrivit\u0103 pentru imprimare digital\u0103 de format mare.<\/p>\n","protected":false},"featured_media":16261,"comment_status":"open","ping_status":"closed","template":"","meta":[],"product_cat":[1831,1843],"product_tag":[],"_links":{"self":[{"href":"https:\/\/partners-ltd.com\/ro\/wp-json\/wp\/v2\/product\/40776"}],"collection":[{"href":"https:\/\/partners-ltd.com\/ro\/wp-json\/wp\/v2\/product"}],"about":[{"href":"https:\/\/partners-ltd.com\/ro\/wp-json\/wp\/v2\/types\/product"}],"replies":[{"embeddable":true,"href":"https:\/\/partners-ltd.com\/ro\/wp-json\/wp\/v2\/comments?post=40776"}],"wp:featuredmedia":[{"embeddable":true,"href":"https:\/\/partners-ltd.com\/ro\/wp-json\/wp\/v2\/media\/16261"}],"wp:attachment":[{"href":"https:\/\/partners-ltd.com\/ro\/wp-json\/wp\/v2\/media?parent=40776"}],"wp:term":[{"taxonomy":"product_cat","embeddable":true,"href":"https:\/\/partners-ltd.com\/ro\/wp-json\/wp\/v2\/product_cat?post=40776"},{"taxonomy":"product_tag","embeddable":true,"href":"https:\/\/partners-ltd.com\/ro\/wp-json\/wp\/v2\/product_tag?post=40776"}],"curies":[{"name":"wp","href":"https:\/\/api.w.org\/{rel}","templated":true}]}}