{"id":40774,"date":"2018-05-29T11:38:34","date_gmt":"2018-05-29T08:38:34","guid":{"rendered":"https:\/\/partners-ltd.com\/magazin\/fara-categorie\/3m-scps-2-prespacing-tape\/"},"modified":"2026-04-14T12:09:19","modified_gmt":"2026-04-14T09:09:19","slug":"3m-scps-2-prespacing-tape","status":"publish","type":"product","link":"https:\/\/partners-ltd.com\/ro\/e-shop\/folie-pentru-cutter-plotter\/3m-hartie-adeziva-de-transfer\/3m-scps-2-prespacing-tape\/","title":{"rendered":"3M SCPS-2 Prespacing Tape"},"content":{"rendered":"<div class=\"wpb-content-wrapper\"><p>[vc_row css=&#8221;.vc_custom_1525420602690{border-top-width: 1px !important;border-right-width: 1px !important;border-bottom-width: 1px !important;border-left-width: 1px !important;padding-right: 10px !important;padding-left: 10px !important;border-left-color: #e2e2e2 !important;border-left-style: dotted !important;border-right-color: #e2e2e2 !important;border-right-style: dotted !important;border-top-color: #e2e2e2 !important;border-top-style: dotted !important;border-bottom-color: #e2e2e2 !important;border-bottom-style: dotted !important;border-radius: 1px !important;}&#8221;][vc_column]<div id=\"ultimate-heading-430669e2398c18e21\" class=\"uvc-heading ult-adjust-bottom-margin ultimate-heading-430669e2398c18e21 uvc-3511 \" data-hspacer=\"no_spacer\"  data-halign=\"left\" style=\"text-align:left\"><div class=\"uvc-heading-spacer no_spacer\" style=\"top\"><\/div><div class=\"uvc-main-heading ult-responsive\"  data-ultimate-target='.uvc-heading.ultimate-heading-430669e2398c18e21 h2'  data-responsive-json-new='{\"font-size\":\"desktop:28px;\",\"line-height\":\"desktop:38px;\"}' ><h2 style=\"--font-weight:theme;margin-bottom:20px;\">3M SCPS-2 Prespacing Tape - h\u00e2rtie de transfer pe rol\u0103<\/h2><\/div><\/div>[vc_row_inner][vc_column_inner][vc_column_text]H\u00e2rtie de transfer pentru aplicare cu o for\u021b\u0103 foarte mare de lipire pe folie.<\/p>\n<p>Se utilizeaz\u0103 pentru grafic\u0103 cu folie vitraliu din seriile <a href=\"https:\/\/partners-ltd.com\/ro\/e-shop\/3m-folie-geamuri\/folie-decorativa-pentru-geamuri\/3m-7725-314-scotchcal-dusted-film-folie-pentru-sticla-cu-efect-mat\/\">SC7725<\/a>, <a href=\"https:\/\/partners-ltd.com\/ro\/e-shop\/folie-pentru-cutter-plotter\/3m-folie-translucenta\/3m-scotchcal-translucent-mirror-silver-7755-520-se-folie-oglinda-argintie\/\">SC7755<\/a> (oglind\u0103). Recomandat \u0219i pentru grafic\u0103 din folie turnat\u0103 din seriile: <a href=\"https:\/\/partners-ltd.com\/ro\/e-shop\/folie-pentru-cutter-plotter\/folie-opaca\/3m-scotchcal-80-culori-cu-aspect-lucios\/\">SC80<\/a>, SC100, <a href=\"https:\/\/partners-ltd.com\/ro\/e-shop\/medii-de-imprimare\/3%d0%bc-folie-translucenta-pentru-imprimare\/3m-scotchcal-translucent-ij3630-20-folie-alba-semi-mata-translucida\/\">SC3630<\/a>.<\/p>\n<p>Pentru aplicarea elementelor foarte mici \u0219i inscrip\u021biilor cu litere mici.[\/vc_column_text][\/vc_column_inner][\/vc_row_inner][vc_row_inner][vc_column_inner width=&#8221;1\/3&#8243;][vc_column_text]<strong>Dimensiune rol\u0103:<\/strong> 0,61m \u0445 91,4m[\/vc_column_text][\/vc_column_inner][vc_column_inner width=&#8221;1\/3&#8243;][vc_column_text]<strong>Grosime:<\/strong> 100 microni[\/vc_column_text][\/vc_column_inner][vc_column_inner width=&#8221;1\/3&#8243;][vc_column_text]<strong>Adeziv:<\/strong> sensibil la presiune, transparent[\/vc_column_text][\/vc_column_inner][\/vc_row_inner][\/vc_column][\/vc_row]<\/p>\n<\/div>","protected":false},"excerpt":{"rendered":"<p>Band\u0103 de aplicare cu o for\u021b\u0103 foarte mare de lipire pe folie. Se utilizeaz\u0103 pentru grafic\u0103 cu folie vitraliu din seriile SC7725, SC7755 \u0219i folie turnat\u0103 SC80, SC100, SC3630.<\/p>\n","protected":false},"featured_media":14731,"comment_status":"open","ping_status":"closed","template":"","meta":[],"product_cat":[1831,1841],"product_tag":[],"_links":{"self":[{"href":"https:\/\/partners-ltd.com\/ro\/wp-json\/wp\/v2\/product\/40774"}],"collection":[{"href":"https:\/\/partners-ltd.com\/ro\/wp-json\/wp\/v2\/product"}],"about":[{"href":"https:\/\/partners-ltd.com\/ro\/wp-json\/wp\/v2\/types\/product"}],"replies":[{"embeddable":true,"href":"https:\/\/partners-ltd.com\/ro\/wp-json\/wp\/v2\/comments?post=40774"}],"wp:featuredmedia":[{"embeddable":true,"href":"https:\/\/partners-ltd.com\/ro\/wp-json\/wp\/v2\/media\/14731"}],"wp:attachment":[{"href":"https:\/\/partners-ltd.com\/ro\/wp-json\/wp\/v2\/media?parent=40774"}],"wp:term":[{"taxonomy":"product_cat","embeddable":true,"href":"https:\/\/partners-ltd.com\/ro\/wp-json\/wp\/v2\/product_cat?post=40774"},{"taxonomy":"product_tag","embeddable":true,"href":"https:\/\/partners-ltd.com\/ro\/wp-json\/wp\/v2\/product_tag?post=40774"}],"curies":[{"name":"wp","href":"https:\/\/api.w.org\/{rel}","templated":true}]}}