{"id":40773,"date":"2018-05-11T11:59:43","date_gmt":"2018-05-11T08:59:43","guid":{"rendered":"https:\/\/partners-ltd.com\/magazin\/fara-categorie\/3m-580-scotchlite-reflective-film-folie-reflectorizanta-alba\/"},"modified":"2025-06-13T14:38:30","modified_gmt":"2025-06-13T11:38:30","slug":"3m-580-scotchlite-reflective-film-folie-reflectorizanta-alba","status":"publish","type":"product","link":"https:\/\/partners-ltd.com\/ro\/e-shop\/folie-pentru-cutter-plotter\/3m-folie-reflectorizanta\/3m-580-scotchlite-reflective-film-folie-reflectorizanta-alba\/","title":{"rendered":"3M 580 Scotchlite Reflective Film \u2013 folie reflectorizant\u0103, alb\u0103"},"content":{"rendered":"<div class=\"wpb-content-wrapper\"><p>[vc_row css=&#8221;.vc_custom_1610021917945{border-top-width: 1px !important;border-right-width: 1px !important;border-bottom-width: 1px !important;border-left-width: 1px !important;border-left-color: #d6d6d6 !important;border-left-style: solid !important;border-right-color: #d6d6d6 !important;border-right-style: solid !important;border-top-color: #d6d6d6 !important;border-top-style: solid !important;border-bottom-color: #d6d6d6 !important;border-bottom-style: solid !important;border-radius: 1px !important;}&#8221;][vc_column]<div id=\"ultimate-heading-994969d2188a5c5bb\" class=\"uvc-heading ult-adjust-bottom-margin ultimate-heading-994969d2188a5c5bb uvc-6609  uvc-heading-default-font-sizes\" data-hspacer=\"no_spacer\"  data-halign=\"left\" style=\"text-align:left\"><div class=\"uvc-heading-spacer no_spacer\" style=\"top\"><\/div><div class=\"uvc-main-heading ult-responsive\"  data-ultimate-target='.uvc-heading.ultimate-heading-994969d2188a5c5bb h2'  data-responsive-json-new='{\"font-size\":\"\",\"line-height\":\"\"}' ><h2 style=\"--font-weight:theme;\">3M 580 Scotchlite Reflective Film \u2013 folie reflectorizant\u0103, alb\u0103<\/h2><\/div><\/div>[vc_empty_space][vc_column_text]<\/p>\n<div id=\"ultimate-heading-10625ff6f7069c70e\" class=\"uvc-heading ult-adjust-bottom-margin ultimate-heading-10625ff6f7069c70e uvc-6447 \" data-hspacer=\"no_spacer\" data-halign=\"left\">\n<div class=\"uvc-main-heading ult-responsive\" data-ultimate-target=\".uvc-heading.ultimate-heading-10625ff6f7069c70e h2\" data-responsive-json-new=\"{&quot;font-size&quot;:&quot;desktop:28px;&quot;,&quot;line-height&quot;:&quot;desktop:38px;&quot;}\"><\/div>\n<\/div>\n<div class=\"vc_row wpb_row vc_inner vc_row-fluid\">\n<div class=\"wpb_column vc_column_container vc_col-sm-10\">\n<div class=\"vc_column-inner \">\n<div class=\"wpb_wrapper\">\n<div class=\"wpb_text_column wpb_content_element \">\n<div class=\"wpb_wrapper\">\n<p><img loading=\"lazy\" decoding=\"async\" class=\"size-full wp-image-261 alignright\" src=\"https:\/\/partners-ltd.com\/wp-content\/uploads\/2018\/05\/3M-MCS.jpg\" alt=\"3M MCS Warranty\" width=\"150\" height=\"150\" srcset=\"https:\/\/partners-ltd.com\/wp-content\/uploads\/2018\/05\/3M-MCS.jpg 150w, https:\/\/partners-ltd.com\/wp-content\/uploads\/2018\/05\/3M-MCS-100x100.jpg 100w\" sizes=\"(max-width: 150px) 100vw, 150px\" \/>Durabil\u0103, folia reflectorizant\u0103 turnat\u0103 3M 580E ofer\u0103 o lumin\u0103 reflectat\u0103 str\u0103lucitoare, at\u00e2t ziua, c\u00e2t \u0219i noaptea, pentru o vizibilitate clar\u0103 \u0219i o eficien\u021b\u0103 publicitar\u0103 excep\u021bional\u0103.&nbsp;Asigur\u0103 siguran\u021b\u0103 24 de ore, datorit\u0103 vizibilit\u0103\u021bii sale excelente.<\/p>\n<p>Poate fi imprimat\u0103 digital. Se conformeaz\u0103 pe deplin cu regulamentul ONU ECE. <strong>3M 580-85 este de culoare alb\u0103.<\/strong><\/p>\n<p>Pentru aplica\u021bii care necesit\u0103 calitate \u00eenalt\u0103 \u0219i o perioad\u0103 lung\u0103 de exploatare at\u00e2t \u00een exterior, c\u00e2t \u0219i \u00een interior.<\/p>\n<p>&nbsp;<\/p>\n<p><strong>Dimensiunea rolei:<\/strong>&nbsp;1,22m \u0445 22,86m&nbsp; &nbsp;<strong>Grosime:<\/strong>&nbsp;200 microni<\/p>\n<\/div>\n<div class=\"wpb_column vc_column_container vc_col-sm-4\">\n<div class=\"vc_column-inner \">\n<div class=\"wpb_wrapper\">\n<div class=\"wpb_text_column wpb_content_element \">\n<div class=\"wpb_wrapper\"><\/div>\n<\/div>\n<\/div>\n<\/div>\n<\/div>\n<\/div>\n<\/div>\n<\/div>\n<\/div>\n<\/div>\n<p>[\/vc_column_text][\/vc_column][\/vc_row][vc_row][vc_column][vc_empty_space height=&#8221;22px&#8221;][\/vc_column][\/vc_row][vc_row css=&#8221;.vc_custom_1610023816994{border-top-width: 1px !important;border-right-width: 1px !important;border-bottom-width: 1px !important;border-left-width: 1px !important;border-left-color: #dddddd !important;border-left-style: solid !important;border-right-color: #dddddd !important;border-right-style: solid !important;border-top-color: #dddddd !important;border-top-style: solid !important;border-bottom-color: #dddddd !important;border-bottom-style: solid !important;border-radius: 1px !important;}&#8221;][vc_column width=&#8221;1\/2&#8243; css=&#8221;.vc_custom_1610023791292{border-top-width: 0px !important;border-right-width: 0px !important;border-bottom-width: 0px !important;border-left-width: 0px !important;border-left-color: #c6c6c6 !important;border-left-style: solid !important;border-right-color: #c6c6c6 !important;border-right-style: solid !important;border-top-color: #c6c6c6 !important;border-top-style: solid !important;border-bottom-color: #c6c6c6 !important;border-bottom-style: solid !important;border-radius: 1px !important;}&#8221;]<div id=\"ultimate-heading-529169d2188a5c5f4\" class=\"uvc-heading ult-adjust-bottom-margin ultimate-heading-529169d2188a5c5f4 uvc-6243  uvc-heading-default-font-sizes\" data-hspacer=\"no_spacer\"  data-halign=\"left\" style=\"text-align:left\"><div class=\"uvc-heading-spacer no_spacer\" style=\"top\"><\/div><div class=\"uvc-main-heading ult-responsive\"  data-ultimate-target='.uvc-heading.ultimate-heading-529169d2188a5c5f4 h3'  data-responsive-json-new='{\"font-size\":\"\",\"line-height\":\"\"}' ><h3 style=\"--font-weight:theme;\">Avantaje:<\/h3><\/div><\/div>[vc_empty_space]<div class=\"standard-arrow list-divider bullet-top\"><ul>\n<li>pentru vizibilitate clar\u0103 \u0219i eficien\u021b\u0103 publicitar\u0103 excep\u021bional\u0103 \u00een orice moment al zilei<\/li>\n<li>p\u0103streaz\u0103 90% din retroreflectivitate atunci c\u00e2nd este umed<\/li>\n<li>potrivit\u0103 pentru imprimare digital\u0103 sau plottere de t\u0103iere<\/li>\n<li>unghi excelent de vizibilitate<\/li>\n<li>adeziv acrilic<\/li>\n<li>durabilitate \u2013 8 ani<\/li>\n<\/ul>\n<\/div>[\/vc_column][vc_column width=&#8221;1\/2&#8243;][\/vc_column][\/vc_row]<\/p>\n<\/div>","protected":false},"excerpt":{"rendered":"<p>3M 580 Scotchlite Reflective Film este o folie reflectorizant\u0103 alb\u0103 turnat\u0103, potrivit\u0103 pentru aplica\u021bii pe vehicule cu curbe 3D complexe, panouri \u0219i semne. Pentru aplica\u021bii care necesit\u0103 calitate \u00eenalt\u0103 \u0219i o durat\u0103 lung\u0103 de exploatare at\u00e2t \u00een exterior, c\u00e2t \u0219i \u00een interior.<\/p>\n","protected":false},"featured_media":24402,"comment_status":"open","ping_status":"closed","template":"","meta":[],"product_cat":[1831,1844],"product_tag":[],"_links":{"self":[{"href":"https:\/\/partners-ltd.com\/ro\/wp-json\/wp\/v2\/product\/40773"}],"collection":[{"href":"https:\/\/partners-ltd.com\/ro\/wp-json\/wp\/v2\/product"}],"about":[{"href":"https:\/\/partners-ltd.com\/ro\/wp-json\/wp\/v2\/types\/product"}],"replies":[{"embeddable":true,"href":"https:\/\/partners-ltd.com\/ro\/wp-json\/wp\/v2\/comments?post=40773"}],"wp:featuredmedia":[{"embeddable":true,"href":"https:\/\/partners-ltd.com\/ro\/wp-json\/wp\/v2\/media\/24402"}],"wp:attachment":[{"href":"https:\/\/partners-ltd.com\/ro\/wp-json\/wp\/v2\/media?parent=40773"}],"wp:term":[{"taxonomy":"product_cat","embeddable":true,"href":"https:\/\/partners-ltd.com\/ro\/wp-json\/wp\/v2\/product_cat?post=40773"},{"taxonomy":"product_tag","embeddable":true,"href":"https:\/\/partners-ltd.com\/ro\/wp-json\/wp\/v2\/product_tag?post=40773"}],"curies":[{"name":"wp","href":"https:\/\/api.w.org\/{rel}","templated":true}]}}