{"id":40770,"date":"2018-05-03T14:35:39","date_gmt":"2018-05-03T11:35:39","guid":{"rendered":"https:\/\/partners-ltd.com\/magazin\/fara-categorie\/3m-2330-scotchcal-translucent-film-folie-pentru-reclame-luminoase\/"},"modified":"2026-04-07T12:00:10","modified_gmt":"2026-04-07T09:00:10","slug":"3m-2330-scotchcal-translucent-film-folie-pentru-reclame-luminoase","status":"publish","type":"product","link":"https:\/\/partners-ltd.com\/ro\/e-shop\/folie-pentru-cutter-plotter\/3m-folie-translucenta\/3m-2330-scotchcal-translucent-film-folie-pentru-reclame-luminoase\/","title":{"rendered":"3M 2330 Scotchcal Translucent Film &#8211; folie pentru reclame luminoase"},"content":{"rendered":"<div class=\"wpb-content-wrapper\"><p>[vc_row css=&#8221;.vc_custom_1525420602690{border-top-width: 1px !important;border-right-width: 1px !important;border-bottom-width: 1px !important;border-left-width: 1px !important;padding-right: 10px !important;padding-left: 10px !important;border-left-color: #e2e2e2 !important;border-left-style: dotted !important;border-right-color: #e2e2e2 !important;border-right-style: dotted !important;border-top-color: #e2e2e2 !important;border-top-style: dotted !important;border-bottom-color: #e2e2e2 !important;border-bottom-style: dotted !important;border-radius: 1px !important;}&#8221;][vc_column]<div id=\"ultimate-heading-123369e9bc87391d3\" class=\"uvc-heading ult-adjust-bottom-margin ultimate-heading-123369e9bc87391d3 uvc-9451 \" data-hspacer=\"no_spacer\"  data-halign=\"left\" style=\"text-align:left\"><div class=\"uvc-heading-spacer no_spacer\" style=\"top\"><\/div><div class=\"uvc-main-heading ult-responsive\"  data-ultimate-target='.uvc-heading.ultimate-heading-123369e9bc87391d3 h2'  data-responsive-json-new='{\"font-size\":\"desktop:28px;\",\"line-height\":\"desktop:38px;\"}' ><h2 style=\"--font-weight:theme;margin-bottom:20px;\">Folie translucid\u0103 pentru semne luminoase 3M 2330 - culori<\/h2><\/div><\/div>[vc_row_inner][vc_column_inner width=&#8221;3\/4&#8243;][vc_column_text]3M Scotchcal 2330 este un film polimeric, calandrat, translucid pentru semne luminoase, inscrip\u021bii \u0219i ferestre. Folia are un adeziv cristal transparent. Garanteaz\u0103 culori rezistente, f\u0103r\u0103 schimbare la iluminare.<\/p>\n<p>Este potrivit\u0103 pentru aplica\u021bii care necesit\u0103 o perioad\u0103 medie de exploatare \u00een exterior \u0219i interior. Cu <a href=\"https:\/\/partners-ltd.com\/ro\/3m-mcs-warranty\/\">garan\u021bia 3M\u2122 MCS\u2122 Warranty<\/a>.[\/vc_column_text][\/vc_column_inner][vc_column_inner width=&#8221;1\/4&#8243;][vc_single_image image=&#8221;14521&#8243; img_size=&#8221;90&#215;90&#8243; onclick=&#8221;custom_link&#8221; link=&#8221;https:\/\/partners-ltd.com\/ro\/3m-mcs-warranty\/&#8221;][\/vc_column_inner][\/vc_row_inner][vc_row_inner][vc_column_inner width=&#8221;1\/3&#8243;][vc_column_text]<strong>Dimensiune rol\u0103:<\/strong> 1,22m \u0445 50m[\/vc_column_text][\/vc_column_inner][vc_column_inner width=&#8221;1\/3&#8243;][vc_column_text]<strong>Grosime:<\/strong> 80 microni[\/vc_column_text][\/vc_column_inner][vc_column_inner width=&#8221;1\/3&#8243;][\/vc_column_inner][\/vc_row_inner][\/vc_column][\/vc_row][vc_row][vc_column][vc_empty_space height=&#8221;24px&#8221;][\/vc_column][\/vc_row][vc_row][vc_column][vc_row_inner css=&#8221;.vc_custom_1525420680546{border-top-width: 1px !important;border-right-width: 1px !important;border-bottom-width: 1px !important;border-left-width: 1px !important;padding-right: 10px !important;padding-left: 10px !important;border-left-color: #e2e2e2 !important;border-left-style: dotted !important;border-right-color: #e2e2e2 !important;border-right-style: dotted !important;border-top-color: #e2e2e2 !important;border-top-style: dotted !important;border-bottom-color: #e2e2e2 !important;border-bottom-style: dotted !important;border-radius: 1px !important;}&#8221;][vc_column_inner width=&#8221;1\/2&#8243;]<div id=\"ultimate-heading-743169e9bc873920e\" class=\"uvc-heading ult-adjust-bottom-margin ultimate-heading-743169e9bc873920e uvc-4435 \" data-hspacer=\"no_spacer\"  data-halign=\"left\" style=\"text-align:left\"><div class=\"uvc-heading-spacer no_spacer\" style=\"top\"><\/div><div class=\"uvc-main-heading ult-responsive\"  data-ultimate-target='.uvc-heading.ultimate-heading-743169e9bc873920e h3'  data-responsive-json-new='{\"font-size\":\"desktop:24px;\",\"line-height\":\"desktop:34px;\"}' ><h3 style=\"--font-weight:theme;margin-bottom:60px;\">Caracteristici principale:<\/h3><\/div><\/div><div class=\"standard-arrow list-divider bullet-top\"><ul>\n<li>pentru reclame luminoase \u0219i aplica\u021bii pe sticl\u0103<\/li>\n<li>adeziv transparent, permanent, sensibil la presiune<\/li>\n<li>15 culori<\/li>\n<li>durabilitate (culori \u0219i metalice) &#8211; 7 ani<\/li>\n<\/ul>\n<\/div>[\/vc_column_inner][vc_column_inner width=&#8221;1\/2&#8243;]<div id=\"ultimate-heading-333869e9bc873926f\" class=\"uvc-heading ult-adjust-bottom-margin ultimate-heading-333869e9bc873926f uvc-6943 \" data-hspacer=\"no_spacer\"  data-halign=\"left\" style=\"text-align:left\"><div class=\"uvc-heading-spacer no_spacer\" style=\"top\"><\/div><div class=\"uvc-main-heading ult-responsive\"  data-ultimate-target='.uvc-heading.ultimate-heading-333869e9bc873926f h4'  data-responsive-json-new='{\"font-size\":\"desktop:24px;\",\"line-height\":\"desktop:34px;\"}' ><h4 style=\"--font-weight:theme;margin-bottom:20px;\">Compararea culorilor cu scala Pantone tm<\/h4><\/div><\/div>[vc_column_text]<\/p>\n<table style=\"width: 100%;\" border=\"1\">\n<tbody>\n<tr>\n<th colspan=\"2\">3\u041c Scotchcal 2330<\/th>\n<\/tr>\n<tr>\n<td>Pantone 116 C<\/td>\n<td>2330-24 Yellow<\/td>\n<\/tr>\n<tr>\n<td>Pantone 186 C<\/td>\n<td>2330-465 Red<\/td>\n<\/tr>\n<tr>\n<td>Pantone 2745 C<\/td>\n<td>2330-87 Cobalt Blue<\/td>\n<\/tr>\n<tr>\n<td>Pantone 2755 C<\/td>\n<td>2330-89 Royal Blue<\/td>\n<\/tr>\n<tr>\n<td>Pantone 294 C<\/td>\n<td>2330-88 Deep Blue<\/td>\n<\/tr>\n<tr>\n<td>Pantone 321 C<\/td>\n<td>2330-79 Bright Teal<\/td>\n<\/tr>\n<tr>\n<td>Pantone 426 C<\/td>\n<td>2330-12 Black<\/td>\n<\/tr>\n<tr>\n<td>Pantone Orange 021 C<\/td>\n<td>2330-32 Orange<\/td>\n<\/tr>\n<\/tbody>\n<\/table>\n<p>[\/vc_column_text][\/vc_column_inner][\/vc_row_inner][\/vc_column][\/vc_row]<\/p>\n<\/div>","protected":false},"excerpt":{"rendered":"<p>Folie translucid\u0103, polimeric\u0103, calandrat\u0103 3M Scotchcal 2330, destinat\u0103 inscrip\u021biilor luminoase, semnelor \u0219i ferestrelor.<\/p>\n","protected":false},"featured_media":14533,"comment_status":"open","ping_status":"closed","template":"","meta":[],"product_cat":[1845],"product_tag":[],"_links":{"self":[{"href":"https:\/\/partners-ltd.com\/ro\/wp-json\/wp\/v2\/product\/40770"}],"collection":[{"href":"https:\/\/partners-ltd.com\/ro\/wp-json\/wp\/v2\/product"}],"about":[{"href":"https:\/\/partners-ltd.com\/ro\/wp-json\/wp\/v2\/types\/product"}],"replies":[{"embeddable":true,"href":"https:\/\/partners-ltd.com\/ro\/wp-json\/wp\/v2\/comments?post=40770"}],"wp:featuredmedia":[{"embeddable":true,"href":"https:\/\/partners-ltd.com\/ro\/wp-json\/wp\/v2\/media\/14533"}],"wp:attachment":[{"href":"https:\/\/partners-ltd.com\/ro\/wp-json\/wp\/v2\/media?parent=40770"}],"wp:term":[{"taxonomy":"product_cat","embeddable":true,"href":"https:\/\/partners-ltd.com\/ro\/wp-json\/wp\/v2\/product_cat?post=40770"},{"taxonomy":"product_tag","embeddable":true,"href":"https:\/\/partners-ltd.com\/ro\/wp-json\/wp\/v2\/product_tag?post=40770"}],"curies":[{"name":"wp","href":"https:\/\/api.w.org\/{rel}","templated":true}]}}