{"id":40768,"date":"2018-06-02T09:41:08","date_gmt":"2018-06-02T06:41:08","guid":{"rendered":"https:\/\/partners-ltd.com\/magazin\/fara-categorie\/3m-3635-100-scotchcal-light-enhanced-film-lef-folie-mata-alba-pentru-o-luminozitate-mai-intensa\/"},"modified":"2026-04-07T14:54:03","modified_gmt":"2026-04-07T11:54:03","slug":"3m-3635-100-scotchcal-light-enhanced-film-lef-folie-mata-alba-pentru-o-luminozitate-mai-intensa","status":"publish","type":"product","link":"https:\/\/partners-ltd.com\/ro\/e-shop\/folie-pentru-cutter-plotter\/3m-folie-pentru-efecte-luminoase\/3m-3635-100-scotchcal-light-enhanced-film-lef-folie-mata-alba-pentru-o-luminozitate-mai-intensa\/","title":{"rendered":"3M 3635-100 Scotchcal Light Enhanced Film (LEF) &#8211; folie mat\u0103 alb\u0103 pentru o luminozitate mai intens\u0103"},"content":{"rendered":"<div class=\"wpb-content-wrapper\"><p>[vc_row css=&#8221;.vc_custom_1529042626970{margin-bottom: 20px !important;border-top-width: 1px !important;border-right-width: 1px !important;border-bottom-width: 1px !important;border-left-width: 1px !important;padding-right: 10px !important;padding-left: 10px !important;border-left-color: #e2e2e2 !important;border-left-style: dotted !important;border-right-color: #e2e2e2 !important;border-right-style: dotted !important;border-top-color: #e2e2e2 !important;border-top-style: dotted !important;border-bottom-color: #e2e2e2 !important;border-bottom-style: dotted !important;border-radius: 1px !important;}&#8221;][vc_column]<div id=\"ultimate-heading-927569e227e76ddc7\" class=\"uvc-heading ult-adjust-bottom-margin ultimate-heading-927569e227e76ddc7 uvc-3279 \" data-hspacer=\"no_spacer\"  data-halign=\"left\" style=\"text-align:left\"><div class=\"uvc-heading-spacer no_spacer\" style=\"top\"><\/div><div class=\"uvc-main-heading ult-responsive\"  data-ultimate-target='.uvc-heading.ultimate-heading-927569e227e76ddc7 h2'  data-responsive-json-new='{\"font-size\":\"desktop:28px;\",\"line-height\":\"desktop:38px;\"}' ><h2 style=\"--font-weight:theme;margin-bottom:20px;\">3M 3635-100 Scotchcal Light Enhanced Film - folie reflectorizant\u0103 pentru semne \u0219i litere luminoase<\/h2><\/div><\/div>[vc_row_inner][vc_column_inner width=&#8221;5\/6&#8243;][vc_column_text]3M 3635-100 LEF este o folie mat\u0103 alb\u0103, cu un grad \u00eenalt de reflectivitate. Folia are un adeziv transparent, sensibil la presiune, permanent. Este potrivit\u0103 pentru aplicarea pe interiorul semnelor \u0219i literelor luminoase. Este creat\u0103 pentru a maximiza lumina emis\u0103 \u00een semnele \u0219i literele publicitare, prin reflectare difuz\u0103 de p\u00e2n\u0103 la 95% din aceasta. Lumina este distribuit\u0103 pe \u00eentreaga fa\u021b\u0103 a literelor\/semnelor.<\/p>\n<p>La iluminarea cu LED se evit\u0103 apari\u021bia punctelor luminoase. Acest folie este un produs revolu\u021bionar pentru crearea de reclame luminoase, care nu sunt doar str\u0103lucitoare, ci \u0219i uniform iluminate.<\/p>\n<p>Protejat de <a href=\"https:\/\/partners-ltd.com\/ro\/3m-mcs-warranty\/\">garan\u021bia 3M\u2122 MCS\u2122 Warranty<\/a>.[\/vc_column_text][\/vc_column_inner][vc_column_inner width=&#8221;1\/6&#8243;][vc_single_image image=&#8221;14521&#8243; img_size=&#8221;90&#215;90&#8243; alignment=&#8221;center&#8221; onclick=&#8221;custom_link&#8221; link=&#8221;https:\/\/partners-ltd.com\/ro\/3m-mcs-warranty\/&#8221;][\/vc_column_inner][\/vc_row_inner][vc_row_inner][vc_column_inner width=&#8221;1\/3&#8243;][vc_column_text]<strong>Dimensiune rol\u0103:<\/strong> 1,22m \u0445 9,14m; 1,22m \u0445 45,70m[\/vc_column_text][\/vc_column_inner][vc_column_inner width=&#8221;1\/3&#8243;][vc_column_text]<strong>Grosime:<\/strong> 140 microni[\/vc_column_text][\/vc_column_inner][vc_column_inner width=&#8221;1\/3&#8243;][\/vc_column_inner][\/vc_row_inner][\/vc_column][\/vc_row][vc_row][vc_column][vc_row_inner css=&#8221;.vc_custom_1525420680546{border-top-width: 1px !important;border-right-width: 1px !important;border-bottom-width: 1px !important;border-left-width: 1px !important;padding-right: 10px !important;padding-left: 10px !important;border-left-color: #e2e2e2 !important;border-left-style: dotted !important;border-right-color: #e2e2e2 !important;border-right-style: dotted !important;border-top-color: #e2e2e2 !important;border-top-style: dotted !important;border-bottom-color: #e2e2e2 !important;border-bottom-style: dotted !important;border-radius: 1px !important;}&#8221;][vc_column_inner width=&#8221;1\/2&#8243;]<div id=\"ultimate-heading-774369e227e76de28\" class=\"uvc-heading ult-adjust-bottom-margin ultimate-heading-774369e227e76de28 uvc-6684 \" data-hspacer=\"no_spacer\"  data-halign=\"left\" style=\"text-align:left\"><div class=\"uvc-heading-spacer no_spacer\" style=\"top\"><\/div><div class=\"uvc-main-heading ult-responsive\"  data-ultimate-target='.uvc-heading.ultimate-heading-774369e227e76de28 h3'  data-responsive-json-new='{\"font-size\":\"desktop:24px;\",\"line-height\":\"desktop:34px;\"}' ><h3 style=\"--font-weight:theme;margin-bottom:20px;\">Caracteristici principale:<\/h3><\/div><\/div><div class=\"standard-arrow list-divider bullet-top\"><ul>\n<li>pentru semne luminoase, litere volumetrice, display-uri POP<\/li>\n<li>pentru automate de v\u00e2nzare, aparate \u00een cazinouri<\/li>\n<li>suprafa\u021b\u0103 mat\u0103, alb\u0103, reflectorizant\u0103 difuz\u0103<\/li>\n<li>p\u00e2n\u0103 la 95% reflectivitate<\/li>\n<li>potrivit pentru suprafe\u021be netede<\/li>\n<\/ul>\n<\/div>[\/vc_column_inner][vc_column_inner width=&#8221;1\/2&#8243;]<div class=\"standard-arrow list-divider bullet-top\"><ul>\n<li>pentru \u00eembun\u0103t\u0103\u021birea reflectivit\u0103\u021bii de pe suprafa\u021ba interioar\u0103 a semnelor luminoase \u0219i literelor volumetrice<\/li>\n<li>absorb\u021bie sc\u0103zut\u0103 a luminii, ceea ce cre\u0219te eficien\u021ba reclamei<\/li>\n<li>la iluminarea cu LED se evit\u0103 apari\u021bia punctelor luminoase<\/li>\n<li>transparent, permanent, adeziv acrilat<\/li>\n<li>durabilitate &#8211; 5 ani<\/li>\n<\/ul>\n<\/div>[\/vc_column_inner][\/vc_row_inner][\/vc_column][\/vc_row]<\/p>\n<\/div>","protected":false},"excerpt":{"rendered":"<p>Folie autoadeziv\u0103 mat\u0103 alb\u0103, cu suprafa\u021b\u0103 reflectorizant\u0103 difuz\u0103, pentru interiorul semnelor \u0219i literelor luminoase. \u00cent\u0103re\u0219te luminozitatea, reflect\u00e2nd 95% din lumina emis\u0103.<\/p>\n","protected":false},"featured_media":2641,"comment_status":"open","ping_status":"closed","template":"","meta":[],"product_cat":[1831,1846],"product_tag":[],"_links":{"self":[{"href":"https:\/\/partners-ltd.com\/ro\/wp-json\/wp\/v2\/product\/40768"}],"collection":[{"href":"https:\/\/partners-ltd.com\/ro\/wp-json\/wp\/v2\/product"}],"about":[{"href":"https:\/\/partners-ltd.com\/ro\/wp-json\/wp\/v2\/types\/product"}],"replies":[{"embeddable":true,"href":"https:\/\/partners-ltd.com\/ro\/wp-json\/wp\/v2\/comments?post=40768"}],"wp:featuredmedia":[{"embeddable":true,"href":"https:\/\/partners-ltd.com\/ro\/wp-json\/wp\/v2\/media\/2641"}],"wp:attachment":[{"href":"https:\/\/partners-ltd.com\/ro\/wp-json\/wp\/v2\/media?parent=40768"}],"wp:term":[{"taxonomy":"product_cat","embeddable":true,"href":"https:\/\/partners-ltd.com\/ro\/wp-json\/wp\/v2\/product_cat?post=40768"},{"taxonomy":"product_tag","embeddable":true,"href":"https:\/\/partners-ltd.com\/ro\/wp-json\/wp\/v2\/product_tag?post=40768"}],"curies":[{"name":"wp","href":"https:\/\/api.w.org\/{rel}","templated":true}]}}