{"id":40454,"date":"2022-03-08T11:34:44","date_gmt":"2022-03-08T09:34:44","guid":{"rendered":"https:\/\/partners-ltd.com\/magazin\/fara-categorie\/3m-spray-90-adeziv-super-puternic-pe-spray-500-ml\/"},"modified":"2025-06-19T17:19:17","modified_gmt":"2025-06-19T14:19:17","slug":"3m-spray-90-adeziv-super-puternic-pe-spray-500-ml","status":"publish","type":"product","link":"https:\/\/partners-ltd.com\/ro\/e-shop\/banda-dublu-adeziva-si-adezivi\/adezivi-cu-aerosoli\/3m-spray-90-adeziv-super-puternic-pe-spray-500-ml\/","title":{"rendered":"3M Spray 90 adeziv super puternic pe spray, 500 ml"},"content":{"rendered":"<div class=\"wpb-content-wrapper\"><p>[vc_row css=&#8221;.vc_custom_1614340926172{margin-bottom: 30px !important;border-top-width: 1px !important;border-right-width: 1px !important;border-bottom-width: 1px !important;border-left-width: 1px !important;border-left-color: #d8d8d8 !important;border-left-style: solid !important;border-right-color: #d8d8d8 !important;border-right-style: solid !important;border-top-color: #d8d8d8 !important;border-top-style: solid !important;border-bottom-color: #d8d8d8 !important;border-bottom-style: solid !important;border-radius: 1px !important;}&#8221;][vc_column]<div id=\"ultimate-heading-458169e235d722487\" class=\"uvc-heading ult-adjust-bottom-margin ultimate-heading-458169e235d722487 uvc-5270  uvc-heading-default-font-sizes\" data-hspacer=\"no_spacer\"  data-halign=\"left\" style=\"text-align:left\"><div class=\"uvc-heading-spacer no_spacer\" style=\"top\"><\/div><div class=\"uvc-main-heading ult-responsive\"  data-ultimate-target='.uvc-heading.ultimate-heading-458169e235d722487 h3'  data-responsive-json-new='{\"font-size\":\"\",\"line-height\":\"\"}' ><h3 style=\"--font-weight:theme;margin-bottom:30px;\">3M Spray 90 lipe\u0219te rapid \u0219i durabil diverse materiale<\/h3><\/div><\/div>[vc_column_text]<\/p>\n<div class=\"page-title-head hgroup\">\n<div id=\"ultimate-heading-39466226a825160d8\" class=\"uvc-heading ult-adjust-bottom-margin ultimate-heading-39466226a825160d8 uvc-8073 \" data-hspacer=\"no_spacer\" data-halign=\"left\">\n<div class=\"uvc-main-heading ult-responsive\" data-ultimate-target=\".uvc-heading.ultimate-heading-39466226a825160d8 h2\" data-responsive-json-new=\"{&quot;font-size&quot;:&quot;desktop:22px;&quot;,&quot;line-height&quot;:&quot;desktop:28px;&quot;}\">\n<h3><a class=\"dt-pswp-item\" href=\"https:\/\/partners-ltd.com\/wp-content\/uploads\/2022\/03\/\u041b\u0435\u043f\u0438\u043b\u043e-\u043d\u0430-\u0441\u043f\u0440\u0435\u0439-3M-hi-strength-Spray-90-\u0437\u0430-\u043b\u0435\u043f\u0435\u043d\u0435-\u043d\u0430-\u043a\u0430\u043d\u0442\u043e\u0432\u0435-\u0438-\u041f\u0414\u0427.jpg\" data-dt-img-description=\"\" data-large_image_width=\"580\" data-large_image_height=\"435\"><img loading=\"lazy\" decoding=\"async\" class=\" wp-image-27780 alignleft\" src=\"https:\/\/partners-ltd.com\/wp-content\/uploads\/2022\/03\/\u041b\u0435\u043f\u0438\u043b\u043e-\u043d\u0430-\u0441\u043f\u0440\u0435\u0439-3M-hi-strength-Spray-90-\u0437\u0430-\u043b\u0435\u043f\u0435\u043d\u0435-\u043d\u0430-\u043a\u0430\u043d\u0442\u043e\u0432\u0435-\u0438-\u041f\u0414\u0427.jpg\" alt=\"Adeziv pe spray 3M hi-strength Spray 90 pentru lipirea canturilor \u0219i PAL-ului\" width=\"238\" height=\"178\" srcset=\"https:\/\/partners-ltd.com\/wp-content\/uploads\/2022\/03\/\u041b\u0435\u043f\u0438\u043b\u043e-\u043d\u0430-\u0441\u043f\u0440\u0435\u0439-3M-hi-strength-Spray-90-\u0437\u0430-\u043b\u0435\u043f\u0435\u043d\u0435-\u043d\u0430-\u043a\u0430\u043d\u0442\u043e\u0432\u0435-\u0438-\u041f\u0414\u0427.jpg 580w, https:\/\/partners-ltd.com\/wp-content\/uploads\/2022\/03\/\u041b\u0435\u043f\u0438\u043b\u043e-\u043d\u0430-\u0441\u043f\u0440\u0435\u0439-3M-hi-strength-Spray-90-\u0437\u0430-\u043b\u0435\u043f\u0435\u043d\u0435-\u043d\u0430-\u043a\u0430\u043d\u0442\u043e\u0432\u0435-\u0438-\u041f\u0414\u0427-300x225.jpg 300w, https:\/\/partners-ltd.com\/wp-content\/uploads\/2022\/03\/\u041b\u0435\u043f\u0438\u043b\u043e-\u043d\u0430-\u0441\u043f\u0440\u0435\u0439-3M-hi-strength-Spray-90-\u0437\u0430-\u043b\u0435\u043f\u0435\u043d\u0435-\u043d\u0430-\u043a\u0430\u043d\u0442\u043e\u0432\u0435-\u0438-\u041f\u0414\u0427-425x319.jpg 425w\" sizes=\"(max-width: 238px) 100vw, 238px\" \/><\/a><\/h3>\n<\/div>\n<\/div>\n<p>3M Hi-Strength Spray 90 este un adeziv aerosol care lipe\u0219te diferite tipuri de suprafe\u021be extrem de rapid. Adezivul are un contact puternic \u0219i este complet transparent. Se folose\u0219te pentru lipirea durabil\u0103 a elementelor decorative, lemn, metal, foi sub\u021biri, polietilen\u0103, polipropilen\u0103, PAL, HPL \u0219i multe altele.<\/p>\n<p>Timp deschis pentru lipirea suprafe\u021belor \u2013 de la 1 la 10 minute. 3M Spray 90 este un adeziv pe spray, deosebit de potrivit pentru utilizare \u00een industria mobilei. Cu acest adeziv se lipesc rapid \u0219i u\u0219or canturile mobilelor. Adezivul 3M Spray 90 permite controlul jetului de pulverizare, ceea ce este un mare avantaj \u00een timpul lucrului.<\/p>\n<\/div>\n<p>[\/vc_column_text][\/vc_column][\/vc_row][vc_row css=&#8221;.vc_custom_1614340946766{margin-bottom: 30px !important;border-top-width: 1px !important;border-right-width: 1px !important;border-bottom-width: 1px !important;border-left-width: 1px !important;border-left-color: #d8d8d8 !important;border-left-style: solid !important;border-right-color: #d8d8d8 !important;border-right-style: solid !important;border-top-color: #d8d8d8 !important;border-top-style: solid !important;border-bottom-color: #d8d8d8 !important;border-bottom-style: solid !important;border-radius: 1px !important;}&#8221;][vc_column]<div id=\"ultimate-heading-380069e235d7224c5\" class=\"uvc-heading ult-adjust-bottom-margin ultimate-heading-380069e235d7224c5 uvc-7646  uvc-heading-default-font-sizes\" data-hspacer=\"no_spacer\"  data-halign=\"left\" style=\"text-align:left\"><div class=\"uvc-heading-spacer no_spacer\" style=\"top\"><\/div><div class=\"uvc-main-heading ult-responsive\"  data-ultimate-target='.uvc-heading.ultimate-heading-380069e235d7224c5 h3'  data-responsive-json-new='{\"font-size\":\"\",\"line-height\":\"\"}' ><h3 style=\"--font-weight:theme;margin-bottom:30px;\">Lipe\u0219te urm\u0103toarele materiale:<\/h3><\/div><\/div>[vc_row_inner][vc_column_inner width=&#8221;1\/2&#8243;]<div class=\"standard-arrow list-divider bullet-top\"><ul>\n<li>polietilen\u0103<\/li>\n<li>polipropilen\u0103<\/li>\n<li>lemn<\/li>\n<li>metal<\/li>\n<li>foi sub\u021biri<\/li>\n<\/ul>\n<\/div>[\/vc_column_inner][vc_column_inner width=&#8221;1\/2&#8243;]<div class=\"standard-arrow list-divider bullet-top\"><ul>\n<li>PAL<\/li>\n<li>canturi de mobil\u0103<\/li>\n<li>majoritatea plasticelor<\/li>\n<li>Cauciuc SBR<\/li>\n<\/ul>\n<\/div>[\/vc_column_inner][\/vc_row_inner][\/vc_column][\/vc_row][vc_row css=&#8221;.vc_custom_1614340946766{margin-bottom: 30px !important;border-top-width: 1px !important;border-right-width: 1px !important;border-bottom-width: 1px !important;border-left-width: 1px !important;border-left-color: #d8d8d8 !important;border-left-style: solid !important;border-right-color: #d8d8d8 !important;border-right-style: solid !important;border-top-color: #d8d8d8 !important;border-top-style: solid !important;border-bottom-color: #d8d8d8 !important;border-bottom-style: solid !important;border-radius: 1px !important;}&#8221;][vc_column]<div id=\"ultimate-heading-181269e235d722540\" class=\"uvc-heading ult-adjust-bottom-margin ultimate-heading-181269e235d722540 uvc-1005  uvc-heading-default-font-sizes\" data-hspacer=\"no_spacer\"  data-halign=\"left\" style=\"text-align:left\"><div class=\"uvc-heading-spacer no_spacer\" style=\"top\"><\/div><div class=\"uvc-main-heading ult-responsive\"  data-ultimate-target='.uvc-heading.ultimate-heading-181269e235d722540 h3'  data-responsive-json-new='{\"font-size\":\"\",\"line-height\":\"\"}' ><h3 style=\"--font-weight:theme;margin-bottom:30px;\">Avantaje:<\/h3><\/div><\/div>[vc_row_inner][vc_column_inner width=&#8221;1\/2&#8243;]<div class=\"standard-arrow list-divider bullet-top\"><ul>\n<li>rezisten\u021ba leg\u0103turii<\/li>\n<li>rezisten\u021b\u0103 ridicat\u0103 la temperatur\u0103<\/li>\n<\/ul>\n<\/div>[\/vc_column_inner][vc_column_inner width=&#8221;1\/2&#8243;]<div class=\"standard-arrow list-divider bullet-top\"><ul>\n<li>l\u0103\u021bime variabil\u0103 de pulverizare<\/li>\n<li>control precis al pulveriz\u0103rii<\/li>\n<\/ul>\n<\/div>[\/vc_column_inner][\/vc_row_inner][\/vc_column][\/vc_row][vc_row css=&#8221;.vc_custom_1614340946766{margin-bottom: 30px !important;border-top-width: 1px !important;border-right-width: 1px !important;border-bottom-width: 1px !important;border-left-width: 1px !important;border-left-color: #d8d8d8 !important;border-left-style: solid !important;border-right-color: #d8d8d8 !important;border-right-style: solid !important;border-top-color: #d8d8d8 !important;border-top-style: solid !important;border-bottom-color: #d8d8d8 !important;border-bottom-style: solid !important;border-radius: 1px !important;}&#8221;][vc_column]<div id=\"ultimate-heading-311869e235d722598\" class=\"uvc-heading ult-adjust-bottom-margin ultimate-heading-311869e235d722598 uvc-2565  uvc-heading-default-font-sizes\" data-hspacer=\"no_spacer\"  data-halign=\"left\" style=\"text-align:left\"><div class=\"uvc-heading-spacer no_spacer\" style=\"top\"><\/div><div class=\"uvc-main-heading ult-responsive\"  data-ultimate-target='.uvc-heading.ultimate-heading-311869e235d722598 h3'  data-responsive-json-new='{\"font-size\":\"\",\"line-height\":\"\"}' ><h3 style=\"--font-weight:theme;margin-bottom:30px;\">Aplicatii:<\/h3><\/div><\/div>[vc_row_inner][vc_column_inner width=&#8221;1\/2&#8243;]<div class=\"standard-arrow list-divider bullet-top\"><ul>\n<li>Mobilier<\/li>\n<li>Laminat<\/li>\n<li>Canturi de mobil\u0103<\/li>\n<\/ul>\n<\/div>[\/vc_column_inner][vc_column_inner width=&#8221;1\/2&#8243;]<div class=\"standard-arrow list-divider bullet-top\"><ul>\n<li>Construc\u021bia cl\u0103dirilor<\/li>\n<li>Vehicule de transport<\/li>\n<li>Prelucrarea lemnului<\/li>\n<\/ul>\n<\/div>[\/vc_column_inner][\/vc_row_inner][\/vc_column][\/vc_row][vc_row css=&#8221;.vc_custom_1646038538342{margin-bottom: 30px !important;border-top-width: 1px !important;border-right-width: 1px !important;border-bottom-width: 1px !important;border-left-width: 1px !important;border-left-color: #d8d8d8 !important;border-left-style: solid !important;border-right-color: #d8d8d8 !important;border-right-style: solid !important;border-top-color: #d8d8d8 !important;border-top-style: solid !important;border-bottom-color: #d8d8d8 !important;border-bottom-style: solid !important;border-radius: 1px !important;}&#8221;][vc_column css=&#8221;.vc_custom_1646038433563{margin-top: 0px !important;margin-right: 0px !important;margin-bottom: 0px !important;margin-left: 0px !important;border-top-width: 0px !important;border-right-width: 0px !important;border-bottom-width: 0px !important;border-left-width: 0px !important;border-left-color: #d8d8d8 !important;border-left-style: solid !important;border-right-color: #d8d8d8 !important;border-right-style: solid !important;border-top-color: #d8d8d8 !important;border-top-style: solid !important;border-bottom-color: #d8d8d8 !important;border-bottom-style: solid !important;border-radius: 1px !important;}&#8221;]<div id=\"ultimate-heading-700569e235d7225e6\" class=\"uvc-heading ult-adjust-bottom-margin ultimate-heading-700569e235d7225e6 uvc-8812  uvc-heading-default-font-sizes\" data-hspacer=\"no_spacer\"  data-halign=\"left\" style=\"text-align:left\"><div class=\"uvc-heading-spacer no_spacer\" style=\"top\"><\/div><div class=\"uvc-main-heading ult-responsive\"  data-ultimate-target='.uvc-heading.ultimate-heading-700569e235d7225e6 h3'  data-responsive-json-new='{\"font-size\":\"\",\"line-height\":\"\"}' ><h3 style=\"--font-weight:theme;margin-bottom:20px;\">Tehnica de aplicare:<\/h3><\/div><\/div>[vc_column_text]\u00cenainte de lipire, cur\u0103\u021ba\u021bi bine suprafe\u021bele \u2013 \u00eendep\u0103rta\u021bi praful, urmele de gr\u0103sime \u0219i orice alte impurit\u0103\u021bi. Nu lipi\u021bi suprafe\u021bele la temperaturi mai mici de 18\u00b0C.<\/p>\n<ol>\n<li>Cur\u0103\u021ba\u021bi perfect<\/li>\n<li>Pulveriza\u021bi ambele suprafe\u021be cu adezivul de la o distan\u021b\u0103 de 15-20 cm<\/li>\n<li>Lipi\u021bi produsele, ap\u0103s\u00e2nd u\u0219or<\/li>\n<li>Pute\u021bi repozi\u021biona suprafe\u021bele, dac\u0103 este necesar<\/li>\n<\/ol>\n<p>[\/vc_column_text][\/vc_column][\/vc_row][vc_row css=&#8221;.vc_custom_1614340974723{border-top-width: 1px !important;border-right-width: 1px !important;border-bottom-width: 1px !important;border-left-width: 1px !important;border-left-color: #d8d8d8 !important;border-left-style: solid !important;border-right-color: #d8d8d8 !important;border-right-style: solid !important;border-top-color: #d8d8d8 !important;border-top-style: solid !important;border-bottom-color: #d8d8d8 !important;border-bottom-style: solid !important;border-radius: 1px !important;}&#8221;][vc_column css=&#8221;.vc_custom_1646732440293{margin-bottom: 30px !important;}&#8221;]<div id=\"ultimate-heading-234269e235d722600\" class=\"uvc-heading ult-adjust-bottom-margin ultimate-heading-234269e235d722600 uvc-4521  uvc-heading-default-font-sizes\" data-hspacer=\"no_spacer\"  data-halign=\"left\" style=\"text-align:left\"><div class=\"uvc-heading-spacer no_spacer\" style=\"top\"><\/div><div class=\"uvc-main-heading ult-responsive\"  data-ultimate-target='.uvc-heading.ultimate-heading-234269e235d722600 h3'  data-responsive-json-new='{\"font-size\":\"\",\"line-height\":\"\"}' ><h3 style=\"--font-weight:theme;\">Documente:<\/h3><\/div><\/div>[vc_row_inner css=&#8221;.vc_custom_1615980091033{margin-bottom: 30px !important;}&#8221;][vc_column_inner width=&#8221;1\/4&#8243;][vc_column_text]Bro\u0219ur\u0103[\/vc_column_text][vc_single_image image=&#8221;27745&#8243; onclick=&#8221;custom_link&#8221; img_link_target=&#8221;_blank&#8221; link=&#8221;\/wp-content\/uploads\/2022\/03\/Brochure-3M-Spray-Adhesives-Brochure.pdf&#8221;]<style type=\"text\/css\" data-type=\"the7_shortcodes-inline-css\">#default-btn-b56b3cee24b759a574db5c05f9adf0bc.ico-right-side > i {\n  margin-right: 0px;\n  margin-left: 8px;\n}\n#default-btn-b56b3cee24b759a574db5c05f9adf0bc > i {\n  margin-right: 8px;\n}\n<\/style><a href=\"\/wp-content\/uploads\/2022\/03\/Brochure-3M-Spray-Adhesives-Brochure.pdf\" class=\"default-btn-shortcode dt-btn dt-btn-s link-hover-off btn-inline-left \" target=\"_blank\" id=\"default-btn-b56b3cee24b759a574db5c05f9adf0bc\" rel=\"noopener\"><span>Descarc\u0103 PDF<\/span><\/a>[\/vc_column_inner][vc_column_inner width=&#8221;1\/4&#8243;][vc_column_text]Caracteristici tehnice[\/vc_column_text][vc_single_image image=&#8221;27792&#8243; onclick=&#8221;custom_link&#8221; img_link_target=&#8221;_blank&#8221; link=&#8221;\/wp-content\/uploads\/2022\/03\/3M-Spray-90-\u2013-Hi-Strength-spray-adhesive-500ml.pdf&#8221;]<style type=\"text\/css\" data-type=\"the7_shortcodes-inline-css\">#default-btn-1b0776ac70b1fb0198930c6bae10b953.ico-right-side > i {\n  margin-right: 0px;\n  margin-left: 8px;\n}\n#default-btn-1b0776ac70b1fb0198930c6bae10b953 > i {\n  margin-right: 8px;\n}\n<\/style><a href=\"\/wp-content\/uploads\/2022\/03\/3M-Spray-90-\u2013-Hi-Strength-spray-adhesive-500ml.pdf\" class=\"default-btn-shortcode dt-btn dt-btn-s link-hover-off btn-inline-left \" target=\"_blank\" id=\"default-btn-1b0776ac70b1fb0198930c6bae10b953\" rel=\"noopener\"><span>Descarc\u0103 PDF<\/span><\/a>[\/vc_column_inner][vc_column_inner width=&#8221;1\/4&#8243;][\/vc_column_inner][vc_column_inner width=&#8221;1\/4&#8243;][\/vc_column_inner][\/vc_row_inner][\/vc_column][\/vc_row]<\/p>\n<\/div>","protected":false},"excerpt":{"rendered":"<p>3M Hi-Strength Spray 90 este un adeziv aerosol care lipe\u0219te diferite tipuri de suprafe\u021be extrem de rapid. Adezivul are un contact puternic \u0219i este complet transparent.<\/p>\n<div id=\"ultimate-heading-6073622129f739d84\" class=\"uvc-heading ult-adjust-bottom-margin ultimate-heading-6073622129f739d84 uvc-8413 \" data-hspacer=\"no_spacer\" data-halign=\"left\">\n<div class=\"uvc-heading-spacer no_spacer\"><\/div>\n<div class=\"uvc-main-heading ult-responsive\" data-ultimate-target=\".uvc-heading.ultimate-heading-6073622129f739d84 h2\" data-responsive-json-new=\"{&quot;font-size&quot;:&quot;desktop:18px;&quot;,&quot;line-height&quot;:&quot;desktop:25px;&quot;}\"><\/div>\n<\/div>\n","protected":false},"featured_media":27786,"comment_status":"open","ping_status":"closed","template":"","meta":[],"product_cat":[1855,2667],"product_tag":[],"_links":{"self":[{"href":"https:\/\/partners-ltd.com\/ro\/wp-json\/wp\/v2\/product\/40454"}],"collection":[{"href":"https:\/\/partners-ltd.com\/ro\/wp-json\/wp\/v2\/product"}],"about":[{"href":"https:\/\/partners-ltd.com\/ro\/wp-json\/wp\/v2\/types\/product"}],"replies":[{"embeddable":true,"href":"https:\/\/partners-ltd.com\/ro\/wp-json\/wp\/v2\/comments?post=40454"}],"wp:featuredmedia":[{"embeddable":true,"href":"https:\/\/partners-ltd.com\/ro\/wp-json\/wp\/v2\/media\/27786"}],"wp:attachment":[{"href":"https:\/\/partners-ltd.com\/ro\/wp-json\/wp\/v2\/media?parent=40454"}],"wp:term":[{"taxonomy":"product_cat","embeddable":true,"href":"https:\/\/partners-ltd.com\/ro\/wp-json\/wp\/v2\/product_cat?post=40454"},{"taxonomy":"product_tag","embeddable":true,"href":"https:\/\/partners-ltd.com\/ro\/wp-json\/wp\/v2\/product_tag?post=40454"}],"curies":[{"name":"wp","href":"https:\/\/api.w.org\/{rel}","templated":true}]}}