{"id":40452,"date":"2022-03-08T15:49:59","date_gmt":"2022-03-08T13:49:59","guid":{"rendered":"https:\/\/partners-ltd.com\/magazin\/fara-categorie\/3m-sj5012-bumpons-picioare-din-silicon-negre-autocolante\/"},"modified":"2026-04-01T15:07:00","modified_gmt":"2026-04-01T12:07:00","slug":"3m-sj5012-bumpons-picioare-din-silicon-negre-autocolante","status":"publish","type":"product","link":"https:\/\/partners-ltd.com\/ro\/e-shop\/banda-dublu-adeziva-si-adezivi\/tampoane-adezive-din-silicon\/3m-sj5012-bumpons-picioare-din-silicon-negre-autocolante\/","title":{"rendered":"3M SJ5012 Bumpons picioare din silicon negre, autocolante"},"content":{"rendered":"<div class=\"wpb-content-wrapper\"><p>[vc_row css=&#8221;.vc_custom_1614340926172{margin-bottom: 30px !important;border-top-width: 1px !important;border-right-width: 1px !important;border-bottom-width: 1px !important;border-left-width: 1px !important;border-left-color: #d8d8d8 !important;border-left-style: solid !important;border-right-color: #d8d8d8 !important;border-right-style: solid !important;border-top-color: #d8d8d8 !important;border-top-style: solid !important;border-bottom-color: #d8d8d8 !important;border-bottom-style: solid !important;border-radius: 1px !important;}&#8221;][vc_column]<div id=\"ultimate-heading-685669f259ecb1016\" class=\"uvc-heading ult-adjust-bottom-margin ultimate-heading-685669f259ecb1016 uvc-6655  uvc-heading-default-font-sizes\" data-hspacer=\"no_spacer\"  data-halign=\"left\" style=\"text-align:left\"><div class=\"uvc-heading-spacer no_spacer\" style=\"top\"><\/div><div class=\"uvc-main-heading ult-responsive\"  data-ultimate-target='.uvc-heading.ultimate-heading-685669f259ecb1016 h3'  data-responsive-json-new='{\"font-size\":\"\",\"line-height\":\"\"}' ><h3 style=\"--font-weight:theme;margin-bottom:30px;\">Picioare din silicon negre 3M SJ5012<\/h3><\/div><\/div>[vc_column_text]3M SJ5012 sunt picioare din silicon autocolante cu adeziv acrilat sensibil la atingere. Se lipesc rapid de diferite suprafe\u021be, doar cu o u\u0219oar\u0103 presiune. Picioarele din silicon SJ5012 sunt din poliuretan \u00een form\u0103 cilindric\u0103. Picioarele autocolante sunt ideale pentru tehnic\u0103 \u2013 picioare pentru tastaturi, laptopuri, telefoane \u0219i alte echipamente de birou. Picioarele din silicon negru nu alunec\u0103 \u0219i sunt foarte confortabile. Sunt fabricate din elastomer durabil cu mare elasticitate \u2013 capteaz\u0103 vibra\u021biile \u0219i elimin\u0103 zgomotul cauzat de acestea.<\/p>\n<p>Picioarele autocolante din silicon SJ5312 se lipesc de suprafe\u021be cu diferite baze: plastic, sticl\u0103, metal, lemn etc. Utilizarea picioarelor autocolante din silicon evit\u0103 aspectul inestetic al produselor la perforare cu \u0219uruburi, nituri \u0219i altele. Picioarele din silicon 3M SJ5012 ajut\u0103 la protejarea suprafe\u021belor obiectelor \u00eempotriva zg\u00e2rieturilor. Sunt rezistente la uzur\u0103 \u0219i nu se crap\u0103 \u00een timp.[\/vc_column_text][\/vc_column][\/vc_row][vc_row css=&#8221;.vc_custom_1614340946766{margin-bottom: 30px !important;border-top-width: 1px !important;border-right-width: 1px !important;border-bottom-width: 1px !important;border-left-width: 1px !important;border-left-color: #d8d8d8 !important;border-left-style: solid !important;border-right-color: #d8d8d8 !important;border-right-style: solid !important;border-top-color: #d8d8d8 !important;border-top-style: solid !important;border-bottom-color: #d8d8d8 !important;border-bottom-style: solid !important;border-radius: 1px !important;}&#8221;][vc_column]<div id=\"ultimate-heading-524569f259ecb104a\" class=\"uvc-heading ult-adjust-bottom-margin ultimate-heading-524569f259ecb104a uvc-1677  uvc-heading-default-font-sizes\" data-hspacer=\"no_spacer\"  data-halign=\"left\" style=\"text-align:left\"><div class=\"uvc-heading-spacer no_spacer\" style=\"top\"><\/div><div class=\"uvc-main-heading ult-responsive\"  data-ultimate-target='.uvc-heading.ultimate-heading-524569f259ecb104a h3'  data-responsive-json-new='{\"font-size\":\"\",\"line-height\":\"\"}' ><h3 style=\"--font-weight:theme;margin-bottom:30px;\">Aplicatii:<\/h3><\/div><\/div>[vc_row_inner][vc_column_inner width=&#8221;1\/2&#8243;]<div class=\"standard-arrow list-divider bullet-top\"><ul>\n<li>tastaturi<\/li>\n<li>computere portabile \u0219i sta\u021bionare<\/li>\n<li>telefoane<\/li>\n<\/ul>\n<\/div>[\/vc_column_inner][vc_column_inner width=&#8221;1\/2&#8243;]<div class=\"standard-arrow list-divider bullet-top\"><ul>\n<li>organizatoare<\/li>\n<li>aparate electrocasnice mici<\/li>\n<li>echipamente de birou<\/li>\n<\/ul>\n<\/div>[\/vc_column_inner][\/vc_row_inner][\/vc_column][\/vc_row][vc_row css=&#8221;.vc_custom_1614340946766{margin-bottom: 30px !important;border-top-width: 1px !important;border-right-width: 1px !important;border-bottom-width: 1px !important;border-left-width: 1px !important;border-left-color: #d8d8d8 !important;border-left-style: solid !important;border-right-color: #d8d8d8 !important;border-right-style: solid !important;border-top-color: #d8d8d8 !important;border-top-style: solid !important;border-bottom-color: #d8d8d8 !important;border-bottom-style: solid !important;border-radius: 1px !important;}&#8221;][vc_column]<div id=\"ultimate-heading-775669f259ecb10be\" class=\"uvc-heading ult-adjust-bottom-margin ultimate-heading-775669f259ecb10be uvc-8151  uvc-heading-default-font-sizes\" data-hspacer=\"no_spacer\"  data-halign=\"left\" style=\"text-align:left\"><div class=\"uvc-heading-spacer no_spacer\" style=\"top\"><\/div><div class=\"uvc-main-heading ult-responsive\"  data-ultimate-target='.uvc-heading.ultimate-heading-775669f259ecb10be h3'  data-responsive-json-new='{\"font-size\":\"\",\"line-height\":\"\"}' ><h3 style=\"--font-weight:theme;margin-bottom:30px;\">Avantaje:<\/h3><\/div><\/div>[vc_row_inner][vc_column_inner width=&#8221;1\/2&#8243;]<div class=\"standard-arrow list-divider bullet-top\"><ul>\n<li>Protejeaz\u0103 echipamentele de alunecare<\/li>\n<li>Nu zg\u00e2rie obiectele<\/li>\n<li>Sunt foarte sensibile la presiune \u0219i se ata\u0219eaz\u0103 u\u0219or de suprafe\u021be<\/li>\n<\/ul>\n<\/div>[\/vc_column_inner][vc_column_inner width=&#8221;1\/2&#8243;]<div class=\"standard-arrow list-divider bullet-top\"><ul>\n<li>Antireflex<\/li>\n<li>Reduc sunetul de impact<\/li>\n<li>Absorb vibra\u021biile<\/li>\n<li>Obiectele arat\u0103 bine<\/li>\n<\/ul>\n<\/div>[\/vc_column_inner][\/vc_row_inner][\/vc_column][\/vc_row][vc_row css=&#8221;.vc_custom_1646747087022{border-top-width: 1px !important;border-right-width: 1px !important;border-bottom-width: 1px !important;border-left-width: 1px !important;border-left-color: #d8d8d8 !important;border-left-style: solid !important;border-right-color: #d8d8d8 !important;border-right-style: solid !important;border-top-color: #d8d8d8 !important;border-top-style: solid !important;border-bottom-color: #d8d8d8 !important;border-bottom-style: solid !important;border-radius: 1px !important;}&#8221;][vc_column]<div id=\"ultimate-heading-771069f259ecb1110\" class=\"uvc-heading ult-adjust-bottom-margin ultimate-heading-771069f259ecb1110 uvc-4231  uvc-heading-default-font-sizes\" data-hspacer=\"no_spacer\"  data-halign=\"left\" style=\"text-align:left\"><div class=\"uvc-heading-spacer no_spacer\" style=\"top\"><\/div><div class=\"uvc-main-heading ult-responsive\"  data-ultimate-target='.uvc-heading.ultimate-heading-771069f259ecb1110 h3'  data-responsive-json-new='{\"font-size\":\"\",\"line-height\":\"\"}' ><h3 style=\"--font-weight:theme;margin-bottom:20px;\">Tehnica de lipire:<\/h3><\/div><\/div>[vc_row_inner][vc_column_inner][vc_column_text]Pentru a ob\u021bine o leg\u0103tur\u0103 c\u00e2t mai puternic\u0103 \u00eentre material \u0219i picioarele de silicon, este necesar s\u0103 se cure\u021be bine suprafa\u021ba.<br \/>\nPentru o leg\u0103tur\u0103 puternic\u0103 \u0219i durabil\u0103, respecta\u021bi urm\u0103toarele indica\u021bii:<\/p>\n<ol>\n<li>Cur\u0103\u021ba\u021bi baza materialului cu alcool izopropilic diluat cu 50% ap\u0103.<\/li>\n<li>Ap\u0103sa\u021bi u\u0219or pentru a elimina aerul dintre picioare \u0219i suprafa\u021b\u0103. Astfel se ob\u021bine o leg\u0103tur\u0103 mai puternic\u0103.<\/li>\n<li>A\u0219tepta\u021bi c\u00e2teva minute pentru o mai bun\u0103 aderare a picioarelor de silicon la obiect.<\/li>\n<\/ol>\n<p>[\/vc_column_text][\/vc_column_inner][\/vc_row_inner][\/vc_column][\/vc_row]<\/p>\n<\/div>","protected":false},"excerpt":{"rendered":"<p>3M SJ5012 sunt picioare din silicon autocolante cu adeziv acrilat sensibil la atingere. Se lipesc rapid de diferite suprafe\u021be, doar cu o u\u0219oar\u0103 presiune.<\/p>\n<p>Ambalajul con\u021bine 8 buc.<\/p>\n","protected":false},"featured_media":27796,"comment_status":"open","ping_status":"closed","template":"","meta":[],"product_cat":[1855,2670],"product_tag":[],"_links":{"self":[{"href":"https:\/\/partners-ltd.com\/ro\/wp-json\/wp\/v2\/product\/40452"}],"collection":[{"href":"https:\/\/partners-ltd.com\/ro\/wp-json\/wp\/v2\/product"}],"about":[{"href":"https:\/\/partners-ltd.com\/ro\/wp-json\/wp\/v2\/types\/product"}],"replies":[{"embeddable":true,"href":"https:\/\/partners-ltd.com\/ro\/wp-json\/wp\/v2\/comments?post=40452"}],"wp:featuredmedia":[{"embeddable":true,"href":"https:\/\/partners-ltd.com\/ro\/wp-json\/wp\/v2\/media\/27796"}],"wp:attachment":[{"href":"https:\/\/partners-ltd.com\/ro\/wp-json\/wp\/v2\/media?parent=40452"}],"wp:term":[{"taxonomy":"product_cat","embeddable":true,"href":"https:\/\/partners-ltd.com\/ro\/wp-json\/wp\/v2\/product_cat?post=40452"},{"taxonomy":"product_tag","embeddable":true,"href":"https:\/\/partners-ltd.com\/ro\/wp-json\/wp\/v2\/product_tag?post=40452"}],"curies":[{"name":"wp","href":"https:\/\/api.w.org\/{rel}","templated":true}]}}