{"id":40451,"date":"2022-03-16T12:51:20","date_gmt":"2022-03-16T10:51:20","guid":{"rendered":"https:\/\/partners-ltd.com\/magazin\/fara-categorie\/pistol-pentru-adezivi-bicomponenti-3m-epx-manual-dispenser\/"},"modified":"2025-06-02T08:29:25","modified_gmt":"2025-06-02T05:29:25","slug":"pistol-pentru-adezivi-bicomponenti-3m-epx-manual-dispenser","status":"publish","type":"product","link":"https:\/\/partners-ltd.com\/ro\/e-shop\/banda-dublu-adeziva-si-adezivi\/adezivi-structurali-scotch-weld\/pistol-pentru-adezivi-bicomponenti-3m-epx-manual-dispenser\/","title":{"rendered":"Pistol pentru adezivi bicomponen\u021bi 3M EPX Manual Dispenser"},"content":{"rendered":"<div class=\"wpb-content-wrapper\"><p>[vc_row css=&#8221;.vc_custom_1614340926172{margin-bottom: 30px !important;border-top-width: 1px !important;border-right-width: 1px !important;border-bottom-width: 1px !important;border-left-width: 1px !important;border-left-color: #d8d8d8 !important;border-left-style: solid !important;border-right-color: #d8d8d8 !important;border-right-style: solid !important;border-top-color: #d8d8d8 !important;border-top-style: solid !important;border-bottom-color: #d8d8d8 !important;border-bottom-style: solid !important;border-radius: 1px !important;}&#8221;][vc_column]<div id=\"ultimate-heading-787769d4134dc5aff\" class=\"uvc-heading ult-adjust-bottom-margin ultimate-heading-787769d4134dc5aff uvc-3916  uvc-heading-default-font-sizes\" data-hspacer=\"no_spacer\"  data-halign=\"left\" style=\"text-align:left\"><div class=\"uvc-heading-spacer no_spacer\" style=\"top\"><\/div><div class=\"uvc-main-heading ult-responsive\"  data-ultimate-target='.uvc-heading.ultimate-heading-787769d4134dc5aff h3'  data-responsive-json-new='{\"font-size\":\"\",\"line-height\":\"\"}' ><h3 style=\"--font-weight:theme;margin-bottom:30px;\">Tehnologie special\u0103 de amestecare:<\/h3><\/div><\/div>[vc_column_text]<a class=\"dt-pswp-item\" href=\"https:\/\/partners-ltd.com\/wp-content\/uploads\/2022\/03\/\u041f\u0438\u0441\u0442\u043e\u043b\u0435\u0442-\u0437\u0430-\u0434\u0432\u0443\u043a\u043e\u043c\u043f\u043e\u043d\u0435\u043d\u0442\u043d\u0438-\u043b\u0435\u043f\u0438\u043b\u0430-3M-EPX-Manual-Dispenser-\u043f\u0440\u0438\u043b\u043e\u0436\u0435\u043d\u0438\u0435.jpg\" data-dt-img-description=\"\" data-large_image_width=\"312\" data-large_image_height=\"400\"><img loading=\"lazy\" decoding=\"async\" class=\" wp-image-27875 alignleft\" src=\"https:\/\/partners-ltd.com\/wp-content\/uploads\/2022\/03\/\u041f\u0438\u0441\u0442\u043e\u043b\u0435\u0442-\u0437\u0430-\u0434\u0432\u0443\u043a\u043e\u043c\u043f\u043e\u043d\u0435\u043d\u0442\u043d\u0438-\u043b\u0435\u043f\u0438\u043b\u0430-3M-EPX-Manual-Dispenser-\u043f\u0440\u0438\u043b\u043e\u0436\u0435\u043d\u0438\u0435.jpg\" alt=\"Pistol pentru adezivi bicomponen\u021bi 3M EPX Manual Dispenser - aplica\u021bie\" width=\"142\" height=\"182\" srcset=\"https:\/\/partners-ltd.com\/wp-content\/uploads\/2022\/03\/\u041f\u0438\u0441\u0442\u043e\u043b\u0435\u0442-\u0437\u0430-\u0434\u0432\u0443\u043a\u043e\u043c\u043f\u043e\u043d\u0435\u043d\u0442\u043d\u0438-\u043b\u0435\u043f\u0438\u043b\u0430-3M-EPX-Manual-Dispenser-\u043f\u0440\u0438\u043b\u043e\u0436\u0435\u043d\u0438\u0435.jpg 312w, https:\/\/partners-ltd.com\/wp-content\/uploads\/2022\/03\/\u041f\u0438\u0441\u0442\u043e\u043b\u0435\u0442-\u0437\u0430-\u0434\u0432\u0443\u043a\u043e\u043c\u043f\u043e\u043d\u0435\u043d\u0442\u043d\u0438-\u043b\u0435\u043f\u0438\u043b\u0430-3M-EPX-Manual-Dispenser-\u043f\u0440\u0438\u043b\u043e\u0436\u0435\u043d\u0438\u0435-234x300.jpg 234w\" sizes=\"(max-width: 142px) 100vw, 142px\" \/><\/a>Pistol manual pentru lipire cu adezivi bicomponen\u021bi <strong>3M Scotch-Weld (adezivi structurali)<\/strong>. Pistonul special, pentru adezivul bicomponent specific, extrage raportul corect din cele dou\u0103 componente, facilit\u00e2nd procesul de lucru f\u0103r\u0103 a fi necesar\u0103 m\u0103surarea cantit\u0103\u021bii \u0219i realizarea propor\u021biei. \u00cen acest fel, se minimizeaz\u0103 \u0219i pierderea de material (realizat\u0103 la amestecarea manual\u0103), care odat\u0103 amestecat se \u00eent\u0103re\u0219te \u0219i nu mai poate fi utilizat. La utilizarea ulterioar\u0103, este necesar doar s\u0103 \u00eenlocui\u021bi mixerul pe care l-a\u021bi folosit cu unul nou.<\/p>\n<p>Pistolul <strong>3M EPX Manual Dispenser<\/strong> este creat pentru adezivi structurali bicomponen\u021bi 3M Scotch-Weld \u2013 DP 810 50 ml \u0219i DP 8010 Blue 48 ml. Amestec\u0103 adezivul cu activatorul \u00een raport de 1:1; 2:1; 10:1.[\/vc_column_text][\/vc_column][\/vc_row]<\/p>\n<\/div>","protected":false},"excerpt":{"rendered":"<p>Pistol manual pentru amestecarea adezivilor structurali bicomponen\u021bi 3M Scotch-Weld.<\/p>\n","protected":false},"featured_media":27880,"comment_status":"open","ping_status":"closed","template":"","meta":[],"product_cat":[1855,2673],"product_tag":[],"_links":{"self":[{"href":"https:\/\/partners-ltd.com\/ro\/wp-json\/wp\/v2\/product\/40451"}],"collection":[{"href":"https:\/\/partners-ltd.com\/ro\/wp-json\/wp\/v2\/product"}],"about":[{"href":"https:\/\/partners-ltd.com\/ro\/wp-json\/wp\/v2\/types\/product"}],"replies":[{"embeddable":true,"href":"https:\/\/partners-ltd.com\/ro\/wp-json\/wp\/v2\/comments?post=40451"}],"wp:featuredmedia":[{"embeddable":true,"href":"https:\/\/partners-ltd.com\/ro\/wp-json\/wp\/v2\/media\/27880"}],"wp:attachment":[{"href":"https:\/\/partners-ltd.com\/ro\/wp-json\/wp\/v2\/media?parent=40451"}],"wp:term":[{"taxonomy":"product_cat","embeddable":true,"href":"https:\/\/partners-ltd.com\/ro\/wp-json\/wp\/v2\/product_cat?post=40451"},{"taxonomy":"product_tag","embeddable":true,"href":"https:\/\/partners-ltd.com\/ro\/wp-json\/wp\/v2\/product_tag?post=40451"}],"curies":[{"name":"wp","href":"https:\/\/api.w.org\/{rel}","templated":true}]}}