{"id":40449,"date":"2022-03-17T13:50:56","date_gmt":"2022-03-17T11:50:56","guid":{"rendered":"https:\/\/partners-ltd.com\/magazin\/fara-categorie\/3m-epx-mixing-nozzle-101-square-orange-duza-de-amestec-pentru-adeziv-bicomponent-45-ml\/"},"modified":"2025-06-02T08:29:25","modified_gmt":"2025-06-02T05:29:25","slug":"3m-epx-mixing-nozzle-101-square-orange-duza-de-amestec-pentru-adeziv-bicomponent-45-ml","status":"publish","type":"product","link":"https:\/\/partners-ltd.com\/ro\/e-shop\/banda-dublu-adeziva-si-adezivi\/adezivi-structurali-scotch-weld\/3m-epx-mixing-nozzle-101-square-orange-duza-de-amestec-pentru-adeziv-bicomponent-45-ml\/","title":{"rendered":"3M EPX Mixing Nozzle 10:1 Square Orange \u2013 duz\u0103 de amestec pentru adeziv bicomponent 45 ml"},"content":{"rendered":"<div class=\"wpb-content-wrapper\"><p>[vc_row css=&#8221;.vc_custom_1614340926172{margin-bottom: 30px !important;border-top-width: 1px !important;border-right-width: 1px !important;border-bottom-width: 1px !important;border-left-width: 1px !important;border-left-color: #d8d8d8 !important;border-left-style: solid !important;border-right-color: #d8d8d8 !important;border-right-style: solid !important;border-top-color: #d8d8d8 !important;border-top-style: solid !important;border-bottom-color: #d8d8d8 !important;border-bottom-style: solid !important;border-radius: 1px !important;}&#8221;][vc_column]<div id=\"ultimate-heading-96069d40f614786c\" class=\"uvc-heading ult-adjust-bottom-margin ultimate-heading-96069d40f614786c uvc-7345  uvc-heading-default-font-sizes\" data-hspacer=\"no_spacer\"  data-halign=\"left\" style=\"text-align:left\"><div class=\"uvc-heading-spacer no_spacer\" style=\"top\"><\/div><div class=\"uvc-main-heading ult-responsive\"  data-ultimate-target='.uvc-heading.ultimate-heading-96069d40f614786c h3'  data-responsive-json-new='{\"font-size\":\"\",\"line-height\":\"\"}' ><h3 style=\"--font-weight:theme;margin-bottom:30px;\">Duz\u0103 de amestec portocalie pentru adeziv bicomponent 3M Scotch-Weld \u00een ambalaje de 45 ml<\/h3><\/div><\/div>[vc_column_text]<strong>3M EPX Mixing Nozzle Square Orange<\/strong> este utilizat\u0103 pentru aplicarea adezivului structural bicomponent 3M Scotch-Weld \u00een ambalaje de 45 ml. Duz\u0103 portocalie (mixer) Square Orange se monteaz\u0103 pe pistolul 3M EPX Manual Dispenser \u0219i serve\u0219te la amestecarea adezivului \u0219i activatorului \u00een raport de 10:1. Datorit\u0103 tehnologiei speciale a mixerului, acesta dozeaz\u0103 automat materialul pentru a ob\u021bine propor\u021bia corect\u0103.[\/vc_column_text][\/vc_column][\/vc_row][vc_row css=&#8221;.vc_custom_1614340926172{margin-bottom: 30px !important;border-top-width: 1px !important;border-right-width: 1px !important;border-bottom-width: 1px !important;border-left-width: 1px !important;border-left-color: #d8d8d8 !important;border-left-style: solid !important;border-right-color: #d8d8d8 !important;border-right-style: solid !important;border-top-color: #d8d8d8 !important;border-top-style: solid !important;border-bottom-color: #d8d8d8 !important;border-bottom-style: solid !important;border-radius: 1px !important;}&#8221;][vc_column]<div id=\"ultimate-heading-811169d40f61478a8\" class=\"uvc-heading ult-adjust-bottom-margin ultimate-heading-811169d40f61478a8 uvc-1137  uvc-heading-default-font-sizes\" data-hspacer=\"no_spacer\"  data-halign=\"left\" style=\"text-align:left\"><div class=\"uvc-heading-spacer no_spacer\" style=\"top\"><\/div><div class=\"uvc-main-heading ult-responsive\"  data-ultimate-target='.uvc-heading.ultimate-heading-811169d40f61478a8 h3'  data-responsive-json-new='{\"font-size\":\"\",\"line-height\":\"\"}' ><h3 style=\"--font-weight:theme;margin-bottom:30px;\">Cum se utilizeaz\u0103 duza portocalie 3M EPX Mixing Nozzle 10:1 Square Orange?<\/h3><\/div><\/div>[vc_column_text]Duz\u0103 static\u0103 <strong>3M EPX Mixing Nozzle Square Orange<\/strong> (v\u00e2rf) este utilizat\u0103 \u00eempreun\u0103 cu pistolul pentru adezivi bicomponen\u021bi 3M EPX Manual Dispenser \u0219i adeziv bicomponent, cum ar fi 3M Scotch-Weld DP 8010 Blue. Re\u021bine\u021bi c\u0103 timpul de lucru este de p\u00e2n\u0103 la 8 minute, adic\u0103 dac\u0103 nu pute\u021bi consuma adezivul amestecat \u00een mixer dintr-o dat\u0103, va fi necesar ca la urm\u0103toarea utilizare a adezivului s\u0103 folosi\u021bi o nou\u0103 duz\u0103 3M EPX Mixing Nozzle Square Orange.[\/vc_column_text][\/vc_column][\/vc_row]<\/p>\n<\/div>","protected":false},"excerpt":{"rendered":"<p>V\u00e2rful 3M EPX Mixing Nozzle Square Orange 10:1, duz\u0103 pentru amestecarea adezivului bicomponent \u00een ambalaje de 45 ml. Se monteaz\u0103 pe pistolul 3M EPX Manual Dispenser \u0219i serve\u0219te la amestecarea adezivului \u0219i activatorului \u00een raport de 10:1.<\/p>\n","protected":false},"featured_media":27885,"comment_status":"open","ping_status":"closed","template":"","meta":[],"product_cat":[1855,2673],"product_tag":[],"_links":{"self":[{"href":"https:\/\/partners-ltd.com\/ro\/wp-json\/wp\/v2\/product\/40449"}],"collection":[{"href":"https:\/\/partners-ltd.com\/ro\/wp-json\/wp\/v2\/product"}],"about":[{"href":"https:\/\/partners-ltd.com\/ro\/wp-json\/wp\/v2\/types\/product"}],"replies":[{"embeddable":true,"href":"https:\/\/partners-ltd.com\/ro\/wp-json\/wp\/v2\/comments?post=40449"}],"wp:featuredmedia":[{"embeddable":true,"href":"https:\/\/partners-ltd.com\/ro\/wp-json\/wp\/v2\/media\/27885"}],"wp:attachment":[{"href":"https:\/\/partners-ltd.com\/ro\/wp-json\/wp\/v2\/media?parent=40449"}],"wp:term":[{"taxonomy":"product_cat","embeddable":true,"href":"https:\/\/partners-ltd.com\/ro\/wp-json\/wp\/v2\/product_cat?post=40449"},{"taxonomy":"product_tag","embeddable":true,"href":"https:\/\/partners-ltd.com\/ro\/wp-json\/wp\/v2\/product_tag?post=40449"}],"curies":[{"name":"wp","href":"https:\/\/api.w.org\/{rel}","templated":true}]}}