{"id":40446,"date":"2022-03-17T14:00:36","date_gmt":"2022-03-17T12:00:36","guid":{"rendered":"https:\/\/partners-ltd.com\/magazin\/fara-categorie\/3m-epx-mixing-nozzle-11-square-green-duza-de-amestec-pentru-adeziv-bicomponent-50-ml\/"},"modified":"2025-06-02T08:29:25","modified_gmt":"2025-06-02T05:29:25","slug":"3m-epx-mixing-nozzle-11-square-green-duza-de-amestec-pentru-adeziv-bicomponent-50-ml","status":"publish","type":"product","link":"https:\/\/partners-ltd.com\/ro\/e-shop\/banda-dublu-adeziva-si-adezivi\/adezivi-structurali-scotch-weld\/3m-epx-mixing-nozzle-11-square-green-duza-de-amestec-pentru-adeziv-bicomponent-50-ml\/","title":{"rendered":"3M EPX Mixing Nozzle 1:1 Square Green \u2013 duz\u0103 de amestec pentru adeziv bicomponent 50 ml"},"content":{"rendered":"<div class=\"wpb-content-wrapper\"><p>[vc_row css=&#8221;.vc_custom_1614340926172{margin-bottom: 30px !important;border-top-width: 1px !important;border-right-width: 1px !important;border-bottom-width: 1px !important;border-left-width: 1px !important;border-left-color: #d8d8d8 !important;border-left-style: solid !important;border-right-color: #d8d8d8 !important;border-right-style: solid !important;border-top-color: #d8d8d8 !important;border-top-style: solid !important;border-bottom-color: #d8d8d8 !important;border-bottom-style: solid !important;border-radius: 1px !important;}&#8221;][vc_column]<div id=\"ultimate-heading-192669db6e25c3490\" class=\"uvc-heading ult-adjust-bottom-margin ultimate-heading-192669db6e25c3490 uvc-3948  uvc-heading-default-font-sizes\" data-hspacer=\"no_spacer\"  data-halign=\"left\" style=\"text-align:left\"><div class=\"uvc-heading-spacer no_spacer\" style=\"top\"><\/div><div class=\"uvc-main-heading ult-responsive\"  data-ultimate-target='.uvc-heading.ultimate-heading-192669db6e25c3490 h3'  data-responsive-json-new='{\"font-size\":\"\",\"line-height\":\"\"}' ><h3 style=\"--font-weight:theme;margin-bottom:30px;\">3M EPX Mixing Nozzle 1:1 Square Green \u2013 duz\u0103 de amestec pentru adeziv bicomponent, 50 ml<\/h3><\/div><\/div>[vc_column_text]Duz\u0103 de amestec <strong>3M EPX Mixing Nozzle 1:1 Square Green<\/strong> este utilizat\u0103 pentru aplicarea adezivului structural bicomponent 3M\u2122 Scotch-Weld\u2122 DP 810 50 ml. Este potrivit\u0103 pentru adezivi bicomponen\u021bi \u00een ambalaje de 50 \u0219i 48,5 ml. Se monteaz\u0103 pe pistolul 3M EPX Manual Dispenser \u0219i serve\u0219te la amestecarea adezivului \u0219i activatorului \u00een raport de 1:1. Datorit\u0103 tehnologiei speciale a mixerului, acesta dozeaz\u0103 automat materialul pentru a ob\u021bine propor\u021bia corect\u0103.[\/vc_column_text][\/vc_column][\/vc_row][vc_row css=&#8221;.vc_custom_1614340926172{margin-bottom: 30px !important;border-top-width: 1px !important;border-right-width: 1px !important;border-bottom-width: 1px !important;border-left-width: 1px !important;border-left-color: #d8d8d8 !important;border-left-style: solid !important;border-right-color: #d8d8d8 !important;border-right-style: solid !important;border-top-color: #d8d8d8 !important;border-top-style: solid !important;border-bottom-color: #d8d8d8 !important;border-bottom-style: solid !important;border-radius: 1px !important;}&#8221;][vc_column]<div id=\"ultimate-heading-557369db6e25c34d8\" class=\"uvc-heading ult-adjust-bottom-margin ultimate-heading-557369db6e25c34d8 uvc-1205  uvc-heading-default-font-sizes\" data-hspacer=\"no_spacer\"  data-halign=\"left\" style=\"text-align:left\"><div class=\"uvc-heading-spacer no_spacer\" style=\"top\"><\/div><div class=\"uvc-main-heading ult-responsive\"  data-ultimate-target='.uvc-heading.ultimate-heading-557369db6e25c34d8 h3'  data-responsive-json-new='{\"font-size\":\"\",\"line-height\":\"\"}' ><h3 style=\"--font-weight:theme;margin-bottom:30px;\">Cum se utilizeaz\u0103 3M EPX Mixing Nozzle 1:1 Square Green?<\/h3><\/div><\/div>[vc_column_text]Duz\u0103 static\u0103 <strong>3M EPX Mixing Nozzle 1:1 Square Green<\/strong> este utilizat\u0103 \u00eempreun\u0103 cu pistolul pentru adezivi bicomponen\u021bi 3M EPX Manual Dispenser \u0219i adeziv bicomponent 3M\u2122 Scotch-Weld\u2122 DP 810 50 ml. Re\u021bine\u021bi c\u0103 timpul de lucru este de p\u00e2n\u0103 la 10 minute, adic\u0103 dac\u0103 nu pute\u021bi consuma \u00eentreaga cantitate de adeziv dintr-o dat\u0103, va fi necesar ca la urm\u0103toarea utilizare s\u0103 pune\u021bi o nou\u0103 duz\u0103 3M EPX Mixing Nozzle 1:1 Square Green, deoarece cea veche va fi deja inutilizabil\u0103.[\/vc_column_text][\/vc_column][\/vc_row]<\/p>\n<\/div>","protected":false},"excerpt":{"rendered":"<p>V\u00e2rful 3M EPX Mixing Nozzle 1:1 Square Green se monteaz\u0103 pe pistolul 3M EPX Manual Dispenser \u0219i serve\u0219te la amestecarea adezivului \u0219i activatorului \u00een raport de 1:1.<\/p>\n","protected":false},"featured_media":27891,"comment_status":"open","ping_status":"closed","template":"","meta":[],"product_cat":[1855,2673],"product_tag":[],"_links":{"self":[{"href":"https:\/\/partners-ltd.com\/ro\/wp-json\/wp\/v2\/product\/40446"}],"collection":[{"href":"https:\/\/partners-ltd.com\/ro\/wp-json\/wp\/v2\/product"}],"about":[{"href":"https:\/\/partners-ltd.com\/ro\/wp-json\/wp\/v2\/types\/product"}],"replies":[{"embeddable":true,"href":"https:\/\/partners-ltd.com\/ro\/wp-json\/wp\/v2\/comments?post=40446"}],"wp:featuredmedia":[{"embeddable":true,"href":"https:\/\/partners-ltd.com\/ro\/wp-json\/wp\/v2\/media\/27891"}],"wp:attachment":[{"href":"https:\/\/partners-ltd.com\/ro\/wp-json\/wp\/v2\/media?parent=40446"}],"wp:term":[{"taxonomy":"product_cat","embeddable":true,"href":"https:\/\/partners-ltd.com\/ro\/wp-json\/wp\/v2\/product_cat?post=40446"},{"taxonomy":"product_tag","embeddable":true,"href":"https:\/\/partners-ltd.com\/ro\/wp-json\/wp\/v2\/product_tag?post=40446"}],"curies":[{"name":"wp","href":"https:\/\/api.w.org\/{rel}","templated":true}]}}