{"id":40445,"date":"2022-03-07T14:12:44","date_gmt":"2022-03-07T12:12:44","guid":{"rendered":"https:\/\/partners-ltd.com\/magazin\/fara-categorie\/3m-spray-75-adeziv-aerosol-cu-posibilitate-de-repozitionare-500-ml\/"},"modified":"2025-06-19T17:17:02","modified_gmt":"2025-06-19T14:17:02","slug":"3m-spray-75-adeziv-aerosol-cu-posibilitate-de-repozitionare-500-ml","status":"publish","type":"product","link":"https:\/\/partners-ltd.com\/ro\/e-shop\/banda-dublu-adeziva-si-adezivi\/adezivi-cu-aerosoli\/3m-spray-75-adeziv-aerosol-cu-posibilitate-de-repozitionare-500-ml\/","title":{"rendered":"3M Spray 75 \u2013 adeziv aerosol cu posibilitate de repozi\u021bionare, 500 ml"},"content":{"rendered":"<div class=\"wpb-content-wrapper\"><p>[vc_row css=&#8221;.vc_custom_1614340926172{margin-bottom: 30px !important;border-top-width: 1px !important;border-right-width: 1px !important;border-bottom-width: 1px !important;border-left-width: 1px !important;border-left-color: #d8d8d8 !important;border-left-style: solid !important;border-right-color: #d8d8d8 !important;border-right-style: solid !important;border-top-color: #d8d8d8 !important;border-top-style: solid !important;border-bottom-color: #d8d8d8 !important;border-bottom-style: solid !important;border-radius: 1px !important;}&#8221;][vc_column]<div id=\"ultimate-heading-456669d7b0082b100\" class=\"uvc-heading ult-adjust-bottom-margin ultimate-heading-456669d7b0082b100 uvc-1986  uvc-heading-default-font-sizes\" data-hspacer=\"no_spacer\"  data-halign=\"left\" style=\"text-align:left\"><div class=\"uvc-heading-spacer no_spacer\" style=\"top\"><\/div><div class=\"uvc-main-heading ult-responsive\"  data-ultimate-target='.uvc-heading.ultimate-heading-456669d7b0082b100 h3'  data-responsive-json-new='{\"font-size\":\"\",\"line-height\":\"\"}' ><h3 style=\"--font-weight:theme;margin-bottom:30px;\">3M Spray 75 \u2013 adeziv aerosol cu posibilitate de repozi\u021bionare, 500 ml<\/h3><\/div><\/div>[vc_column_text]<\/p>\n<h3><a class=\"dt-pswp-item\" href=\"https:\/\/partners-ltd.com\/wp-content\/uploads\/2022\/03\/\u0421\u043f\u0440\u0435\u0439-\u043b\u0435\u043f\u0438\u043b\u043e-3M-Spray-75-\u0441-\u0432\u044a\u0437\u043c\u043e\u0436\u043d\u043e\u0441\u0442-\u0437\u0430-\u0440\u0435\u043f\u043e\u0437\u0438\u0446\u0438\u043e\u043d\u0438\u0440\u0430\u043d\u0435-\u043f\u0440\u0438\u043b\u043e\u0436\u0435\u043d\u0438\u044f.jpg\" data-dt-img-description=\"\" data-large_image_width=\"580\" data-large_image_height=\"435\"><img loading=\"lazy\" decoding=\"async\" class=\" wp-image-27740 alignleft\" src=\"https:\/\/partners-ltd.com\/wp-content\/uploads\/2022\/03\/\u0421\u043f\u0440\u0435\u0439-\u043b\u0435\u043f\u0438\u043b\u043e-3M-Spray-75-\u0441-\u0432\u044a\u0437\u043c\u043e\u0436\u043d\u043e\u0441\u0442-\u0437\u0430-\u0440\u0435\u043f\u043e\u0437\u0438\u0446\u0438\u043e\u043d\u0438\u0440\u0430\u043d\u0435-\u043f\u0440\u0438\u043b\u043e\u0436\u0435\u043d\u0438\u044f.jpg\" alt=\"Spray-adeziv 3M Spray 75 cu posibilitate de repozi\u021bionare - aplica\u021bii\" width=\"171\" height=\"128\" srcset=\"https:\/\/partners-ltd.com\/wp-content\/uploads\/2022\/03\/\u0421\u043f\u0440\u0435\u0439-\u043b\u0435\u043f\u0438\u043b\u043e-3M-Spray-75-\u0441-\u0432\u044a\u0437\u043c\u043e\u0436\u043d\u043e\u0441\u0442-\u0437\u0430-\u0440\u0435\u043f\u043e\u0437\u0438\u0446\u0438\u043e\u043d\u0438\u0440\u0430\u043d\u0435-\u043f\u0440\u0438\u043b\u043e\u0436\u0435\u043d\u0438\u044f.jpg 580w, https:\/\/partners-ltd.com\/wp-content\/uploads\/2022\/03\/\u0421\u043f\u0440\u0435\u0439-\u043b\u0435\u043f\u0438\u043b\u043e-3M-Spray-75-\u0441-\u0432\u044a\u0437\u043c\u043e\u0436\u043d\u043e\u0441\u0442-\u0437\u0430-\u0440\u0435\u043f\u043e\u0437\u0438\u0446\u0438\u043e\u043d\u0438\u0440\u0430\u043d\u0435-\u043f\u0440\u0438\u043b\u043e\u0436\u0435\u043d\u0438\u044f-300x225.jpg 300w, https:\/\/partners-ltd.com\/wp-content\/uploads\/2022\/03\/\u0421\u043f\u0440\u0435\u0439-\u043b\u0435\u043f\u0438\u043b\u043e-3M-Spray-75-\u0441-\u0432\u044a\u0437\u043c\u043e\u0436\u043d\u043e\u0441\u0442-\u0437\u0430-\u0440\u0435\u043f\u043e\u0437\u0438\u0446\u0438\u043e\u043d\u0438\u0440\u0430\u043d\u0435-\u043f\u0440\u0438\u043b\u043e\u0436\u0435\u043d\u0438\u044f-425x319.jpg 425w\" sizes=\"(max-width: 171px) 100vw, 171px\" \/><\/a>Spray-adeziv 3M Spray 75 cu posibilitate de repozi\u021bionare.<\/h3>\n<p>3M Repositionable Spray 75 este complet transparent. Acesta permite repozi\u021bionarea materialelor lipite. Men\u021bin\u00e2nd suprafe\u021bele \u00een timpul lipirii, \u00een c\u00e2teva secunde, pozi\u021bia lor poate fi schimbat\u0103.<\/p>\n<p>Este utilizat pe scar\u0103 larg\u0103 pentru lipirea temporar\u0103 a inscrip\u021biilor pe tricouri la broderie, lipirea tiparelor, serigrafia pe tricouri, \u0219epci \u0219i orice tip de textile. 3M Spray 75 nu p\u0103trunde \u00een \u021bes\u0103turi \u0219i nu permite \u00eencre\u021birea materialelor.<\/p>\n<p><strong>Lipe\u0219te urm\u0103toarele materiale: <\/strong>h\u00e2rtie, textile, materiale u\u0219oare[\/vc_column_text][\/vc_column][\/vc_row][vc_row css=&#8221;.vc_custom_1614340946766{margin-bottom: 30px !important;border-top-width: 1px !important;border-right-width: 1px !important;border-bottom-width: 1px !important;border-left-width: 1px !important;border-left-color: #d8d8d8 !important;border-left-style: solid !important;border-right-color: #d8d8d8 !important;border-right-style: solid !important;border-top-color: #d8d8d8 !important;border-top-style: solid !important;border-bottom-color: #d8d8d8 !important;border-bottom-style: solid !important;border-radius: 1px !important;}&#8221;][vc_column]<div id=\"ultimate-heading-851969d7b0082b13d\" class=\"uvc-heading ult-adjust-bottom-margin ultimate-heading-851969d7b0082b13d uvc-1170  uvc-heading-default-font-sizes\" data-hspacer=\"no_spacer\"  data-halign=\"left\" style=\"text-align:left\"><div class=\"uvc-heading-spacer no_spacer\" style=\"top\"><\/div><div class=\"uvc-main-heading ult-responsive\"  data-ultimate-target='.uvc-heading.ultimate-heading-851969d7b0082b13d h3'  data-responsive-json-new='{\"font-size\":\"\",\"line-height\":\"\"}' ><h3 style=\"--font-weight:theme;margin-bottom:30px;\">Avantaje:<\/h3><\/div><\/div>[vc_row_inner][vc_column_inner width=&#8221;1\/2&#8243;]<div class=\"standard-arrow list-divider bullet-top\"><ul>\n<li>posibilitate de repozi\u021bionare a materialelor<\/li>\n<li>lipire \u0219i dezlipire<\/li>\n<li>se lipe\u0219te \u00een c\u00e2teva secunde<\/li>\n<\/ul>\n<\/div>[\/vc_column_inner][vc_column_inner width=&#8221;1\/2&#8243;]<div class=\"standard-arrow list-divider bullet-top\"><ul>\n<li>nu las\u0103 pete<\/li>\n<li>nu \u00eencre\u021be\u0219te suprafe\u021bele<\/li>\n<li>nu este vizibil<\/li>\n<\/ul>\n<\/div>[\/vc_column_inner][\/vc_row_inner][\/vc_column][\/vc_row][vc_row css=&#8221;.vc_custom_1614340946766{margin-bottom: 30px !important;border-top-width: 1px !important;border-right-width: 1px !important;border-bottom-width: 1px !important;border-left-width: 1px !important;border-left-color: #d8d8d8 !important;border-left-style: solid !important;border-right-color: #d8d8d8 !important;border-right-style: solid !important;border-top-color: #d8d8d8 !important;border-top-style: solid !important;border-bottom-color: #d8d8d8 !important;border-bottom-style: solid !important;border-radius: 1px !important;}&#8221;][vc_column]<div id=\"ultimate-heading-446869d7b0082b1c6\" class=\"uvc-heading ult-adjust-bottom-margin ultimate-heading-446869d7b0082b1c6 uvc-8874  uvc-heading-default-font-sizes\" data-hspacer=\"no_spacer\"  data-halign=\"left\" style=\"text-align:left\"><div class=\"uvc-heading-spacer no_spacer\" style=\"top\"><\/div><div class=\"uvc-main-heading ult-responsive\"  data-ultimate-target='.uvc-heading.ultimate-heading-446869d7b0082b1c6 h3'  data-responsive-json-new='{\"font-size\":\"\",\"line-height\":\"\"}' ><h3 style=\"--font-weight:theme;margin-bottom:30px;\">Aplicatii:<\/h3><\/div><\/div>[vc_row_inner][vc_column_inner width=&#8221;1\/2&#8243;]<div class=\"standard-arrow list-divider bullet-top\"><ul>\n<li>broderie<\/li>\n<li>serigrafie pe textile<\/li>\n<li>fixarea materialelor u\u0219oare<\/li>\n<\/ul>\n<\/div>[\/vc_column_inner][vc_column_inner width=&#8221;1\/2&#8243;]<div class=\"standard-arrow list-divider bullet-top\"><ul>\n<li>lipirea tiparelor<\/li>\n<li>lipirea emblemelor<\/li>\n<\/ul>\n<\/div>[\/vc_column_inner][\/vc_row_inner][\/vc_column][\/vc_row][vc_row css=&#8221;.vc_custom_1646038538342{margin-bottom: 30px !important;border-top-width: 1px !important;border-right-width: 1px !important;border-bottom-width: 1px !important;border-left-width: 1px !important;border-left-color: #d8d8d8 !important;border-left-style: solid !important;border-right-color: #d8d8d8 !important;border-right-style: solid !important;border-top-color: #d8d8d8 !important;border-top-style: solid !important;border-bottom-color: #d8d8d8 !important;border-bottom-style: solid !important;border-radius: 1px !important;}&#8221;][vc_column css=&#8221;.vc_custom_1646038433563{margin-top: 0px !important;margin-right: 0px !important;margin-bottom: 0px !important;margin-left: 0px !important;border-top-width: 0px !important;border-right-width: 0px !important;border-bottom-width: 0px !important;border-left-width: 0px !important;border-left-color: #d8d8d8 !important;border-left-style: solid !important;border-right-color: #d8d8d8 !important;border-right-style: solid !important;border-top-color: #d8d8d8 !important;border-top-style: solid !important;border-bottom-color: #d8d8d8 !important;border-bottom-style: solid !important;border-radius: 1px !important;}&#8221;]<div id=\"ultimate-heading-215069d7b0082b229\" class=\"uvc-heading ult-adjust-bottom-margin ultimate-heading-215069d7b0082b229 uvc-8064  uvc-heading-default-font-sizes\" data-hspacer=\"no_spacer\"  data-halign=\"left\" style=\"text-align:left\"><div class=\"uvc-heading-spacer no_spacer\" style=\"top\"><\/div><div class=\"uvc-main-heading ult-responsive\"  data-ultimate-target='.uvc-heading.ultimate-heading-215069d7b0082b229 h3'  data-responsive-json-new='{\"font-size\":\"\",\"line-height\":\"\"}' ><h3 style=\"--font-weight:theme;margin-bottom:20px;\">Tehnica de aplicare:<\/h3><\/div><\/div>[vc_column_text]\u00cenainte de lipire, cur\u0103\u021ba\u021bi bine suprafe\u021bele \u2013 \u00eendep\u0103rta\u021bi praful, urmele de gr\u0103sime \u0219i orice alte impurit\u0103\u021bi. Nu lipi\u021bi suprafe\u021bele la temperaturi mai mici de 18\u00b0C.<\/p>\n<ol>\n<li>Cur\u0103\u021ba\u021bi perfect<\/li>\n<li>Pulveriza\u021bi ambele suprafe\u021be cu adezivul de la o distan\u021b\u0103 de 15-20 cm<\/li>\n<li>Lipi\u021bi produsele, ap\u0103s\u00e2nd u\u0219or<\/li>\n<li>Pute\u021bi repozi\u021biona suprafe\u021bele, dac\u0103 este necesar<\/li>\n<\/ol>\n<p>[\/vc_column_text][\/vc_column][\/vc_row][vc_row css=&#8221;.vc_custom_1614340974723{border-top-width: 1px !important;border-right-width: 1px !important;border-bottom-width: 1px !important;border-left-width: 1px !important;border-left-color: #d8d8d8 !important;border-left-style: solid !important;border-right-color: #d8d8d8 !important;border-right-style: solid !important;border-top-color: #d8d8d8 !important;border-top-style: solid !important;border-bottom-color: #d8d8d8 !important;border-bottom-style: solid !important;border-radius: 1px !important;}&#8221;][vc_column]<div id=\"ultimate-heading-33969d7b0082b246\" class=\"uvc-heading ult-adjust-bottom-margin ultimate-heading-33969d7b0082b246 uvc-5891  uvc-heading-default-font-sizes\" data-hspacer=\"no_spacer\"  data-halign=\"left\" style=\"text-align:left\"><div class=\"uvc-heading-spacer no_spacer\" style=\"top\"><\/div><div class=\"uvc-main-heading ult-responsive\"  data-ultimate-target='.uvc-heading.ultimate-heading-33969d7b0082b246 h3'  data-responsive-json-new='{\"font-size\":\"\",\"line-height\":\"\"}' ><h3 style=\"--font-weight:theme;\">Documente:<\/h3><\/div><\/div>[vc_empty_space][vc_row_inner css=&#8221;.vc_custom_1615980091033{margin-bottom: 30px !important;}&#8221;][vc_column_inner width=&#8221;1\/4&#8243;][vc_column_text]Bro\u0219ur\u0103[\/vc_column_text][vc_single_image image=&#8221;27745&#8243; onclick=&#8221;custom_link&#8221; img_link_target=&#8221;_blank&#8221; link=&#8221;\/wp-content\/uploads\/2022\/03\/Brochure-3M-Spray-Adhesives-Brochure.pdf&#8221;]<style type=\"text\/css\" data-type=\"the7_shortcodes-inline-css\">#default-btn-b56b3cee24b759a574db5c05f9adf0bc.ico-right-side > i {\n  margin-right: 0px;\n  margin-left: 8px;\n}\n#default-btn-b56b3cee24b759a574db5c05f9adf0bc > i {\n  margin-right: 8px;\n}\n<\/style><a href=\"\/wp-content\/uploads\/2022\/03\/Brochure-3M-Spray-Adhesives-Brochure.pdf\" class=\"default-btn-shortcode dt-btn dt-btn-s link-hover-off btn-inline-left \" target=\"_blank\" id=\"default-btn-b56b3cee24b759a574db5c05f9adf0bc\" rel=\"noopener\"><span>Descarc\u0103 PDF<\/span><\/a>[\/vc_column_inner][vc_column_inner width=&#8221;1\/4&#8243;][vc_column_text]Caracteristici tehnice[\/vc_column_text][vc_single_image image=&#8221;27757&#8243; onclick=&#8221;custom_link&#8221; img_link_target=&#8221;_blank&#8221; link=&#8221;\/wp-content\/uploads\/2022\/03\/Brochure-3M-Spray-Adhesives-Brochure.pdf&#8221;]<style type=\"text\/css\" data-type=\"the7_shortcodes-inline-css\">#default-btn-b56b3cee24b759a574db5c05f9adf0bc.ico-right-side > i {\n  margin-right: 0px;\n  margin-left: 8px;\n}\n#default-btn-b56b3cee24b759a574db5c05f9adf0bc > i {\n  margin-right: 8px;\n}\n<\/style><a href=\"\/wp-content\/uploads\/2022\/03\/Brochure-3M-Spray-Adhesives-Brochure.pdf\" class=\"default-btn-shortcode dt-btn dt-btn-s link-hover-off btn-inline-left \" target=\"_blank\" id=\"default-btn-b56b3cee24b759a574db5c05f9adf0bc\" rel=\"noopener\"><span>Descarc\u0103 PDF<\/span><\/a>[\/vc_column_inner][vc_column_inner width=&#8221;1\/4&#8243;][\/vc_column_inner][vc_column_inner width=&#8221;1\/4&#8243;][\/vc_column_inner][\/vc_row_inner][\/vc_column][\/vc_row]<\/p>\n<\/div>","protected":false},"excerpt":{"rendered":"<p>Spray-adeziv 3M Spray 75 cu posibilitate de repozi\u021bionare. Se utilizeaz\u0103 pentru lipirea temporar\u0103 a tiparelor, semnelor pentru broderie, tricourilor la serigrafie.<\/p>\n<div id=\"ultimate-heading-6073622129f739d84\" class=\"uvc-heading ult-adjust-bottom-margin ultimate-heading-6073622129f739d84 uvc-8413 \" data-hspacer=\"no_spacer\" data-halign=\"left\">\n<div class=\"uvc-heading-spacer no_spacer\"><\/div>\n<div class=\"uvc-main-heading ult-responsive\" data-ultimate-target=\".uvc-heading.ultimate-heading-6073622129f739d84 h2\" data-responsive-json-new=\"{&quot;font-size&quot;:&quot;desktop:18px;&quot;,&quot;line-height&quot;:&quot;desktop:25px;&quot;}\"><\/div>\n<\/div>\n","protected":false},"featured_media":27760,"comment_status":"open","ping_status":"closed","template":"","meta":[],"product_cat":[1855,2667],"product_tag":[],"_links":{"self":[{"href":"https:\/\/partners-ltd.com\/ro\/wp-json\/wp\/v2\/product\/40445"}],"collection":[{"href":"https:\/\/partners-ltd.com\/ro\/wp-json\/wp\/v2\/product"}],"about":[{"href":"https:\/\/partners-ltd.com\/ro\/wp-json\/wp\/v2\/types\/product"}],"replies":[{"embeddable":true,"href":"https:\/\/partners-ltd.com\/ro\/wp-json\/wp\/v2\/comments?post=40445"}],"wp:featuredmedia":[{"embeddable":true,"href":"https:\/\/partners-ltd.com\/ro\/wp-json\/wp\/v2\/media\/27760"}],"wp:attachment":[{"href":"https:\/\/partners-ltd.com\/ro\/wp-json\/wp\/v2\/media?parent=40445"}],"wp:term":[{"taxonomy":"product_cat","embeddable":true,"href":"https:\/\/partners-ltd.com\/ro\/wp-json\/wp\/v2\/product_cat?post=40445"},{"taxonomy":"product_tag","embeddable":true,"href":"https:\/\/partners-ltd.com\/ro\/wp-json\/wp\/v2\/product_tag?post=40445"}],"curies":[{"name":"wp","href":"https:\/\/api.w.org\/{rel}","templated":true}]}}