{"id":40444,"date":"2022-03-17T14:10:16","date_gmt":"2022-03-17T12:10:16","guid":{"rendered":"https:\/\/partners-ltd.com\/magazin\/fara-categorie\/3m-scotch-weld-dp-8010-epx-acrylic-adeziv-structural-45-ml\/"},"modified":"2025-06-02T08:29:26","modified_gmt":"2025-06-02T05:29:26","slug":"3m-scotch-weld-dp-8010-epx-acrylic-adeziv-structural-45-ml","status":"publish","type":"product","link":"https:\/\/partners-ltd.com\/ro\/e-shop\/banda-dublu-adeziva-si-adezivi\/adezivi-structurali-scotch-weld\/3m-scotch-weld-dp-8010-epx-acrylic-adeziv-structural-45-ml\/","title":{"rendered":"3M Scotch-Weld DP 8010 EPX Acrylic &#8211; Adeziv structural, 45 ml"},"content":{"rendered":"<div class=\"wpb-content-wrapper\"><p>[vc_row css=&#8221;.vc_custom_1614340926172{margin-bottom: 30px !important;border-top-width: 1px !important;border-right-width: 1px !important;border-bottom-width: 1px !important;border-left-width: 1px !important;border-left-color: #d8d8d8 !important;border-left-style: solid !important;border-right-color: #d8d8d8 !important;border-right-style: solid !important;border-top-color: #d8d8d8 !important;border-top-style: solid !important;border-bottom-color: #d8d8d8 !important;border-bottom-style: solid !important;border-radius: 1px !important;}&#8221;][vc_column]<div id=\"ultimate-heading-997769da1371c2025\" class=\"uvc-heading ult-adjust-bottom-margin ultimate-heading-997769da1371c2025 uvc-104  uvc-heading-default-font-sizes\" data-hspacer=\"no_spacer\"  data-halign=\"left\" style=\"text-align:left\"><div class=\"uvc-heading-spacer no_spacer\" style=\"top\"><\/div><div class=\"uvc-main-heading ult-responsive\"  data-ultimate-target='.uvc-heading.ultimate-heading-997769da1371c2025 h3'  data-responsive-json-new='{\"font-size\":\"\",\"line-height\":\"\"}' ><h3 style=\"--font-weight:theme;margin-bottom:30px;\">Ce este adezivul structural 3M Scotch-Weld DP 8010 \u0219i pentru ce se utilizeaz\u0103?<\/h3><\/div><\/div>[vc_column_text]<strong>3M Scotch-Weld DP 8010 Blue<\/strong> este un adeziv structural, acrilat, bicomponent, pentru lipirea permanent\u0103 a plasticelor LSE (cu energie de suprafa\u021b\u0103 sc\u0103zut\u0103) dificil de legat. Se descurc\u0103 cu u\u0219urin\u021b\u0103 cu acestea, dar \u0219i cu plasticele cu energie de suprafa\u021b\u0103 ridicat\u0103. Rezultatul cu DP 8010 Blue nu este doar un aspect estetic excelent, ci \u0219i o rezisten\u021b\u0103 a leg\u0103turii \u00eentre plastice LSE, metale, sticl\u0103 \u0219i chiar lemn. Este necesar\u0103 o preg\u0103tire minim\u0103 a suprafe\u021bei \u00eenainte de aplicare. Pentru a-l putea utiliza, ave\u021bi nevoie de un pistol special pentru adezivi bicomponen\u021bi <strong>3M EPX Manual Dispenser<\/strong>.<\/p>\n<p>Poate fi utilizat pentru diverse aplica\u021bii \u2013 de la echipamente medicale la panouri pentru motoare de unelte mici. \u00cen astfel de cazuri, utilizarea unui \u201eadeziv\u201d special este de preferat \u00een locul sudurii. Adezivii structurali ofer\u0103 posibilitatea de a face modific\u0103ri \u00een mi\u0219care \u2013 lipirea se face rapid, nu necesit\u0103 echipamente costisitoare sau preg\u0103tire special\u0103 a personalului, pot fi lipite materiale eterogene sau sub\u021biri. Practic, nu exist\u0103 limite pentru <strong>3M Scotch-Weld DP8010 Blue<\/strong> \u00een ceea ce prive\u0219te lipirea plasticelor. Nu v\u0103 ve\u021bi mai \u00eentreba cum s\u0103 lipi\u021bi polietilena, de exemplu.<\/p>\n<p>Pentru utilizarea adezivului structural <strong>DP 8010<\/strong> sunt necesare:<\/p>\n<ul>\n<li>pistol 3M EPX Manual Dispenser<\/li>\n<li>piston special EPX Plunger III DP 8010 pentru extrudarea adezivului \u0219i activatorului din ambalajul adezivului<\/li>\n<li>duza 3M EPX Mixing Nozzle 10:1 Square Orange (v\u00e2rf) pentru amestecarea celor dou\u0103 componente ale adezivului \u00een raport de 10:1.<\/li>\n<\/ul>\n<p>\u2013 Timpul de lucru este de p\u00e2n\u0103 la 8 minute.<\/p>\n<p>\u2013 Timpul de fixare a materialelor este de p\u00e2n\u0103 la 10 de minute.<\/p>\n<p><strong>Re\u021bine\u021bi<\/strong> c\u0103 timpul de lucru este de p\u00e2n\u0103 la 20 de minute, timp \u00een care se presupune c\u0103 ve\u021bi utiliza materialul dizolvat \u00een duz\u0103. \u00cen cazul \u00een care nu pute\u021bi utiliza \u00eentreaga cantitate de adeziv pentru lucrarea specific\u0103, este necesar ca la urm\u0103toarea utilizare s\u0103 monta\u021bi o nou\u0103 duz\u0103 3M EPX Mixing Nozzle 1:1 Square Green. Cea veche devine inutilizabil\u0103, deoarece adezivul din interior se \u00eent\u0103re\u0219te.[\/vc_column_text][\/vc_column][\/vc_row][vc_row css=&#8221;.vc_custom_1614340946766{margin-bottom: 30px !important;border-top-width: 1px !important;border-right-width: 1px !important;border-bottom-width: 1px !important;border-left-width: 1px !important;border-left-color: #d8d8d8 !important;border-left-style: solid !important;border-right-color: #d8d8d8 !important;border-right-style: solid !important;border-top-color: #d8d8d8 !important;border-top-style: solid !important;border-bottom-color: #d8d8d8 !important;border-bottom-style: solid !important;border-radius: 1px !important;}&#8221;][vc_column]<div id=\"ultimate-heading-646169da1371c206e\" class=\"uvc-heading ult-adjust-bottom-margin ultimate-heading-646169da1371c206e uvc-2364  uvc-heading-default-font-sizes\" data-hspacer=\"no_spacer\"  data-halign=\"left\" style=\"text-align:left\"><div class=\"uvc-heading-spacer no_spacer\" style=\"top\"><\/div><div class=\"uvc-main-heading ult-responsive\"  data-ultimate-target='.uvc-heading.ultimate-heading-646169da1371c206e h3'  data-responsive-json-new='{\"font-size\":\"\",\"line-height\":\"\"}' ><h3 style=\"--font-weight:theme;margin-bottom:30px;\">O alegere excelent\u0103 pentru lipirea:<\/h3><\/div><\/div>[vc_row_inner][vc_column_inner width=&#8221;1\/2&#8243;]<div class=\"standard-arrow list-divider bullet-top\"><ul>\n<li>ABS<\/li>\n<li>PVC<\/li>\n<li>PTFE<\/li>\n<li>FRP<\/li>\n<li>Acrilic<\/li>\n<li>Dificil de lipit (LSE)<\/li>\n<li>Poliolefine<\/li>\n<\/ul>\n<\/div>[\/vc_column_inner][vc_column_inner width=&#8221;1\/2&#8243;]<div class=\"standard-arrow list-divider bullet-top\"><ul>\n<li>Elastomeri termoplastici<\/li>\n<li>Polipropilen\u0103 (PP)<\/li>\n<li>Polistiren (HIPS)<\/li>\n<li>Lemn<\/li>\n<li>O\u021bel inoxidabil<\/li>\n<li>Aluminiu<\/li>\n<li>Sticl\u0103<\/li>\n<\/ul>\n<\/div>[\/vc_column_inner][\/vc_row_inner][\/vc_column][\/vc_row]<\/p>\n<\/div>","protected":false},"excerpt":{"rendered":"<p>3M Scotch-Weld DP 8010 este un adeziv structural, acrilat, bicomponent, cu un miros mai slab dec\u00e2t alte adezive similare. DP 8010 este un adeziv universal, potrivit pentru materiale plastice, metale, ceramic\u0103, cauciuc \u0219i lemn, av\u00e2nd o durabilitate ridicat\u0103, rezisten\u021b\u0103 la lipire \u0219i rezisten\u021b\u0103 la impact.<\/p>\n","protected":false},"featured_media":27862,"comment_status":"open","ping_status":"closed","template":"","meta":[],"product_cat":[1855,2673],"product_tag":[],"_links":{"self":[{"href":"https:\/\/partners-ltd.com\/ro\/wp-json\/wp\/v2\/product\/40444"}],"collection":[{"href":"https:\/\/partners-ltd.com\/ro\/wp-json\/wp\/v2\/product"}],"about":[{"href":"https:\/\/partners-ltd.com\/ro\/wp-json\/wp\/v2\/types\/product"}],"replies":[{"embeddable":true,"href":"https:\/\/partners-ltd.com\/ro\/wp-json\/wp\/v2\/comments?post=40444"}],"wp:featuredmedia":[{"embeddable":true,"href":"https:\/\/partners-ltd.com\/ro\/wp-json\/wp\/v2\/media\/27862"}],"wp:attachment":[{"href":"https:\/\/partners-ltd.com\/ro\/wp-json\/wp\/v2\/media?parent=40444"}],"wp:term":[{"taxonomy":"product_cat","embeddable":true,"href":"https:\/\/partners-ltd.com\/ro\/wp-json\/wp\/v2\/product_cat?post=40444"},{"taxonomy":"product_tag","embeddable":true,"href":"https:\/\/partners-ltd.com\/ro\/wp-json\/wp\/v2\/product_tag?post=40444"}],"curies":[{"name":"wp","href":"https:\/\/api.w.org\/{rel}","templated":true}]}}