{"id":40443,"date":"2022-03-17T13:40:37","date_gmt":"2022-03-17T11:40:37","guid":{"rendered":"https:\/\/partners-ltd.com\/magazin\/fara-categorie\/piston-epx-plunger-11-pentru-pistol-pentru-adezivi-bicomponenti\/"},"modified":"2025-06-02T08:29:24","modified_gmt":"2025-06-02T05:29:24","slug":"piston-epx-plunger-11-pentru-pistol-pentru-adezivi-bicomponenti","status":"publish","type":"product","link":"https:\/\/partners-ltd.com\/ro\/e-shop\/banda-dublu-adeziva-si-adezivi\/adezivi-structurali-scotch-weld\/piston-epx-plunger-11-pentru-pistol-pentru-adezivi-bicomponenti\/","title":{"rendered":"Piston EPX Plunger 1:1 pentru pistol pentru adezivi bicomponen\u021bi"},"content":{"rendered":"<div class=\"wpb-content-wrapper\"><p>[vc_row css=&#8221;.vc_custom_1614340926172{margin-bottom: 30px !important;border-top-width: 1px !important;border-right-width: 1px !important;border-bottom-width: 1px !important;border-left-width: 1px !important;border-left-color: #d8d8d8 !important;border-left-style: solid !important;border-right-color: #d8d8d8 !important;border-right-style: solid !important;border-top-color: #d8d8d8 !important;border-top-style: solid !important;border-bottom-color: #d8d8d8 !important;border-bottom-style: solid !important;border-radius: 1px !important;}&#8221;][vc_column]<div id=\"ultimate-heading-622269eebd68cd96a\" class=\"uvc-heading ult-adjust-bottom-margin ultimate-heading-622269eebd68cd96a uvc-2541  uvc-heading-default-font-sizes\" data-hspacer=\"no_spacer\"  data-halign=\"left\" style=\"text-align:left\"><div class=\"uvc-heading-spacer no_spacer\" style=\"top\"><\/div><div class=\"uvc-main-heading ult-responsive\"  data-ultimate-target='.uvc-heading.ultimate-heading-622269eebd68cd96a h3'  data-responsive-json-new='{\"font-size\":\"\",\"line-height\":\"\"}' ><h3 style=\"--font-weight:theme;margin-bottom:30px;\">Piston EPX Plunger 1:1<\/h3><\/div><\/div>[vc_column_text]<strong>Pistonul EPX Plunger 1:1<\/strong> este utilizat pentru a \u00eempinge adezivii structurali bicomponen\u021bi 3M Scotch-Weld din ambalajul lor. Func\u021bioneaz\u0103 \u00een combina\u021bie cu pistolul 3M EPX Manual Dispenser \u0219i cu duza 3M EPX Mixing Nozzle 1:1 Square Green, complet\u00e2nd setul pentru lipirea cu adeziv bicomponent 3M Scotch-Weld DP 810. Cele dou\u0103 picioare de \u00eempingere ale pistonului <strong>EPX Plunger 1:1<\/strong> \u0219i orificiile ambalajului adezivului 3M Scotch-Weld DP 810 50 ml au acela\u0219i diametru. De exemplu, dac\u0103 lua\u021bi un piston 2:1, iar adezivul se dizolv\u0103 \u00een raport de 1:1, nu \u00eel pute\u021bi utiliza. Pistonul EPX Plunger 1:1 poate fi utilizat cu adezivi structurali acrilici 3M Scotch-Weld \u00een ambalaj de 50 ml.[\/vc_column_text][\/vc_column][\/vc_row]<\/p>\n<\/div>","protected":false},"excerpt":{"rendered":"<div class=\"woocommerce-product-details__short-description\">\n<p>Pistonul EPX Plunger 1:1 poate fi utilizat cu adezivi bicomponen\u021bi acrilici 3M Scotch-Weld \u00een ambalaj de 50 ml, inclusiv DP 810.<\/p>\n<\/div>\n","protected":false},"featured_media":27896,"comment_status":"open","ping_status":"closed","template":"","meta":[],"product_cat":[1855,2673],"product_tag":[],"_links":{"self":[{"href":"https:\/\/partners-ltd.com\/ro\/wp-json\/wp\/v2\/product\/40443"}],"collection":[{"href":"https:\/\/partners-ltd.com\/ro\/wp-json\/wp\/v2\/product"}],"about":[{"href":"https:\/\/partners-ltd.com\/ro\/wp-json\/wp\/v2\/types\/product"}],"replies":[{"embeddable":true,"href":"https:\/\/partners-ltd.com\/ro\/wp-json\/wp\/v2\/comments?post=40443"}],"wp:featuredmedia":[{"embeddable":true,"href":"https:\/\/partners-ltd.com\/ro\/wp-json\/wp\/v2\/media\/27896"}],"wp:attachment":[{"href":"https:\/\/partners-ltd.com\/ro\/wp-json\/wp\/v2\/media?parent=40443"}],"wp:term":[{"taxonomy":"product_cat","embeddable":true,"href":"https:\/\/partners-ltd.com\/ro\/wp-json\/wp\/v2\/product_cat?post=40443"},{"taxonomy":"product_tag","embeddable":true,"href":"https:\/\/partners-ltd.com\/ro\/wp-json\/wp\/v2\/product_tag?post=40443"}],"curies":[{"name":"wp","href":"https:\/\/api.w.org\/{rel}","templated":true}]}}