{"id":40442,"date":"2025-08-29T14:40:45","date_gmt":"2025-08-29T11:40:45","guid":{"rendered":"https:\/\/partners-ltd.com\/magazin\/fara-categorie\/3m-paint-protection-film-ppf-series-pro-200-lucios\/"},"modified":"2025-07-14T10:37:42","modified_gmt":"2025-07-14T07:37:42","slug":"3m-paint-protection-film-ppf-series-pro-200-lucios","status":"publish","type":"product","link":"https:\/\/partners-ltd.com\/ro\/e-shop\/3m-folie-tuning-auto\/folie-de-protectie-auto\/3m-paint-protection-film-ppf-series-pro-200-lucios\/","title":{"rendered":"3M\u2122 Paint Protection Film PPF Series PRO 200 lucios"},"content":{"rendered":"<div class=\"wpb-content-wrapper\"><p>[vc_row css=&#8221;.vc_custom_1532072282826{margin-bottom: 20px !important;border-top-width: 1px !important;border-right-width: 1px !important;border-bottom-width: 1px !important;border-left-width: 1px !important;padding-right: 10px !important;padding-left: 10px !important;border-left-color: #e2e2e2 !important;border-left-style: dotted !important;border-right-color: #e2e2e2 !important;border-right-style: dotted !important;border-top-color: #e2e2e2 !important;border-top-style: dotted !important;border-bottom-color: #e2e2e2 !important;border-bottom-style: dotted !important;border-radius: 1px !important;}&#8221;][vc_column]<div id=\"ultimate-heading-646269d280f35753c\" class=\"uvc-heading ult-adjust-bottom-margin ultimate-heading-646269d280f35753c uvc-5785 \" data-hspacer=\"no_spacer\"  data-halign=\"left\" style=\"text-align:left\"><div class=\"uvc-heading-spacer no_spacer\" style=\"top\"><\/div><div class=\"uvc-main-heading ult-responsive\"  data-ultimate-target='.uvc-heading.ultimate-heading-646269d280f35753c h2'  data-responsive-json-new='{\"font-size\":\"desktop:28px;\",\"line-height\":\"desktop:38px;\"}' ><h2 style=\"--font-weight:theme;margin-bottom:20px;\">Folie complet transparent\u0103 pentru protec\u021bia vopselei auto - 3M\u2122 Paint Protection Film PRO Series 200<\/h2><\/div><\/div>[vc_column_text]3M\u2122 Paint Protection Film PPF Series 200 este o folie complet transparent\u0103, poliuretanic\u0103, cu finisaj lucios, proiectat\u0103 pentru a proteja vopseaua automobilului de condi\u021biile nefavorabile de drum: zg\u00e2rieturi de pietricele \u0219i nisip, stropi de asfalt \u0219i ulei de motor, intemperii.<\/p>\n<p><a href=\"https:\/\/partners-ltd.com\/wp-content\/uploads\/2022\/09\/3M\u2122-Paint-Protection-Film-PPF-Series-100-\u0433\u043b\u0430\u043d\u0446-\u043f\u0440\u0438\u043b\u043e\u0436\u0435\u043d\u0438\u044f.jpg\"><img loading=\"lazy\" decoding=\"async\" class=\"wp-image-28998 alignleft\" src=\"https:\/\/partners-ltd.com\/wp-content\/uploads\/2022\/09\/3M\u2122-Paint-Protection-Film-PPF-Series-100-\u0433\u043b\u0430\u043d\u0446-\u043f\u0440\u0438\u043b\u043e\u0436\u0435\u043d\u0438\u044f.jpg\" alt=\"3M Paint Protection Film PPF Series 100 lucios, aplica\u021bii\" width=\"288\" height=\"195\" srcset=\"https:\/\/partners-ltd.com\/wp-content\/uploads\/2022\/09\/3M\u2122-Paint-Protection-Film-PPF-Series-100-\u0433\u043b\u0430\u043d\u0446-\u043f\u0440\u0438\u043b\u043e\u0436\u0435\u043d\u0438\u044f.jpg 739w, https:\/\/partners-ltd.com\/wp-content\/uploads\/2022\/09\/3M\u2122-Paint-Protection-Film-PPF-Series-100-\u0433\u043b\u0430\u043d\u0446-\u043f\u0440\u0438\u043b\u043e\u0436\u0435\u043d\u0438\u044f-300x203.jpg 300w, https:\/\/partners-ltd.com\/wp-content\/uploads\/2022\/09\/3M\u2122-Paint-Protection-Film-PPF-Series-100-\u0433\u043b\u0430\u043d\u0446-\u043f\u0440\u0438\u043b\u043e\u0436\u0435\u043d\u0438\u044f-425x288.jpg 425w\" sizes=\"(max-width: 288px) 100vw, 288px\" \/><\/a>Folia 3M\u2122 Paint Protection Film PPF Series 200 poate fi utilizat\u0103 pentru acoperirea complet\u0103 a automobilului sau par\u021bial\u0103 &#8211; doar pentru cele mai vulnerabile detalii precum: bare de protec\u021bie, oglinzi laterale, praguri, capot\u0103 \u0219i altele. Poate fi aplicat\u0103 \u0219i ca folie de protec\u021bie pentru faruri. Nu schimb\u0103 culoarea automobilului \u0219i creeaz\u0103 un strat de protec\u021bie complet invizibil, care are proprietatea de a se auto-regenera (pentru zg\u00e2rieturi mici). Nu \u00ee\u0219i schimb\u0103 culoarea \u00een timp (nu \u00eeng\u0103lbene\u0219te sau se \u00eentunec\u0103).<\/p>\n<p>Adezivul s\u0103u acrilic de \u00eenalt\u0103 calitate asigur\u0103 <a href=\"https:\/\/partners-ltd.com\/ro\/demonstratie-privind-aplicarea-foliei-3m-paint-protection-film\/\">montaj rapid \u0219i u\u0219or al\u00a03M Paint Protection Film<\/a>, iar ulterior permite \u0219i o \u00eendep\u0103rtare u\u0219oar\u0103, f\u0103r\u0103 urme pe vopsea. Folia de protec\u021bie auto 3M Paint Protection Film PPF Series 200 este potrivit\u0103 pentru diferite vehicule: automobile, motociclete, SUV-uri, ATV-uri, b\u0103rci \u0219i altele. 3M PPF poate fi combinat \u0219i cu <a href=\"\/kategoriya\/3m-folio-tuning-avtomobili\/\">folie pentru tuning auto<\/a> pentru un aspect durabil \u0219i efectiv.[\/vc_column_text][\/vc_column][\/vc_row][vc_row css=&#8221;.vc_custom_1532072379976{margin-bottom: 20px !important;border-top-width: 1px !important;border-right-width: 1px !important;border-bottom-width: 1px !important;border-left-width: 1px !important;padding-right: 10px !important;padding-bottom: 20px !important;padding-left: 10px !important;border-left-color: #e2e2e2 !important;border-left-style: dotted !important;border-right-color: #e2e2e2 !important;border-right-style: dotted !important;border-top-color: #e2e2e2 !important;border-top-style: dotted !important;border-bottom-color: #e2e2e2 !important;border-bottom-style: dotted !important;border-radius: 1px !important;}&#8221;][vc_column width=&#8221;1\/2&#8243;]<div id=\"ultimate-heading-677569d280f357580\" class=\"uvc-heading ult-adjust-bottom-margin ultimate-heading-677569d280f357580 uvc-7722 \" data-hspacer=\"no_spacer\"  data-halign=\"left\" style=\"text-align:left\"><div class=\"uvc-heading-spacer no_spacer\" style=\"top\"><\/div><div class=\"uvc-main-heading ult-responsive\"  data-ultimate-target='.uvc-heading.ultimate-heading-677569d280f357580 h3'  data-responsive-json-new='{\"font-size\":\"desktop:24px;\",\"line-height\":\"desktop:34px;\"}' ><h3 style=\"--font-weight:theme;margin-bottom:20px;\">Caracteristici principale:<\/h3><\/div><\/div><div class=\"standard-arrow list-divider bullet-top\"><ul>\n<li>complet transparent &#8211; nu schimb\u0103 aspectul automobilului<\/li>\n<li>dimensiuni flexibile pentru posibilitatea de acoperire complet\u0103<\/li>\n<li>pentru cele mai solicitate p\u0103r\u021bi ale ma\u0219inii: bare de protec\u021bie, capot\u0103, aripi, praguri<\/li>\n<li>protejeaz\u0103 vopseaua de zg\u00e2riere, lovituri de pietricele, asfalt, stropi de ulei<\/li>\n<\/ul>\n<\/div>[\/vc_column][vc_column width=&#8221;1\/2&#8243;]<div class=\"ult-spacer spacer-69d280f3575e9\" data-id=\"69d280f3575e9\" data-height=\"54\" data-height-mobile=\"20\" data-height-tab=\"20\" data-height-tab-portrait=\"20\" data-height-mobile-landscape=\"20\" style=\"clear:both;display:block;\"><\/div><div class=\"standard-arrow list-divider bullet-top\"><ul>\n<li>rezistent la razele UV \u0219i alte influen\u021be atmosferice<\/li>\n<li>transparen\u021b\u0103 excep\u021bional\u0103 cu bun\u0103 rezisten\u021b\u0103 la \u00eeng\u0103lbenire<\/li>\n<li>urmele de zg\u00e2rieturi mici se auto-elimin\u0103<\/li>\n<li>asigur\u0103 protec\u021bie durabil\u0103<\/li>\n<li>garan\u021bie &#8211; 10 ani<\/li>\n<\/ul>\n<\/div>[\/vc_column][\/vc_row][vc_row css=&#8221;.vc_custom_1532072267931{border-top-width: 1px !important;border-right-width: 1px !important;border-bottom-width: 1px !important;border-left-width: 1px !important;padding-right: 10px !important;padding-bottom: 20px !important;padding-left: 10px !important;border-left-color: #e2e2e2 !important;border-left-style: dotted !important;border-right-color: #e2e2e2 !important;border-right-style: dotted !important;border-top-color: #e2e2e2 !important;border-top-style: dotted !important;border-bottom-color: #e2e2e2 !important;border-bottom-style: dotted !important;border-radius: 1px !important;}&#8221;][vc_column]<div id=\"ultimate-heading-992669d280f35762d\" class=\"uvc-heading ult-adjust-bottom-margin ultimate-heading-992669d280f35762d uvc-4479 \" data-hspacer=\"no_spacer\"  data-halign=\"left\" style=\"text-align:left\"><div class=\"uvc-heading-spacer no_spacer\" style=\"top\"><\/div><div class=\"uvc-main-heading ult-responsive\"  data-ultimate-target='.uvc-heading.ultimate-heading-992669d280f35762d h3'  data-responsive-json-new='{\"font-size\":\"desktop:24px;\",\"line-height\":\"desktop:34px;\"}' ><h3 style=\"--font-weight:theme;margin-bottom:20px;\">Documente<\/h3><\/div><\/div>[vc_column_text]Buletin de produs \u0219i bro\u0219ur\u0103 &#8211; folie de protec\u021bie pentru automobile 3M Paint Protection Film PPF Series 200[\/vc_column_text][vc_row_inner gap=&#8221;25&#8243;][vc_column_inner width=&#8221;1\/4&#8243;][vc_column_text]<\/p>\n<p style=\"text-align: center;\">Buletin de produs<\/p>\n<p>[\/vc_column_text][vc_single_image image=&#8221;29013&#8243; img_size=&#8221;130&#215;180&#8243; alignment=&#8221;center&#8221; style=&#8221;vc_box_outline&#8221; onclick=&#8221;custom_link&#8221; img_link_target=&#8221;_blank&#8221; link=&#8221;\/wp-content\/uploads\/2022\/09\/Product-Bulletin-PPF-Series-100-EN-WE-2022-6.pdf&#8221;]<style type=\"text\/css\" data-type=\"the7_shortcodes-inline-css\">#default-btn-0d64234b722ee687c687da4af0ca124d.ico-right-side > i {\n  margin-right: 0px;\n  margin-left: 8px;\n}\n#default-btn-0d64234b722ee687c687da4af0ca124d > i {\n  margin-right: 8px;\n}\n<\/style><div class=\"btn-align-center\"><a href=\"\/wp-content\/uploads\/2022\/09\/Product-Bulletin-PPF-Series-100-EN-WE-2022-6.pdf\" class=\"default-btn-shortcode dt-btn dt-btn-s link-hover-off \" target=\"_blank\" id=\"default-btn-0d64234b722ee687c687da4af0ca124d\" rel=\"noopener\"><i class=\"fas fa-download\"><\/i><span>Descarc\u0103 PDF<\/span><\/a><\/div>[\/vc_column_inner][vc_column_inner width=&#8221;1\/4&#8243;][vc_column_text]<\/p>\n<p style=\"text-align: center;\">Bro\u0219ur\u0103<\/p>\n<p>[\/vc_column_text][vc_single_image image=&#8221;29022&#8243; img_size=&#8221;130&#215;180&#8243; alignment=&#8221;center&#8221; style=&#8221;vc_box_outline&#8221; onclick=&#8221;custom_link&#8221; link=&#8221;\/wp-content\/uploads\/2022\/09\/3M-Paint-Protection-Film-Installation-Guideline-EN-WE-2022-4.pdf&#8221;]<style type=\"text\/css\" data-type=\"the7_shortcodes-inline-css\">#default-btn-1fc6332bfae58c60b8d7d0318c58cf70.ico-right-side > i {\n  margin-right: 0px;\n  margin-left: 8px;\n}\n#default-btn-1fc6332bfae58c60b8d7d0318c58cf70 > i {\n  margin-right: 8px;\n}\n<\/style><div class=\"btn-align-center\"><a href=\"\/wp-content\/uploads\/2022\/09\/3M-Paint-Protection-Film-Installation-Guideline-EN-WE-2022-4.pdf\" class=\"default-btn-shortcode dt-btn dt-btn-s link-hover-off \" target=\"_blank\" id=\"default-btn-1fc6332bfae58c60b8d7d0318c58cf70\" rel=\"noopener\"><i class=\"fas fa-download\"><\/i><span>Descarc\u0103 PDF<\/span><\/a><\/div>[\/vc_column_inner][vc_column_inner width=&#8221;1\/2&#8243;][vc_single_image image=&#8221;29010&#8243; img_size=&#8221;full&#8221; alignment=&#8221;center&#8221; style=&#8221;vc_box_shadow_3d&#8221; onclick=&#8221;link_image&#8221;][\/vc_column_inner][\/vc_row_inner][\/vc_column][\/vc_row]<\/p>\n<\/div>","protected":false},"excerpt":{"rendered":"<p>Film complet transparent pentru protec\u021bia vopselei auto \u00eempotriva zg\u00e2rieturilor, pietricelelor de pe drum, lichidelor auto, stropilor de asfalt. Potrivit pentru lipirea complet\u0103 a automobilului sau pentru cele mai vulnerabile p\u0103r\u021bi: bar\u0103 de protec\u021bie, oglinzi laterale, m\u00e2nere, capot\u0103, faruri, praguri \u0219i altele.<\/p>\n<table class=\"md-cstyl\">\n<tbody>\n<tr>\n<th colspan=\"3\">Pre\u021buri \u0219i reduceri pentru cantit\u0103\u021bi:<\/th>\n<\/tr>\n<tr>\n<td>p\u00e2n\u0103 la 3 m<sup>2<\/sup><\/td>\n<td>peste 3 m<sup>2<\/sup><\/td>\n<\/tr>\n<tr>\n<td><strong>101.70 \u20ac \/ m<sup>2<\/sup><\/strong><\/td>\n<td><strong>92.43 \u20ac \/ m<sup>2<\/sup><\/strong><\/td>\n<\/tr>\n<\/tbody>\n<\/table>\n","protected":false},"featured_media":29031,"comment_status":"open","ping_status":"closed","template":"","meta":[],"product_cat":[2657,3173],"product_tag":[],"_links":{"self":[{"href":"https:\/\/partners-ltd.com\/ro\/wp-json\/wp\/v2\/product\/40442"}],"collection":[{"href":"https:\/\/partners-ltd.com\/ro\/wp-json\/wp\/v2\/product"}],"about":[{"href":"https:\/\/partners-ltd.com\/ro\/wp-json\/wp\/v2\/types\/product"}],"replies":[{"embeddable":true,"href":"https:\/\/partners-ltd.com\/ro\/wp-json\/wp\/v2\/comments?post=40442"}],"wp:featuredmedia":[{"embeddable":true,"href":"https:\/\/partners-ltd.com\/ro\/wp-json\/wp\/v2\/media\/29031"}],"wp:attachment":[{"href":"https:\/\/partners-ltd.com\/ro\/wp-json\/wp\/v2\/media?parent=40442"}],"wp:term":[{"taxonomy":"product_cat","embeddable":true,"href":"https:\/\/partners-ltd.com\/ro\/wp-json\/wp\/v2\/product_cat?post=40442"},{"taxonomy":"product_tag","embeddable":true,"href":"https:\/\/partners-ltd.com\/ro\/wp-json\/wp\/v2\/product_tag?post=40442"}],"curies":[{"name":"wp","href":"https:\/\/api.w.org\/{rel}","templated":true}]}}