{"id":40439,"date":"2020-11-26T10:33:54","date_gmt":"2020-11-26T08:33:54","guid":{"rendered":"https:\/\/partners-ltd.com\/magazin\/fara-categorie\/3m-2080-car-wrap-series-m12-negru-mat\/"},"modified":"2025-07-11T15:00:51","modified_gmt":"2025-07-11T12:00:51","slug":"3m-2080-car-wrap-series-m12-negru-mat","status":"publish","type":"product","link":"https:\/\/partners-ltd.com\/ro\/e-shop\/3m-folie-tuning-auto\/culori-mat\/3m-2080-car-wrap-series-m12-negru-mat\/","title":{"rendered":"3M 2080 Car Wrap Series M12 negru, mat"},"content":{"rendered":"<div class=\"wpb-content-wrapper\"><p>[vc_row css=&#8221;.vc_custom_1532072282826{margin-bottom: 20px !important;border-top-width: 1px !important;border-right-width: 1px !important;border-bottom-width: 1px !important;border-left-width: 1px !important;padding-right: 10px !important;padding-left: 10px !important;border-left-color: #e2e2e2 !important;border-left-style: dotted !important;border-right-color: #e2e2e2 !important;border-right-style: dotted !important;border-top-color: #e2e2e2 !important;border-top-style: dotted !important;border-bottom-color: #e2e2e2 !important;border-bottom-style: dotted !important;border-radius: 1px !important;}&#8221;][vc_column][vc_column_text]<\/p>\n<h2>Elegan\u021b\u0103 \u0219i stil pe drum<\/h2>\n<p>3M 2080 Car Wrap \u00een culoare negru mat v\u0103 va schimba percep\u021bia at\u00e2t despre folia de automobil, c\u00e2t \u0219i despre efectul mat. Elegant \u0219i distinctiv, acest film ar eviden\u021bia orice automobil fa\u021b\u0103 de celelalte. Exprima\u021bi-v\u0103 \u0219i atrage\u021bi toate privirile.<\/p>\n<h2>Produs nou \u0219i \u00eembun\u0103t\u0103\u021bit<\/h2>\n<p><strong>3M Car Wrap Film 2080<\/strong> este un \u00a0<a href=\"https:\/\/partners-ltd.com\/kategoriya\/3m-folio-tuning-avtomobili\/\" rel=\"noopener\"><strong>film nou \u00eembun\u0103t\u0103\u021bit pentru \u00a0\u00eenvelire auto<\/strong><\/a>, care \u00eendepline\u0219te cele mai \u00eenalte cerin\u021be de calitate \u0219i este potrivit pentru acoperirea total\u0103 sau par\u021bial\u0103. Sistemul\u00a0<strong><a href=\"https:\/\/partners-ltd.com\/ro\/ce-reprezinta-tehnologiile-comply-si-controltac-ale-adezivului\/\" rel=\"noopener\"><span style=\"text-decoration: underline;\">Micro Comply\u2122<\/span><\/a><\/strong> asigur\u0103 o mai bun\u0103 eliminare a bulelor de aer prin canale de aer complet invizibile \u00een stratul adeziv, iar\u00a0<strong><a href=\"https:\/\/partners-ltd.com\/ro\/ce-reprezinta-tehnologiile-comply-si-controltac-ale-adezivului\/\" rel=\"noopener\"><span style=\"text-decoration: underline;\">Controltac\u2122<\/span><\/a><\/strong> permite repozi\u021bionarea foliei p\u00e2n\u0103 la crearea unui aspect perfect finisat al automobilului.<\/p>\n\n\t\t\t<style type='text\/css'>\n\t\t\t\t#gallery-1 {\n\t\t\t\t\tmargin: auto;\n\t\t\t\t}\n\t\t\t\t#gallery-1 .gallery-item {\n\t\t\t\t\tfloat: left;\n\t\t\t\t\tmargin-top: 10px;\n\t\t\t\t\ttext-align: center;\n\t\t\t\t\twidth: 33%;\n\t\t\t\t}\n\t\t\t\t#gallery-1 img {\n\t\t\t\t\tborder: 2px solid #cfcfcf;\n\t\t\t\t}\n\t\t\t\t#gallery-1 .gallery-caption {\n\t\t\t\t\tmargin-left: 0;\n\t\t\t\t}\n\t\t\t\t\/* see gallery_shortcode() in wp-includes\/media.php *\/\n\t\t\t<\/style>\n\t\t<div id='gallery-1' class='dt-gallery-container gallery galleryid-40439 gallery-columns-3 gallery-size-medium'><dl class='gallery-item'>\n\t\t\t\t<dt class='gallery-icon landscape'>\n\t\t\t\t\t<img loading=\"lazy\" decoding=\"async\" width=\"300\" height=\"169\" src=\"https:\/\/partners-ltd.com\/wp-content\/uploads\/2020\/11\/3M-2080-Car-Wrap-Series-M12-Black-Matte-\u0427\u0435\u0440\u0435\u043d-\u043c\u0430\u0442.jpg-300x169.jpg\" class=\"attachment-medium size-medium\" alt=\"3M 2080 Car Wrap Series M12 Black Matte - Negru mat.jpg\" srcset=\"https:\/\/partners-ltd.com\/wp-content\/uploads\/2020\/11\/3M-2080-Car-Wrap-Series-M12-Black-Matte-\u0427\u0435\u0440\u0435\u043d-\u043c\u0430\u0442.jpg-300x169.jpg 300w, https:\/\/partners-ltd.com\/wp-content\/uploads\/2020\/11\/3M-2080-Car-Wrap-Series-M12-Black-Matte-\u0427\u0435\u0440\u0435\u043d-\u043c\u0430\u0442.jpg-768x432.jpg 768w, https:\/\/partners-ltd.com\/wp-content\/uploads\/2020\/11\/3M-2080-Car-Wrap-Series-M12-Black-Matte-\u0427\u0435\u0440\u0435\u043d-\u043c\u0430\u0442.jpg-1024x576.jpg 1024w, https:\/\/partners-ltd.com\/wp-content\/uploads\/2020\/11\/3M-2080-Car-Wrap-Series-M12-Black-Matte-\u0427\u0435\u0440\u0435\u043d-\u043c\u0430\u0442.jpg-425x239.jpg 425w, https:\/\/partners-ltd.com\/wp-content\/uploads\/2020\/11\/3M-2080-Car-Wrap-Series-M12-Black-Matte-\u0427\u0435\u0440\u0435\u043d-\u043c\u0430\u0442.jpg.jpg 2048w\" sizes=\"(max-width: 300px) 100vw, 300px\" \/>\n\t\t\t\t<\/dt><\/dl><dl class='gallery-item'>\n\t\t\t\t<dt class='gallery-icon landscape'>\n\t\t\t\t\t<img loading=\"lazy\" decoding=\"async\" width=\"300\" height=\"169\" src=\"https:\/\/partners-ltd.com\/wp-content\/uploads\/2020\/11\/3M-2080-Car-Wrap-Series-M12-\u0427\u0435\u0440\u0435\u043d-\u043c\u0430\u0442.jpg-300x169.jpg\" class=\"attachment-medium size-medium\" alt=\"3M 2080 Car Wrap Series M12 - Negru, mat.jpg\" srcset=\"https:\/\/partners-ltd.com\/wp-content\/uploads\/2020\/11\/3M-2080-Car-Wrap-Series-M12-\u0427\u0435\u0440\u0435\u043d-\u043c\u0430\u0442.jpg-300x169.jpg 300w, https:\/\/partners-ltd.com\/wp-content\/uploads\/2020\/11\/3M-2080-Car-Wrap-Series-M12-\u0427\u0435\u0440\u0435\u043d-\u043c\u0430\u0442.jpg-768x432.jpg 768w, https:\/\/partners-ltd.com\/wp-content\/uploads\/2020\/11\/3M-2080-Car-Wrap-Series-M12-\u0427\u0435\u0440\u0435\u043d-\u043c\u0430\u0442.jpg-1024x576.jpg 1024w, https:\/\/partners-ltd.com\/wp-content\/uploads\/2020\/11\/3M-2080-Car-Wrap-Series-M12-\u0427\u0435\u0440\u0435\u043d-\u043c\u0430\u0442.jpg-425x239.jpg 425w, https:\/\/partners-ltd.com\/wp-content\/uploads\/2020\/11\/3M-2080-Car-Wrap-Series-M12-\u0427\u0435\u0440\u0435\u043d-\u043c\u0430\u0442.jpg.jpg 2048w\" sizes=\"(max-width: 300px) 100vw, 300px\" \/>\n\t\t\t\t<\/dt><\/dl><dl class='gallery-item'>\n\t\t\t\t<dt class='gallery-icon landscape'>\n\t\t\t\t\t<img loading=\"lazy\" decoding=\"async\" width=\"300\" height=\"169\" src=\"https:\/\/partners-ltd.com\/wp-content\/uploads\/2020\/11\/3M-2080-Car-Wrap-Series-M12-\u0427\u0435\u0440\u0435\u043d-\u043c\u0430\u0442-300x169.jpg\" class=\"attachment-medium size-medium\" alt=\"3M 2080 Car Wrap Series M12 - Negru mat\" srcset=\"https:\/\/partners-ltd.com\/wp-content\/uploads\/2020\/11\/3M-2080-Car-Wrap-Series-M12-\u0427\u0435\u0440\u0435\u043d-\u043c\u0430\u0442-300x169.jpg 300w, https:\/\/partners-ltd.com\/wp-content\/uploads\/2020\/11\/3M-2080-Car-Wrap-Series-M12-\u0427\u0435\u0440\u0435\u043d-\u043c\u0430\u0442-425x239.jpg 425w, https:\/\/partners-ltd.com\/wp-content\/uploads\/2020\/11\/3M-2080-Car-Wrap-Series-M12-\u0427\u0435\u0440\u0435\u043d-\u043c\u0430\u0442.jpg 655w\" sizes=\"(max-width: 300px) 100vw, 300px\" \/>\n\t\t\t\t<\/dt><\/dl><br style=\"clear: both\" \/>\n\t\t\t<\/div>\n\n<h2><\/h2>\n<h2><strong>Elasticitate \u0219i flexibilitate mai mare<\/strong><\/h2>\n<p><strong>3M Car Wrap Film 2080\u00a0<\/strong>dispune de tehnologii inovatoare care permit o aplicare u\u0219oar\u0103, calitativ\u0103 \u0219i durabil\u0103. Elasticitatea \u00eembun\u0103t\u0103\u021bit\u0103 ajut\u0103 la acoperirea filmului chiar\u00a0pe cele mai complexe \u0219i ad\u00e2nci curbe 3D ale automobilului \u0219i, de asemenea, faciliteaz\u0103 instala\u021bia pe vreme rece.\u00a0<strong>Filmul auto 3M Car Wrap Film 2080<\/strong> are un alt avantaj &#8211; o suprafa\u021b\u0103 special tratat\u0103 \u00eempotriva murd\u0103riei. Datorit\u0103 energiei sale de suprafa\u021b\u0103 sc\u0103zute, folia nu re\u021bine murd\u0103ria \u0219i practic automobilul dumneavoastr\u0103 se autocur\u0103\u021b\u0103. Tehnologia inovatoare aminte\u0219te de <strong>nanocear\u0103<\/strong> &#8211; un polimer lichid care creeaz\u0103 un strat protector, ceea ce duce la respingerea apei.<\/p>\n<h2><strong>Stabilitate excelent\u0103 a adezivului<\/strong><\/h2>\n<p>Dup\u0103 lipire, for\u021ba leg\u0103turii cre\u0219te \u00een c\u00e2teva ore. Indiferent de aceasta, filmul auto din seria 3M 2080 poate fi \u00eendep\u0103rtat f\u0103r\u0103 a l\u0103sa reziduuri pe ma\u0219ina dumneavoastr\u0103, chiar \u0219i dup\u0103 ani de zile. Seria 3M Car Wrap Film 2080 garanteaz\u0103 rezisten\u021b\u0103 \u0219i <strong>durabilitate a instala\u021biei chiar \u0219i pe detaliile vulnerabile<\/strong> \u2013 marginile u\u0219ilor \u0219i aripilor, capota \u0219i bara de protec\u021bie.<\/p>\n<p><span style=\"text-decoration: underline;\"><strong>Aten\u021bie<\/strong><\/span>: Dup\u0103 lipirea cu 3M Car Wrap Film 2080, tehnologia nu permite lipirea unei alte folii pe suprafa\u021ba deja lipit\u0103.[\/vc_column_text][\/vc_column][\/vc_row][vc_row][vc_column width=&#8221;1\/2&#8243;]<div class=\"standard-arrow list-divider bullet-top\"><ul>\n<li>potrivit pentru denivel\u0103ri \u0219i curbe 3D ad\u00e2nci<\/li>\n<li>sistem\u0103 Comply\u2122 pentru lipire uscat\u0103 cu canale \u00een stratul adeziv pentru eliminarea aerului<\/li>\n<li>Controltac\u2122 creeaz\u0103 posibilitatea de repozi\u021bionare<\/li>\n<li>suprafa\u021b\u0103 special tratat\u0103 &#8211; anti-poluare<\/li>\n<li>interval larg de temperatur\u0103 de exploatare de la -53\u00b0C la +107\u00b0C<\/li>\n<\/ul>\n<\/div>[\/vc_column][vc_column width=&#8221;1\/2&#8243;]<style type=\"text\/css\" data-type=\"the7_shortcodes-inline-css\">.shortcode-single-image-wrap.shortcode-single-image-32525a338007a9d4b9fb54810f36a8c1.enable-bg-rollover .rollover i,\n.shortcode-single-image-wrap.shortcode-single-image-32525a338007a9d4b9fb54810f36a8c1.enable-bg-rollover .rollover-video i {\n  background: -webkit-linear-gradient();\n  background: linear-gradient();\n}\n.shortcode-single-image-wrap.shortcode-single-image-32525a338007a9d4b9fb54810f36a8c1 .rollover-icon {\n  font-size: 32px;\n  color: #ffffff;\n  min-width: 44px;\n  min-height: 44px;\n  line-height: 44px;\n  border-radius: 100px;\n  border-style: solid;\n  border-width: 0px;\n}\n.dt-icon-bg-on.shortcode-single-image-wrap.shortcode-single-image-32525a338007a9d4b9fb54810f36a8c1 .rollover-icon {\n  background: rgba(255,255,255,0.3);\n  box-shadow: none;\n}\n<\/style><div class=\"shortcode-single-image-wrap shortcode-single-image-32525a338007a9d4b9fb54810f36a8c1 alignnone shortcode-single-video  enable-bg-rollover dt-icon-bg-off\" style=\"margin-top:0px; margin-bottom:0px; margin-left:0px; margin-right:0px; width:480px;\"><div class=\"shortcode-single-image\"><div class=\"fancy-media-wrap\" style=\"\"><iframe loading=\"lazy\" title=\"3M Wrap Film Series 2080 Testimonial Video Full version\" width=\"480\" height=\"270\" src=\"https:\/\/www.youtube.com\/embed\/ydTQfPZXcno?feature=oembed&enablejsapi=1&origin=https:\/\/partners-ltd.com\" frameborder=\"0\" allow=\"accelerometer; autoplay; clipboard-write; encrypted-media; gyroscope; picture-in-picture; web-share\" referrerpolicy=\"strict-origin-when-cross-origin\" allowfullscreen><\/iframe><\/div><\/div><\/div>[\/vc_column][\/vc_row][vc_row css=&#8221;.vc_custom_1532072267931{border-top-width: 1px !important;border-right-width: 1px !important;border-bottom-width: 1px !important;border-left-width: 1px !important;padding-right: 10px !important;padding-bottom: 20px !important;padding-left: 10px !important;border-left-color: #e2e2e2 !important;border-left-style: dotted !important;border-right-color: #e2e2e2 !important;border-right-style: dotted !important;border-top-color: #e2e2e2 !important;border-top-style: dotted !important;border-bottom-color: #e2e2e2 !important;border-bottom-style: dotted !important;border-radius: 1px !important;}&#8221;][vc_column]<div id=\"ultimate-heading-141569e023f048d18\" class=\"uvc-heading ult-adjust-bottom-margin ultimate-heading-141569e023f048d18 uvc-8148 \" data-hspacer=\"no_spacer\"  data-halign=\"left\" style=\"text-align:left\"><div class=\"uvc-heading-spacer no_spacer\" style=\"top\"><\/div><div class=\"uvc-main-heading ult-responsive\"  data-ultimate-target='.uvc-heading.ultimate-heading-141569e023f048d18 h3'  data-responsive-json-new='{\"font-size\":\"desktop:24px;\",\"line-height\":\"desktop:34px;\"}' ><h3 style=\"--font-weight:theme;margin-bottom:20px;\">Documente<\/h3><\/div><\/div>[vc_column_text]Buletin de produs \u0219i informa\u021bii utile pentru 3M Wrap Film Series 2080.[\/vc_column_text][vc_row_inner gap=&#8221;15&#8243;][vc_column_inner width=&#8221;1\/3&#8243;][vc_column_text]<\/p>\n<p style=\"text-align: center;\">Buletin de produs<\/p>\n<p>[\/vc_column_text][vc_single_image image=&#8221;21678&#8243; alignment=&#8221;center&#8221; style=&#8221;vc_box_border&#8221; onclick=&#8221;custom_link&#8221; img_link_target=&#8221;_blank&#8221; link=&#8221;\/wp-content\/uploads\/2020\/08\/3M-2080-Wrap-Series-Product-Bulletin_2019_11.pdf&#8221;]<style type=\"text\/css\" data-type=\"the7_shortcodes-inline-css\">#default-btn-2399c6e7b1d1acaf50e24beb148d30c6.ico-right-side > i {\n  margin-right: 0px;\n  margin-left: 8px;\n}\n#default-btn-2399c6e7b1d1acaf50e24beb148d30c6 > i {\n  margin-right: 8px;\n}\n<\/style><div class=\"btn-align-center\"><a href=\"\/wp-content\/uploads\/2020\/08\/3M-2080-Wrap-Series-Product-Bulletin_2019_11.pdf\" class=\"default-btn-shortcode dt-btn dt-btn-s link-hover-off \" target=\"_blank\" id=\"default-btn-2399c6e7b1d1acaf50e24beb148d30c6\" rel=\"noopener\"><i class=\"fas fa-download\"><\/i><span>Descarc\u0103 PDF<\/span><\/a><\/div>[\/vc_column_inner][vc_column_inner width=&#8221;1\/3&#8243;][vc_column_text]<\/p>\n<p style=\"text-align: center;\">\u00cengrijirea automobilului<\/p>\n<p>[\/vc_column_text][vc_single_image image=&#8221;21693&#8243; alignment=&#8221;center&#8221; style=&#8221;vc_box_border&#8221; onclick=&#8221;custom_link&#8221; img_link_target=&#8221;_blank&#8221; link=&#8221;\/wp-content\/uploads\/2020\/08\/3M-2080-Wrap-Series_FAQ_Vehicle_Care.pdf&#8221;]<style type=\"text\/css\" data-type=\"the7_shortcodes-inline-css\">#default-btn-8eece94492ff2e37927e1f8cf96290a3.ico-right-side > i {\n  margin-right: 0px;\n  margin-left: 8px;\n}\n#default-btn-8eece94492ff2e37927e1f8cf96290a3 > i {\n  margin-right: 8px;\n}\n<\/style><div class=\"btn-align-center\"><a href=\"\/wp-content\/uploads\/2020\/08\/3M-2080-Wrap-Series_FAQ_Vehicle_Care.pdf\" class=\"default-btn-shortcode dt-btn dt-btn-s link-hover-off \" target=\"_blank\" id=\"default-btn-8eece94492ff2e37927e1f8cf96290a3\" rel=\"noopener\"><i class=\"fas fa-download\"><\/i><span>Descarc\u0103 PDF<\/span><\/a><\/div>[\/vc_column_inner][vc_column_inner width=&#8221;1\/3&#8243;][vc_column_text]<\/p>\n<p style=\"text-align: center;\">Palet\u0103 de culori<\/p>\n<p>[\/vc_column_text][vc_single_image image=&#8221;21681&#8243; alignment=&#8221;center&#8221; style=&#8221;vc_box_border&#8221; onclick=&#8221;custom_link&#8221; img_link_target=&#8221;_blank&#8221; link=&#8221;\/wp-content\/uploads\/2020\/08\/3M-2080-Wrap-Series-Colour-Assortiment.pdf&#8221;]<style type=\"text\/css\" data-type=\"the7_shortcodes-inline-css\">#default-btn-0752ee84adfabf9feb40353954b73e13.ico-right-side > i {\n  margin-right: 0px;\n  margin-left: 8px;\n}\n#default-btn-0752ee84adfabf9feb40353954b73e13 > i {\n  margin-right: 8px;\n}\n<\/style><div class=\"btn-align-center\"><a href=\"\/wp-content\/uploads\/2020\/08\/3M-2080-Wrap-Series-Colour-Assortiment.pdf\" class=\"default-btn-shortcode dt-btn dt-btn-s link-hover-off \" target=\"_blank\" id=\"default-btn-0752ee84adfabf9feb40353954b73e13\" rel=\"noopener\"><i class=\"fas fa-download\"><\/i><span>Descarc\u0103 PDF<\/span><\/a><\/div>[\/vc_column_inner][\/vc_row_inner][\/vc_column][\/vc_row]<\/p>\n<\/div>","protected":false},"excerpt":{"rendered":"<p>3M 2080 Car Wrap \u00een culoare negru mat v\u0103 va schimba percep\u021bia at\u00e2t despre folia de automobil, c\u00e2t \u0219i despre efectul mat. Elegant \u0219i distinctiv, acest film ar eviden\u021bia orice automobil fa\u021b\u0103 de celelalte. Exprima\u021bi-v\u0103 \u0219i atrage\u021bi toate privirile.<\/p>\n<table class=\"md-cstyl\">\n<tbody>\n<tr>\n<th colspan=\"3\">Pre\u021buri \u0219i reduceri pentru cantit\u0103\u021bi:<\/th>\n<\/tr>\n<tr>\n<td>p\u00e2n\u0103 la 3 m<sup>2<\/sup><\/td>\n<td>peste 3 m<sup>2<\/sup><\/td>\n<\/tr>\n<tr>\n<td><strong>38.13 \u20ac \/ m<sup>2<\/sup><\/strong><\/td>\n<td><strong>33.22 \u20ac \/ m<sup>2<\/sup><\/strong><\/td>\n<\/tr>\n<\/tbody>\n<\/table>\n","protected":false},"featured_media":23895,"comment_status":"open","ping_status":"closed","template":"","meta":[],"product_cat":[2665],"product_tag":[],"_links":{"self":[{"href":"https:\/\/partners-ltd.com\/ro\/wp-json\/wp\/v2\/product\/40439"}],"collection":[{"href":"https:\/\/partners-ltd.com\/ro\/wp-json\/wp\/v2\/product"}],"about":[{"href":"https:\/\/partners-ltd.com\/ro\/wp-json\/wp\/v2\/types\/product"}],"replies":[{"embeddable":true,"href":"https:\/\/partners-ltd.com\/ro\/wp-json\/wp\/v2\/comments?post=40439"}],"wp:featuredmedia":[{"embeddable":true,"href":"https:\/\/partners-ltd.com\/ro\/wp-json\/wp\/v2\/media\/23895"}],"wp:attachment":[{"href":"https:\/\/partners-ltd.com\/ro\/wp-json\/wp\/v2\/media?parent=40439"}],"wp:term":[{"taxonomy":"product_cat","embeddable":true,"href":"https:\/\/partners-ltd.com\/ro\/wp-json\/wp\/v2\/product_cat?post=40439"},{"taxonomy":"product_tag","embeddable":true,"href":"https:\/\/partners-ltd.com\/ro\/wp-json\/wp\/v2\/product_tag?post=40439"}],"curies":[{"name":"wp","href":"https:\/\/api.w.org\/{rel}","templated":true}]}}