{"id":40434,"date":"2018-10-31T16:00:50","date_gmt":"2018-10-31T14:00:50","guid":{"rendered":"https:\/\/partners-ltd.com\/magazin\/fara-categorie\/izopropanol-lichid-pentru-curatarea-suprafetelor-2l\/"},"modified":"2026-03-30T14:20:41","modified_gmt":"2026-03-30T11:20:41","slug":"izopropanol-lichid-pentru-curatarea-suprafetelor-2l","status":"publish","type":"product","link":"https:\/\/partners-ltd.com\/ro\/e-shop\/instrumente\/curatenie\/izopropanol-lichid-pentru-curatarea-suprafetelor-2l\/","title":{"rendered":"Izopropanol \u2013 lichid pentru cur\u0103\u021barea suprafe\u021belor 2l"},"content":{"rendered":"<div class=\"wpb-content-wrapper\"><p>[vc_row css=&#8221;.vc_custom_1530619279291{margin-bottom: 20px !important;border-top-width: 1px !important;border-right-width: 1px !important;border-bottom-width: 1px !important;border-left-width: 1px !important;padding-right: 10px !important;padding-left: 10px !important;border-left-color: #e2e2e2 !important;border-left-style: dotted !important;border-right-color: #e2e2e2 !important;border-right-style: dotted !important;border-top-color: #e2e2e2 !important;border-top-style: dotted !important;border-bottom-color: #e2e2e2 !important;border-bottom-style: dotted !important;border-radius: 1px !important;}&#8221;][vc_column]<div id=\"ultimate-heading-251369d3df5ca4ff1\" class=\"uvc-heading ult-adjust-bottom-margin ultimate-heading-251369d3df5ca4ff1 uvc-3500 \" data-hspacer=\"no_spacer\"  data-halign=\"left\" style=\"text-align:left\"><div class=\"uvc-heading-spacer no_spacer\" style=\"top\"><\/div><div class=\"uvc-main-heading ult-responsive\"  data-ultimate-target='.uvc-heading.ultimate-heading-251369d3df5ca4ff1 h2'  data-responsive-json-new='{\"font-size\":\"desktop:28px;\",\"line-height\":\"desktop:38px;\"}' ><h2 style=\"--font-weight:theme;margin-bottom:20px;\">Izopropanol pentru cur\u0103\u021barea suprafe\u021belor \u00eenainte de aplicarea filmului<\/h2><\/div><\/div>[vc_row_inner][vc_column_inner][vc_column_text]Potrivit pentru cur\u0103\u021barea suprafe\u021belor \u00eenainte de aplicarea filmului. Are propriet\u0103\u021bi similare cu cele ale degresantului. \u00cendep\u0103rteaz\u0103 orice murd\u0103rie \u0219i gr\u0103sime, preg\u0103tind suprafa\u021ba pentru o aplicare impecabil\u0103 a filmului.[\/vc_column_text][\/vc_column_inner][\/vc_row_inner][\/vc_column][\/vc_row][vc_row css=&#8221;.vc_custom_1531296600629{margin-bottom: 20px !important;border-top-width: 1px !important;border-right-width: 1px !important;border-bottom-width: 1px !important;border-left-width: 1px !important;padding-right: 10px !important;padding-left: 10px !important;border-left-color: #e2e2e2 !important;border-left-style: dotted !important;border-right-color: #e2e2e2 !important;border-right-style: dotted !important;border-top-color: #e2e2e2 !important;border-top-style: dotted !important;border-bottom-color: #e2e2e2 !important;border-bottom-style: dotted !important;border-radius: 2px !important;}&#8221;][vc_column]<div id=\"ultimate-heading-21269d3df5ca502b\" class=\"uvc-heading ult-adjust-bottom-margin ultimate-heading-21269d3df5ca502b uvc-752 \" data-hspacer=\"no_spacer\"  data-halign=\"left\" style=\"text-align:left\"><div class=\"uvc-heading-spacer no_spacer\" style=\"top\"><\/div><div class=\"uvc-main-heading ult-responsive\"  data-ultimate-target='.uvc-heading.ultimate-heading-21269d3df5ca502b h3'  data-responsive-json-new='{\"font-size\":\"desktop:28px;\",\"line-height\":\"desktop:38px;\"}' ><h3 style=\"--font-weight:theme;margin-bottom:20px;\">Caracteristici principale:<\/h3><\/div><\/div><div class=\"standard-arrow list-divider bullet-top\"><ul>\n<li>pentru cur\u0103\u021barea suprafe\u021belor \u00eenainte de lipirea filmului<\/li>\n<li>cur\u0103\u021b\u0103 murd\u0103ria \u0219i gr\u0103simile<\/li>\n<li>pentru orice tip de film<\/li>\n<\/ul>\n<\/div>[\/vc_column][\/vc_row]<\/p>\n<\/div>","protected":false},"excerpt":{"rendered":"<p>Potrivit pentru cur\u0103\u021barea suprafe\u021belor \u00eenainte de aplicarea filmului. \u00cendep\u0103rteaz\u0103 orice murd\u0103rie \u0219i gr\u0103sime, preg\u0103tind suprafa\u021ba pentru o aplicare impecabil\u0103 a filmului.<\/p>\n","protected":false},"featured_media":16574,"comment_status":"open","ping_status":"closed","template":"","meta":[],"product_cat":[2669,2391],"product_tag":[],"_links":{"self":[{"href":"https:\/\/partners-ltd.com\/ro\/wp-json\/wp\/v2\/product\/40434"}],"collection":[{"href":"https:\/\/partners-ltd.com\/ro\/wp-json\/wp\/v2\/product"}],"about":[{"href":"https:\/\/partners-ltd.com\/ro\/wp-json\/wp\/v2\/types\/product"}],"replies":[{"embeddable":true,"href":"https:\/\/partners-ltd.com\/ro\/wp-json\/wp\/v2\/comments?post=40434"}],"wp:featuredmedia":[{"embeddable":true,"href":"https:\/\/partners-ltd.com\/ro\/wp-json\/wp\/v2\/media\/16574"}],"wp:attachment":[{"href":"https:\/\/partners-ltd.com\/ro\/wp-json\/wp\/v2\/media?parent=40434"}],"wp:term":[{"taxonomy":"product_cat","embeddable":true,"href":"https:\/\/partners-ltd.com\/ro\/wp-json\/wp\/v2\/product_cat?post=40434"},{"taxonomy":"product_tag","embeddable":true,"href":"https:\/\/partners-ltd.com\/ro\/wp-json\/wp\/v2\/product_tag?post=40434"}],"curies":[{"name":"wp","href":"https:\/\/api.w.org\/{rel}","templated":true}]}}