{"id":40432,"date":"2023-06-12T10:30:10","date_gmt":"2023-06-12T07:30:10","guid":{"rendered":"https:\/\/partners-ltd.com\/magazin\/fara-categorie\/3m-citrus-cleaner-spray-pentru-curatarea-adezivului-200-ml\/"},"modified":"2025-06-02T08:27:16","modified_gmt":"2025-06-02T05:27:16","slug":"3m-citrus-cleaner-spray-pentru-curatarea-adezivului-200-ml","status":"publish","type":"product","link":"https:\/\/partners-ltd.com\/ro\/e-shop\/instrumente\/curatenie\/3m-citrus-cleaner-spray-pentru-curatarea-adezivului-200-ml\/","title":{"rendered":"3M Citrus Cleaner &#8211; spray pentru cur\u0103\u021barea adezivului 200 ml"},"content":{"rendered":"<div class=\"wpb-content-wrapper\"><p>[vc_row css=&#8221;.vc_custom_1530619279291{margin-bottom: 20px !important;border-top-width: 1px !important;border-right-width: 1px !important;border-bottom-width: 1px !important;border-left-width: 1px !important;padding-right: 10px !important;padding-left: 10px !important;border-left-color: #e2e2e2 !important;border-left-style: dotted !important;border-right-color: #e2e2e2 !important;border-right-style: dotted !important;border-top-color: #e2e2e2 !important;border-top-style: dotted !important;border-bottom-color: #e2e2e2 !important;border-bottom-style: dotted !important;border-radius: 1px !important;}&#8221;][vc_column]<div id=\"ultimate-heading-580069dbf07eadd92\" class=\"uvc-heading ult-adjust-bottom-margin ultimate-heading-580069dbf07eadd92 uvc-8387 \" data-hspacer=\"no_spacer\"  data-halign=\"left\" style=\"text-align:left\"><div class=\"uvc-heading-spacer no_spacer\" style=\"top\"><\/div><div class=\"uvc-main-heading ult-responsive\"  data-ultimate-target='.uvc-heading.ultimate-heading-580069dbf07eadd92 h2'  data-responsive-json-new='{\"font-size\":\"desktop:28px;\",\"line-height\":\"desktop:38px;\"}' ><h2 style=\"--font-weight:theme;margin-bottom:20px;\">3M Citrus Cleaner - detergent concentrat pentru cur\u0103\u021bare<\/h2><\/div><\/div>[vc_row_inner][vc_column_inner][vc_column_text]Detergent pe baz\u0103 de citrice, multifunc\u021bional, cu propriet\u0103\u021bi de cur\u0103\u021bare foarte puternice. Con\u021bine 91% ingrediente organice. Potrivit pentru \u00eendep\u0103rtarea petelor, reziduurilor de adeziv \u0219i cerneal\u0103 de pe suprafe\u021be precum metal, sticl\u0103, cauciuc, plastic, beton \u0219i altele.<\/p>\n<p>Nu con\u021bine substan\u021be toxice. 3M Citrus Cleaner este necoroziv \u0219i are un parfum proasp\u0103t.<\/p>\n<p>* Testa\u021bi \u00eentotdeauna pe o mic\u0103 suprafa\u021b\u0103 \u00eenainte de utilizare.[\/vc_column_text][\/vc_column_inner][\/vc_row_inner][\/vc_column][\/vc_row][vc_row css=&#8221;.vc_custom_1531296600629{margin-bottom: 20px !important;border-top-width: 1px !important;border-right-width: 1px !important;border-bottom-width: 1px !important;border-left-width: 1px !important;padding-right: 10px !important;padding-left: 10px !important;border-left-color: #e2e2e2 !important;border-left-style: dotted !important;border-right-color: #e2e2e2 !important;border-right-style: dotted !important;border-top-color: #e2e2e2 !important;border-top-style: dotted !important;border-bottom-color: #e2e2e2 !important;border-bottom-style: dotted !important;border-radius: 2px !important;}&#8221;][vc_column width=&#8221;1\/2&#8243;]<div id=\"ultimate-heading-177669dbf07eadde9\" class=\"uvc-heading ult-adjust-bottom-margin ultimate-heading-177669dbf07eadde9 uvc-1331 \" data-hspacer=\"no_spacer\"  data-halign=\"left\" style=\"text-align:left\"><div class=\"uvc-heading-spacer no_spacer\" style=\"top\"><\/div><div class=\"uvc-main-heading ult-responsive\"  data-ultimate-target='.uvc-heading.ultimate-heading-177669dbf07eadde9 h3'  data-responsive-json-new='{\"font-size\":\"desktop:28px;\",\"line-height\":\"desktop:38px;\"}' ><h3 style=\"--font-weight:theme;margin-bottom:20px;\">Caracteristici principale:<\/h3><\/div><\/div><div class=\"standard-arrow list-divider bullet-top\"><ul>\n<li>concentrat puternic<\/li>\n<li>inofensiv \u0219i biodegradabil<\/li>\n<li>poate fi utilizat \u0219i ca degresant<\/li>\n<\/ul>\n<\/div>[\/vc_column][vc_column width=&#8221;1\/2&#8243;][vc_empty_space height=&#8221;58px&#8221;]<div class=\"standard-arrow list-divider bullet-top\"><ul>\n<li>91% ingrediente organice<\/li>\n<li>f\u0103r\u0103 substan\u021be toxice<\/li>\n<li>\u00eendep\u0103rteaz\u0103 petele de pe beton, cauciuc, plastic etc.<\/li>\n<\/ul>\n<\/div>[\/vc_column][\/vc_row]<\/p>\n<\/div>","protected":false},"excerpt":{"rendered":"<p>Detergent pe baz\u0103 de citrice, multifunc\u021bional, cu propriet\u0103\u021bi de cur\u0103\u021bare foarte puternice. 3M Citrus Cleaner (200 ml) este potrivit pentru \u00eendep\u0103rtarea petelor, reziduurilor de adeziv \u0219i cerneal\u0103 de pe suprafe\u021be precum metal, sticl\u0103, cauciuc, plastic, beton \u0219i altele.<\/p>\n","protected":false},"featured_media":31598,"comment_status":"open","ping_status":"closed","template":"","meta":[],"product_cat":[2669,2391],"product_tag":[],"_links":{"self":[{"href":"https:\/\/partners-ltd.com\/ro\/wp-json\/wp\/v2\/product\/40432"}],"collection":[{"href":"https:\/\/partners-ltd.com\/ro\/wp-json\/wp\/v2\/product"}],"about":[{"href":"https:\/\/partners-ltd.com\/ro\/wp-json\/wp\/v2\/types\/product"}],"replies":[{"embeddable":true,"href":"https:\/\/partners-ltd.com\/ro\/wp-json\/wp\/v2\/comments?post=40432"}],"wp:featuredmedia":[{"embeddable":true,"href":"https:\/\/partners-ltd.com\/ro\/wp-json\/wp\/v2\/media\/31598"}],"wp:attachment":[{"href":"https:\/\/partners-ltd.com\/ro\/wp-json\/wp\/v2\/media?parent=40432"}],"wp:term":[{"taxonomy":"product_cat","embeddable":true,"href":"https:\/\/partners-ltd.com\/ro\/wp-json\/wp\/v2\/product_cat?post=40432"},{"taxonomy":"product_tag","embeddable":true,"href":"https:\/\/partners-ltd.com\/ro\/wp-json\/wp\/v2\/product_tag?post=40432"}],"curies":[{"name":"wp","href":"https:\/\/api.w.org\/{rel}","templated":true}]}}