{"id":40426,"date":"2022-03-17T13:30:25","date_gmt":"2022-03-17T11:30:25","guid":{"rendered":"https:\/\/partners-ltd.com\/magazin\/fara-categorie\/piston-epx-plunger-101-pentru-adezivi-bicomponenti\/"},"modified":"2025-06-02T08:27:17","modified_gmt":"2025-06-02T05:27:17","slug":"piston-epx-plunger-101-pentru-adezivi-bicomponenti","status":"publish","type":"product","link":"https:\/\/partners-ltd.com\/ro\/e-shop\/banda-dublu-adeziva-si-adezivi\/adezivi-structurali-scotch-weld\/piston-epx-plunger-101-pentru-adezivi-bicomponenti\/","title":{"rendered":"Piston EPX Plunger 10:1 pentru adezivi bicomponen\u021bi"},"content":{"rendered":"<div class=\"wpb-content-wrapper\"><p>[vc_row css=&#8221;.vc_custom_1614340926172{margin-bottom: 30px !important;border-top-width: 1px !important;border-right-width: 1px !important;border-bottom-width: 1px !important;border-left-width: 1px !important;border-left-color: #d8d8d8 !important;border-left-style: solid !important;border-right-color: #d8d8d8 !important;border-right-style: solid !important;border-top-color: #d8d8d8 !important;border-top-style: solid !important;border-bottom-color: #d8d8d8 !important;border-bottom-style: solid !important;border-radius: 1px !important;}&#8221;][vc_column]<div id=\"ultimate-heading-369169d8cf60585d4\" class=\"uvc-heading ult-adjust-bottom-margin ultimate-heading-369169d8cf60585d4 uvc-9809  uvc-heading-default-font-sizes\" data-hspacer=\"no_spacer\"  data-halign=\"left\" style=\"text-align:left\"><div class=\"uvc-heading-spacer no_spacer\" style=\"top\"><\/div><div class=\"uvc-main-heading ult-responsive\"  data-ultimate-target='.uvc-heading.ultimate-heading-369169d8cf60585d4 h3'  data-responsive-json-new='{\"font-size\":\"\",\"line-height\":\"\"}' ><h3 style=\"--font-weight:theme;margin-bottom:30px;\">Piston EPX Plunger 10:1 pentru adezivi bicomponen\u021bi<\/h3><\/div><\/div>[vc_column_text]<strong>Pistonul EPX Plunger 10:1<\/strong> este utilizat pentru a \u00eempinge adezivii structurali bicomponen\u021bi 3M Scotch-Weld din ambalajul lor. Func\u021bioneaz\u0103 \u00eempreun\u0103 cu pistolul 3M EPX Manual Dispenser \u0219i duza de amestecare 3M EPX Mixing Nozzle 10:1 Square Orange pentru lipirea cu adeziv bicomponent 3M Scotch-Weld DP 8010 45 ml.<\/p>\n<p>Cele dou\u0103 picioare de \u00eempingere ale pistonului <strong>EPX Plunger 10:1<\/strong> \u0219i orificiile ambalajului adezivului 3M Scotch-Weld DP 8010 45 ml au acela\u0219i diametru. De exemplu, dac\u0103 lua\u021bi un piston 1:1, iar adezivul se dizolv\u0103 \u00een raport de 10:1, nu \u00eel pute\u021bi utiliza.[\/vc_column_text][\/vc_column][\/vc_row]<\/p>\n<\/div>","protected":false},"excerpt":{"rendered":"<div class=\"woocommerce-product-details__short-description\">\n<p>Func\u021bioneaz\u0103 \u00eempreun\u0103 cu pistolul 3M EPX Manual Dispenser \u0219i duza 3M EPX Mixing Nozzle 10:1 Square Orange pentru lipirea cu adeziv bicomponent 3M Scotch-Weld adezivi structurali 45 ml.<\/p>\n<\/div>\n","protected":false},"featured_media":27896,"comment_status":"open","ping_status":"closed","template":"","meta":[],"product_cat":[1855,2673],"product_tag":[],"_links":{"self":[{"href":"https:\/\/partners-ltd.com\/ro\/wp-json\/wp\/v2\/product\/40426"}],"collection":[{"href":"https:\/\/partners-ltd.com\/ro\/wp-json\/wp\/v2\/product"}],"about":[{"href":"https:\/\/partners-ltd.com\/ro\/wp-json\/wp\/v2\/types\/product"}],"replies":[{"embeddable":true,"href":"https:\/\/partners-ltd.com\/ro\/wp-json\/wp\/v2\/comments?post=40426"}],"wp:featuredmedia":[{"embeddable":true,"href":"https:\/\/partners-ltd.com\/ro\/wp-json\/wp\/v2\/media\/27896"}],"wp:attachment":[{"href":"https:\/\/partners-ltd.com\/ro\/wp-json\/wp\/v2\/media?parent=40426"}],"wp:term":[{"taxonomy":"product_cat","embeddable":true,"href":"https:\/\/partners-ltd.com\/ro\/wp-json\/wp\/v2\/product_cat?post=40426"},{"taxonomy":"product_tag","embeddable":true,"href":"https:\/\/partners-ltd.com\/ro\/wp-json\/wp\/v2\/product_tag?post=40426"}],"curies":[{"name":"wp","href":"https:\/\/api.w.org\/{rel}","templated":true}]}}