{"id":40425,"date":"2022-05-18T13:42:34","date_gmt":"2022-05-18T10:42:34","guid":{"rendered":"https:\/\/partners-ltd.com\/magazin\/fara-categorie\/3m-general-purpose-vinyl-tape-764-banda-de-marcare-economica-albastra\/"},"modified":"2025-06-19T17:09:39","modified_gmt":"2025-06-19T14:09:39","slug":"3m-general-purpose-vinyl-tape-764-banda-de-marcare-economica-albastra","status":"publish","type":"product","link":"https:\/\/partners-ltd.com\/ro\/e-shop\/banda-dublu-adeziva-si-adezivi\/benzi-specializate\/3m-general-purpose-vinyl-tape-764-banda-de-marcare-economica-albastra\/","title":{"rendered":"3M General Purpose Vinyl Tape 764 \u2013 band\u0103 de marcare economic\u0103, albastr\u0103"},"content":{"rendered":"<div class=\"wpb-content-wrapper\"><p>[vc_row css=&#8221;.vc_custom_1614340926172{margin-bottom: 30px !important;border-top-width: 1px !important;border-right-width: 1px !important;border-bottom-width: 1px !important;border-left-width: 1px !important;border-left-color: #d8d8d8 !important;border-left-style: solid !important;border-right-color: #d8d8d8 !important;border-right-style: solid !important;border-top-color: #d8d8d8 !important;border-top-style: solid !important;border-bottom-color: #d8d8d8 !important;border-bottom-style: solid !important;border-radius: 1px !important;}&#8221;][vc_column]<div id=\"ultimate-heading-787169d79c4e84287\" class=\"uvc-heading ult-adjust-bottom-margin ultimate-heading-787169d79c4e84287 uvc-1345  uvc-heading-default-font-sizes\" data-hspacer=\"no_spacer\"  data-halign=\"left\" style=\"text-align:left\"><div class=\"uvc-heading-spacer no_spacer\" style=\"top\"><\/div><div class=\"uvc-main-heading ult-responsive\"  data-ultimate-target='.uvc-heading.ultimate-heading-787169d79c4e84287 h3'  data-responsive-json-new='{\"font-size\":\"\",\"line-height\":\"\"}' ><h3 style=\"--font-weight:theme;margin-bottom:20px;\">3M General Purpose Vinyl Tape 764 \u2013 band\u0103 de marcare economic\u0103, albastr\u0103<\/h3><\/div><\/div>[vc_column_text]<a class=\"dt-pswp-item\" href=\"https:\/\/partners-ltd.com\/wp-content\/uploads\/2022\/05\/3M-General-Purpose-Vinyl-Tape-764.jpg\" data-dt-img-description=\"\" data-large_image_width=\"320\" data-large_image_height=\"238\"><img loading=\"lazy\" decoding=\"async\" class=\"wp-image-28201 size-full alignleft\" src=\"https:\/\/partners-ltd.com\/wp-content\/uploads\/2022\/05\/3M-General-Purpose-Vinyl-Tape-764.jpg\" alt=\"3M General Purpose Vinyl Tape 764\" width=\"315\" height=\"202\" srcset=\"https:\/\/partners-ltd.com\/wp-content\/uploads\/2022\/05\/3M-General-Purpose-Vinyl-Tape-764.jpg 315w, https:\/\/partners-ltd.com\/wp-content\/uploads\/2022\/05\/3M-General-Purpose-Vinyl-Tape-764-300x192.jpg 300w\" sizes=\"(max-width: 315px) 100vw, 315px\" \/><\/a>3M General Purpose Vinyl Tape 764 band\u0103 de marcare albastr\u0103 pentru indicarea clar\u0103 a spa\u021biilor periculoase, c\u0103ilor \u0219i echipamentelor \u00een hale, fabrici, locuri publice, spitale, s\u0103li de sport. Se utilizeaz\u0103 pentru marcarea podelelor \u0219i este destinat\u0103 zonelor cu trafic u\u0219or, unde trecerea necesit\u0103 aten\u021bie sporit\u0103.<\/p>\n<p>Este potrivit\u0103 pentru marcarea colorat\u0103 a zonelor cu trafic redus.<\/p>\n<p>Banda de marcare este acoperit\u0103 cu un adeziv de cauciuc de \u00eenalt\u0103 calitate, care ader\u0103 rapid \u0219i ferm la diverse materiale. Banda de marcare 3M 764 este extrem de rezistent\u0103 la abraziune. Cu o flexibilitate excelent\u0103, se adapteaz\u0103 cu u\u0219urin\u021b\u0103 la denivel\u0103ri \u0219i forme complexe, f\u0103r\u0103 a se ridica ulterior. Modelul este aliniat cu metodologia sistemului 5S pentru securizarea procesului de lucru. Benzile de marcare din PVC pentru podea pot fi aplicate manual sau cu ajutorul unui aplicator de podea.<\/p>\n<p>Produsul este disponibil \u00een culori: ro\u0219u, alb, albastru, verde, portocaliu, galben, gri, maro, negru \u0219i transparent.[\/vc_column_text][\/vc_column][\/vc_row][vc_row css=&#8221;.vc_custom_1614340946766{margin-bottom: 30px !important;border-top-width: 1px !important;border-right-width: 1px !important;border-bottom-width: 1px !important;border-left-width: 1px !important;border-left-color: #d8d8d8 !important;border-left-style: solid !important;border-right-color: #d8d8d8 !important;border-right-style: solid !important;border-top-color: #d8d8d8 !important;border-top-style: solid !important;border-bottom-color: #d8d8d8 !important;border-bottom-style: solid !important;border-radius: 1px !important;}&#8221;][vc_column]<div id=\"ultimate-heading-563869d79c4e842bb\" class=\"uvc-heading ult-adjust-bottom-margin ultimate-heading-563869d79c4e842bb uvc-3780  uvc-heading-default-font-sizes\" data-hspacer=\"no_spacer\"  data-halign=\"left\" style=\"text-align:left\"><div class=\"uvc-heading-spacer no_spacer\" style=\"top\"><\/div><div class=\"uvc-main-heading ult-responsive\"  data-ultimate-target='.uvc-heading.ultimate-heading-563869d79c4e842bb h3'  data-responsive-json-new='{\"font-size\":\"\",\"line-height\":\"\"}' ><h3 style=\"--font-weight:theme;margin-bottom:20px;\">Avantaje:<\/h3><\/div><\/div>[vc_row_inner][vc_column_inner width=&#8221;1\/2&#8243;]<div class=\"standard-arrow list-divider bullet-top\"><ul>\n<li>culoare de semnal, vizibil\u0103 \u00een mediul de produc\u021bie<\/li>\n<li>excelent\u0103 rezisten\u021b\u0103 la abraziune<\/li>\n<li>durabilitate ridicat\u0103<\/li>\n<li>lipire puternic\u0103 \u0219i durabil\u0103 pe o gam\u0103 larg\u0103 de materiale<\/li>\n<\/ul>\n<\/div>[\/vc_column_inner][vc_column_inner width=&#8221;1\/2&#8243;]<div class=\"standard-arrow list-divider bullet-top\"><ul>\n<li>se adapteaz\u0103 perfect la forme complexe \u0219i denivel\u0103ri<\/li>\n<li>aplicare u\u0219oar\u0103 \u0219i rapid\u0103 manual sau cu aplicator de podea<\/li>\n<li>\u00eendep\u0103rtare f\u0103r\u0103 probleme, f\u0103r\u0103 urme de adeziv<\/li>\n<li>vizibilitate clar\u0103 a obiectelor marcate<\/li>\n<\/ul>\n<\/div>[\/vc_column_inner][\/vc_row_inner][\/vc_column][\/vc_row][vc_row css=&#8221;.vc_custom_1614340946766{margin-bottom: 30px !important;border-top-width: 1px !important;border-right-width: 1px !important;border-bottom-width: 1px !important;border-left-width: 1px !important;border-left-color: #d8d8d8 !important;border-left-style: solid !important;border-right-color: #d8d8d8 !important;border-right-style: solid !important;border-top-color: #d8d8d8 !important;border-top-style: solid !important;border-bottom-color: #d8d8d8 !important;border-bottom-style: solid !important;border-radius: 1px !important;}&#8221;][vc_column]<div id=\"ultimate-heading-206469d79c4e84337\" class=\"uvc-heading ult-adjust-bottom-margin ultimate-heading-206469d79c4e84337 uvc-895  uvc-heading-default-font-sizes\" data-hspacer=\"no_spacer\"  data-halign=\"left\" style=\"text-align:left\"><div class=\"uvc-heading-spacer no_spacer\" style=\"top\"><\/div><div class=\"uvc-main-heading ult-responsive\"  data-ultimate-target='.uvc-heading.ultimate-heading-206469d79c4e84337 h3'  data-responsive-json-new='{\"font-size\":\"\",\"line-height\":\"\"}' ><h3 style=\"--font-weight:theme;margin-bottom:20px;\">Ader\u0103 pe:<\/h3><\/div><\/div>[vc_row_inner][vc_column_inner width=&#8221;1\/2&#8243;]<div class=\"standard-arrow list-divider bullet-top\"><ul>\n<li>metal<\/li>\n<li>sticl\u0103<\/li>\n<li>Materiale LSE<\/li>\n<li>pl\u0103ci<\/li>\n<\/ul>\n<\/div>[\/vc_column_inner][vc_column_inner width=&#8221;1\/2&#8243;]<div class=\"standard-arrow list-divider bullet-top\"><ul>\n<li>plastice<\/li>\n<li>materiale compozite<\/li>\n<li>lemn l\u0103cuit<\/li>\n<li>suprafe\u021be vopsite<\/li>\n<\/ul>\n<\/div>[\/vc_column_inner][\/vc_row_inner][\/vc_column][\/vc_row][vc_row css=&#8221;.vc_custom_1614340946766{margin-bottom: 30px !important;border-top-width: 1px !important;border-right-width: 1px !important;border-bottom-width: 1px !important;border-left-width: 1px !important;border-left-color: #d8d8d8 !important;border-left-style: solid !important;border-right-color: #d8d8d8 !important;border-right-style: solid !important;border-top-color: #d8d8d8 !important;border-top-style: solid !important;border-bottom-color: #d8d8d8 !important;border-bottom-style: solid !important;border-radius: 1px !important;}&#8221;][vc_column]<div id=\"ultimate-heading-392169d79c4e8438c\" class=\"uvc-heading ult-adjust-bottom-margin ultimate-heading-392169d79c4e8438c uvc-9698  uvc-heading-default-font-sizes\" data-hspacer=\"no_spacer\"  data-halign=\"left\" style=\"text-align:left\"><div class=\"uvc-heading-spacer no_spacer\" style=\"top\"><\/div><div class=\"uvc-main-heading ult-responsive\"  data-ultimate-target='.uvc-heading.ultimate-heading-392169d79c4e8438c h3'  data-responsive-json-new='{\"font-size\":\"\",\"line-height\":\"\"}' ><h3 style=\"--font-weight:theme;margin-bottom:20px;\">Aplicatii:<\/h3><\/div><\/div>[vc_row_inner][vc_column_inner width=&#8221;1\/2&#8243;]<div class=\"standard-arrow list-divider bullet-top\"><ul>\n<li>pentru marcajul podelei<\/li>\n<li>pentru indicarea panourilor electrice<\/li>\n<li>pentru marcarea zonelor periculoase<\/li>\n<\/ul>\n<\/div>[\/vc_column_inner][vc_column_inner width=&#8221;1\/2&#8243;]<div class=\"standard-arrow list-divider bullet-top\"><ul>\n<li>pentru marcarea zonelor din jurul ie\u0219irilor<\/li>\n<li>pentru marcarea echipamentelor proeminente<\/li>\n<li>pentru indicarea zonelor care trebuie s\u0103 r\u0103m\u00e2n\u0103 libere<\/li>\n<\/ul>\n<\/div>[\/vc_column_inner][\/vc_row_inner][\/vc_column][\/vc_row][vc_row css=&#8221;.vc_custom_1614340974723{border-top-width: 1px !important;border-right-width: 1px !important;border-bottom-width: 1px !important;border-left-width: 1px !important;border-left-color: #d8d8d8 !important;border-left-style: solid !important;border-right-color: #d8d8d8 !important;border-right-style: solid !important;border-top-color: #d8d8d8 !important;border-top-style: solid !important;border-bottom-color: #d8d8d8 !important;border-bottom-style: solid !important;border-radius: 1px !important;}&#8221;][vc_column]<div id=\"ultimate-heading-401069d79c4e843de\" class=\"uvc-heading ult-adjust-bottom-margin ultimate-heading-401069d79c4e843de uvc-5189  uvc-heading-default-font-sizes\" data-hspacer=\"no_spacer\"  data-halign=\"left\" style=\"text-align:left\"><div class=\"uvc-heading-spacer no_spacer\" style=\"top\"><\/div><div class=\"uvc-main-heading ult-responsive\"  data-ultimate-target='.uvc-heading.ultimate-heading-401069d79c4e843de h3'  data-responsive-json-new='{\"font-size\":\"\",\"line-height\":\"\"}' ><h3 style=\"--font-weight:theme;margin-bottom:20px;\">Documente:<\/h3><\/div><\/div>[vc_row_inner css=&#8221;.vc_custom_1615980091033{margin-bottom: 30px !important;}&#8221;][vc_column_inner width=&#8221;1\/3&#8243;][vc_column_text]Caracteristici tehnice:[\/vc_column_text][vc_single_image image=&#8221;28206&#8243; onclick=&#8221;custom_link&#8221; img_link_target=&#8221;_blank&#8221; link=&#8221;\/wp-content\/uploads\/2022\/05\/3M\u2122-General-Purpose-Vinyl-Tape-764-caracteristici-tehnice.pdf&#8221;]<style type=\"text\/css\" data-type=\"the7_shortcodes-inline-css\">#default-btn-197a2b4d7e90d78f94a688e6d824c7a4.ico-right-side > i {\n  margin-right: 0px;\n  margin-left: 8px;\n}\n#default-btn-197a2b4d7e90d78f94a688e6d824c7a4 > i {\n  margin-right: 8px;\n}\n<\/style><a href=\"\/wp-content\/uploads\/2022\/05\/3M\u2122-General-Purpose-Vinyl-Tape-764-\u0442\u0435\u0445\u043d\u0438\u0447\u0435\u0441\u043a\u0438-\u0445\u0430\u0440\u0430\u043a\u0442\u0435\u0440\u0438\u0441\u0442\u0438\u043a\u0438.pdf\" class=\"default-btn-shortcode dt-btn dt-btn-s link-hover-off btn-inline-left \" target=\"_blank\" id=\"default-btn-197a2b4d7e90d78f94a688e6d824c7a4\" rel=\"noopener\"><span>Descarc\u0103 PDF<\/span><\/a>[\/vc_column_inner][vc_column_inner width=&#8221;1\/3&#8243;][vc_column_text]Bro\u0219ur\u0103:[\/vc_column_text][vc_single_image image=&#8221;28212&#8243; onclick=&#8221;custom_link&#8221; img_link_target=&#8221;_blank&#8221; link=&#8221;\/wp-content\/uploads\/2022\/05\/3M-benzi-industriale-catalog.pdf&#8221;]<style type=\"text\/css\" data-type=\"the7_shortcodes-inline-css\">#default-btn-5a76da8f36436edafd12d6559d51e935.ico-right-side > i {\n  margin-right: 0px;\n  margin-left: 8px;\n}\n#default-btn-5a76da8f36436edafd12d6559d51e935 > i {\n  margin-right: 8px;\n}\n<\/style><a href=\"\/wp-content\/uploads\/2022\/05\/3M-\u0438\u043d\u0434\u0443\u0441\u0442\u0440\u0438\u0430\u043b\u043d\u0438-\u043b\u0435\u043d\u0442\u0438-\u043a\u0430\u0442\u0430\u043b\u043e\u0433.pdf\" class=\"default-btn-shortcode dt-btn dt-btn-s link-hover-off btn-inline-left \" target=\"_blank\" id=\"default-btn-5a76da8f36436edafd12d6559d51e935\" rel=\"noopener\"><span>Descarc\u0103 PDF<\/span><\/a>[\/vc_column_inner][vc_column_inner width=&#8221;1\/3&#8243;][vc_column_text]Catalog:[\/vc_column_text][vc_single_image image=&#8221;28218&#8243; onclick=&#8221;custom_link&#8221; img_link_target=&#8221;_blank&#8221; link=&#8221;\/wp-content\/uploads\/2022\/05\/3M-benzi-de-mascare-catalog.pdf&#8221;]<style type=\"text\/css\" data-type=\"the7_shortcodes-inline-css\">#default-btn-990eafd4f375e5a2ced88b92be213c39.ico-right-side > i {\n  margin-right: 0px;\n  margin-left: 8px;\n}\n#default-btn-990eafd4f375e5a2ced88b92be213c39 > i {\n  margin-right: 8px;\n}\n<\/style><a href=\"\/wp-content\/uploads\/2022\/05\/3M-\u043c\u0430\u0441\u043a\u0438\u0440\u0430\u0449\u0438-\u043b\u0435\u043d\u0442\u0438-\u043a\u0430\u0442\u0430\u043b\u043e\u0433.pdf\" class=\"default-btn-shortcode dt-btn dt-btn-s link-hover-off btn-inline-left \" target=\"_blank\" id=\"default-btn-990eafd4f375e5a2ced88b92be213c39\" rel=\"noopener\"><span>Descarc\u0103 PDF<\/span><\/a>[\/vc_column_inner][\/vc_row_inner][\/vc_column][\/vc_row]<\/p>\n<\/div>","protected":false},"excerpt":{"rendered":"<p>Band\u0103 de marcare economic\u0103 de culoare albastr\u0103 pentru indicarea zonelor care necesit\u0103 aten\u021bie sporit\u0103 la trecere. Potrivit\u0103 pentru marcaje orizontale \u0219i verticale: podele, pere\u021bi, zone din jurul echipamentelor, pentru ambalare etc. Se aplic\u0103 \u00een hale, fabrici, s\u0103li de sport, spitale.<\/p>\n<p>Lungimea benzii: 33 M; L\u0103\u021bimea: 50 mm<\/p>\n","protected":false},"featured_media":28272,"comment_status":"open","ping_status":"closed","template":"","meta":[],"product_cat":[1855,2672],"product_tag":[],"_links":{"self":[{"href":"https:\/\/partners-ltd.com\/ro\/wp-json\/wp\/v2\/product\/40425"}],"collection":[{"href":"https:\/\/partners-ltd.com\/ro\/wp-json\/wp\/v2\/product"}],"about":[{"href":"https:\/\/partners-ltd.com\/ro\/wp-json\/wp\/v2\/types\/product"}],"replies":[{"embeddable":true,"href":"https:\/\/partners-ltd.com\/ro\/wp-json\/wp\/v2\/comments?post=40425"}],"wp:featuredmedia":[{"embeddable":true,"href":"https:\/\/partners-ltd.com\/ro\/wp-json\/wp\/v2\/media\/28272"}],"wp:attachment":[{"href":"https:\/\/partners-ltd.com\/ro\/wp-json\/wp\/v2\/media?parent=40425"}],"wp:term":[{"taxonomy":"product_cat","embeddable":true,"href":"https:\/\/partners-ltd.com\/ro\/wp-json\/wp\/v2\/product_cat?post=40425"},{"taxonomy":"product_tag","embeddable":true,"href":"https:\/\/partners-ltd.com\/ro\/wp-json\/wp\/v2\/product_tag?post=40425"}],"curies":[{"name":"wp","href":"https:\/\/api.w.org\/{rel}","templated":true}]}}