{"id":40302,"date":"2018-07-08T09:04:19","date_gmt":"2018-07-08T06:04:19","guid":{"rendered":"https:\/\/partners-ltd.com\/magazin\/fara-categorie\/3m-cs50-color-stable-black-folie-deschisa-pentru-intunecarea-geamurilor-auto\/"},"modified":"2026-04-15T15:15:51","modified_gmt":"2026-04-15T12:15:51","slug":"3m-cs50-color-stable-black-folie-deschisa-pentru-intunecarea-geamurilor-auto","status":"publish","type":"product","link":"https:\/\/partners-ltd.com\/ro\/e-shop\/3m-folie-geamuri\/folie-auto-cu-protectie-solara\/3m-cs50-color-stable-black-folie-deschisa-pentru-intunecarea-geamurilor-auto\/","title":{"rendered":"3M CS50 Color Stable Black &#8211; folie deschis\u0103 pentru \u00eentunecarea geamurilor auto"},"content":{"rendered":"<div class=\"wpb-content-wrapper\"><p>[vc_row css=&#8221;.vc_custom_1530878786079{margin-bottom: 20px !important;border-top-width: 1px !important;border-right-width: 1px !important;border-bottom-width: 1px !important;border-left-width: 1px !important;padding-right: 10px !important;padding-left: 10px !important;border-left-color: #e2e2e2 !important;border-left-style: dotted !important;border-right-color: #e2e2e2 !important;border-right-style: dotted !important;border-top-color: #e2e2e2 !important;border-top-style: dotted !important;border-bottom-color: #e2e2e2 !important;border-bottom-style: dotted !important;border-radius: 1px !important;}&#8221;][vc_column]<div id=\"ultimate-heading-953969ed462faed2c\" class=\"uvc-heading ult-adjust-bottom-margin ultimate-heading-953969ed462faed2c uvc-8311 \" data-hspacer=\"no_spacer\"  data-halign=\"left\" style=\"text-align:left\"><div class=\"uvc-heading-spacer no_spacer\" style=\"top\"><\/div><div class=\"uvc-main-heading ult-responsive\"  data-ultimate-target='.uvc-heading.ultimate-heading-953969ed462faed2c h2'  data-responsive-json-new='{\"font-size\":\"desktop:28px;\",\"line-height\":\"desktop:38px;\"}' ><h2 style=\"--font-weight:theme;margin-bottom:20px;\">3M CS50 Color Stable Black, folie pentru sticl\u0103 pentru \u00eentunecare<\/h2><\/div><\/div>[vc_row_inner][vc_column_inner][vc_column_text]Folie pentru sticl\u0103 pentru \u00eentunecare.<\/p>\n<p>Tehnologia inovatoare a 3M Automotive Window Film &#8211; folie de \u00eentunecare pentru sticl\u0103 ofer\u0103 protec\u021bie maxim\u0103 \u00eempotriva c\u0103ldurii solare \u0219i radia\u021biei ultraviolete nocive. Spre deosebire de alte materiale pentru \u00eentunecarea geamurilor, poliesterul nanocarbon brevetat de 3M garanteaz\u0103 o culoare durabil\u0103 chiar \u0219i \u00een cazul unei exploat\u0103ri \u00eendelungate. Prin aceast\u0103 tehnologie, culoarea foliei r\u0103m\u00e2ne stabil\u0103 \u0219i nu se decoloreaz\u0103 \u00een roz ca altele.<\/p>\n<p>Aceast\u0103 serie de folie pentru sticl\u0103 nu con\u021bine metal&nbsp;\u00een sine \u0219i nu reduce puterea semnalelor GSM \u00een automobil.<\/p>\n<p>3M CS50 Color Stable Black ofer\u0103&nbsp;protec\u021bie excelent\u0103 \u00eempotriva luminii solare \u0219i c\u0103ldurii care p\u0103trund \u00een automobil \u0219i a radia\u021biei UV nocive. Cu claritate constant\u0103 din interior \u0219i vizibilitate excelent\u0103 at\u00e2t ziua, c\u00e2t \u0219i noaptea. Extrem de rezistent, potrivit pentru utilizare pe termen lung.[\/vc_column_text][\/vc_column_inner][\/vc_row_inner][\/vc_column][\/vc_row][vc_row gap=&#8221;20&#8243; css=&#8221;.vc_custom_1530878934758{margin-bottom: 20px !important;border-top-width: 1px !important;border-right-width: 1px !important;border-bottom-width: 1px !important;border-left-width: 1px !important;padding-right: 10px !important;padding-left: 10px !important;border-left-color: #e2e2e2 !important;border-left-style: dotted !important;border-right-color: #e2e2e2 !important;border-right-style: dotted !important;border-top-color: #e2e2e2 !important;border-top-style: dotted !important;border-bottom-color: #e2e2e2 !important;border-bottom-style: dotted !important;border-radius: 2px !important;}&#8221;][vc_column width=&#8221;1\/2&#8243;]<div id=\"ultimate-heading-186369ed462faed61\" class=\"uvc-heading ult-adjust-bottom-margin ultimate-heading-186369ed462faed61 uvc-6331 \" data-hspacer=\"no_spacer\"  data-halign=\"left\" style=\"text-align:left\"><div class=\"uvc-heading-spacer no_spacer\" style=\"top\"><\/div><div class=\"uvc-main-heading ult-responsive\"  data-ultimate-target='.uvc-heading.ultimate-heading-186369ed462faed61 h3'  data-responsive-json-new='{\"font-size\":\"desktop:24px;\",\"line-height\":\"desktop:34px;\"}' ><h3 style=\"--font-weight:theme;margin-bottom:20px;\">Caracteristici principale:<\/h3><\/div><\/div><div class=\"standard-arrow list-divider bullet-top\"><ul>\n<li>permite trecerea a 50% din lumin\u0103<\/li>\n<li>respinge 99,9% din razele UV<\/li>\n<li>Reducerea str\u0103lucirii \u2013 42%<\/li>\n<li>minimizeaz\u0103 trecerea razelor infraro\u0219ii p\u00e2n\u0103 la 49%<\/li>\n<li>suport &#8211; poliester nanocarbon cu protec\u021bie \u00eempotriva zg\u00e2rierii<\/li>\n<li>adeziv acrilat, optic transparent<\/li>\n<\/ul>\n<\/div>[\/vc_column][vc_column width=&#8221;1\/2&#8243;][vc_empty_space height=&#8221;35px&#8221;][vc_single_image image=&#8221;15048&#8243; img_size=&#8221;full&#8221;][\/vc_column][\/vc_row][vc_row css=&#8221;.vc_custom_1530878920860{margin-right: -28px !important;margin-left: -28px !important;}&#8221;][vc_column]<div class=\"ult_pricing_table_wrap ult_info_table ult_design_5  ult-cs-custom  \">\n\t\t\t\t\t<div class=\"ult_pricing_table \" style=\"background:#f7f7f7; \"><div id=\"Info-table-wrap-2105\" class=\"ult_pricing_heading\" style=\"background:#3a3a3a;color:#ffffff;\">\n\t\t\t\t\t\t\t<h3 class=\"ult-responsive\"  data-ultimate-target='#Info-table-wrap-2105 h3'  data-responsive-json-new='{\"font-size\":\"\",\"line-height\":\"\"}'  style=\"font-weight:normal;color:#ffffff;\">Tabel cu nivelul de protec\u021bie solar\u0103 al seriei 3M CS Films<\/h3><\/div><!--ult_pricing_heading--><div class=\"ult_price_body_block\" style=\"background:#3a3a3a;color:#ffffff;\">\n\t\t\t\t\t\t\t<div class=\"ult_price_body\">\n\t\t\t\t\t\t\t\t<div class=\"ult_price\">\n\t\t\t\t\t\t\t\t\t<div class=\"ult-just-icon-wrapper  \"><div class=\"align-icon\" style=\"text-align:center;\">\n<div class=\"aio-icon none \"  style=\"color:#eeee22;font-size:32px;display:inline-block;\">\n\t<i class=\"Defaults-sun-o\"><\/i>\n<\/div><\/div><\/div>\n\t\t\t\t\t\t\t\t<\/div>\n\t\t\t\t\t\t\t<\/div>\n\t\t\t\t\t\t<\/div><!--ult_price_body_block--><div id=\"info_table_features_wrap-1297\"  data-ultimate-target='#info_table_features_wrap-1297.ult_price_features'  data-responsive-json-new='{\"font-size\":\"\",\"line-height\":\"\"}'  class=\"ult-responsive ult_price_features\" style=\"font-weight:normal;\">\n\t\t\t\t\t\t\t<table style=\"width: 100%;\">\n<tbody>\n<tr>\n<td style=\"width: 40%;\"><\/td>\n<th style=\"width: 15%; text-align: center;\"><a style=\"color: #e49900;\" href=\"https:\/\/partners-ltd.com\/ro\/e-shop\/3m-folie-geamuri\/folie-auto-cu-protectie-solara\/3m-cs5-color-stable-black-folie-foarte-intunecata-pentru-intunecarea-geamurilor-auto\/\">CS 5 MA<\/a><\/th>\n<th style=\"width: 15%; text-align: center;\"><a style=\"color: #e49900;\" href=\"https:\/\/partners-ltd.com\/ro\/e-shop\/3m-folie-geamuri\/folie-auto-cu-protectie-solara\/3m-cs20-color-stable-black-folie-intunecata-pentru-intunecarea-geamurilor-auto\/\">CS 20 MA<\/a><\/th>\n<th style=\"width: 15%; text-align: center;\"><a style=\"color: #e49900;\" href=\"\/magazin\/3m-folio-stukla\/s3m-cs20-folio-stukla-sredno\/\">CS 35 MA<\/a><\/th>\n<th style=\"width: 15%; text-align: center;\">CS 50 MA<\/th>\n<\/tr>\n<tr>\n<td style=\"text-align: left;\">Procent de respingere a energiei solare<\/td>\n<td style=\"text-align: center;\">57%<\/td>\n<td style=\"text-align: center;\">51%<\/td>\n<td style=\"text-align: center;\">40%<\/td>\n<td style=\"text-align: center;\">35%<\/td>\n<\/tr>\n<tr>\n<td style=\"text-align: left;\">Procent de respingere a razelor UV<\/td>\n<td style=\"text-align: center;\">99%<\/td>\n<td style=\"text-align: center;\">99%<\/td>\n<td style=\"text-align: center;\">99%<\/td>\n<td style=\"text-align: center;\">99%<\/td>\n<\/tr>\n<tr>\n<td style=\"text-align: left;\">Procent de reducere a reflexiilor<\/td>\n<td style=\"text-align: center;\">90%<\/td>\n<td style=\"text-align: center;\">79%<\/td>\n<td style=\"text-align: center;\">56%<\/td>\n<td style=\"text-align: center;\">42%<\/td>\n<\/tr>\n<\/tbody>\n<\/table>\n\n\t\t\t\t\t\t<\/div><!--ult_price_features--><div class=\"ult_clr\"><\/div>\n\t\t\t<\/div><!--pricing_table-->\n\t\t<\/div><!--pricing_table_wrap-->[\/vc_column][\/vc_row]<\/p>\n<\/div>","protected":false},"excerpt":{"rendered":"<p>Folie pentru sticl\u0103 oferind protec\u021bie maxim\u0103 \u00eempotriva c\u0103ldurii solare \u0219i razelor UV. Permite trecerea a 50% din lumin\u0103. Nu con\u021bine metal \u0219i nu reduce semnalele GSM \u00een automobil. Extrem de rezistent, potrivit pentru utilizare pe termen lung.<\/p>\n","protected":false},"featured_media":15049,"comment_status":"open","ping_status":"closed","template":"","meta":[],"product_cat":[1850,1862],"product_tag":[],"_links":{"self":[{"href":"https:\/\/partners-ltd.com\/ro\/wp-json\/wp\/v2\/product\/40302"}],"collection":[{"href":"https:\/\/partners-ltd.com\/ro\/wp-json\/wp\/v2\/product"}],"about":[{"href":"https:\/\/partners-ltd.com\/ro\/wp-json\/wp\/v2\/types\/product"}],"replies":[{"embeddable":true,"href":"https:\/\/partners-ltd.com\/ro\/wp-json\/wp\/v2\/comments?post=40302"}],"wp:featuredmedia":[{"embeddable":true,"href":"https:\/\/partners-ltd.com\/ro\/wp-json\/wp\/v2\/media\/15049"}],"wp:attachment":[{"href":"https:\/\/partners-ltd.com\/ro\/wp-json\/wp\/v2\/media?parent=40302"}],"wp:term":[{"taxonomy":"product_cat","embeddable":true,"href":"https:\/\/partners-ltd.com\/ro\/wp-json\/wp\/v2\/product_cat?post=40302"},{"taxonomy":"product_tag","embeddable":true,"href":"https:\/\/partners-ltd.com\/ro\/wp-json\/wp\/v2\/product_tag?post=40302"}],"curies":[{"name":"wp","href":"https:\/\/api.w.org\/{rel}","templated":true}]}}