{"id":40288,"date":"2018-08-16T13:27:19","date_gmt":"2018-08-16T10:27:19","guid":{"rendered":"https:\/\/partners-ltd.com\/magazin\/fara-categorie\/3m-safety-and-security-window-films-s40-exterior-folie-de-protectie-impotriva-impactului-pentru-exterior\/"},"modified":"2025-05-29T13:42:34","modified_gmt":"2025-05-29T10:42:34","slug":"3m-safety-and-security-window-films-s40-exterior-folie-de-protectie-impotriva-impactului-pentru-exterior","status":"publish","type":"product","link":"https:\/\/partners-ltd.com\/ro\/e-shop\/3m-folie-geamuri\/folie-protectie-pentru-geamuri\/3m-safety-and-security-window-films-s40-exterior-folie-de-protectie-impotriva-impactului-pentru-exterior\/","title":{"rendered":"3M Safety and Security Window Films S40 Exterior \u2013 folie de protec\u021bie \u00eempotriva impactului pentru exterior"},"content":{"rendered":"<div class=\"wpb-content-wrapper\"><p>[vc_row css=&#8221;.vc_custom_1530878786079{margin-bottom: 20px !important;border-top-width: 1px !important;border-right-width: 1px !important;border-bottom-width: 1px !important;border-left-width: 1px !important;padding-right: 10px !important;padding-left: 10px !important;border-left-color: #e2e2e2 !important;border-left-style: dotted !important;border-right-color: #e2e2e2 !important;border-right-style: dotted !important;border-top-color: #e2e2e2 !important;border-top-style: dotted !important;border-bottom-color: #e2e2e2 !important;border-bottom-style: dotted !important;border-radius: 1px !important;}&#8221;][vc_column]<div id=\"ultimate-heading-376769e39a80d5bbe\" class=\"uvc-heading ult-adjust-bottom-margin ultimate-heading-376769e39a80d5bbe uvc-847 \" data-hspacer=\"no_spacer\"  data-halign=\"left\" style=\"text-align:left\"><div class=\"uvc-heading-spacer no_spacer\" style=\"top\"><\/div><div class=\"uvc-main-heading ult-responsive\"  data-ultimate-target='.uvc-heading.ultimate-heading-376769e39a80d5bbe h2'  data-responsive-json-new='{\"font-size\":\"desktop:28px;\",\"line-height\":\"desktop:38px;\"}' ><h2 style=\"--font-weight:theme;margin-bottom:20px;\">3M Exterior S40 - folie pentru sticl\u0103 blindat\u0103 pentru montaj exterior<\/h2><\/div><\/div>[vc_row_inner][vc_column_inner][vc_column_text]Toate tipurile de folie din seria 3M Safety and Security sunt rezistente la impact \u0219i blindate. Sunt destinate pentru montaj exterior. Acestea ofer\u0103 protec\u021bie vitrinelor, ferestrelor \u0219i fa\u021badelor vitrate \u00eempotriva evenimentelor nedorite, cum ar fi vandalismul, furturile, uraganele, furtunile puternice, accidentele etc.<\/p>\n<p>Sunt fabricate prin tehnologia inovatoare 3M cu microsloiuri \u2013 42 de straturi laminate cu o grosime total\u0103 a foliei de 0,175 \u2013 0,200 mm. Destinate s\u0103 re\u021bin\u0103 buc\u0103\u021bile de sticl\u0103 \u00een caz de spargere, reduc\u00e2nd poten\u021bialele r\u0103ni cauzate de cioburile zbur\u0103toare.[\/vc_column_text][\/vc_column_inner][\/vc_row_inner][\/vc_column][\/vc_row][vc_row css=&#8221;.vc_custom_1534932763576{margin-bottom: 20px !important;border-top-width: 1px !important;border-right-width: 1px !important;border-bottom-width: 1px !important;border-left-width: 1px !important;padding-right: 10px !important;padding-left: 10px !important;border-left-color: #e2e2e2 !important;border-left-style: dotted !important;border-right-color: #e2e2e2 !important;border-right-style: dotted !important;border-top-color: #e2e2e2 !important;border-top-style: dotted !important;border-bottom-color: #e2e2e2 !important;border-bottom-style: dotted !important;border-radius: 2px !important;}&#8221;][vc_column width=&#8221;1\/2&#8243;]<div id=\"ultimate-heading-438169e39a80d5bf3\" class=\"uvc-heading ult-adjust-bottom-margin ultimate-heading-438169e39a80d5bf3 uvc-4613 \" data-hspacer=\"no_spacer\"  data-halign=\"left\" style=\"text-align:left\"><div class=\"uvc-heading-spacer no_spacer\" style=\"top\"><\/div><div class=\"uvc-main-heading ult-responsive\"  data-ultimate-target='.uvc-heading.ultimate-heading-438169e39a80d5bf3 h3'  data-responsive-json-new='{\"font-size\":\"desktop:24px;\",\"line-height\":\"desktop:34px;\"}' ><h3 style=\"--font-weight:theme;margin-bottom:20px;\">Caracteristici principale:<\/h3><\/div><\/div><div class=\"standard-arrow list-divider bullet-top\"><ul>\n<li>Blocheaz\u0103 99% din razele UV<\/li>\n<li>permite trecerea a 47% p\u00e2n\u0103 la 89% din lumin\u0103<\/li>\n<li>respinge energia solar\u0103 de la 19% la 49%<\/li>\n<\/ul>\n<\/div>[\/vc_column][vc_column width=&#8221;1\/2&#8243;][vc_empty_space height=&#8221;54px&#8221;]<div class=\"standard-arrow list-divider bullet-top\"><ul>\n<li>adeziv acrilat, transparent<\/li>\n<li>adaptat pentru aplica\u021bii exterioare<\/li>\n<li>potrivit pentru suprafe\u021be netede<\/li>\n<\/ul>\n<\/div>[\/vc_column][\/vc_row][vc_row css=&#8221;.vc_custom_1530878920860{margin-right: -28px !important;margin-left: -28px !important;}&#8221;][vc_column]<div class=\"ult_pricing_table_wrap ult_info_table ult_design_5  ult-cs-custom  \">\n\t\t\t\t\t<div class=\"ult_pricing_table \" style=\"background:#f7f7f7; \"><div id=\"Info-table-wrap-7982\" class=\"ult_pricing_heading\" style=\"background:#3a3a3a;color:#ffffff;\">\n\t\t\t\t\t\t\t<h3 class=\"ult-responsive\"  data-ultimate-target='#Info-table-wrap-7982 h3'  data-responsive-json-new='{\"font-size\":\"\",\"line-height\":\"\"}'  style=\"font-weight:normal;color:#ffffff;\">Tipuri de protec\u021bie oferite de Safety and Security Window Films:<\/h3><\/div><!--ult_pricing_heading--><div class=\"ult_price_body_block\" style=\"background:#3a3a3a;color:#ffffff;\">\n\t\t\t\t\t\t\t<div class=\"ult_price_body\">\n\t\t\t\t\t\t\t\t<div class=\"ult_price\">\n\t\t\t\t\t\t\t\t\t<div class=\"ult-just-icon-wrapper  \"><div class=\"align-icon\" style=\"text-align:center;\">\n<div class=\"aio-icon none \"  style=\"color:#e49900;font-size:32px;display:inline-block;\">\n\t<i class=\"Defaults-windows\"><\/i>\n<\/div><\/div><\/div>\n\t\t\t\t\t\t\t\t<\/div>\n\t\t\t\t\t\t\t<\/div>\n\t\t\t\t\t\t<\/div><!--ult_price_body_block--><div id=\"info_table_features_wrap-8108\"  data-ultimate-target='#info_table_features_wrap-8108.ult_price_features'  data-responsive-json-new='{\"font-size\":\"\",\"line-height\":\"\"}'  class=\"ult-responsive ult_price_features\" style=\"font-weight:normal;\">\n\t\t\t\t\t\t\t<table style=\"width: 944px; height: 145px;\">\n<tbody>\n<tr>\n<td style=\"width: 40%; text-align: left;\">Serie<\/td>\n<th style=\"width: 15%; text-align: center;\">S40 Exterior<\/th>\n<th style=\"width: 15%; text-align: center;\"><a style=\"color: #e49900;\" href=\"https:\/\/partners-ltd.com\/ro\/e-shop\/3m-folie-geamuri\/folie-protectie-pentru-geamuri\/3m-safety-and-security-window-films-s70-exterior-folie-de-protectie-impotriva-impactului-pentru-exterior\/\">S70 Exterior<\/a><\/th>\n<\/tr>\n<tr>\n<td style=\"text-align: left;\">Protec\u021bie la spargere<\/td>\n<td style=\"text-align: center;\">+ + + + +<\/td>\n<td style=\"text-align: center;\">+ + + + +<\/td>\n<\/tr>\n<tr>\n<td style=\"text-align: left;\">Rezisten\u021ba sticlei<\/td>\n<td style=\"text-align: center;\">+ +<\/td>\n<td style=\"text-align: center;\">+ + +<\/td>\n<\/tr>\n<tr>\n<td style=\"text-align: left;\">Protec\u021bie la cutremure<\/td>\n<td style=\"text-align: center;\">+ + + + +<\/td>\n<td style=\"text-align: center;\">+ + + + +<\/td>\n<\/tr>\n<tr>\n<td style=\"text-align: left;\">\u00cempotriva graffiti-urilor<\/td>\n<td style=\"text-align: center;\">+ + +<\/td>\n<td style=\"text-align: center;\">+ + + +<\/td>\n<\/tr>\n<\/tbody>\n<\/table>\n\n\t\t\t\t\t\t<\/div><!--ult_price_features--><div class=\"ult_clr\"><\/div>\n\t\t\t<\/div><!--pricing_table-->\n\t\t<\/div><!--pricing_table_wrap-->[\/vc_column][\/vc_row][vc_row css=&#8221;.vc_custom_1531293008623{margin-bottom: 20px !important;border-top-width: 1px !important;border-right-width: 1px !important;border-bottom-width: 1px !important;border-left-width: 1px !important;padding-right: 10px !important;padding-left: 10px !important;border-left-color: #e2e2e2 !important;border-left-style: dotted !important;border-right-color: #e2e2e2 !important;border-right-style: dotted !important;border-top-color: #e2e2e2 !important;border-top-style: dotted !important;border-bottom-color: #e2e2e2 !important;border-bottom-style: dotted !important;border-radius: 2px !important;}&#8221;][vc_column width=&#8221;1\/2&#8243;]<div id=\"ultimate-heading-863769e39a80d5ea8\" class=\"uvc-heading ult-adjust-bottom-margin ultimate-heading-863769e39a80d5ea8 uvc-5003 \" data-hspacer=\"no_spacer\"  data-halign=\"left\" style=\"text-align:left\"><div class=\"uvc-heading-spacer no_spacer\" style=\"top\"><\/div><div class=\"uvc-main-heading ult-responsive\"  data-ultimate-target='.uvc-heading.ultimate-heading-863769e39a80d5ea8 h3'  data-responsive-json-new='{\"font-size\":\"desktop:28px;\",\"line-height\":\"desktop:38px;\"}' ><h3 style=\"--font-weight:theme;margin-bottom:30px;\">Documente<\/h3><\/div><\/div>[vc_column_text]Buletin de produs \u0219i bro\u0219ur\u0103 pentru 3M Safety and Security Exterior Window Film S40.[\/vc_column_text][\/vc_column][vc_column width=&#8221;1\/2&#8243;][vc_row_inner gap=&#8221;20&#8243;][vc_column_inner width=&#8221;1\/2&#8243;][vc_column_text]<\/p>\n<p style=\"text-align: center;\">Bro\u0219ur\u0103 de produs<\/p>\n<p>[\/vc_column_text][vc_single_image image=&#8221;16010&#8243; img_size=&#8221;130&#215;180&#8243; alignment=&#8221;center&#8221; style=&#8221;vc_box_outline&#8221;]<style type=\"text\/css\" data-type=\"the7_shortcodes-inline-css\">#default-btn-f298b69141bbaff720c81ac82fb09812.ico-right-side > i {\n  margin-right: 0px;\n  margin-left: 8px;\n}\n#default-btn-f298b69141bbaff720c81ac82fb09812 > i {\n  margin-right: 8px;\n}\n<\/style><div class=\"btn-align-center\"><a href=\"\/wp-content\/uploads\/2018\/08\/3M-Safety-and-Security-Exterior-PDF.pdf\" class=\"default-btn-shortcode dt-btn dt-btn-s link-hover-off \" target=\"_blank\" id=\"default-btn-f298b69141bbaff720c81ac82fb09812\" rel=\"noopener\"><i class=\"fas fa-download\"><\/i><span>Descarc\u0103 PDF<\/span><\/a><\/div>[\/vc_column_inner][vc_column_inner width=&#8221;1\/2&#8243;][vc_column_text]<\/p>\n<p style=\"text-align: center;\">Buletin de produs<\/p>\n<p>[\/vc_column_text][vc_single_image image=&#8221;16012&#8243; img_size=&#8221;130&#215;180&#8243; alignment=&#8221;center&#8221; style=&#8221;vc_box_outline&#8221;]<style type=\"text\/css\" data-type=\"the7_shortcodes-inline-css\">#default-btn-663d5cb48ee27155e04381f44f415d72.ico-right-side > i {\n  margin-right: 0px;\n  margin-left: 8px;\n}\n#default-btn-663d5cb48ee27155e04381f44f415d72 > i {\n  margin-right: 8px;\n}\n<\/style><div class=\"btn-align-center\"><a href=\"\/wp-content\/uploads\/2018\/08\/3M-Safety-and-Security-S40-Exterior-PDF.pdf\" class=\"default-btn-shortcode dt-btn dt-btn-s link-hover-off \" target=\"_blank\" id=\"default-btn-663d5cb48ee27155e04381f44f415d72\" rel=\"noopener\"><i class=\"fas fa-download\"><\/i><span>Descarc\u0103 PDF<\/span><\/a><\/div>[\/vc_column_inner][\/vc_row_inner][\/vc_column][\/vc_row]<\/p>\n<\/div>","protected":false},"excerpt":{"rendered":"<p>Toate tipurile de folie din seria 3M Safety and Security sunt rezistente la impact \u0219i blindate. Sunt destinate pentru montaj exterior. Acestea ofer\u0103 protec\u021bie vitrinelor, ferestrelor \u0219i fa\u021badelor vitrate \u00eempotriva evenimentelor nedorite, cum ar fi vandalismul, furturile, uraganele, furtunile puternice, accidentele etc.<\/p>\n","protected":false},"featured_media":15979,"comment_status":"open","ping_status":"closed","template":"","meta":[],"product_cat":[1850,1861],"product_tag":[],"_links":{"self":[{"href":"https:\/\/partners-ltd.com\/ro\/wp-json\/wp\/v2\/product\/40288"}],"collection":[{"href":"https:\/\/partners-ltd.com\/ro\/wp-json\/wp\/v2\/product"}],"about":[{"href":"https:\/\/partners-ltd.com\/ro\/wp-json\/wp\/v2\/types\/product"}],"replies":[{"embeddable":true,"href":"https:\/\/partners-ltd.com\/ro\/wp-json\/wp\/v2\/comments?post=40288"}],"wp:featuredmedia":[{"embeddable":true,"href":"https:\/\/partners-ltd.com\/ro\/wp-json\/wp\/v2\/media\/15979"}],"wp:attachment":[{"href":"https:\/\/partners-ltd.com\/ro\/wp-json\/wp\/v2\/media?parent=40288"}],"wp:term":[{"taxonomy":"product_cat","embeddable":true,"href":"https:\/\/partners-ltd.com\/ro\/wp-json\/wp\/v2\/product_cat?post=40288"},{"taxonomy":"product_tag","embeddable":true,"href":"https:\/\/partners-ltd.com\/ro\/wp-json\/wp\/v2\/product_tag?post=40288"}],"curies":[{"name":"wp","href":"https:\/\/api.w.org\/{rel}","templated":true}]}}