{"id":40285,"date":"2018-07-07T15:00:52","date_gmt":"2018-07-07T12:00:52","guid":{"rendered":"https:\/\/partners-ltd.com\/magazin\/fara-categorie\/3m-crystalline-cr70-folie-de-protectie-solara-cristal-clar-pentru-geamurile-auto\/"},"modified":"2026-03-30T15:21:46","modified_gmt":"2026-03-30T12:21:46","slug":"3m-crystalline-cr70-folie-de-protectie-solara-cristal-clar-pentru-geamurile-auto","status":"publish","type":"product","link":"https:\/\/partners-ltd.com\/ro\/e-shop\/3m-folie-geamuri\/folie-auto-cu-protectie-solara\/3m-crystalline-cr70-folie-de-protectie-solara-cristal-clar-pentru-geamurile-auto\/","title":{"rendered":"3M Crystalline CR70 \u2013 folie de protec\u021bie solar\u0103 cristal clar pentru geamurile auto"},"content":{"rendered":"<div class=\"wpb-content-wrapper\"><p>[vc_row css=&#8221;.vc_custom_1530878786079{margin-bottom: 20px !important;border-top-width: 1px !important;border-right-width: 1px !important;border-bottom-width: 1px !important;border-left-width: 1px !important;padding-right: 10px !important;padding-left: 10px !important;border-left-color: #e2e2e2 !important;border-left-style: dotted !important;border-right-color: #e2e2e2 !important;border-right-style: dotted !important;border-top-color: #e2e2e2 !important;border-top-style: dotted !important;border-bottom-color: #e2e2e2 !important;border-bottom-style: dotted !important;border-radius: 1px !important;}&#8221;][vc_column]<div id=\"ultimate-heading-205569d8e75ca7eb7\" class=\"uvc-heading ult-adjust-bottom-margin ultimate-heading-205569d8e75ca7eb7 uvc-6498 \" data-hspacer=\"no_spacer\"  data-halign=\"left\" style=\"text-align:left\"><div class=\"uvc-heading-spacer no_spacer\" style=\"top\"><\/div><div class=\"uvc-main-heading ult-responsive\"  data-ultimate-target='.uvc-heading.ultimate-heading-205569d8e75ca7eb7 h2'  data-responsive-json-new='{\"font-size\":\"desktop:28px;\",\"line-height\":\"desktop:38px;\"}' ><h2 style=\"--font-weight:theme;margin-bottom:20px;\">3M Crystalline CR70, folie pentru sticl\u0103 pentru \u00eentunecare<\/h2><\/div><\/div>[vc_row_inner][vc_column_inner][vc_column_text]<strong>Absolut transparent\u0103<\/strong>,<strong> folie pentru sticl\u0103 de protec\u021bie solar\u0103<\/strong> de<strong> cea mai \u00eenalt\u0103 clas\u0103<\/strong>. Oferind<strong> protec\u021bie maxim\u0103<\/strong> \u00eempotriva <strong>luminii solare<\/strong> \u0219i <strong>c\u0103ldurii<\/strong> care p\u0103trund \u00een automobil \u0219i a radia\u021biei <strong>UV nocive<\/strong>. 3M Crystalline este liderul foliei pentru sticl\u0103. Este cristal clar, f\u0103r\u0103 a \u00eentuneca.<\/p>\n<p>Construit\u0103 cu o tehnologie unic\u0103 3M \u2013 <strong>200 de straturi de nanopolieter<\/strong>, av\u00e2nd \u00een acela\u0219i timp grosimea unei folii standard pentru sticl\u0103. Datorit\u0103 structurii sale multistrat, 3M Crystalline blocheaz\u0103 c\u0103ldura de c\u00e2teva ori mai bine dec\u00e2t toate materialele similare. Deoarece aceast\u0103 folie <strong>nu schimb\u0103 culoarea \u0219i transparen\u021ba sticlelor<\/strong> \u0219i garanteaz\u0103 o protec\u021bie excelent\u0103 \u00eempotriva luminii UV \u0219i infraro\u0219ii, precum \u0219i reduce reflexiile, este singura alegere posibil\u0103 pentru acoperirea parbrizului \u0219i a celor dou\u0103 geamuri laterale din fa\u021b\u0103 ale automobilelor. Folia <strong>nu con\u021bine metal<\/strong> \u0219i nu reduce puterea semnalelor GSM \u00een automobil.<\/p>\n<p>3M Crystalline CR 70 este o folie de \u00eenalt\u0103 calitate pentru geamurile auto, care permite trecerea a p\u00e2n\u0103 la 69% din lumin\u0103. Iar sistemul CS Color Stable Automotive Film asigur\u0103 o vizibilitate excelent\u0103 din interior spre exteriorul automobilului chiar \u0219i pe timp de noapte. Tehnologia inovatoare 3M garanteaz\u0103 stabilitatea \u0219i rezisten\u021ba foliei pe o perioad\u0103 lung\u0103 de timp.[\/vc_column_text][\/vc_column_inner][\/vc_row_inner][\/vc_column][\/vc_row][vc_row gap=&#8221;20&#8243; css=&#8221;.vc_custom_1530878934758{margin-bottom: 20px !important;border-top-width: 1px !important;border-right-width: 1px !important;border-bottom-width: 1px !important;border-left-width: 1px !important;padding-right: 10px !important;padding-left: 10px !important;border-left-color: #e2e2e2 !important;border-left-style: dotted !important;border-right-color: #e2e2e2 !important;border-right-style: dotted !important;border-top-color: #e2e2e2 !important;border-top-style: dotted !important;border-bottom-color: #e2e2e2 !important;border-bottom-style: dotted !important;border-radius: 2px !important;}&#8221;][vc_column width=&#8221;1\/2&#8243;]<div id=\"ultimate-heading-719969d8e75ca7ef9\" class=\"uvc-heading ult-adjust-bottom-margin ultimate-heading-719969d8e75ca7ef9 uvc-9470 \" data-hspacer=\"no_spacer\"  data-halign=\"left\" style=\"text-align:left\"><div class=\"uvc-heading-spacer no_spacer\" style=\"top\"><\/div><div class=\"uvc-main-heading ult-responsive\"  data-ultimate-target='.uvc-heading.ultimate-heading-719969d8e75ca7ef9 h3'  data-responsive-json-new='{\"font-size\":\"desktop:24px;\",\"line-height\":\"desktop:34px;\"}' ><h3 style=\"--font-weight:theme;margin-bottom:20px;\">Caracteristici principale:<\/h3><\/div><\/div><div class=\"standard-arrow list-divider bullet-top\"><ul>\n<li>permite trecerea a p\u00e2n\u0103 la 69% din lumin\u0103<\/li>\n<li>respinge 99,9% din razele UV<\/li>\n<li>reducerea str\u0103lucirii \u2013 22%<\/li>\n<li>procent de respingere a energiei solare p\u00e2n\u0103 la 50%<\/li>\n<li>minimizeaz\u0103 trecerea razelor infraro\u0219ii p\u00e2n\u0103 la 97%<\/li>\n<li>suport \u2013 200 de straturi de poliester nanocarbon<\/li>\n<\/ul>\n<\/div>[\/vc_column][vc_column width=&#8221;1\/2&#8243;][vc_empty_space height=&#8221;35px&#8221;][vc_single_image image=&#8221;15060&#8243; img_size=&#8221;full&#8221;][\/vc_column][\/vc_row]<\/p>\n<\/div>","protected":false},"excerpt":{"rendered":"<p>Folie de protec\u021bie solar\u0103 absolut transparent\u0103 pentru sticl\u0103 de \u00eenalt\u0103 clas\u0103, oferind protec\u021bie maxim\u0103 \u00eempotriva c\u0103ldurii solare \u0219i razelor UV. Permite trecerea a 69% din lumin\u0103. Nu con\u021bine metal \u0219i nu reduce semnalele GSM \u00een automobil. Extrem de rezistent, potrivit pentru utilizare pe termen lung.<\/p>\n","protected":false},"featured_media":15061,"comment_status":"open","ping_status":"closed","template":"","meta":[],"product_cat":[1850,1862],"product_tag":[],"_links":{"self":[{"href":"https:\/\/partners-ltd.com\/ro\/wp-json\/wp\/v2\/product\/40285"}],"collection":[{"href":"https:\/\/partners-ltd.com\/ro\/wp-json\/wp\/v2\/product"}],"about":[{"href":"https:\/\/partners-ltd.com\/ro\/wp-json\/wp\/v2\/types\/product"}],"replies":[{"embeddable":true,"href":"https:\/\/partners-ltd.com\/ro\/wp-json\/wp\/v2\/comments?post=40285"}],"wp:featuredmedia":[{"embeddable":true,"href":"https:\/\/partners-ltd.com\/ro\/wp-json\/wp\/v2\/media\/15061"}],"wp:attachment":[{"href":"https:\/\/partners-ltd.com\/ro\/wp-json\/wp\/v2\/media?parent=40285"}],"wp:term":[{"taxonomy":"product_cat","embeddable":true,"href":"https:\/\/partners-ltd.com\/ro\/wp-json\/wp\/v2\/product_cat?post=40285"},{"taxonomy":"product_tag","embeddable":true,"href":"https:\/\/partners-ltd.com\/ro\/wp-json\/wp\/v2\/product_tag?post=40285"}],"curies":[{"name":"wp","href":"https:\/\/api.w.org\/{rel}","templated":true}]}}