{"id":40274,"date":"2018-08-08T15:26:35","date_gmt":"2018-08-08T12:26:35","guid":{"rendered":"https:\/\/partners-ltd.com\/magazin\/fara-categorie\/3m-safety-and-security-window-films-ultra-s800-folie-de-protectie-impotriva-impactului\/"},"modified":"2025-05-29T13:57:49","modified_gmt":"2025-05-29T10:57:49","slug":"3m-safety-and-security-window-films-ultra-s800-folie-de-protectie-impotriva-impactului","status":"publish","type":"product","link":"https:\/\/partners-ltd.com\/ro\/e-shop\/3m-folie-geamuri\/folie-protectie-pentru-geamuri\/3m-safety-and-security-window-films-ultra-s800-folie-de-protectie-impotriva-impactului\/","title":{"rendered":"3M Safety and Security Window Films Ultra S800 \u2013 folie de protec\u021bie \u00eempotriva impactului"},"content":{"rendered":"<div class=\"wpb-content-wrapper\"><p>[vc_row css=&#8221;.vc_custom_1530878786079{margin-bottom: 20px !important;border-top-width: 1px !important;border-right-width: 1px !important;border-bottom-width: 1px !important;border-left-width: 1px !important;padding-right: 10px !important;padding-left: 10px !important;border-left-color: #e2e2e2 !important;border-left-style: dotted !important;border-right-color: #e2e2e2 !important;border-right-style: dotted !important;border-top-color: #e2e2e2 !important;border-top-style: dotted !important;border-bottom-color: #e2e2e2 !important;border-bottom-style: dotted !important;border-radius: 1px !important;}&#8221;][vc_column]<div id=\"ultimate-heading-519769f0368412892\" class=\"uvc-heading ult-adjust-bottom-margin ultimate-heading-519769f0368412892 uvc-844 \" data-hspacer=\"no_spacer\"  data-halign=\"left\" style=\"text-align:left\"><div class=\"uvc-heading-spacer no_spacer\" style=\"top\"><\/div><div class=\"uvc-main-heading ult-responsive\"  data-ultimate-target='.uvc-heading.ultimate-heading-519769f0368412892 h2'  data-responsive-json-new='{\"font-size\":\"desktop:28px;\",\"line-height\":\"desktop:38px;\"}' ><h2 style=\"--font-weight:theme;margin-bottom:20px;\">3M Ultra S800 - folie blindat\u0103 pentru sticl\u0103<\/h2><\/div><\/div>[vc_row_inner][vc_column_inner][vc_column_text]Folia de protec\u021bie \u00eempotriva impactului 3M S800 Safety &amp; Security ofer\u0103 protec\u021bie vitrinelor, ferestrelor \u0219i fa\u021badelor vitrate \u00eempotriva evenimentelor nedorite, cum ar fi vandalismul, uraganele, furtunile puternice etc. Re\u021bine fragmentele de sticl\u0103 \u00een caz de spargere, reduc\u00e2nd poten\u021bialele r\u0103ni cauzate de cioburi zbur\u0103toare.<br \/>\nFolia optic transparent\u0103 blocheaz\u0103 99% din razele UV. Reduce reflexiile. Are un strat protector \u00eempotriva zg\u00e2rierii. Folia a fost testat\u0103 \u0219i \u00eendepline\u0219te standardele de siguran\u021b\u0103 EN12600. Clasa A de rezisten\u021b\u0103 la foc conform ASTM E84.[\/vc_column_text][\/vc_column_inner][\/vc_row_inner][\/vc_column][\/vc_row][vc_row css=&#8221;.vc_custom_1534932810125{margin-bottom: 20px !important;border-top-width: 1px !important;border-right-width: 1px !important;border-bottom-width: 1px !important;border-left-width: 1px !important;padding-right: 10px !important;padding-left: 10px !important;border-left-color: #e2e2e2 !important;border-left-style: dotted !important;border-right-color: #e2e2e2 !important;border-right-style: dotted !important;border-top-color: #e2e2e2 !important;border-top-style: dotted !important;border-bottom-color: #e2e2e2 !important;border-bottom-style: dotted !important;border-radius: 2px !important;}&#8221;][vc_column width=&#8221;1\/2&#8243;]<div id=\"ultimate-heading-12769f03684128c8\" class=\"uvc-heading ult-adjust-bottom-margin ultimate-heading-12769f03684128c8 uvc-2892 \" data-hspacer=\"no_spacer\"  data-halign=\"left\" style=\"text-align:left\"><div class=\"uvc-heading-spacer no_spacer\" style=\"top\"><\/div><div class=\"uvc-main-heading ult-responsive\"  data-ultimate-target='.uvc-heading.ultimate-heading-12769f03684128c8 h3'  data-responsive-json-new='{\"font-size\":\"desktop:24px;\",\"line-height\":\"desktop:34px;\"}' ><h3 style=\"--font-weight:theme;margin-bottom:20px;\">Caracteristici principale:<\/h3><\/div><\/div><div class=\"standard-arrow list-divider bullet-top\"><ul>\n<li>Blocheaz\u0103 99% din razele UV<\/li>\n<li>permite trecerea a p\u00e2n\u0103 la 87% din lumin\u0103<\/li>\n<li>Respinge energia solar\u0103 p\u00e2n\u0103 la 22%.<\/li>\n<\/ul>\n<\/div>[\/vc_column][vc_column width=&#8221;1\/2&#8243;][vc_empty_space height=&#8221;54px&#8221;]<div class=\"standard-arrow list-divider bullet-top\"><ul>\n<li>adeziv sensibil la presiune<\/li>\n<li>adaptat pentru aplica\u021bii interioare<\/li>\n<li>potrivit pentru suprafe\u021be netede<\/li>\n<\/ul>\n<\/div>[\/vc_column][\/vc_row][vc_row css=&#8221;.vc_custom_1530878920860{margin-right: -28px !important;margin-left: -28px !important;}&#8221;][vc_column]<div class=\"ult_pricing_table_wrap ult_info_table ult_design_5  ult-cs-custom  \">\n\t\t\t\t\t<div class=\"ult_pricing_table \" style=\"background:#f7f7f7; \"><div id=\"Info-table-wrap-2092\" class=\"ult_pricing_heading\" style=\"background:#3a3a3a;color:#ffffff;\">\n\t\t\t\t\t\t\t<h3 class=\"ult-responsive\"  data-ultimate-target='#Info-table-wrap-2092 h3'  data-responsive-json-new='{\"font-size\":\"\",\"line-height\":\"\"}'  style=\"font-weight:normal;color:#ffffff;\">Tipuri de protec\u021bie oferite de Safety and Security Window Films:<\/h3><\/div><!--ult_pricing_heading--><div class=\"ult_price_body_block\" style=\"background:#3a3a3a;color:#ffffff;\">\n\t\t\t\t\t\t\t<div class=\"ult_price_body\">\n\t\t\t\t\t\t\t\t<div class=\"ult_price\">\n\t\t\t\t\t\t\t\t\t<div class=\"ult-just-icon-wrapper  \"><div class=\"align-icon\" style=\"text-align:center;\">\n<div class=\"aio-icon none \"  style=\"color:#e49900;font-size:32px;display:inline-block;\">\n\t<i class=\"Defaults-windows\"><\/i>\n<\/div><\/div><\/div>\n\t\t\t\t\t\t\t\t<\/div>\n\t\t\t\t\t\t\t<\/div>\n\t\t\t\t\t\t<\/div><!--ult_price_body_block--><div id=\"info_table_features_wrap-6082\"  data-ultimate-target='#info_table_features_wrap-6082.ult_price_features'  data-responsive-json-new='{\"font-size\":\"\",\"line-height\":\"\"}'  class=\"ult-responsive ult_price_features\" style=\"font-weight:normal;\">\n\t\t\t\t\t\t\t<table style=\"width: 940px; height: 119px;\">\n<tbody>\n<tr>\n<td style=\"width: 40%; text-align: left;\">Serie<\/td>\n<th style=\"width: 15%; text-align: center;\"><a style=\"color: #e49900;\" href=\"https:\/\/partners-ltd.com\/?post_type=product&amp;p=7243\">Ultra S600<\/a><\/th>\n<th style=\"width: 15%; text-align: center;\">Ultra S800<\/th>\n<\/tr>\n<tr>\n<td style=\"text-align: left;\">Protec\u021bie la spargere<\/td>\n<td style=\"text-align: center;\">+ + + +<\/td>\n<td style=\"text-align: center;\">+ + + + +<\/td>\n<\/tr>\n<tr>\n<td style=\"text-align: left;\">Rezisten\u021ba sticlei<\/td>\n<td style=\"text-align: center;\">+ + + + +<\/td>\n<td style=\"text-align: center;\">+ + + + +<\/td>\n<\/tr>\n<tr>\n<td style=\"text-align: left;\">Protec\u021bie la cutremure<\/td>\n<td style=\"text-align: center;\">+ + + + +<\/td>\n<td style=\"text-align: center;\">+ + + + +<\/td>\n<\/tr>\n<tr>\n<td style=\"text-align: left;\">Amortizarea daunelor \u00een caz de explozie<\/td>\n<td style=\"text-align: center;\">+ + + +<\/td>\n<td style=\"text-align: center;\">+ + + + +<\/td>\n<\/tr>\n<\/tbody>\n<\/table>\n\n\t\t\t\t\t\t<\/div><!--ult_price_features--><div class=\"ult_clr\"><\/div>\n\t\t\t<\/div><!--pricing_table-->\n\t\t<\/div><!--pricing_table_wrap-->[\/vc_column][\/vc_row][vc_row css=&#8221;.vc_custom_1531293008623{margin-bottom: 20px !important;border-top-width: 1px !important;border-right-width: 1px !important;border-bottom-width: 1px !important;border-left-width: 1px !important;padding-right: 10px !important;padding-left: 10px !important;border-left-color: #e2e2e2 !important;border-left-style: dotted !important;border-right-color: #e2e2e2 !important;border-right-style: dotted !important;border-top-color: #e2e2e2 !important;border-top-style: dotted !important;border-bottom-color: #e2e2e2 !important;border-bottom-style: dotted !important;border-radius: 2px !important;}&#8221;][vc_column width=&#8221;1\/2&#8243;]<div id=\"ultimate-heading-909569f0368412b6f\" class=\"uvc-heading ult-adjust-bottom-margin ultimate-heading-909569f0368412b6f uvc-2740 \" data-hspacer=\"no_spacer\"  data-halign=\"left\" style=\"text-align:left\"><div class=\"uvc-heading-spacer no_spacer\" style=\"top\"><\/div><div class=\"uvc-main-heading ult-responsive\"  data-ultimate-target='.uvc-heading.ultimate-heading-909569f0368412b6f h3'  data-responsive-json-new='{\"font-size\":\"desktop:28px;\",\"line-height\":\"desktop:38px;\"}' ><h3 style=\"--font-weight:theme;margin-bottom:30px;\">Documente<\/h3><\/div><\/div>[vc_column_text]Buletin de produs \u0219i bro\u0219ur\u0103 pentru 3M Safety and Security Window Film Ultra S800.[\/vc_column_text][\/vc_column][vc_column width=&#8221;1\/2&#8243;][vc_row_inner gap=&#8221;20&#8243;][vc_column_inner width=&#8221;1\/2&#8243;][vc_column_text]<\/p>\n<p style=\"text-align: center;\">Bro\u0219ur\u0103 de produs<\/p>\n<p>[\/vc_column_text][vc_single_image image=&#8221;16016&#8243; img_size=&#8221;130&#215;180&#8243; alignment=&#8221;center&#8221; style=&#8221;vc_box_outline&#8221;]<style type=\"text\/css\" data-type=\"the7_shortcodes-inline-css\">#default-btn-93230557400c9bc36a7dc35375d362c4.ico-right-side > i {\n  margin-right: 0px;\n  margin-left: 8px;\n}\n#default-btn-93230557400c9bc36a7dc35375d362c4 > i {\n  margin-right: 8px;\n}\n<\/style><div class=\"btn-align-center\"><a href=\"\/wp-content\/uploads\/2018\/08\/3M-Safety-and-Security-Ultra-PDF.pdf\" class=\"default-btn-shortcode dt-btn dt-btn-s link-hover-off \" target=\"_blank\" id=\"default-btn-93230557400c9bc36a7dc35375d362c4\" rel=\"noopener\"><i class=\"fas fa-download\"><\/i><span>Descarc\u0103 PDF<\/span><\/a><\/div>[\/vc_column_inner][vc_column_inner width=&#8221;1\/2&#8243;][vc_column_text]<\/p>\n<p style=\"text-align: center;\">Buletin de produs<\/p>\n<p>[\/vc_column_text][vc_single_image image=&#8221;16020&#8243; img_size=&#8221;130&#215;180&#8243; alignment=&#8221;center&#8221; style=&#8221;vc_box_outline&#8221;]<style type=\"text\/css\" data-type=\"the7_shortcodes-inline-css\">#default-btn-11267fe42dd891c9619ec48808c7e6d0.ico-right-side > i {\n  margin-right: 0px;\n  margin-left: 8px;\n}\n#default-btn-11267fe42dd891c9619ec48808c7e6d0 > i {\n  margin-right: 8px;\n}\n<\/style><div class=\"btn-align-center\"><a href=\"\/wp-content\/uploads\/2018\/08\/3M-Safety-and-Security-Ultra-S800-PDF.pdf\" class=\"default-btn-shortcode dt-btn dt-btn-s link-hover-off \" target=\"_blank\" id=\"default-btn-11267fe42dd891c9619ec48808c7e6d0\" rel=\"noopener\"><i class=\"fas fa-download\"><\/i><span>Descarc\u0103 PDF<\/span><\/a><\/div>[\/vc_column_inner][\/vc_row_inner][\/vc_column][\/vc_row]<\/p>\n<\/div>","protected":false},"excerpt":{"rendered":"<p>Folia de protec\u021bie \u00eempotriva impactului 3M S800 Safety &amp; Security ofer\u0103 protec\u021bie vitrinelor, ferestrelor \u0219i fa\u021badelor vitrate \u00eempotriva evenimentelor nedorite, cum ar fi vandalismul, uraganele, furtunile puternice etc. Re\u021bine fragmentele de sticl\u0103 \u00een caz de spargere, reduc\u00e2nd poten\u021bialele r\u0103ni cauzate de cioburi zbur\u0103toare.<\/p>\n","protected":false},"featured_media":15998,"comment_status":"open","ping_status":"closed","template":"","meta":[],"product_cat":[1850,1861],"product_tag":[],"_links":{"self":[{"href":"https:\/\/partners-ltd.com\/ro\/wp-json\/wp\/v2\/product\/40274"}],"collection":[{"href":"https:\/\/partners-ltd.com\/ro\/wp-json\/wp\/v2\/product"}],"about":[{"href":"https:\/\/partners-ltd.com\/ro\/wp-json\/wp\/v2\/types\/product"}],"replies":[{"embeddable":true,"href":"https:\/\/partners-ltd.com\/ro\/wp-json\/wp\/v2\/comments?post=40274"}],"wp:featuredmedia":[{"embeddable":true,"href":"https:\/\/partners-ltd.com\/ro\/wp-json\/wp\/v2\/media\/15998"}],"wp:attachment":[{"href":"https:\/\/partners-ltd.com\/ro\/wp-json\/wp\/v2\/media?parent=40274"}],"wp:term":[{"taxonomy":"product_cat","embeddable":true,"href":"https:\/\/partners-ltd.com\/ro\/wp-json\/wp\/v2\/product_cat?post=40274"},{"taxonomy":"product_tag","embeddable":true,"href":"https:\/\/partners-ltd.com\/ro\/wp-json\/wp\/v2\/product_tag?post=40274"}],"curies":[{"name":"wp","href":"https:\/\/api.w.org\/{rel}","templated":true}]}}