{"id":40272,"date":"2018-08-13T10:01:43","date_gmt":"2018-08-13T07:01:43","guid":{"rendered":"https:\/\/partners-ltd.com\/magazin\/fara-categorie\/3m-sun-control-window-film-silver-15-plastic-folie-de-protectie-solara-pentru-montaj-exterior\/"},"modified":"2025-06-18T10:11:26","modified_gmt":"2025-06-18T07:11:26","slug":"3m-sun-control-window-film-silver-15-plastic-folie-de-protectie-solara-pentru-montaj-exterior","status":"publish","type":"product","link":"https:\/\/partners-ltd.com\/ro\/e-shop\/3m-folie-geamuri\/folie-protectie-solara-pentru-geamuri\/3m-sun-control-window-film-silver-15-plastic-folie-de-protectie-solara-pentru-montaj-exterior\/","title":{"rendered":"3M Sun Control Window Film Silver 15 Plastic &#8211; folie de protec\u021bie solar\u0103 pentru montaj exterior"},"content":{"rendered":"<div class=\"wpb-content-wrapper\"><p>[vc_row css=&#8221;.vc_custom_1530878786079{margin-bottom: 20px !important;border-top-width: 1px !important;border-right-width: 1px !important;border-bottom-width: 1px !important;border-left-width: 1px !important;padding-right: 10px !important;padding-left: 10px !important;border-left-color: #e2e2e2 !important;border-left-style: dotted !important;border-right-color: #e2e2e2 !important;border-right-style: dotted !important;border-top-color: #e2e2e2 !important;border-top-style: dotted !important;border-bottom-color: #e2e2e2 !important;border-bottom-style: dotted !important;border-radius: 1px !important;}&#8221;][vc_column]<div id=\"ultimate-heading-935769ee331c3f755\" class=\"uvc-heading ult-adjust-bottom-margin ultimate-heading-935769ee331c3f755 uvc-6777 \" data-hspacer=\"no_spacer\"  data-halign=\"left\" style=\"text-align:left\"><div class=\"uvc-heading-spacer no_spacer\" style=\"top\"><\/div><div class=\"uvc-main-heading ult-responsive\"  data-ultimate-target='.uvc-heading.ultimate-heading-935769ee331c3f755 h2'  data-responsive-json-new='{\"font-size\":\"desktop:28px;\",\"line-height\":\"desktop:38px;\"}' ><h2 style=\"--font-weight:theme;margin-bottom:20px;\">3M Sun Control Silver 15 Plastic - folie de \u00eenalt\u0103 calitate pentru sticl\u0103<\/h2><\/div><\/div>[vc_row_inner][vc_column_inner width=&#8221;1\/2&#8243;][vc_single_image image=&#8221;16917&#8243; img_size=&#8221;full&#8221; alignment=&#8221;center&#8221;][\/vc_column_inner][vc_column_inner width=&#8221;1\/2&#8243;][vc_column_text]3M <a href=\"\/kategoriya\/3m-folio-stukla\/sluncezashtitno-folio-stukla\/\"><strong>folie de protec\u021bie solar\u0103<\/strong><\/a>, pentru sticl\u0103, ferestre \u0219i fa\u021bade din sticl\u0103. Blocheaz\u0103 c\u0103ldura solar\u0103 excesiv\u0103 care p\u0103trunde prin ferestre, reduc\u00e2nd astfel costurile de r\u0103cire vara \u0219i de \u00eenc\u0103lzire iarna. \u00cen acela\u0219i timp, asigur\u0103 o abunden\u021b\u0103 de lumin\u0103 natural\u0103.<\/p>\n<p>3M 15 Silver Plastic este <strong><a href=\"\/kategoriya\/3m-folio-stukla\/\">folie pentru sticl\u0103<\/a><\/strong> pentru montaj exterior, reflect\u0103 lumina solar\u0103 f\u0103r\u0103 a afecta vizibilitatea \u00een \u00eenc\u0103pere. Ofer\u0103 protec\u021bie ridicat\u0103 \u00eempotriva razelor UV \u0219i reduce str\u0103lucirea p\u00e2n\u0103 la 81%.<\/p>\n<p>Tehnologia inovatoare 3M garanteaz\u0103 stabilitatea \u0219i rezisten\u021ba foliei \u0219i a culorii pe o perioad\u0103 lung\u0103 de timp.[\/vc_column_text][\/vc_column_inner][\/vc_row_inner][\/vc_column][\/vc_row][vc_row css=&#8221;.vc_custom_1535006559785{margin-bottom: 20px !important;border-top-width: 1px !important;border-right-width: 1px !important;border-bottom-width: 1px !important;border-left-width: 1px !important;padding-right: 10px !important;padding-left: 10px !important;border-left-color: #e2e2e2 !important;border-left-style: dotted !important;border-right-color: #e2e2e2 !important;border-right-style: dotted !important;border-top-color: #e2e2e2 !important;border-top-style: dotted !important;border-bottom-color: #e2e2e2 !important;border-bottom-style: dotted !important;border-radius: 2px !important;}&#8221;][vc_column width=&#8221;1\/2&#8243;]<div id=\"ultimate-heading-443869ee331c3f789\" class=\"uvc-heading ult-adjust-bottom-margin ultimate-heading-443869ee331c3f789 uvc-7412 \" data-hspacer=\"no_spacer\"  data-halign=\"left\" style=\"text-align:left\"><div class=\"uvc-heading-spacer no_spacer\" style=\"top\"><\/div><div class=\"uvc-main-heading ult-responsive\"  data-ultimate-target='.uvc-heading.ultimate-heading-443869ee331c3f789 h3'  data-responsive-json-new='{\"font-size\":\"desktop:24px;\",\"line-height\":\"desktop:34px;\"}' ><h3 style=\"--font-weight:theme;margin-bottom:20px;\">Caracteristici principale:<\/h3><\/div><\/div><div class=\"standard-arrow list-divider bullet-top\"><ul>\n<li>Blocheaz\u0103 99% din razele UV<\/li>\n<li>Reducerea str\u0103lucirii \u2013 81%<\/li>\n<li>Respinge energia solar\u0103 p\u00e2n\u0103 la 82%.<\/li>\n<li>transmisia luminii vizibile \u2013 14%<\/li>\n<\/ul>\n<\/div>[\/vc_column][vc_column width=&#8221;1\/2&#8243;][vc_empty_space height=&#8221;54px&#8221;]<div class=\"standard-arrow list-divider bullet-top\"><ul>\n<li>sensibil la presiune, adeziv acrilic<\/li>\n<li>adaptat pentru aplica\u021bii exterioare<\/li>\n<li>potrivit pentru suprafe\u021be netede<\/li>\n<\/ul>\n<\/div>[\/vc_column][\/vc_row][vc_row css=&#8221;.vc_custom_1531293008623{margin-bottom: 20px !important;border-top-width: 1px !important;border-right-width: 1px !important;border-bottom-width: 1px !important;border-left-width: 1px !important;padding-right: 10px !important;padding-left: 10px !important;border-left-color: #e2e2e2 !important;border-left-style: dotted !important;border-right-color: #e2e2e2 !important;border-right-style: dotted !important;border-top-color: #e2e2e2 !important;border-top-style: dotted !important;border-bottom-color: #e2e2e2 !important;border-bottom-style: dotted !important;border-radius: 2px !important;}&#8221;][vc_column]<div id=\"ultimate-heading-301669ee331c3f805\" class=\"uvc-heading ult-adjust-bottom-margin ultimate-heading-301669ee331c3f805 uvc-2534 \" data-hspacer=\"no_spacer\"  data-halign=\"left\" style=\"text-align:left\"><div class=\"uvc-heading-spacer no_spacer\" style=\"top\"><\/div><div class=\"uvc-main-heading ult-responsive\"  data-ultimate-target='.uvc-heading.ultimate-heading-301669ee331c3f805 h3'  data-responsive-json-new='{\"font-size\":\"desktop:28px;\",\"line-height\":\"desktop:38px;\"}' ><h3 style=\"--font-weight:theme;margin-bottom:30px;\">Documente<\/h3><\/div><\/div>[vc_row_inner gap=&#8221;20&#8243; css=&#8221;.vc_custom_1674820652981{margin-bottom: 30px !important;}&#8221;][vc_column_inner width=&#8221;1\/3&#8243;][vc_column_text]<\/p>\n<p style=\"text-align: center;\">Bro\u0219ur\u0103 \u00een limba bulgar\u0103<\/p>\n<p>[\/vc_column_text][vc_single_image image=&#8221;30266&#8243; img_size=&#8221;130&#215;180&#8243; alignment=&#8221;center&#8221; style=&#8221;vc_box_outline&#8221; onclick=&#8221;custom_link&#8221; img_link_target=&#8221;_blank&#8221; link=&#8221;\/wp-content\/uploads\/2021\/02\/Brochure-Sun-Control-films-with-adnotations.pdf&#8221;]<style type=\"text\/css\" data-type=\"the7_shortcodes-inline-css\">#default-btn-4fbbea170f727f517f71c1cc32ad4f33.ico-right-side > i {\n  margin-right: 0px;\n  margin-left: 8px;\n}\n#default-btn-4fbbea170f727f517f71c1cc32ad4f33 > i {\n  margin-right: 8px;\n}\n<\/style><div class=\"btn-align-center\"><a href=\"\/wp-content\/uploads\/2021\/02\/Edited_bg_Brochure-Sun-Control-Films.pdf\" class=\"default-btn-shortcode dt-btn dt-btn-s link-hover-off \" target=\"_blank\" id=\"default-btn-4fbbea170f727f517f71c1cc32ad4f33\" rel=\"noopener\"><i class=\"fas fa-download\"><\/i><span>Descarc\u0103 PDF<\/span><\/a><\/div>[\/vc_column_inner][vc_column_inner width=&#8221;1\/3&#8243;][vc_column_text]<\/p>\n<p style=\"text-align: center;\">Buletin de produs<\/p>\n<p>[\/vc_column_text][vc_single_image image=&#8221;16050&#8243; img_size=&#8221;130&#215;180&#8243; alignment=&#8221;center&#8221; style=&#8221;vc_box_outline&#8221; onclick=&#8221;custom_link&#8221; img_link_target=&#8221;_blank&#8221; link=&#8221;\/wp-content\/uploads\/2018\/08\/3M-Sun-Control-Window-Film-Silver-15-Plastic-PDF.pdf&#8221;]<style type=\"text\/css\" data-type=\"the7_shortcodes-inline-css\">#default-btn-6910ffd1f802adcba01def9f469ba526.ico-right-side > i {\n  margin-right: 0px;\n  margin-left: 8px;\n}\n#default-btn-6910ffd1f802adcba01def9f469ba526 > i {\n  margin-right: 8px;\n}\n<\/style><div class=\"btn-align-center\"><a href=\"\/wp-content\/uploads\/2018\/08\/3M-Sun-Control-Window-Film-Silver-15-Plastic-PDF.pdf\" class=\"default-btn-shortcode dt-btn dt-btn-s link-hover-off \" target=\"_blank\" id=\"default-btn-6910ffd1f802adcba01def9f469ba526\" rel=\"noopener\"><i class=\"fas fa-download\"><\/i><span>Descarc\u0103 PDF<\/span><\/a><\/div>[\/vc_column_inner][vc_column_inner width=&#8221;1\/3&#8243;][\/vc_column_inner][\/vc_row_inner][\/vc_column][\/vc_row][vc_row][vc_column][vc_column_text]<\/p>\n<p>[\/vc_column_text][\/vc_column][\/vc_row]<\/p>\n<\/div>","protected":false},"excerpt":{"rendered":"<p>Folia de protec\u021bie solar\u0103 3M este destinat\u0103 ferestrelor \u0219i fa\u021badelor din sticl\u0103. 3M 15 Plastic este o folie pentru montaj exterior, reflect\u0103 lumina solar\u0103 f\u0103r\u0103 a afecta vizibilitatea \u00een \u00eenc\u0103pere.<\/p>\n","protected":false},"featured_media":16052,"comment_status":"open","ping_status":"closed","template":"","meta":[],"product_cat":[1863],"product_tag":[],"_links":{"self":[{"href":"https:\/\/partners-ltd.com\/ro\/wp-json\/wp\/v2\/product\/40272"}],"collection":[{"href":"https:\/\/partners-ltd.com\/ro\/wp-json\/wp\/v2\/product"}],"about":[{"href":"https:\/\/partners-ltd.com\/ro\/wp-json\/wp\/v2\/types\/product"}],"replies":[{"embeddable":true,"href":"https:\/\/partners-ltd.com\/ro\/wp-json\/wp\/v2\/comments?post=40272"}],"wp:featuredmedia":[{"embeddable":true,"href":"https:\/\/partners-ltd.com\/ro\/wp-json\/wp\/v2\/media\/16052"}],"wp:attachment":[{"href":"https:\/\/partners-ltd.com\/ro\/wp-json\/wp\/v2\/media?parent=40272"}],"wp:term":[{"taxonomy":"product_cat","embeddable":true,"href":"https:\/\/partners-ltd.com\/ro\/wp-json\/wp\/v2\/product_cat?post=40272"},{"taxonomy":"product_tag","embeddable":true,"href":"https:\/\/partners-ltd.com\/ro\/wp-json\/wp\/v2\/product_tag?post=40272"}],"curies":[{"name":"wp","href":"https:\/\/api.w.org\/{rel}","templated":true}]}}