{"id":40267,"date":"2018-08-18T14:41:21","date_gmt":"2018-08-18T11:41:21","guid":{"rendered":"https:\/\/partners-ltd.com\/magazin\/fara-categorie\/3m-sun-control-window-film-night-vision-15-folie-de-protectie-solara-pentru-montaj-interior\/"},"modified":"2025-06-18T10:18:06","modified_gmt":"2025-06-18T07:18:06","slug":"3m-sun-control-window-film-night-vision-15-folie-de-protectie-solara-pentru-montaj-interior","status":"publish","type":"product","link":"https:\/\/partners-ltd.com\/ro\/e-shop\/3m-folie-geamuri\/folie-protectie-solara-pentru-geamuri\/3m-sun-control-window-film-night-vision-15-folie-de-protectie-solara-pentru-montaj-interior\/","title":{"rendered":"3M Sun Control Window Film Night Vision 15 &#8211; folie de protec\u021bie solar\u0103 pentru montaj interior"},"content":{"rendered":"<div class=\"wpb-content-wrapper\"><p>[vc_row css=&#8221;.vc_custom_1530878786079{margin-bottom: 20px !important;border-top-width: 1px !important;border-right-width: 1px !important;border-bottom-width: 1px !important;border-left-width: 1px !important;padding-right: 10px !important;padding-left: 10px !important;border-left-color: #e2e2e2 !important;border-left-style: dotted !important;border-right-color: #e2e2e2 !important;border-right-style: dotted !important;border-top-color: #e2e2e2 !important;border-top-style: dotted !important;border-bottom-color: #e2e2e2 !important;border-bottom-style: dotted !important;border-radius: 1px !important;}&#8221;][vc_column]<div id=\"ultimate-heading-132369e85d1eba60a\" class=\"uvc-heading ult-adjust-bottom-margin ultimate-heading-132369e85d1eba60a uvc-8580 \" data-hspacer=\"no_spacer\"  data-halign=\"left\" style=\"text-align:left\"><div class=\"uvc-heading-spacer no_spacer\" style=\"top\"><\/div><div class=\"uvc-main-heading ult-responsive\"  data-ultimate-target='.uvc-heading.ultimate-heading-132369e85d1eba60a h2'  data-responsive-json-new='{\"font-size\":\"desktop:28px;\",\"line-height\":\"desktop:38px;\"}' ><h2 style=\"--font-weight:theme;margin-bottom:20px;\">3M Night Vision 15 - folie oglind\u0103 de \u00eenalt\u0103 calitate<\/h2><\/div><\/div>[vc_row_inner][vc_column_inner width=&#8221;1\/2&#8243;][vc_single_image image=&#8221;16907&#8243; img_size=&#8221;full&#8221; alignment=&#8221;center&#8221;][\/vc_column_inner][vc_column_inner width=&#8221;1\/2&#8243;][vc_column_text]Folie oglind\u0103 <strong><a href=\"\/kategoriya\/3m-folio-stukla\/sluncezashtitno-folio-stukla\/\">de protec\u021bie solar\u0103 pentru sticl\u0103<\/a>.<\/strong><\/p>\n<p>Folia de protec\u021bie solar\u0103 3M Night Vision este <strong><a href=\"\/kategoriya\/3m-folio-stukla\/\">folie pentru sticl\u0103<\/a>,<\/strong> ferestre \u0219i fa\u021bade vitrate cu efect de oglind\u0103 la exterior \u0219i ofer\u0103 vizibilitate din interior spre exterior. 3M Night Vision este unic\u0103 prin faptul c\u0103 ofer\u0103 vizibilitate din interior spre exterior chiar \u0219i noaptea, spre deosebire de folia oglind\u0103 tradi\u021bional\u0103, la care noaptea, c\u00e2nd luminile sunt aprinse, efectul de oglind\u0103 se inverseaz\u0103 \u0219i blocheaz\u0103 vizibilitatea din interior spre exterior.<\/p>\n<p>Tehnologia inovatoare 3M garanteaz\u0103 stabilitatea \u0219i rezisten\u021ba foliei \u0219i a culorii pe o perioad\u0103 lung\u0103 de timp. Blocheaz\u0103 vizibilitatea din exterior spre interiorul cl\u0103dirii \u0219i ofer\u0103 vizibilitate din interior spre exterior chiar \u0219i noaptea.[\/vc_column_text][\/vc_column_inner][\/vc_row_inner][\/vc_column][\/vc_row][vc_row css=&#8221;.vc_custom_1534941609439{margin-bottom: 20px !important;border-top-width: 1px !important;border-right-width: 1px !important;border-bottom-width: 1px !important;border-left-width: 1px !important;padding-right: 10px !important;padding-left: 10px !important;border-left-color: #e2e2e2 !important;border-left-style: dotted !important;border-right-color: #e2e2e2 !important;border-right-style: dotted !important;border-top-color: #e2e2e2 !important;border-top-style: dotted !important;border-bottom-color: #e2e2e2 !important;border-bottom-style: dotted !important;border-radius: 2px !important;}&#8221;][vc_column width=&#8221;1\/2&#8243;]<div id=\"ultimate-heading-373869e85d1eba660\" class=\"uvc-heading ult-adjust-bottom-margin ultimate-heading-373869e85d1eba660 uvc-2224 \" data-hspacer=\"no_spacer\"  data-halign=\"left\" style=\"text-align:left\"><div class=\"uvc-heading-spacer no_spacer\" style=\"top\"><\/div><div class=\"uvc-main-heading ult-responsive\"  data-ultimate-target='.uvc-heading.ultimate-heading-373869e85d1eba660 h3'  data-responsive-json-new='{\"font-size\":\"desktop:24px;\",\"line-height\":\"desktop:34px;\"}' ><h3 style=\"--font-weight:theme;margin-bottom:20px;\">Caracteristici principale:<\/h3><\/div><\/div><div class=\"standard-arrow list-divider bullet-top\"><ul>\n<li>Blocheaz\u0103 99% din razele UV<\/li>\n<li>Reducerea str\u0103lucirii \u2013 83%<\/li>\n<li>Respinge energia solar\u0103 p\u00e2n\u0103 la 75%.<\/li>\n<li>transmisia luminii vizibile \u2013 15%<\/li>\n<\/ul>\n<\/div>[\/vc_column][vc_column width=&#8221;1\/2&#8243;][vc_empty_space height=&#8221;54px&#8221;]<div class=\"standard-arrow list-divider bullet-top\"><ul>\n<li>Adeziv acrilic<\/li>\n<li>adaptat pentru aplica\u021bii interioare<\/li>\n<li>potrivit pentru suprafe\u021be netede<\/li>\n<\/ul>\n<\/div>[\/vc_column][\/vc_row][vc_row css=&#8221;.vc_custom_1531293008623{margin-bottom: 20px !important;border-top-width: 1px !important;border-right-width: 1px !important;border-bottom-width: 1px !important;border-left-width: 1px !important;padding-right: 10px !important;padding-left: 10px !important;border-left-color: #e2e2e2 !important;border-left-style: dotted !important;border-right-color: #e2e2e2 !important;border-right-style: dotted !important;border-top-color: #e2e2e2 !important;border-top-style: dotted !important;border-bottom-color: #e2e2e2 !important;border-bottom-style: dotted !important;border-radius: 2px !important;}&#8221;][vc_column]<div id=\"ultimate-heading-752469e85d1eba754\" class=\"uvc-heading ult-adjust-bottom-margin ultimate-heading-752469e85d1eba754 uvc-6846 \" data-hspacer=\"no_spacer\"  data-halign=\"left\" style=\"text-align:left\"><div class=\"uvc-heading-spacer no_spacer\" style=\"top\"><\/div><div class=\"uvc-main-heading ult-responsive\"  data-ultimate-target='.uvc-heading.ultimate-heading-752469e85d1eba754 h3'  data-responsive-json-new='{\"font-size\":\"desktop:28px;\",\"line-height\":\"desktop:38px;\"}' ><h3 style=\"--font-weight:theme;margin-bottom:30px;\">Documente<\/h3><\/div><\/div>[vc_row_inner gap=&#8221;20&#8243; css=&#8221;.vc_custom_1674813261244{margin-bottom: 30px !important;}&#8221;][vc_column_inner width=&#8221;1\/3&#8243;][vc_column_text]<\/p>\n<p style=\"text-align: center;\">Bro\u0219ur\u0103 \u00een limba bulgar\u0103<\/p>\n<p>[\/vc_column_text][vc_single_image image=&#8221;30266&#8243; img_size=&#8221;130&#215;180&#8243; alignment=&#8221;center&#8221; style=&#8221;vc_box_outline&#8221; onclick=&#8221;custom_link&#8221; link=&#8221;\/wp-content\/uploads\/2021\/02\/Brochure-Sun-Control-films-with-adnotations.pdf&#8221;]<style type=\"text\/css\" data-type=\"the7_shortcodes-inline-css\">#default-btn-4fbbea170f727f517f71c1cc32ad4f33.ico-right-side > i {\n  margin-right: 0px;\n  margin-left: 8px;\n}\n#default-btn-4fbbea170f727f517f71c1cc32ad4f33 > i {\n  margin-right: 8px;\n}\n<\/style><div class=\"btn-align-center\"><a href=\"\/wp-content\/uploads\/2021\/02\/Edited_bg_Brochure-Sun-Control-Films.pdf\" class=\"default-btn-shortcode dt-btn dt-btn-s link-hover-off \" target=\"_blank\" id=\"default-btn-4fbbea170f727f517f71c1cc32ad4f33\" rel=\"noopener\"><i class=\"fas fa-download\"><\/i><span>Descarc\u0103 PDF<\/span><\/a><\/div>[\/vc_column_inner][vc_column_inner width=&#8221;1\/3&#8243;][vc_column_text]<\/p>\n<p style=\"text-align: center;\">Bro\u0219ur\u0103 de produs<\/p>\n<p>[\/vc_column_text][vc_single_image image=&#8221;16035&#8243; img_size=&#8221;130&#215;180&#8243; alignment=&#8221;center&#8221; style=&#8221;vc_box_outline&#8221;]<style type=\"text\/css\" data-type=\"the7_shortcodes-inline-css\">#default-btn-849ca34537950afbb6be7a8135f15d3c.ico-right-side > i {\n  margin-right: 0px;\n  margin-left: 8px;\n}\n#default-btn-849ca34537950afbb6be7a8135f15d3c > i {\n  margin-right: 8px;\n}\n<\/style><div class=\"btn-align-center\"><a href=\"\/wp-content\/uploads\/2018\/08\/3M-Sun-Control-Window-Film-Night-Vision-PDF.pdf\" class=\"default-btn-shortcode dt-btn dt-btn-s link-hover-off \" target=\"_blank\" id=\"default-btn-849ca34537950afbb6be7a8135f15d3c\" rel=\"noopener\"><i class=\"fas fa-download\"><\/i><span>Descarc\u0103 PDF<\/span><\/a><\/div>[\/vc_column_inner][vc_column_inner width=&#8221;1\/3&#8243;][vc_column_text]<\/p>\n<p style=\"text-align: center;\">Buletin de produs<\/p>\n<p>[\/vc_column_text][vc_single_image image=&#8221;16034&#8243; img_size=&#8221;130&#215;180&#8243; alignment=&#8221;center&#8221; style=&#8221;vc_box_outline&#8221;]<style type=\"text\/css\" data-type=\"the7_shortcodes-inline-css\">#default-btn-88101b8e2fdf4f24aab361954a0f5e44.ico-right-side > i {\n  margin-right: 0px;\n  margin-left: 8px;\n}\n#default-btn-88101b8e2fdf4f24aab361954a0f5e44 > i {\n  margin-right: 8px;\n}\n<\/style><div class=\"btn-align-center\"><a href=\"\/wp-content\/uploads\/2018\/08\/3M-Sun-Control-Film-Night-Vision-15-PDF.pdf\" class=\"default-btn-shortcode dt-btn dt-btn-s link-hover-off \" target=\"_blank\" id=\"default-btn-88101b8e2fdf4f24aab361954a0f5e44\" rel=\"noopener\"><i class=\"fas fa-download\"><\/i><span>Descarc\u0103 PDF<\/span><\/a><\/div>[\/vc_column_inner][\/vc_row_inner][\/vc_column][\/vc_row]<\/p>\n<\/div>","protected":false},"excerpt":{"rendered":"<p>Folie de protec\u021bie solar\u0103 oglind\u0103. 3M Night Vision este o folie pentru ferestre \u0219i fa\u021bade vitrate cu efect de oglind\u0103 la exterior \u0219i ofer\u0103 vizibilitate din interior spre exterior.<\/p>\n","protected":false},"featured_media":16033,"comment_status":"open","ping_status":"closed","template":"","meta":[],"product_cat":[1863],"product_tag":[],"_links":{"self":[{"href":"https:\/\/partners-ltd.com\/ro\/wp-json\/wp\/v2\/product\/40267"}],"collection":[{"href":"https:\/\/partners-ltd.com\/ro\/wp-json\/wp\/v2\/product"}],"about":[{"href":"https:\/\/partners-ltd.com\/ro\/wp-json\/wp\/v2\/types\/product"}],"replies":[{"embeddable":true,"href":"https:\/\/partners-ltd.com\/ro\/wp-json\/wp\/v2\/comments?post=40267"}],"wp:featuredmedia":[{"embeddable":true,"href":"https:\/\/partners-ltd.com\/ro\/wp-json\/wp\/v2\/media\/16033"}],"wp:attachment":[{"href":"https:\/\/partners-ltd.com\/ro\/wp-json\/wp\/v2\/media?parent=40267"}],"wp:term":[{"taxonomy":"product_cat","embeddable":true,"href":"https:\/\/partners-ltd.com\/ro\/wp-json\/wp\/v2\/product_cat?post=40267"},{"taxonomy":"product_tag","embeddable":true,"href":"https:\/\/partners-ltd.com\/ro\/wp-json\/wp\/v2\/product_tag?post=40267"}],"curies":[{"name":"wp","href":"https:\/\/api.w.org\/{rel}","templated":true}]}}