{"id":40254,"date":"2020-10-05T13:44:50","date_gmt":"2020-10-05T10:44:50","guid":{"rendered":"https:\/\/partners-ltd.com\/magazin\/fara-categorie\/3m-black-shade-bs30-protemp-automotive-window-film-folie-de-protectie-solara-nemetalizata-pentru-automobile\/"},"modified":"2025-05-29T14:45:16","modified_gmt":"2025-05-29T11:45:16","slug":"3m-black-shade-bs30-protemp-automotive-window-film-folie-de-protectie-solara-nemetalizata-pentru-automobile","status":"publish","type":"product","link":"https:\/\/partners-ltd.com\/ro\/e-shop\/3m-folie-geamuri\/folie-auto-cu-protectie-solara\/3m-black-shade-bs30-protemp-automotive-window-film-folie-de-protectie-solara-nemetalizata-pentru-automobile\/","title":{"rendered":"3M Black Shade BS30 ProTemp Automotive Window Film &#8211; folie de protec\u021bie solar\u0103 nemetalizat\u0103 pentru automobile"},"content":{"rendered":"<div class=\"wpb-content-wrapper\"><p>[vc_row][vc_column]<div id=\"ultimate-heading-389469d3cb716825e\" class=\"uvc-heading ult-adjust-bottom-margin ultimate-heading-389469d3cb716825e uvc-7114  uvc-heading-default-font-sizes\" data-hspacer=\"no_spacer\"  data-halign=\"left\" style=\"text-align:left\"><div class=\"uvc-heading-spacer no_spacer\" style=\"top\"><\/div><div class=\"uvc-main-heading ult-responsive\"  data-ultimate-target='.uvc-heading.ultimate-heading-389469d3cb716825e h2'  data-responsive-json-new='{\"font-size\":\"\",\"line-height\":\"\"}' ><h2 style=\"--font-weight:theme;\">3M Black Shade BS30 ProTemp Automotive Window Film - folie de protec\u021bie solar\u0103 nemetalizat\u0103 pentru automobile<\/h2><\/div><\/div>[vc_empty_space][vc_column_text]<strong>3M Black Shade BS30 ProTemp Automotive Window Film<\/strong> &#8211; folie de \u00eentunecare, folie de protec\u021bie solar\u0103 pentru geamurile automobilelor, oferind protec\u021bie \u00eempotriva luminii solare \u0219i c\u0103ldurii \u00een automobilul dumneavoastr\u0103. Elimin\u0103 <strong>99% din radia\u021bia UV d\u0103un\u0103toare<\/strong> \u0219i permite trecerea a 30% din lumina vizibil\u0103. Blocheaz\u0103 35% din c\u0103ldura penetrant\u0103 \u0219i, de asemenea, reduce str\u0103lucirea p\u00e2n\u0103 la 65%.<\/p>\n<p>Seria <strong>3M Black Shade ProTemp Automotive Window Filmare<\/strong>\u00a0o acoperire rezistent\u0103 la zg\u00e2rieturi \u0219i \u00a0mai multe nuan\u021be diferite. Toate produsele din aceast\u0103 serie au certificare german\u0103 ABG.<\/p>\n<p>Produs\u0103 prin tehnologia avansat\u0103 3M, f\u0103r\u0103 metalizarea suportului de poliester. Aceasta \u00eenseamn\u0103 c\u0103 folia de protec\u021bie solar\u0103 nemetalizat\u0103 nu reduce puterea semnalului GSM, GPS sau leg\u0103tura prin satelit \u00een automobil.\u00a0[\/vc_column_text][\/vc_column][\/vc_row][vc_row][vc_column width=&#8221;1\/2&#8243;]<div id=\"ultimate-heading-496469d3cb7168298\" class=\"uvc-heading ult-adjust-bottom-margin ultimate-heading-496469d3cb7168298 uvc-6401  uvc-heading-default-font-sizes\" data-hspacer=\"no_spacer\"  data-halign=\"left\" style=\"text-align:left\"><div class=\"uvc-heading-spacer no_spacer\" style=\"top\"><\/div><div class=\"uvc-main-heading ult-responsive\"  data-ultimate-target='.uvc-heading.ultimate-heading-496469d3cb7168298 h5'  data-responsive-json-new='{\"font-size\":\"\",\"line-height\":\"\"}' ><h5 style=\"--font-weight:theme;\">Caracteristici principale:<\/h5><\/div><\/div>[vc_empty_space]<div class=\"standard-arrow list-divider bullet-top\"><ul>\n<li>Protejeaz\u0103 pasagerii din automobil de c\u0103ldur\u0103 \u0219i reflexii<\/li>\n<li>Blocheaz\u0103 99,9% din razele UV<\/li>\n<li>Reduce drastic reflexiile<\/li>\n<li>\u00cenlocuie\u0219te necesitatea utiliz\u0103rii constante a aerului condi\u021bionat, reduc\u00e2nd astfel consumul de combustibil<\/li>\n<li>Nu interfereaz\u0103 cu leg\u0103tura re\u021belelor mobile, GPS \u0219i radio<\/li>\n<\/ul>\n<\/div>[\/vc_column][vc_column width=&#8221;1\/2&#8243;][vc_empty_space][vc_single_image image=&#8221;22854&#8243; img_size=&#8221;full&#8221;][\/vc_column][\/vc_row][vc_row][vc_column]<div id=\"ultimate-heading-329169d3cb71682f8\" class=\"uvc-heading ult-adjust-bottom-margin ultimate-heading-329169d3cb71682f8 uvc-3756  uvc-heading-default-font-sizes\" data-hspacer=\"no_spacer\"  data-halign=\"left\" style=\"text-align:left\"><div class=\"uvc-heading-spacer no_spacer\" style=\"top\"><\/div><div class=\"uvc-main-heading ult-responsive\"  data-ultimate-target='.uvc-heading.ultimate-heading-329169d3cb71682f8 h4'  data-responsive-json-new='{\"font-size\":\"\",\"line-height\":\"\"}' ><h4 style=\"--font-weight:theme;\">Documente:<\/h4><\/div><\/div>[vc_empty_space][vc_row_inner][vc_column_inner width=&#8221;1\/4&#8243;][vc_column_text]Buletin de produs[\/vc_column_text][vc_single_image image=&#8221;22869&#8243; style=&#8221;vc_box_border&#8221; onclick=&#8221;custom_link&#8221; img_link_target=&#8221;_blank&#8221; link=&#8221;\/wp-content\/uploads\/2020\/10\/3M-ProTemp-Automotive-Window-Film-BS5.pdf&#8221;]<style type=\"text\/css\" data-type=\"the7_shortcodes-inline-css\">#default-btn-3c28e0821c667291e68af0c628864a85.ico-right-side > i {\n  margin-right: 0px;\n  margin-left: 8px;\n}\n#default-btn-3c28e0821c667291e68af0c628864a85 > i {\n  margin-right: 8px;\n}\n<\/style><a href=\"\/wp-content\/uploads\/2020\/10\/3M-ProTemp-Automotive-Window-Film-BS5.pdf\" class=\"default-btn-shortcode dt-btn dt-btn-s link-hover-off btn-inline-left \" target=\"_blank\" id=\"default-btn-3c28e0821c667291e68af0c628864a85\" rel=\"noopener\"><span>Descarc\u0103 PDF<\/span><\/a>[\/vc_column_inner][vc_column_inner width=&#8221;1\/4&#8243;][vc_column_text]Informa\u021bii utile[\/vc_column_text][vc_single_image image=&#8221;22866&#8243; style=&#8221;vc_box_border&#8221; onclick=&#8221;custom_link&#8221; img_link_target=&#8221;_blank&#8221; link=&#8221;\/wp-content\/uploads\/2020\/10\/3M-ProTemp-Automotive-Window-Film-BS5-Product-Bulletin.pdf&#8221;]<style type=\"text\/css\" data-type=\"the7_shortcodes-inline-css\">#default-btn-22f26e9650258728cf2f1242e8f11013.ico-right-side > i {\n  margin-right: 0px;\n  margin-left: 8px;\n}\n#default-btn-22f26e9650258728cf2f1242e8f11013 > i {\n  margin-right: 8px;\n}\n<\/style><a href=\"\/wp-content\/uploads\/2020\/10\/3M-ProTemp-Automotive-Window-Film-BS5-Product-Bulletin.pdf\" class=\"default-btn-shortcode dt-btn dt-btn-s link-hover-off btn-inline-left \" target=\"_blank\" id=\"default-btn-22f26e9650258728cf2f1242e8f11013\" rel=\"noopener\"><span>Descarc\u0103 PDF<\/span><\/a>[\/vc_column_inner][vc_column_inner width=&#8221;1\/4&#8243;][\/vc_column_inner][vc_column_inner width=&#8221;1\/4&#8243;][\/vc_column_inner][\/vc_row_inner][\/vc_column][\/vc_row]<\/p>\n<\/div>","protected":false},"excerpt":{"rendered":"<p><strong>3M Black Shade BS30 ProTemp Automotive Window Film<\/strong> este o folie de protec\u021bie solar\u0103 de \u00eenalt\u0103 clas\u0103 pentru geamurile automobilelor. Noua tehnologie \u00eembun\u0103t\u0103\u021bit\u0103 \u0219i economic\u0103 v\u0103 va oferi o protec\u021bie excelent\u0103 a habitaclului \u00eempotriva c\u0103ldurii \u0219i radia\u021biei UV.<\/p>\n<table class=\"md-cstyl\">\n<tbody>\n<tr>\n<th colspan=\"3\">Pre\u021buri \u0219i reduceri pentru cantit\u0103\u021bi:<\/th>\n<\/tr>\n<tr>\n<td>p\u00e2n\u0103 la 3,04 m<sup>2<\/sup><\/td>\n<td>peste 3,04 m<sup>2<\/sup><\/td>\n<\/tr>\n<tr>\n<td><strong>20,82 BGN \/ m<sup>2<\/sup><\/strong><\/td>\n<td><strong> 16,26 BGN \/ m<sup>2<\/sup><\/strong><\/td>\n<\/tr>\n<\/tbody>\n<\/table>\n","protected":false},"featured_media":22893,"comment_status":"open","ping_status":"closed","template":"","meta":[],"product_cat":[1850,1862],"product_tag":[],"_links":{"self":[{"href":"https:\/\/partners-ltd.com\/ro\/wp-json\/wp\/v2\/product\/40254"}],"collection":[{"href":"https:\/\/partners-ltd.com\/ro\/wp-json\/wp\/v2\/product"}],"about":[{"href":"https:\/\/partners-ltd.com\/ro\/wp-json\/wp\/v2\/types\/product"}],"replies":[{"embeddable":true,"href":"https:\/\/partners-ltd.com\/ro\/wp-json\/wp\/v2\/comments?post=40254"}],"wp:featuredmedia":[{"embeddable":true,"href":"https:\/\/partners-ltd.com\/ro\/wp-json\/wp\/v2\/media\/22893"}],"wp:attachment":[{"href":"https:\/\/partners-ltd.com\/ro\/wp-json\/wp\/v2\/media?parent=40254"}],"wp:term":[{"taxonomy":"product_cat","embeddable":true,"href":"https:\/\/partners-ltd.com\/ro\/wp-json\/wp\/v2\/product_cat?post=40254"},{"taxonomy":"product_tag","embeddable":true,"href":"https:\/\/partners-ltd.com\/ro\/wp-json\/wp\/v2\/product_tag?post=40254"}],"curies":[{"name":"wp","href":"https:\/\/api.w.org\/{rel}","templated":true}]}}