{"id":40249,"date":"2021-03-02T09:53:54","date_gmt":"2021-03-02T07:53:54","guid":{"rendered":"https:\/\/partners-ltd.com\/magazin\/fara-categorie\/3m-ultra-pr-70-safety-security-window-film-ultra-prestige-folie-de-protectie-solara-care-protejeaza-sticla-de-spargere\/"},"modified":"2025-05-29T14:30:40","modified_gmt":"2025-05-29T11:30:40","slug":"3m-ultra-pr-70-safety-security-window-film-ultra-prestige-folie-de-protectie-solara-care-protejeaza-sticla-de-spargere","status":"publish","type":"product","link":"https:\/\/partners-ltd.com\/ro\/e-shop\/3m-folie-geamuri\/folie-protectie-pentru-geamuri\/3m-ultra-pr-70-safety-security-window-film-ultra-prestige-folie-de-protectie-solara-care-protejeaza-sticla-de-spargere\/","title":{"rendered":"3M Ultra PR 70 \u2013 Safety &#038; Security Window Film Ultra Prestige &#8211; folie de protec\u021bie solar\u0103 care protejeaz\u0103 sticla de spargere"},"content":{"rendered":"<div class=\"wpb-content-wrapper\"><p>[vc_row css=&#8221;.vc_custom_1614340926172{margin-bottom: 30px !important;border-top-width: 1px !important;border-right-width: 1px !important;border-bottom-width: 1px !important;border-left-width: 1px !important;border-left-color: #d8d8d8 !important;border-left-style: solid !important;border-right-color: #d8d8d8 !important;border-right-style: solid !important;border-top-color: #d8d8d8 !important;border-top-style: solid !important;border-bottom-color: #d8d8d8 !important;border-bottom-style: solid !important;border-radius: 1px !important;}&#8221;][vc_column]<div id=\"ultimate-heading-905769e6184e0c7f0\" class=\"uvc-heading ult-adjust-bottom-margin ultimate-heading-905769e6184e0c7f0 uvc-9880  uvc-heading-default-font-sizes\" data-hspacer=\"no_spacer\"  data-halign=\"left\" style=\"text-align:left\"><div class=\"uvc-heading-spacer no_spacer\" style=\"top\"><\/div><div class=\"uvc-main-heading ult-responsive\"  data-ultimate-target='.uvc-heading.ultimate-heading-905769e6184e0c7f0 h3'  data-responsive-json-new='{\"font-size\":\"\",\"line-height\":\"\"}' ><h3 style=\"--font-weight:theme;\">3M Ultra PR 70 \u2013 Safety &amp; Security Window Film - Ultra Prestige<\/h3><\/div><\/div>[vc_empty_space][vc_column_text]<strong><a class=\"dt-pswp-item\" href=\"https:\/\/partners-ltd.com\/wp-content\/uploads\/2021\/03\/3M-Ultra-PR-70-\u2013-Safety-Security-Window-Film-.jpg\" data-dt-img-description=\"\" data-large_image_width=\"400\" data-large_image_height=\"267\"><img loading=\"lazy\" decoding=\"async\" class=\" wp-image-25217 alignleft\" src=\"https:\/\/partners-ltd.com\/wp-content\/uploads\/2021\/03\/3M-Ultra-PR-70-\u2013-Safety-Security-Window-Film-.jpg\" alt=\"3M Ultra PR 70 \u2013 Safety &amp; Security Window Film Ultra Prestige - folie de protec\u021bie solar\u0103 care protejeaz\u0103 sticla de spargere\" width=\"211\" height=\"141\" srcset=\"https:\/\/partners-ltd.com\/wp-content\/uploads\/2021\/03\/3M-Ultra-PR-70-\u2013-Safety-Security-Window-Film-.jpg 400w, https:\/\/partners-ltd.com\/wp-content\/uploads\/2021\/03\/3M-Ultra-PR-70-\u2013-Safety-Security-Window-Film--300x200.jpg 300w\" sizes=\"(max-width: 211px) 100vw, 211px\" \/><\/a>3M Ultra PR 70 \u2013 Safety &amp; Security Window Film<\/strong>\u00a0este un acoperire nemetalizat\u0103 pentru sticl\u0103, realizat\u0103 din 28 de microstraturi de folie transparent\u0103, rezistent\u0103 la rupere.<\/p>\n<p>Ofer\u0103 toate avantajele foliei de protec\u021bie solar\u0103 \u0219i, de asemenea, asigur\u0103 siguran\u021b\u0103 \u0219i securitate. Respinge p\u00e2n\u0103 la 60% din c\u0103ldura care intr\u0103 prin ferestrele dumneavoastr\u0103 \u0219i 97% din lumina solar\u0103 infraro\u0219ie. De asemenea, blocheaz\u0103 99,9% din razele UV d\u0103un\u0103toare, reduc\u00e2nd efectul de decolorare asupra mobilierului \u0219i pardoselilor dumneavoastr\u0103.<\/p>\n<p><strong>3M Ultra PR 70 \u2013 Safety &amp; Security Window Film<\/strong> &#8211; Ultra Prestige, pe l\u00e2ng\u0103 protec\u021bia solar\u0103, ofer\u0103 \u0219i protec\u021bie suplimentar\u0103 pentru sticl\u0103. Acest lucru \u00eel face mai greu de spart, iar \u00een caz de avarie, cioburile r\u0103m\u00e2n \u00eempreun\u0103, men\u021bin\u00e2nd sticla \u00eentreag\u0103.<\/p>\n<p>S-a demonstrat c\u0103 acest tip de protec\u021bie reduce eficient riscul de efrac\u021bie, \u00eent\u00e2rziind intru\u0219ii p\u00e2n\u0103 c\u00e2nd ace\u0219tia renun\u021b\u0103 la inten\u021biile lor.[\/vc_column_text][\/vc_column][\/vc_row][vc_row css=&#8221;.vc_custom_1614340946766{margin-bottom: 30px !important;border-top-width: 1px !important;border-right-width: 1px !important;border-bottom-width: 1px !important;border-left-width: 1px !important;border-left-color: #d8d8d8 !important;border-left-style: solid !important;border-right-color: #d8d8d8 !important;border-right-style: solid !important;border-top-color: #d8d8d8 !important;border-top-style: solid !important;border-bottom-color: #d8d8d8 !important;border-bottom-style: solid !important;border-radius: 1px !important;}&#8221;][vc_column]<div id=\"ultimate-heading-88769e6184e0c829\" class=\"uvc-heading ult-adjust-bottom-margin ultimate-heading-88769e6184e0c829 uvc-7270  uvc-heading-default-font-sizes\" data-hspacer=\"no_spacer\"  data-halign=\"left\" style=\"text-align:left\"><div class=\"uvc-heading-spacer no_spacer\" style=\"top\"><\/div><div class=\"uvc-main-heading ult-responsive\"  data-ultimate-target='.uvc-heading.ultimate-heading-88769e6184e0c829 h3'  data-responsive-json-new='{\"font-size\":\"\",\"line-height\":\"\"}' ><h3 style=\"--font-weight:theme;\">Avantaje:<\/h3><\/div><\/div>[vc_empty_space][vc_row_inner][vc_column_inner width=&#8221;1\/2&#8243;]<div class=\"standard-arrow list-divider bullet-top\"><ul>\n<li>Folie de protec\u021bie solar\u0103 care protejeaz\u0103 sticla de spargere<\/li>\n<li>Blocheaz\u0103 99,99% din razele UV d\u0103un\u0103toare<\/li>\n<li>Respinge p\u00e2n\u0103 la 97% din lumina infraro\u0219ie<\/li>\n<\/ul>\n<\/div>[\/vc_column_inner][vc_column_inner width=&#8221;1\/2&#8243;]<div class=\"standard-arrow list-divider bullet-top\"><ul>\n<li>Protejeaz\u0103 mobilierul de decolorare<\/li>\n<li>\u00cen caz de spargere, men\u021bine sticla \u00eentreag\u0103<\/li>\n<li>Reduce reflexiile<\/li>\n<\/ul>\n<\/div>[\/vc_column_inner][\/vc_row_inner][\/vc_column][\/vc_row][vc_row css=&#8221;.vc_custom_1614340974723{border-top-width: 1px !important;border-right-width: 1px !important;border-bottom-width: 1px !important;border-left-width: 1px !important;border-left-color: #d8d8d8 !important;border-left-style: solid !important;border-right-color: #d8d8d8 !important;border-right-style: solid !important;border-top-color: #d8d8d8 !important;border-top-style: solid !important;border-bottom-color: #d8d8d8 !important;border-bottom-style: solid !important;border-radius: 1px !important;}&#8221;][vc_column]<div id=\"ultimate-heading-991869e6184e0c8ab\" class=\"uvc-heading ult-adjust-bottom-margin ultimate-heading-991869e6184e0c8ab uvc-1283  uvc-heading-default-font-sizes\" data-hspacer=\"no_spacer\"  data-halign=\"left\" style=\"text-align:left\"><div class=\"uvc-heading-spacer no_spacer\" style=\"top\"><\/div><div class=\"uvc-main-heading ult-responsive\"  data-ultimate-target='.uvc-heading.ultimate-heading-991869e6184e0c8ab h3'  data-responsive-json-new='{\"font-size\":\"\",\"line-height\":\"\"}' ><h3 style=\"--font-weight:theme;margin-bottom:20px;\">Documente:<\/h3><\/div><\/div>[vc_row_inner css=&#8221;.vc_custom_1674824586986{margin-bottom: 30px !important;}&#8221;][vc_column_inner width=&#8221;1\/4&#8243;][vc_column_text]Bro\u0219ur\u0103 \u00een limba bulgar\u0103[\/vc_column_text][vc_single_image image=&#8221;30283&#8243; style=&#8221;vc_box_outline&#8221; onclick=&#8221;custom_link&#8221; img_link_target=&#8221;_blank&#8221; link=&#8221;\/wp-content\/uploads\/2021\/03\/edited_bg_Brochure-Sun-Control-Prestige-Window-Films.pdf&#8221;]<style type=\"text\/css\" data-type=\"the7_shortcodes-inline-css\">#default-btn-31c00a482d0807ba64027522d8705a8c.ico-right-side > i {\n  margin-right: 0px;\n  margin-left: 8px;\n}\n#default-btn-31c00a482d0807ba64027522d8705a8c > i {\n  margin-right: 8px;\n}\n<\/style><a href=\"\/wp-content\/uploads\/2021\/03\/edited_bg_Brochure-Sun-Control-Prestige-Window-Films.pdf\" class=\"default-btn-shortcode dt-btn dt-btn-s link-hover-off btn-inline-left \" target=\"_blank\" id=\"default-btn-31c00a482d0807ba64027522d8705a8c\" rel=\"noopener\"><span>Descarc\u0103 PDF<\/span><\/a>[\/vc_column_inner][vc_column_inner width=&#8221;1\/4&#8243;][vc_column_text]Bro\u0219ur\u0103 3M Sun Control Films[\/vc_column_text][vc_single_image image=&#8221;30266&#8243; style=&#8221;vc_box_outline&#8221; onclick=&#8221;custom_link&#8221; img_link_target=&#8221;_blank&#8221; link=&#8221;\/wp-content\/uploads\/2021\/02\/Brochure-Sun-Control-films-with-adnotations.pdf&#8221;]<style type=\"text\/css\" data-type=\"the7_shortcodes-inline-css\">#default-btn-9696551e38e46444e0d262720448ff47.ico-right-side > i {\n  margin-right: 0px;\n  margin-left: 8px;\n}\n#default-btn-9696551e38e46444e0d262720448ff47 > i {\n  margin-right: 8px;\n}\n<\/style><a href=\"\/wp-content\/uploads\/2021\/02\/Edited_bg_Brochure-Sun-Control-Films.pdf\" class=\"default-btn-shortcode dt-btn dt-btn-s link-hover-off btn-inline-left \" target=\"_blank\" id=\"default-btn-9696551e38e46444e0d262720448ff47\" rel=\"noopener\"><span>Descarc\u0103 PDF<\/span><\/a>[\/vc_column_inner][vc_column_inner width=&#8221;1\/4&#8243;][vc_column_text]Caracteristici tehnice[\/vc_column_text][vc_single_image image=&#8221;25200&#8243; style=&#8221;vc_box_outline&#8221; onclick=&#8221;custom_link&#8221; img_link_target=&#8221;_blank&#8221; link=&#8221;\/wp-content\/uploads\/2021\/03\/Ultra-PR-70-Safety-Security-Window-Film-Ultra-Prestige-Tech-data-Copy.pdf&#8221;]<style type=\"text\/css\" data-type=\"the7_shortcodes-inline-css\">#default-btn-b91a30b8fba1976966b10ce8e4450e95.ico-right-side > i {\n  margin-right: 0px;\n  margin-left: 8px;\n}\n#default-btn-b91a30b8fba1976966b10ce8e4450e95 > i {\n  margin-right: 8px;\n}\n<\/style><a href=\"\/wp-content\/uploads\/2021\/03\/Ultra-PR-70-Safety-Security-Window-Film-Ultra-Prestige-Tech-data-Copy.pdf\" class=\"default-btn-shortcode dt-btn dt-btn-s link-hover-off btn-inline-left \" target=\"_blank\" id=\"default-btn-b91a30b8fba1976966b10ce8e4450e95\" rel=\"noopener\"><span>Descarc\u0103 PDF<\/span><\/a>[\/vc_column_inner][vc_column_inner width=&#8221;1\/4&#8243;][vc_column_text]Informa\u021bii utile[\/vc_column_text][vc_single_image image=&#8221;25209&#8243; style=&#8221;vc_box_outline&#8221; onclick=&#8221;custom_link&#8221; img_link_target=&#8221;_blank&#8221; link=&#8221;\/wp-content\/uploads\/2021\/03\/Safety-Security-Window-Film-Ultra-Prestige-Series.pdf&#8221;]<style type=\"text\/css\" data-type=\"the7_shortcodes-inline-css\">#default-btn-445fa7bb6f986b65d9dc4736448a86ef.ico-right-side > i {\n  margin-right: 0px;\n  margin-left: 8px;\n}\n#default-btn-445fa7bb6f986b65d9dc4736448a86ef > i {\n  margin-right: 8px;\n}\n<\/style><a href=\"\/wp-content\/uploads\/2021\/03\/Safety-Security-Window-Film-Ultra-Prestige-Series.pdf\" class=\"default-btn-shortcode dt-btn dt-btn-s link-hover-off btn-inline-left \" target=\"_blank\" id=\"default-btn-445fa7bb6f986b65d9dc4736448a86ef\" rel=\"noopener\"><span>Descarc\u0103 PDF<\/span><\/a>[\/vc_column_inner][\/vc_row_inner][\/vc_column][\/vc_row]<\/p>\n<\/div>","protected":false},"excerpt":{"rendered":"<p>3M Ultra PR 70 \u2013 Safety &amp; Security Window Film este un acoperire nemetalizat\u0103 pentru sticl\u0103, creat\u0103 din 28 de microstraturi de folie transparent\u0103, rezistent\u0103 la rupere. Ofer\u0103 toate avantajele foliei de protec\u021bie solar\u0103 \u0219i, de asemenea, asigur\u0103 siguran\u021b\u0103 \u0219i securitate.<\/p>\n","protected":false},"featured_media":25216,"comment_status":"open","ping_status":"closed","template":"","meta":[],"product_cat":[1850,1863,1861],"product_tag":[],"_links":{"self":[{"href":"https:\/\/partners-ltd.com\/ro\/wp-json\/wp\/v2\/product\/40249"}],"collection":[{"href":"https:\/\/partners-ltd.com\/ro\/wp-json\/wp\/v2\/product"}],"about":[{"href":"https:\/\/partners-ltd.com\/ro\/wp-json\/wp\/v2\/types\/product"}],"replies":[{"embeddable":true,"href":"https:\/\/partners-ltd.com\/ro\/wp-json\/wp\/v2\/comments?post=40249"}],"wp:featuredmedia":[{"embeddable":true,"href":"https:\/\/partners-ltd.com\/ro\/wp-json\/wp\/v2\/media\/25216"}],"wp:attachment":[{"href":"https:\/\/partners-ltd.com\/ro\/wp-json\/wp\/v2\/media?parent=40249"}],"wp:term":[{"taxonomy":"product_cat","embeddable":true,"href":"https:\/\/partners-ltd.com\/ro\/wp-json\/wp\/v2\/product_cat?post=40249"},{"taxonomy":"product_tag","embeddable":true,"href":"https:\/\/partners-ltd.com\/ro\/wp-json\/wp\/v2\/product_tag?post=40249"}],"curies":[{"name":"wp","href":"https:\/\/api.w.org\/{rel}","templated":true}]}}