{"id":40247,"date":"2021-02-25T14:32:40","date_gmt":"2021-02-25T12:32:40","guid":{"rendered":"https:\/\/partners-ltd.com\/magazin\/fara-categorie\/3m-sun-control-window-film-neutral-n70-exterior-folie-de-protectie-solara-pentru-montaj-exterior\/"},"modified":"2025-05-29T14:23:02","modified_gmt":"2025-05-29T11:23:02","slug":"3m-sun-control-window-film-neutral-n70-exterior-folie-de-protectie-solara-pentru-montaj-exterior","status":"publish","type":"product","link":"https:\/\/partners-ltd.com\/ro\/e-shop\/3m-folie-geamuri\/folie-protectie-solara-pentru-geamuri\/3m-sun-control-window-film-neutral-n70-exterior-folie-de-protectie-solara-pentru-montaj-exterior\/","title":{"rendered":"3M Sun Control Window Film Neutral N70 Exterior &#8211; folie de protec\u021bie solar\u0103 pentru montaj exterior"},"content":{"rendered":"<div class=\"wpb-content-wrapper\"><p>[vc_row css=&#8221;.vc_custom_1530878786079{margin-bottom: 20px !important;border-top-width: 1px !important;border-right-width: 1px !important;border-bottom-width: 1px !important;border-left-width: 1px !important;padding-right: 10px !important;padding-left: 10px !important;border-left-color: #e2e2e2 !important;border-left-style: dotted !important;border-right-color: #e2e2e2 !important;border-right-style: dotted !important;border-top-color: #e2e2e2 !important;border-top-style: dotted !important;border-bottom-color: #e2e2e2 !important;border-bottom-style: dotted !important;border-radius: 1px !important;}&#8221;][vc_column]<div id=\"ultimate-heading-679869e7630aacb56\" class=\"uvc-heading ult-adjust-bottom-margin ultimate-heading-679869e7630aacb56 uvc-7345 \" data-hspacer=\"no_spacer\"  data-halign=\"left\" style=\"text-align:left\"><div class=\"uvc-heading-spacer no_spacer\" style=\"top\"><\/div><div class=\"uvc-main-heading ult-responsive\"  data-ultimate-target='.uvc-heading.ultimate-heading-679869e7630aacb56 h2'  data-responsive-json-new='{\"font-size\":\"desktop:28px;\",\"line-height\":\"desktop:38px;\"}' ><h2 style=\"--font-weight:theme;margin-bottom:20px;\">3M Sun Control Window Film Neutral N70 Exterior - folie de protec\u021bie solar\u0103 pentru montaj exterior<\/h2><\/div><\/div>[vc_row_inner][vc_column_inner][vc_column_text]<strong><a href=\"\/kategoriya\/3m-folio-stukla\/sluncezashtitno-folio-stukla\/\">Folia de protec\u021bie solar\u0103<\/a><\/strong> de la 3M este destinat\u0103 ferestrelor \u0219i fa\u021badelor din sticl\u0103.\u00a0Blocheaz\u0103 c\u0103ldura solar\u0103 excesiv\u0103 care p\u0103trunde prin ferestre, reduc\u00e2nd astfel costurile de r\u0103cire vara \u0219i de \u00eenc\u0103lzire iarna. \u00cen acela\u0219i timp, asigur\u0103 o abunden\u021b\u0103 de lumin\u0103 natural\u0103 \u00een \u00eenc\u0103peri.<\/p>\n<p><strong><a href=\"\/kategoriya\/3m-folio-stukla\/\">Folia pentru sticl\u0103<\/a>\u00a03M Sun Control Window Film Neutral Series <\/strong>blocheaz\u0103\u00a0o cantitate semnificativ\u0103 de raze UV d\u0103un\u0103toare, care cauzeaz\u0103 decolorarea, contribuind la prelungirea vie\u021bii mobilierului. Ajut\u0103 la reducerea str\u0103lucirii \u0219i a disconfortului ocular. Nuan\u021bele delicate confer\u0103 acestei folii un aspect atr\u0103g\u0103tor, f\u0103c\u00e2nd-o ideal\u0103 at\u00e2t pentru locuin\u021be, c\u00e2t \u0219i pentru spa\u021bii comerciale.<\/p>\n<p>Alegerea foliilor 3M Window v\u0103 ofer\u0103 lini\u0219tea de care ave\u021bi nevoie. Produsul vine cu o garan\u021bie solid\u0103, oferit\u0103 de o companie pe care o cunoa\u0219te\u021bi \u0219i \u00een care ave\u021bi \u00eencredere. Seria Neutral are o garan\u021bie de 10 ani, instalat\u0103 profesional \u00eentr-o cl\u0103dire comercial\u0103.[\/vc_column_text][\/vc_column_inner][\/vc_row_inner][\/vc_column][\/vc_row][vc_row gap=&#8221;20&#8243; css=&#8221;.vc_custom_1530878934758{margin-bottom: 20px !important;border-top-width: 1px !important;border-right-width: 1px !important;border-bottom-width: 1px !important;border-left-width: 1px !important;padding-right: 10px !important;padding-left: 10px !important;border-left-color: #e2e2e2 !important;border-left-style: dotted !important;border-right-color: #e2e2e2 !important;border-right-style: dotted !important;border-top-color: #e2e2e2 !important;border-top-style: dotted !important;border-bottom-color: #e2e2e2 !important;border-bottom-style: dotted !important;border-radius: 2px !important;}&#8221;][vc_column width=&#8221;1\/2&#8243;]<div id=\"ultimate-heading-342369e7630aacb8c\" class=\"uvc-heading ult-adjust-bottom-margin ultimate-heading-342369e7630aacb8c uvc-8080 \" data-hspacer=\"no_spacer\"  data-halign=\"left\" style=\"text-align:left\"><div class=\"uvc-heading-spacer no_spacer\" style=\"top\"><\/div><div class=\"uvc-main-heading ult-responsive\"  data-ultimate-target='.uvc-heading.ultimate-heading-342369e7630aacb8c h3'  data-responsive-json-new='{\"font-size\":\"desktop:24px;\",\"line-height\":\"desktop:34px;\"}' ><h3 style=\"--font-weight:theme;margin-bottom:20px;\">Caracteristici principale:<\/h3><\/div><\/div><div class=\"standard-arrow list-divider bullet-top\"><ul>\n<li>Blocheaz\u0103 98% din razele UV<\/li>\n<li>transmisia luminii vizibile \u2013 69%<\/li>\n<li>economisire de energie<\/li>\n<li>Reduce reflexiile<\/li>\n<li>reflect\u0103 32% din energia solar\u0103<\/li>\n<\/ul>\n<\/div>[\/vc_column][vc_column width=&#8221;1\/2&#8243;][vc_empty_space height=&#8221;54px&#8221;]<div class=\"standard-arrow list-divider bullet-top\"><ul>\n<li>reducerea str\u0103lucirii \u2013 22%<\/li>\n<li>adaptat pentru aplica\u021bii exterioare<\/li>\n<li>potrivit pentru suprafe\u021be netede<\/li>\n<li>garan\u021bie &#8211; 10 ani<\/li>\n<\/ul>\n<\/div>[\/vc_column][\/vc_row][vc_row css=&#8221;.vc_custom_1531293008623{margin-bottom: 20px !important;border-top-width: 1px !important;border-right-width: 1px !important;border-bottom-width: 1px !important;border-left-width: 1px !important;padding-right: 10px !important;padding-left: 10px !important;border-left-color: #e2e2e2 !important;border-left-style: dotted !important;border-right-color: #e2e2e2 !important;border-right-style: dotted !important;border-top-color: #e2e2e2 !important;border-top-style: dotted !important;border-bottom-color: #e2e2e2 !important;border-bottom-style: dotted !important;border-radius: 2px !important;}&#8221;][vc_column]<div id=\"ultimate-heading-353369e7630aacc0a\" class=\"uvc-heading ult-adjust-bottom-margin ultimate-heading-353369e7630aacc0a uvc-7730 \" data-hspacer=\"no_spacer\"  data-halign=\"left\" style=\"text-align:left\"><div class=\"uvc-heading-spacer no_spacer\" style=\"top\"><\/div><div class=\"uvc-main-heading ult-responsive\"  data-ultimate-target='.uvc-heading.ultimate-heading-353369e7630aacc0a h3'  data-responsive-json-new='{\"font-size\":\"desktop:28px;\",\"line-height\":\"desktop:38px;\"}' ><h3 style=\"--font-weight:theme;margin-bottom:30px;\">Documente<\/h3><\/div><\/div>[vc_row_inner gap=&#8221;20&#8243; css=&#8221;.vc_custom_1674811672419{margin-bottom: 20px !important;border-bottom-width: 30px !important;}&#8221;][vc_column_inner width=&#8221;1\/4&#8243;][vc_column_text]<\/p>\n<p style=\"text-align: center;\">Bro\u0219ur\u0103 \u00een limba bulgar\u0103<\/p>\n<p>[\/vc_column_text][vc_single_image image=&#8221;30266&#8243; alignment=&#8221;center&#8221; style=&#8221;vc_box_outline&#8221; onclick=&#8221;custom_link&#8221; img_link_target=&#8221;_blank&#8221; link=&#8221;\/wp-content\/uploads\/2021\/02\/Brochure-Sun-Control-films-with-adnotations.pdf&#8221;]<style type=\"text\/css\" data-type=\"the7_shortcodes-inline-css\">#default-btn-4fbbea170f727f517f71c1cc32ad4f33.ico-right-side > i {\n  margin-right: 0px;\n  margin-left: 8px;\n}\n#default-btn-4fbbea170f727f517f71c1cc32ad4f33 > i {\n  margin-right: 8px;\n}\n<\/style><div class=\"btn-align-center\"><a href=\"\/wp-content\/uploads\/2021\/02\/Edited_bg_Brochure-Sun-Control-Films.pdf\" class=\"default-btn-shortcode dt-btn dt-btn-s link-hover-off \" target=\"_blank\" id=\"default-btn-4fbbea170f727f517f71c1cc32ad4f33\" rel=\"noopener\"><i class=\"fas fa-download\"><\/i><span>Descarc\u0103 PDF<\/span><\/a><\/div>[\/vc_column_inner][vc_column_inner width=&#8221;1\/4&#8243;][vc_column_text]<\/p>\n<p style=\"text-align: center;\">Bro\u0219ur\u0103 de produs<\/p>\n<p>[\/vc_column_text][vc_single_image image=&#8221;25085&#8243; alignment=&#8221;center&#8221; style=&#8221;vc_box_outline&#8221; onclick=&#8221;custom_link&#8221; img_link_target=&#8221;_blank&#8221; link=&#8221;\/wp-content\/uploads\/2021\/02\/3M-Sun-Control-Window-Film-Neutral-N35-Exterior.pdf&#8221;]<style type=\"text\/css\" data-type=\"the7_shortcodes-inline-css\">#default-btn-fb427b1c068e94d223698852f2f96de6.ico-right-side > i {\n  margin-right: 0px;\n  margin-left: 8px;\n}\n#default-btn-fb427b1c068e94d223698852f2f96de6 > i {\n  margin-right: 8px;\n}\n<\/style><div class=\"btn-align-center\"><a href=\"\/wp-content\/uploads\/2021\/02\/3M-Sun-Control-Window-Film-Neutral-N35-Exterior.pdf\" class=\"default-btn-shortcode dt-btn dt-btn-s link-hover-off \" target=\"_blank\" id=\"default-btn-fb427b1c068e94d223698852f2f96de6\" rel=\"noopener\"><i class=\"fas fa-download\"><\/i><span>Descarc\u0103 PDF<\/span><\/a><\/div>[\/vc_column_inner][vc_column_inner width=&#8221;1\/4&#8243;][vc_column_text]<\/p>\n<p style=\"text-align: center;\">Caracteristici tehnice<\/p>\n<p>[\/vc_column_text][vc_single_image image=&#8221;25096&#8243; alignment=&#8221;center&#8221; style=&#8221;vc_box_outline&#8221; onclick=&#8221;custom_link&#8221; img_link_target=&#8221;_blank&#8221; link=&#8221;\/wp-content\/uploads\/2021\/02\/multimedia.pdf&#8221;]<style type=\"text\/css\" data-type=\"the7_shortcodes-inline-css\">#default-btn-2500b21975160c1b84e74d33a48e5af8.ico-right-side > i {\n  margin-right: 0px;\n  margin-left: 8px;\n}\n#default-btn-2500b21975160c1b84e74d33a48e5af8 > i {\n  margin-right: 8px;\n}\n<\/style><div class=\"btn-align-center\"><a href=\"\/wp-content\/uploads\/2021\/02\/multimedia.pdf\" class=\"default-btn-shortcode dt-btn dt-btn-s link-hover-off \" target=\"_blank\" id=\"default-btn-2500b21975160c1b84e74d33a48e5af8\" rel=\"noopener\"><i class=\"fas fa-download\"><\/i><span>Descarc\u0103 PDF<\/span><\/a><\/div>[\/vc_column_inner][vc_column_inner width=&#8221;1\/4&#8243;][\/vc_column_inner][\/vc_row_inner][\/vc_column][\/vc_row]<\/p>\n<\/div>","protected":false},"excerpt":{"rendered":"<p>Folia pentru sticl\u0103 3M Sun Control Window Film Neutral Series reduce semnificativ cantitatea de raze UV d\u0103un\u0103toare, care cauzeaz\u0103 decolorarea mobilierului, contribuind la prelungirea vie\u021bii acestora. Ajut\u0103 la reducerea str\u0103lucirii \u0219i a disconfortului ocular. Nuan\u021bele delicate confer\u0103 acestei folii un aspect atr\u0103g\u0103tor, f\u0103c\u00e2nd-o ideal\u0103 at\u00e2t pentru locuin\u021be, c\u00e2t \u0219i pentru spa\u021bii comerciale.<\/p>\n","protected":false},"featured_media":41405,"comment_status":"open","ping_status":"closed","template":"","meta":[],"product_cat":[1863],"product_tag":[],"_links":{"self":[{"href":"https:\/\/partners-ltd.com\/ro\/wp-json\/wp\/v2\/product\/40247"}],"collection":[{"href":"https:\/\/partners-ltd.com\/ro\/wp-json\/wp\/v2\/product"}],"about":[{"href":"https:\/\/partners-ltd.com\/ro\/wp-json\/wp\/v2\/types\/product"}],"replies":[{"embeddable":true,"href":"https:\/\/partners-ltd.com\/ro\/wp-json\/wp\/v2\/comments?post=40247"}],"wp:featuredmedia":[{"embeddable":true,"href":"https:\/\/partners-ltd.com\/ro\/wp-json\/wp\/v2\/media\/41405"}],"wp:attachment":[{"href":"https:\/\/partners-ltd.com\/ro\/wp-json\/wp\/v2\/media?parent=40247"}],"wp:term":[{"taxonomy":"product_cat","embeddable":true,"href":"https:\/\/partners-ltd.com\/ro\/wp-json\/wp\/v2\/product_cat?post=40247"},{"taxonomy":"product_tag","embeddable":true,"href":"https:\/\/partners-ltd.com\/ro\/wp-json\/wp\/v2\/product_tag?post=40247"}],"curies":[{"name":"wp","href":"https:\/\/api.w.org\/{rel}","templated":true}]}}