{"id":40241,"date":"2019-06-07T16:27:34","date_gmt":"2019-06-07T13:27:34","guid":{"rendered":"https:\/\/partners-ltd.com\/magazin\/fara-categorie\/3m-fx-hp-35-automotive-window-film-folie-de-inalta-clasa-pentru-intunecarea-geamurilor-auto-deschisa\/"},"modified":"2026-04-15T15:20:29","modified_gmt":"2026-04-15T12:20:29","slug":"3m-fx-hp-35-automotive-window-film-folie-de-inalta-clasa-pentru-intunecarea-geamurilor-auto-deschisa","status":"publish","type":"product","link":"https:\/\/partners-ltd.com\/ro\/e-shop\/3m-folie-geamuri\/folie-auto-cu-protectie-solara\/3m-fx-hp-35-automotive-window-film-folie-de-inalta-clasa-pentru-intunecarea-geamurilor-auto-deschisa\/","title":{"rendered":"3M FX-HP 35 Automotive Window Film &#8211; folie de \u00eenalt\u0103 clas\u0103 pentru \u00eentunecarea geamurilor auto, deschis\u0103"},"content":{"rendered":"<div class=\"wpb-content-wrapper\"><p>[vc_row css=&#8221;.vc_custom_1530878786079{margin-bottom: 20px !important;border-top-width: 1px !important;border-right-width: 1px !important;border-bottom-width: 1px !important;border-left-width: 1px !important;padding-right: 10px !important;padding-left: 10px !important;border-left-color: #e2e2e2 !important;border-left-style: dotted !important;border-right-color: #e2e2e2 !important;border-right-style: dotted !important;border-top-color: #e2e2e2 !important;border-top-style: dotted !important;border-bottom-color: #e2e2e2 !important;border-bottom-style: dotted !important;border-radius: 1px !important;}&#8221;][vc_column]<div id=\"ultimate-heading-62069e7a0d1bd7a5\" class=\"uvc-heading ult-adjust-bottom-margin ultimate-heading-62069e7a0d1bd7a5 uvc-8241 \" data-hspacer=\"no_spacer\"  data-halign=\"left\" style=\"text-align:left\"><div class=\"uvc-heading-spacer no_spacer\" style=\"top\"><\/div><div class=\"uvc-main-heading ult-responsive\"  data-ultimate-target='.uvc-heading.ultimate-heading-62069e7a0d1bd7a5 h2'  data-responsive-json-new='{\"font-size\":\"desktop:28px;\",\"line-height\":\"desktop:38px;\"}' ><h2 style=\"--font-weight:theme;margin-bottom:20px;\">3M FX-HP 35 - folie de \u00eentunecare \u0219i folie de protec\u021bie solar\u0103 pentru geamurile automobilelor<\/h2><\/div><\/div>[vc_row_inner][vc_column_inner][vc_column_text]3M FX-HP 35 este un film de \u00eenalt\u0103 clas\u0103 pentru \u00eentunecarea geamurilor automobilelor (\u00eentunecat), oferind protec\u021bie excelent\u0103 \u00eempotriva luminii solare \u0219i c\u0103ldurii care p\u0103trund \u00een automobil, inclusiv \u00eempotriva radia\u021biei UV nocive. Permite trecerea a 41% din lumina vizibil\u0103. Blocheaz\u0103 43% din c\u0103ldura penetrant\u0103 \u0219i 99% din razele UV. Reducerea str\u0103lucirii \u2013 53%.<\/p>\n<p>Seria de folii FX-HP Automotive Films este produs\u0103 prin tehnologia avansat\u0103 3M, f\u0103r\u0103 metalizarea suportului de poliester. Aceasta garanteaz\u0103 stabilitatea \u0219i uniformitatea culorii. Folia nu se decoloreaz\u0103 \u00een roz \u00een timp. Are un strat protector \u00eempotriva zg\u00e2rierii. Tehnologia inovatoare 3M garanteaz\u0103 stabilitatea \u0219i rezisten\u021ba foliei pe o perioad\u0103 lung\u0103 de timp.<\/p>\n<p>3M FX-HP 35 asigur\u0103 o vizibilitate excelent\u0103 din interior spre exterior (din habitaclu spre exterior) chiar \u0219i pe timp de noapte. Deoarece folia nu con\u021bine metal, nu reduce puterea semnalului GSM, GPS sau leg\u0103tura prin satelit \u00een automobil.[\/vc_column_text][\/vc_column_inner][\/vc_row_inner][\/vc_column][\/vc_row][vc_row gap=&#8221;20&#8243; css=&#8221;.vc_custom_1530878934758{margin-bottom: 20px !important;border-top-width: 1px !important;border-right-width: 1px !important;border-bottom-width: 1px !important;border-left-width: 1px !important;padding-right: 10px !important;padding-left: 10px !important;border-left-color: #e2e2e2 !important;border-left-style: dotted !important;border-right-color: #e2e2e2 !important;border-right-style: dotted !important;border-top-color: #e2e2e2 !important;border-top-style: dotted !important;border-bottom-color: #e2e2e2 !important;border-bottom-style: dotted !important;border-radius: 2px !important;}&#8221;][vc_column width=&#8221;1\/2&#8243;]<div id=\"ultimate-heading-577669e7a0d1bd7e2\" class=\"uvc-heading ult-adjust-bottom-margin ultimate-heading-577669e7a0d1bd7e2 uvc-5277 \" data-hspacer=\"no_spacer\"  data-halign=\"left\" style=\"text-align:left\"><div class=\"uvc-heading-spacer no_spacer\" style=\"top\"><\/div><div class=\"uvc-main-heading ult-responsive\"  data-ultimate-target='.uvc-heading.ultimate-heading-577669e7a0d1bd7e2 h3'  data-responsive-json-new='{\"font-size\":\"desktop:24px;\",\"line-height\":\"desktop:34px;\"}' ><h3 style=\"--font-weight:theme;margin-bottom:20px;\">Caracteristici principale:<\/h3><\/div><\/div><div class=\"standard-arrow list-divider bullet-top\"><ul>\n<li>permite trecerea a 41% din lumina vizibil\u0103<\/li>\n<li>Blocheaz\u0103 99% din razele UV<\/li>\n<li>reducerea str\u0103lucirii \u2013 53%<\/li>\n<li>nu reduce semnalul telefonului, GPS \u0219i radio prin satelit<\/li>\n<li>ofer\u0103 confort la condus, cu vizibilitate excelent\u0103<\/li>\n<li>suport &#8211; poliester nanocarbon f\u0103r\u0103 metalizare cu strat protector \u00eempotriva zg\u00e2rierii<\/li>\n<li>adeziv acrilat, optic transparent<\/li>\n<\/ul>\n<\/div>[\/vc_column][vc_column width=&#8221;1\/2&#8243;][vc_empty_space height=&#8221;35px&#8221;][vc_single_image image=&#8221;18354&#8243; img_size=&#8221;full&#8221;][\/vc_column][\/vc_row][vc_row css=&#8221;.vc_custom_1531119305800{margin-right: -30px !important;margin-left: -30px !important;}&#8221;][vc_column]<div class=\"ult_pricing_table_wrap ult_info_table ult_design_5  ult-cs-custom  \">\n\t\t\t\t\t<div class=\"ult_pricing_table \" style=\"background:#f7f7f7; \"><div id=\"Info-table-wrap-2838\" class=\"ult_pricing_heading\" style=\"background:#3a3a3a;color:#ffffff;\">\n\t\t\t\t\t\t\t<h3 class=\"ult-responsive\"  data-ultimate-target='#Info-table-wrap-2838 h3'  data-responsive-json-new='{\"font-size\":\"\",\"line-height\":\"\"}'  style=\"font-weight:normal;color:#ffffff;\">Tabel cu nivelul de protec\u021bie solar\u0103 al seriei 3M FX-HP Films<\/h3><\/div><!--ult_pricing_heading--><div class=\"ult_price_body_block\" style=\"background:#3a3a3a;color:#ffffff;\">\n\t\t\t\t\t\t\t<div class=\"ult_price_body\">\n\t\t\t\t\t\t\t\t<div class=\"ult_price\">\n\t\t\t\t\t\t\t\t\t<div class=\"ult-just-icon-wrapper  \"><div class=\"align-icon\" style=\"text-align:center;\">\n<div class=\"aio-icon none \"  style=\"color:#eeee22;font-size:32px;display:inline-block;\">\n\t<i class=\"Defaults-sun-o\"><\/i>\n<\/div><\/div><\/div>\n\t\t\t\t\t\t\t\t<\/div>\n\t\t\t\t\t\t\t<\/div>\n\t\t\t\t\t\t<\/div><!--ult_price_body_block--><div id=\"info_table_features_wrap-8405\"  data-ultimate-target='#info_table_features_wrap-8405.ult_price_features'  data-responsive-json-new='{\"font-size\":\"\",\"line-height\":\"\"}'  class=\"ult-responsive ult_price_features\" style=\"font-weight:normal;\">\n\t\t\t\t\t\t\t<table style=\"width: 100%;\">\n<tbody>\n<tr>\n<td style=\"width: 40%;\"><\/td>\n<th style=\"width: 15%; text-align: center;\"><a style=\"color: #ea9a00;\" href=\"https:\/\/partners-ltd.com\/ro\/e-shop\/3m-folie-geamuri\/folie-auto-cu-protectie-solara\/3m-fx-hp-5-automotive-window-film-folie-de-inalta-clasa-pentru-intunecarea-geamurilor-auto-foarte-intunecata\/\">FX-HP 5<\/a><\/th>\n<th style=\"width: 15%; text-align: center;\"><a style=\"color: #ea9a00;\" href=\"https:\/\/partners-ltd.com\/ro\/e-shop\/3m-folie-geamuri\/folie-auto-cu-protectie-solara\/3m-fx-hp-20-automotive-window-film-folie-de-inalta-clasa-pentru-intunecarea-geamurilor-auto-intunecata\/\">FX-HP 20<\/a><\/th>\n<th style=\"width: 15%; text-align: center;\">FX-HP 35<\/th>\n<\/tr>\n<tr>\n<td style=\"text-align: left;\">Procent de respingere a energiei solare<\/td>\n<td style=\"text-align: center;\">55%<\/td>\n<td style=\"text-align: center;\">50%<\/td>\n<td style=\"text-align: center;\">43%<\/td>\n<\/tr>\n<tr>\n<td style=\"text-align: left;\">Procent de respingere a razelor UV<\/td>\n<td style=\"text-align: center;\">99%<\/td>\n<td style=\"text-align: center;\">99%<\/td>\n<td style=\"text-align: center;\">99%<\/td>\n<\/tr>\n<tr>\n<td style=\"text-align: left;\">Procent de reducere a reflexiilor<\/td>\n<td style=\"text-align: center;\">97%<\/td>\n<td style=\"text-align: center;\">74%<\/td>\n<td style=\"text-align: center;\">53%<\/td>\n<\/tr>\n<\/tbody>\n<\/table>\n\n\t\t\t\t\t\t<\/div><!--ult_price_features--><div class=\"ult_clr\"><\/div>\n\t\t\t<\/div><!--pricing_table-->\n\t\t<\/div><!--pricing_table_wrap-->[\/vc_column][\/vc_row]<\/p>\n<\/div>","protected":false},"excerpt":{"rendered":"<p>Folie de \u00eentunecare de \u00eenalt\u0103 clas\u0103, folie pentru sticl\u0103 de protec\u021bie solar\u0103 pentru geamurile automobilelor, oferind protec\u021bie excelent\u0103 a habitaclului \u00eempotriva luminii solare, c\u0103ldurii \u0219i radia\u021biilor UV. Permite trecerea a 41% din lumina vizibil\u0103. Produs\u0103 prin tehnologia avansat\u0103 3M, f\u0103r\u0103 metalizarea suportului de poliester, astfel nu reduce puterea semnalului GSM. Garanteaz\u0103 stabilitate \u0219i rezisten\u021b\u0103 pe o perioad\u0103 lung\u0103 de timp.<\/p>\n","protected":false},"featured_media":18351,"comment_status":"open","ping_status":"closed","template":"","meta":[],"product_cat":[1850,1862],"product_tag":[],"_links":{"self":[{"href":"https:\/\/partners-ltd.com\/ro\/wp-json\/wp\/v2\/product\/40241"}],"collection":[{"href":"https:\/\/partners-ltd.com\/ro\/wp-json\/wp\/v2\/product"}],"about":[{"href":"https:\/\/partners-ltd.com\/ro\/wp-json\/wp\/v2\/types\/product"}],"replies":[{"embeddable":true,"href":"https:\/\/partners-ltd.com\/ro\/wp-json\/wp\/v2\/comments?post=40241"}],"wp:featuredmedia":[{"embeddable":true,"href":"https:\/\/partners-ltd.com\/ro\/wp-json\/wp\/v2\/media\/18351"}],"wp:attachment":[{"href":"https:\/\/partners-ltd.com\/ro\/wp-json\/wp\/v2\/media?parent=40241"}],"wp:term":[{"taxonomy":"product_cat","embeddable":true,"href":"https:\/\/partners-ltd.com\/ro\/wp-json\/wp\/v2\/product_cat?post=40241"},{"taxonomy":"product_tag","embeddable":true,"href":"https:\/\/partners-ltd.com\/ro\/wp-json\/wp\/v2\/product_tag?post=40241"}],"curies":[{"name":"wp","href":"https:\/\/api.w.org\/{rel}","templated":true}]}}