{"id":40240,"date":"2021-02-25T13:36:02","date_gmt":"2021-02-25T11:36:02","guid":{"rendered":"https:\/\/partners-ltd.com\/magazin\/fara-categorie\/3m-sun-control-window-film-neutral-n35-exterior-folie-de-protectie-solara-pentru-montaj-exterior\/"},"modified":"2026-02-11T08:58:54","modified_gmt":"2026-02-11T06:58:54","slug":"3m-sun-control-window-film-neutral-n35-exterior-folie-de-protectie-solara-pentru-montaj-exterior","status":"publish","type":"product","link":"https:\/\/partners-ltd.com\/ro\/e-shop\/3m-folie-geamuri\/folie-protectie-solara-pentru-geamuri\/3m-sun-control-window-film-neutral-n35-exterior-folie-de-protectie-solara-pentru-montaj-exterior\/","title":{"rendered":"3M Sun Control Window Film Neutral N35 Exterior &#8211; folie de protec\u021bie solar\u0103 pentru montaj exterior"},"content":{"rendered":"<div class=\"wpb-content-wrapper\"><p>[vc_row css=&#8221;.vc_custom_1674812728295{margin-top: 1px !important;margin-bottom: 20px !important;border-right-width: 1px !important;border-bottom-width: 1px !important;border-left-width: 1px !important;border-left-color: #dbdbdb !important;border-left-style: dotted !important;border-right-color: #dbdbdb !important;border-right-style: dotted !important;border-bottom-color: #dbdbdb !important;border-bottom-style: dotted !important;border-radius: 1px !important;}&#8221;][vc_column]<div id=\"ultimate-heading-871569d0f4f24e154\" class=\"uvc-heading ult-adjust-bottom-margin ultimate-heading-871569d0f4f24e154 uvc-8838 \" data-hspacer=\"no_spacer\"  data-halign=\"left\" style=\"text-align:left\"><div class=\"uvc-heading-spacer no_spacer\" style=\"top\"><\/div><div class=\"uvc-main-heading ult-responsive\"  data-ultimate-target='.uvc-heading.ultimate-heading-871569d0f4f24e154 h2'  data-responsive-json-new='{\"font-size\":\"desktop:28px;\",\"line-height\":\"desktop:38px;\"}' ><h2 style=\"--font-weight:theme;margin-bottom:20px;\">3M Sun Control Window Film Neutral N35 Exterior - folie de protec\u021bie solar\u0103 de \u00eenalt\u0103 calitate<\/h2><\/div><\/div>[vc_column_text]<\/p>\n<div class=\"vc_row wpb_row vc_row-fluid vc_custom_1530878786079 vc_row-has-fill\">\n<div class=\"wpb_column vc_column_container vc_col-sm-12\">\n<div class=\"vc_column-inner\">\n<div class=\"wpb_wrapper\">\n<div class=\"wpb_text_column wpb_content_element \">\n<div class=\"wpb_wrapper\">\n<p><strong><a href=\"https:\/\/partners-ltd.com\/kategoriya\/3m-folio-stukla\/sluncezashtitno-folio-stukla\/\">Folia de protec\u021bie solar\u0103<\/a><\/strong>\u00a0de la 3M este destinat\u0103 ferestrelor \u0219i fa\u021badelor din sticl\u0103.\u00a0Blocheaz\u0103 c\u0103ldura solar\u0103 excesiv\u0103 care p\u0103trunde prin ferestre, reduc\u00e2nd astfel costurile de r\u0103cire vara \u0219i de \u00eenc\u0103lzire iarna. \u00cen acela\u0219i timp, asigur\u0103 o abunden\u021b\u0103 de lumin\u0103 natural\u0103 \u00een \u00eenc\u0103peri.<\/p>\n<p><strong><a href=\"https:\/\/partners-ltd.com\/kategoriya\/3m-folio-stukla\/\">Folia pentru sticl\u0103<\/a>\u00a03M Sun Control Window Film Neutral Series\u00a0<\/strong>blocheaz\u0103\u00a0o cantitate semnificativ\u0103 de raze UV d\u0103un\u0103toare, care cauzeaz\u0103 decolorarea, contribuind la prelungirea vie\u021bii mobilierului. Ajut\u0103 la reducerea str\u0103lucirii \u0219i a disconfortului ocular. Nuan\u021bele delicate confer\u0103 acestei folii un aspect atr\u0103g\u0103tor, f\u0103c\u00e2nd-o ideal\u0103 at\u00e2t pentru locuin\u021be, c\u00e2t \u0219i pentru spa\u021bii comerciale.<\/p>\n<p>Alegerea foliilor 3M Window v\u0103 ofer\u0103 lini\u0219tea de care ave\u021bi nevoie. Produsul vine cu o garan\u021bie solid\u0103, oferit\u0103 de o companie pe care o cunoa\u0219te\u021bi \u0219i \u00een care ave\u021bi \u00eencredere. Seria Neutral are o garan\u021bie de 10 ani, instalat\u0103 profesional \u00eentr-o cl\u0103dire comercial\u0103.<\/p>\n<\/div>\n<\/div>\n<\/div>\n<\/div>\n<\/div>\n<\/div>\n<p>[\/vc_column_text][\/vc_column][\/vc_row][vc_row gap=&#8221;20&#8243; css=&#8221;.vc_custom_1530878934758{margin-bottom: 20px !important;border-top-width: 1px !important;border-right-width: 1px !important;border-bottom-width: 1px !important;border-left-width: 1px !important;padding-right: 10px !important;padding-left: 10px !important;border-left-color: #e2e2e2 !important;border-left-style: dotted !important;border-right-color: #e2e2e2 !important;border-right-style: dotted !important;border-top-color: #e2e2e2 !important;border-top-style: dotted !important;border-bottom-color: #e2e2e2 !important;border-bottom-style: dotted !important;border-radius: 2px !important;}&#8221;][vc_column width=&#8221;1\/2&#8243;]<div id=\"ultimate-heading-412069d0f4f24e197\" class=\"uvc-heading ult-adjust-bottom-margin ultimate-heading-412069d0f4f24e197 uvc-1853 \" data-hspacer=\"no_spacer\"  data-halign=\"left\" style=\"text-align:left\"><div class=\"uvc-heading-spacer no_spacer\" style=\"top\"><\/div><div class=\"uvc-main-heading ult-responsive\"  data-ultimate-target='.uvc-heading.ultimate-heading-412069d0f4f24e197 h3'  data-responsive-json-new='{\"font-size\":\"desktop:24px;\",\"line-height\":\"desktop:34px;\"}' ><h3 style=\"--font-weight:theme;margin-bottom:20px;\">Caracteristici principale:<\/h3><\/div><\/div><div class=\"standard-arrow list-divider bullet-top\"><ul>\n<li>respinge 99,9% din razele UV<\/li>\n<li>transmisia luminii vizibile \u2013 36%<\/li>\n<li>economisire de energie<\/li>\n<li>Reduce reflexiile<\/li>\n<li>reflect\u0103 56% din energia solar\u0103<\/li>\n<\/ul>\n<\/div>[\/vc_column][vc_column width=&#8221;1\/2&#8243;][vc_empty_space height=&#8221;54px&#8221;]<div class=\"standard-arrow list-divider bullet-top\"><ul>\n<li>Reducerea str\u0103lucirii \u2013 60%<\/li>\n<li>adaptat pentru aplica\u021bii exterioare<\/li>\n<li>potrivit pentru suprafe\u021be netede<\/li>\n<li>garan\u021bie &#8211; 10 ani<\/li>\n<\/ul>\n<\/div>[\/vc_column][\/vc_row][vc_row css=&#8221;.vc_custom_1674812752032{border-top-width: 1px !important;border-right-width: 1px !important;border-bottom-width: 1px !important;border-left-width: 1px !important;border-left-color: #e2e2e2 !important;border-left-style: dotted !important;border-right-color: #e2e2e2 !important;border-right-style: dotted !important;border-top-color: #e2e2e2 !important;border-top-style: dotted !important;border-bottom-color: #e2e2e2 !important;border-bottom-style: dotted !important;border-radius: 1px !important;}&#8221;][vc_column]<div id=\"ultimate-heading-398669d0f4f24e235\" class=\"uvc-heading ult-adjust-bottom-margin ultimate-heading-398669d0f4f24e235 uvc-4622  uvc-heading-default-font-sizes\" data-hspacer=\"no_spacer\"  data-halign=\"left\" style=\"text-align:left\"><div class=\"uvc-heading-spacer no_spacer\" style=\"top\"><\/div><div class=\"uvc-main-heading ult-responsive\"  data-ultimate-target='.uvc-heading.ultimate-heading-398669d0f4f24e235 h3'  data-responsive-json-new='{\"font-size\":\"\",\"line-height\":\"\"}' ><h3 style=\"--font-weight:theme;margin-bottom:20px;\">Documente:<\/h3><\/div><\/div>[vc_row_inner css=&#8221;.vc_custom_1614341024040{margin-bottom: 30px !important;}&#8221;][vc_column_inner width=&#8221;1\/3&#8243;]<div id=\"ultimate-heading-715569d0f4f24e261\" class=\"uvc-heading ult-adjust-bottom-margin ultimate-heading-715569d0f4f24e261 uvc-1391  uvc-heading-default-font-sizes\" data-hspacer=\"no_spacer\"  data-halign=\"left\" style=\"text-align:left\"><div class=\"uvc-heading-spacer no_spacer\" style=\"top\"><\/div><div class=\"uvc-main-heading ult-responsive\"  data-ultimate-target='.uvc-heading.ultimate-heading-715569d0f4f24e261 h5'  data-responsive-json-new='{\"font-size\":\"\",\"line-height\":\"\"}' ><h5 style=\"--font-weight:theme;margin-bottom:20px;\">Bro\u0219ur\u0103 \u00een limba bulgar\u0103<\/h5><\/div><\/div>[vc_single_image image=&#8221;30266&#8243; style=&#8221;vc_box_border&#8221; onclick=&#8221;custom_link&#8221; img_link_target=&#8221;_blank&#8221; link=&#8221;\/wp-content\/uploads\/2021\/02\/Brochure-Sun-Control-films-with-adnotations.pdf&#8221;]<style type=\"text\/css\" data-type=\"the7_shortcodes-inline-css\">#default-btn-9696551e38e46444e0d262720448ff47.ico-right-side > i {\n  margin-right: 0px;\n  margin-left: 8px;\n}\n#default-btn-9696551e38e46444e0d262720448ff47 > i {\n  margin-right: 8px;\n}\n<\/style><a href=\"\/wp-content\/uploads\/2021\/02\/Edited_bg_Brochure-Sun-Control-Films.pdf\" class=\"default-btn-shortcode dt-btn dt-btn-s link-hover-off btn-inline-left \" target=\"_blank\" id=\"default-btn-9696551e38e46444e0d262720448ff47\" rel=\"noopener\"><span>Descarc\u0103 PDF<\/span><\/a>[\/vc_column_inner][vc_column_inner width=&#8221;1\/3&#8243;]<div id=\"ultimate-heading-215369d0f4f24e75c\" class=\"uvc-heading ult-adjust-bottom-margin ultimate-heading-215369d0f4f24e75c uvc-8458  uvc-heading-default-font-sizes\" data-hspacer=\"no_spacer\"  data-halign=\"left\" style=\"text-align:left\"><div class=\"uvc-heading-spacer no_spacer\" style=\"top\"><\/div><div class=\"uvc-main-heading ult-responsive\"  data-ultimate-target='.uvc-heading.ultimate-heading-215369d0f4f24e75c h5'  data-responsive-json-new='{\"font-size\":\"\",\"line-height\":\"\"}' ><h5 style=\"--font-weight:theme;margin-bottom:20px;\">Buletin de produs<\/h5><\/div><\/div>[vc_single_image image=&#8221;25152&#8243; style=&#8221;vc_box_border&#8221; onclick=&#8221;custom_link&#8221; img_link_target=&#8221;_blank&#8221; link=&#8221;\/wp-content\/uploads\/2021\/02\/3M-ULTRA-NIGHT-VISION-S25.pdf&#8221;]<style type=\"text\/css\" data-type=\"the7_shortcodes-inline-css\">#default-btn-b1573dd0e09f6c72cde640f8a33cacee.ico-right-side > i {\n  margin-right: 0px;\n  margin-left: 8px;\n}\n#default-btn-b1573dd0e09f6c72cde640f8a33cacee > i {\n  margin-right: 8px;\n}\n<\/style><a href=\"\/wp-content\/uploads\/2021\/02\/3M-ULTRA-NIGHT-VISION-S25.pdf\" class=\"default-btn-shortcode dt-btn dt-btn-s link-hover-off btn-inline-left \" target=\"_blank\" id=\"default-btn-b1573dd0e09f6c72cde640f8a33cacee\" rel=\"noopener\"><span>Descarc\u0103 PDF<\/span><\/a>[\/vc_column_inner][vc_column_inner width=&#8221;1\/3&#8243;]<div id=\"ultimate-heading-905569d0f4f24eb34\" class=\"uvc-heading ult-adjust-bottom-margin ultimate-heading-905569d0f4f24eb34 uvc-4461  uvc-heading-default-font-sizes\" data-hspacer=\"no_spacer\"  data-halign=\"left\" style=\"text-align:left\"><div class=\"uvc-heading-spacer no_spacer\" style=\"top\"><\/div><div class=\"uvc-main-heading ult-responsive\"  data-ultimate-target='.uvc-heading.ultimate-heading-905569d0f4f24eb34 h5'  data-responsive-json-new='{\"font-size\":\"\",\"line-height\":\"\"}' ><h5 style=\"--font-weight:theme;margin-bottom:20px;\">Caracteristici<\/h5><\/div><\/div>[vc_single_image image=&#8221;25161&#8243; style=&#8221;vc_box_border&#8221; onclick=&#8221;custom_link&#8221; img_link_target=&#8221;_blank&#8221; link=&#8221;\/wp-content\/uploads\/2021\/02\/Night-Vision-25-tech-data.pdf&#8221;]<style type=\"text\/css\" data-type=\"the7_shortcodes-inline-css\">#default-btn-14ff6733c4e2638309dffdc875e97676.ico-right-side > i {\n  margin-right: 0px;\n  margin-left: 8px;\n}\n#default-btn-14ff6733c4e2638309dffdc875e97676 > i {\n  margin-right: 8px;\n}\n<\/style><a href=\"\/wp-content\/uploads\/2021\/02\/Night-Vision-25-tech-data.pdf\" class=\"default-btn-shortcode dt-btn dt-btn-s link-hover-off btn-inline-left \" target=\"_blank\" id=\"default-btn-14ff6733c4e2638309dffdc875e97676\" rel=\"noopener\"><span>Descarc\u0103 PDF<\/span><\/a>[\/vc_column_inner][\/vc_row_inner][\/vc_column][\/vc_row]<\/p>\n<\/div>","protected":false},"excerpt":{"rendered":"<p>Folia pentru sticl\u0103 3M Sun Control Window Film Neutral Series blocheaz\u0103o cantitate semnificativ\u0103 de raze UV d\u0103un\u0103toare, care cauzeaz\u0103 decolorarea mobilierului, contribuind la prelungirea vie\u021bii acestora. Ajut\u0103 la reducerea str\u0103lucirii \u0219i a disconfortului ocular. Nuan\u021bele delicate confer\u0103 acestei folii un aspect atr\u0103g\u0103tor, f\u0103c\u00e2nd-o ideal\u0103 at\u00e2t pentru locuin\u021be, c\u00e2t \u0219i pentru spa\u021bii comerciale.<\/p>\n","protected":false},"featured_media":25092,"comment_status":"open","ping_status":"closed","template":"","meta":[],"product_cat":[1863],"product_tag":[],"_links":{"self":[{"href":"https:\/\/partners-ltd.com\/ro\/wp-json\/wp\/v2\/product\/40240"}],"collection":[{"href":"https:\/\/partners-ltd.com\/ro\/wp-json\/wp\/v2\/product"}],"about":[{"href":"https:\/\/partners-ltd.com\/ro\/wp-json\/wp\/v2\/types\/product"}],"replies":[{"embeddable":true,"href":"https:\/\/partners-ltd.com\/ro\/wp-json\/wp\/v2\/comments?post=40240"}],"wp:featuredmedia":[{"embeddable":true,"href":"https:\/\/partners-ltd.com\/ro\/wp-json\/wp\/v2\/media\/25092"}],"wp:attachment":[{"href":"https:\/\/partners-ltd.com\/ro\/wp-json\/wp\/v2\/media?parent=40240"}],"wp:term":[{"taxonomy":"product_cat","embeddable":true,"href":"https:\/\/partners-ltd.com\/ro\/wp-json\/wp\/v2\/product_cat?post=40240"},{"taxonomy":"product_tag","embeddable":true,"href":"https:\/\/partners-ltd.com\/ro\/wp-json\/wp\/v2\/product_tag?post=40240"}],"curies":[{"name":"wp","href":"https:\/\/api.w.org\/{rel}","templated":true}]}}