{"id":40113,"date":"2018-07-23T16:31:22","date_gmt":"2018-07-23T13:31:22","guid":{"rendered":"https:\/\/partners-ltd.com\/magazin\/fara-categorie\/3m-fasara-opaque-white-sh2maow-frost-and-mat\/"},"modified":"2025-05-28T14:54:31","modified_gmt":"2025-05-28T11:54:31","slug":"3m-fasara-opaque-white-sh2maow-frost-and-mat","status":"publish","type":"product","link":"https:\/\/partners-ltd.com\/ro\/e-shop\/3m-folie-geamuri\/fasara-folie-decorativa-pentru-geamuri\/3m-fasara-opaque-white-sh2maow-frost-and-mat\/","title":{"rendered":"3M Fasara Opaque White SH2MAOW &#8211; Frost and Mat"},"content":{"rendered":"<div class=\"wpb-content-wrapper\"><p>[vc_row css=&#8221;.vc_custom_1532072282826{margin-bottom: 20px !important;border-top-width: 1px !important;border-right-width: 1px !important;border-bottom-width: 1px !important;border-left-width: 1px !important;padding-right: 10px !important;padding-left: 10px !important;border-left-color: #e2e2e2 !important;border-left-style: dotted !important;border-right-color: #e2e2e2 !important;border-right-style: dotted !important;border-top-color: #e2e2e2 !important;border-top-style: dotted !important;border-bottom-color: #e2e2e2 !important;border-bottom-style: dotted !important;border-radius: 1px !important;}&#8221;][vc_column]<div id=\"ultimate-heading-260969e0d213e1227\" class=\"uvc-heading ult-adjust-bottom-margin ultimate-heading-260969e0d213e1227 uvc-8535 \" data-hspacer=\"no_spacer\"  data-halign=\"left\" style=\"text-align:left\"><div class=\"uvc-heading-spacer no_spacer\" style=\"top\"><\/div><div class=\"uvc-main-heading ult-responsive\"  data-ultimate-target='.uvc-heading.ultimate-heading-260969e0d213e1227 h2'  data-responsive-json-new='{\"font-size\":\"desktop:28px;\",\"line-height\":\"desktop:38px;\"}' ><h2 style=\"--font-weight:theme;margin-bottom:20px;\">3M Fasara Glass Finishes - Opaque White SH2MAOW, folie opac\u0103<\/h2><\/div><\/div>[vc_column_text]Seria de folii pentru sticl\u0103 3M Fasara\u2122 Glass Finishes ofer\u0103 posibilitatea de <strong>decora\u021biuni efective \u0219i stilate pentru vitrine<\/strong>, <strong>compartimente<\/strong> <strong>de sticl\u0103<\/strong> <strong>\u00een birouri, holuri de hoteluri, mall-uri, s\u0103li de conferin\u021be<\/strong> \u0219i altele. Cu o gam\u0103 de<strong> peste 50 de designuri diferite<\/strong> (texturi), folia Fasara poate \u00eembun\u0103t\u0103\u021bi estetica oric\u0103rui spa\u021biu. \u00centreaga serie are capacit\u0103\u021bile de <a href=\"\/kategoriya\/3m-folio-stukla\/folio-zashtita-stukla\/\">folie de protec\u021bie pentru sticl\u0103 din seria 3M Safety Films<\/a>.\u00a0<strong>Blocheaz\u0103 p\u00e2n\u0103 la 99%<\/strong> din <strong>razele UV<\/strong> \u0219i<strong> protejeaz\u0103 \u00eempotriva dispers\u0103rii<\/strong> (spargerii) sticlei <strong>\u00een caz de spargere<\/strong>.<\/p>\n<p>Cu designurile acestei folii decorative pentru sticl\u0103 <strong>se pot delimita spa\u021bii cu vizibilitate complet\u0103 <\/strong>sau <strong>par\u021bial\u0103<\/strong>, asigur\u00e2nd astfel intimitate.<\/p>\n<p>3M Fasara\u2122 Glass Finishes este o folie de poliester cu grosime variabil\u0103, de la 75 microni la 140 microni, \u00een func\u021bie de texturile mate. Cu un adeziv acrilat complet transparent, permanent. <strong>Se monteaz\u0103 u\u0219or \u0219i rapid <\/strong>pe sticl\u0103 sau suprafe\u021be acrilice transparente.<\/p>\n<p><strong>3M Fasara Opaque White SH2MAOW<\/strong>\u00a0este unul dintre modelele<strong> &#8222;Mat \u00eenghe\u021bat&#8221;<\/strong> din seria <a href=\"http:\/\/solutions.3m.com\/wps\/portal\/3M\/en_WW\/Architectural_Markets\/Home\/product_catalogue\/?PC_Z7_RJH9U5230GFR50IASARDF914I1000000_nid=193NBJ6D6XbeGQFFKKBFDHgl\" target=\"_blank\" rel=\"noopener\">3M Fasara\u2122<\/a>. Folie pentru sticl\u0103 opac\u0103 pentru sticl\u0103 \u0219i ferestre.[\/vc_column_text][vc_row_inner][vc_column_inner width=&#8221;1\/3&#8243;][vc_column_text]<strong>Dimensiune rol\u0103:<\/strong> 1,27m \u0445 30m[\/vc_column_text][\/vc_column_inner][vc_column_inner width=&#8221;1\/3&#8243;][vc_column_text]<strong>Grosime:<\/strong>\u00a0142 microni[\/vc_column_text][\/vc_column_inner][vc_column_inner width=&#8221;1\/3&#8243;][\/vc_column_inner][\/vc_row_inner][\/vc_column][\/vc_row][vc_row css=&#8221;.vc_custom_1532072379976{margin-bottom: 20px !important;border-top-width: 1px !important;border-right-width: 1px !important;border-bottom-width: 1px !important;border-left-width: 1px !important;padding-right: 10px !important;padding-bottom: 20px !important;padding-left: 10px !important;border-left-color: #e2e2e2 !important;border-left-style: dotted !important;border-right-color: #e2e2e2 !important;border-right-style: dotted !important;border-top-color: #e2e2e2 !important;border-top-style: dotted !important;border-bottom-color: #e2e2e2 !important;border-bottom-style: dotted !important;border-radius: 1px !important;}&#8221;][vc_column width=&#8221;1\/2&#8243;]<div id=\"ultimate-heading-483369e0d213e126e\" class=\"uvc-heading ult-adjust-bottom-margin ultimate-heading-483369e0d213e126e uvc-214 \" data-hspacer=\"no_spacer\"  data-halign=\"left\" style=\"text-align:left\"><div class=\"uvc-heading-spacer no_spacer\" style=\"top\"><\/div><div class=\"uvc-main-heading ult-responsive\"  data-ultimate-target='.uvc-heading.ultimate-heading-483369e0d213e126e h3'  data-responsive-json-new='{\"font-size\":\"desktop:24px;\",\"line-height\":\"desktop:34px;\"}' ><h3 style=\"--font-weight:theme;margin-bottom:20px;\">Caracteristici principale:<\/h3><\/div><\/div><div class=\"standard-arrow list-divider bullet-top\"><ul>\n<li>pentru decora\u021biuni pe sticl\u0103, vitrine, compartimente de sticl\u0103 sau plexiglas<\/li>\n<li>transparent, sensibil la presiune, adeziv acrilic<\/li>\n<li>alegere din peste 50 de designuri diferite<\/li>\n<li>p\u00e2n\u0103 la 99% protec\u021bie UV \u0219i protec\u021bie \u00eempotriva dispers\u0103rii la spargere<\/li>\n<li>durabilitate &#8211; 7 ani<\/li>\n<\/ul>\n<\/div>[\/vc_column][vc_column width=&#8221;1\/2&#8243;][vc_empty_space height=&#8221;78px&#8221;]<div class=\"standard-arrow list-divider bullet-top\"><ul>\n<li>ofer\u0103 estetic\u0103, elegan\u021b\u0103 \u0219i stil<\/li>\n<li>realizate din poliester flexibil \u0219i durabil<\/li>\n<li>potrivit pentru s\u0103li de conferin\u021be, holuri, mall-uri, birouri \u0219i altele<\/li>\n<li>aplicare u\u0219oar\u0103 \u0219i rapid\u0103 a designurilor<\/li>\n<\/ul>\n<\/div>[\/vc_column][\/vc_row][vc_row css=&#8221;.vc_custom_1532072267931{border-top-width: 1px !important;border-right-width: 1px !important;border-bottom-width: 1px !important;border-left-width: 1px !important;padding-right: 10px !important;padding-bottom: 20px !important;padding-left: 10px !important;border-left-color: #e2e2e2 !important;border-left-style: dotted !important;border-right-color: #e2e2e2 !important;border-right-style: dotted !important;border-top-color: #e2e2e2 !important;border-top-style: dotted !important;border-bottom-color: #e2e2e2 !important;border-bottom-style: dotted !important;border-radius: 1px !important;}&#8221;][vc_column]<div id=\"ultimate-heading-435869e0d213e130d\" class=\"uvc-heading ult-adjust-bottom-margin ultimate-heading-435869e0d213e130d uvc-9069 \" data-hspacer=\"no_spacer\"  data-halign=\"left\" style=\"text-align:left\"><div class=\"uvc-heading-spacer no_spacer\" style=\"top\"><\/div><div class=\"uvc-main-heading ult-responsive\"  data-ultimate-target='.uvc-heading.ultimate-heading-435869e0d213e130d h3'  data-responsive-json-new='{\"font-size\":\"desktop:24px;\",\"line-height\":\"desktop:34px;\"}' ><h3 style=\"--font-weight:theme;margin-bottom:20px;\">Documente<\/h3><\/div><\/div>[vc_column_text]Buletin de produs \u0219i bro\u0219ur\u0103 pentru folie de decora\u021biuni pe sticl\u0103 3M Fasara\u2122 Glass Finishes.[\/vc_column_text][vc_row_inner gap=&#8221;15&#8243;][vc_column_inner width=&#8221;1\/4&#8243;][vc_column_text]<\/p>\n<p style=\"text-align: center;\">Bro\u0219ur\u0103<\/p>\n<p>[\/vc_column_text][vc_single_image image=&#8221;15269&#8243; img_size=&#8221;130&#215;180&#8243; alignment=&#8221;center&#8221; style=&#8221;vc_box_outline&#8221;]<style type=\"text\/css\" data-type=\"the7_shortcodes-inline-css\">#default-btn-324413270e3b2f0d49841f98deb21506.ico-right-side > i {\n  margin-right: 0px;\n  margin-left: 8px;\n}\n#default-btn-324413270e3b2f0d49841f98deb21506 > i {\n  margin-right: 8px;\n}\n<\/style><div class=\"btn-align-center\"><a href=\"\/wp-content\/uploads\/2018\/07\/Glass-Finishes-FASARA-2017-2018.pdf\" class=\"default-btn-shortcode dt-btn dt-btn-s link-hover-off \" target=\"_blank\" id=\"default-btn-324413270e3b2f0d49841f98deb21506\" rel=\"noopener\"><i class=\"fas fa-download\"><\/i><span>Descarc\u0103 PDF<\/span><\/a><\/div>[\/vc_column_inner][vc_column_inner width=&#8221;1\/4&#8243;][vc_column_text]<\/p>\n<p style=\"text-align: center;\">Buletin de produs<\/p>\n<p>[\/vc_column_text][vc_single_image image=&#8221;15270&#8243; img_size=&#8221;130&#215;180&#8243; alignment=&#8221;center&#8221; style=&#8221;vc_box_outline&#8221;]<style type=\"text\/css\" data-type=\"the7_shortcodes-inline-css\">#default-btn-1cfbe8ec70103b1da994f7ab9ad2b46e.ico-right-side > i {\n  margin-right: 0px;\n  margin-left: 8px;\n}\n#default-btn-1cfbe8ec70103b1da994f7ab9ad2b46e > i {\n  margin-right: 8px;\n}\n<\/style><div class=\"btn-align-center\"><a href=\"\/wp-content\/uploads\/2018\/07\/FASARA_Product-Bulletin_2017.pdf\" class=\"default-btn-shortcode dt-btn dt-btn-s link-hover-off \" target=\"_blank\" id=\"default-btn-1cfbe8ec70103b1da994f7ab9ad2b46e\" rel=\"noopener\"><i class=\"fas fa-download\"><\/i><span>Descarc\u0103 PDF<\/span><\/a><\/div>[\/vc_column_inner][vc_column_inner width=&#8221;1\/2&#8243;][vc_single_image image=&#8221;15307&#8243; img_size=&#8221;full&#8221; alignment=&#8221;center&#8221;][\/vc_column_inner][\/vc_row_inner][\/vc_column][\/vc_row]<\/p>\n<\/div>","protected":false},"excerpt":{"rendered":"<p>Folie de poliester de \u00eenalt\u0103 calitate pentru decora\u021biuni arhitecturale pe suprafe\u021be de sticl\u0103: vitrine, compartimente \u0219i ferestre. Potrivit\u0103 pentru mall-uri, hoteluri, restaurante, birouri, s\u0103li de conferin\u021be, spa\u021bii comerciale \u0219i altele. Serve\u0219te \u0219i ca folie de protec\u021bie \u2013 protejeaz\u0103 sticla de spargere \u0219i blocheaz\u0103 p\u00e2n\u0103 la 99% din razele UV.<\/p>\n","protected":false},"featured_media":15306,"comment_status":"open","ping_status":"closed","template":"","meta":[],"product_cat":[2696,1850,1859],"product_tag":[],"_links":{"self":[{"href":"https:\/\/partners-ltd.com\/ro\/wp-json\/wp\/v2\/product\/40113"}],"collection":[{"href":"https:\/\/partners-ltd.com\/ro\/wp-json\/wp\/v2\/product"}],"about":[{"href":"https:\/\/partners-ltd.com\/ro\/wp-json\/wp\/v2\/types\/product"}],"replies":[{"embeddable":true,"href":"https:\/\/partners-ltd.com\/ro\/wp-json\/wp\/v2\/comments?post=40113"}],"wp:featuredmedia":[{"embeddable":true,"href":"https:\/\/partners-ltd.com\/ro\/wp-json\/wp\/v2\/media\/15306"}],"wp:attachment":[{"href":"https:\/\/partners-ltd.com\/ro\/wp-json\/wp\/v2\/media?parent=40113"}],"wp:term":[{"taxonomy":"product_cat","embeddable":true,"href":"https:\/\/partners-ltd.com\/ro\/wp-json\/wp\/v2\/product_cat?post=40113"},{"taxonomy":"product_tag","embeddable":true,"href":"https:\/\/partners-ltd.com\/ro\/wp-json\/wp\/v2\/product_tag?post=40113"}],"curies":[{"name":"wp","href":"https:\/\/api.w.org\/{rel}","templated":true}]}}