{"id":40090,"date":"2021-03-01T15:01:55","date_gmt":"2021-03-01T13:01:55","guid":{"rendered":"https:\/\/partners-ltd.com\/magazin\/fara-categorie\/3m-all-season-asa35-folie-pentru-ferestre-economisitoare-de-energie\/"},"modified":"2025-05-28T12:20:28","modified_gmt":"2025-05-28T09:20:28","slug":"3m-all-season-asa35-folie-pentru-ferestre-economisitoare-de-energie","status":"publish","type":"product","link":"https:\/\/partners-ltd.com\/ro\/e-shop\/3m-folie-geamuri\/folie-de-economisire-a-energiei-pentru-ferestre\/3m-all-season-asa35-folie-pentru-ferestre-economisitoare-de-energie\/","title":{"rendered":"3M All Season ASA35 \u2013 Folie pentru ferestre economisitoare de energie"},"content":{"rendered":"<div class=\"wpb-content-wrapper\"><p>[vc_row css=&#8221;.vc_custom_1614340926172{margin-bottom: 30px !important;border-top-width: 1px !important;border-right-width: 1px !important;border-bottom-width: 1px !important;border-left-width: 1px !important;border-left-color: #d8d8d8 !important;border-left-style: solid !important;border-right-color: #d8d8d8 !important;border-right-style: solid !important;border-top-color: #d8d8d8 !important;border-top-style: solid !important;border-bottom-color: #d8d8d8 !important;border-bottom-style: solid !important;border-radius: 1px !important;}&#8221;][vc_column]<div id=\"ultimate-heading-316969e470414141f\" class=\"uvc-heading ult-adjust-bottom-margin ultimate-heading-316969e470414141f uvc-26  uvc-heading-default-font-sizes\" data-hspacer=\"no_spacer\"  data-halign=\"left\" style=\"text-align:left\"><div class=\"uvc-heading-spacer no_spacer\" style=\"top\"><\/div><div class=\"uvc-main-heading ult-responsive\"  data-ultimate-target='.uvc-heading.ultimate-heading-316969e470414141f h3'  data-responsive-json-new='{\"font-size\":\"\",\"line-height\":\"\"}' ><h3 style=\"--font-weight:theme;\">3M All Season ASA35 \u2013 Folie pentru ferestre economisitoare de energie<\/h3><\/div><\/div>[vc_empty_space][vc_column_text]3M All Season ASA35 \u2013 Folie pentru ferestre economisitoare de energie cu culoare chihlimbar. Seria este creat\u0103 pentru a oferi un bun nivel de control solar \u0219i izola\u021bie pentru un confort \u00eembun\u0103t\u0103\u021bit \u0219i economie de energie pe tot parcursul anului. Acestea se aplic\u0103 pe suprafa\u021ba interioar\u0103 a ferestrelor.<\/p>\n<p>Tehnologia metalizat\u0103 reflect\u0103 razele solare, f\u0103r\u0103 a \u00eempiedica vederea clar\u0103. Aceast\u0103 folie reduce costurile de climatizare. Seria All Seasons combin\u0103 protec\u021bia solar\u0103 vara, reduc\u00e2nd p\u0103trunderea c\u0103ldurii \u0219i asigur\u0103 izola\u021bie iarna, reduc\u00e2nd pierderile de c\u0103ldur\u0103. Seria Low E poate contribui semnificativ la gestionarea costurilor energetice.[\/vc_column_text][\/vc_column][\/vc_row][vc_row css=&#8221;.vc_custom_1614340946766{margin-bottom: 30px !important;border-top-width: 1px !important;border-right-width: 1px !important;border-bottom-width: 1px !important;border-left-width: 1px !important;border-left-color: #d8d8d8 !important;border-left-style: solid !important;border-right-color: #d8d8d8 !important;border-right-style: solid !important;border-top-color: #d8d8d8 !important;border-top-style: solid !important;border-bottom-color: #d8d8d8 !important;border-bottom-style: solid !important;border-radius: 1px !important;}&#8221;][vc_column]<div id=\"ultimate-heading-313269e4704141453\" class=\"uvc-heading ult-adjust-bottom-margin ultimate-heading-313269e4704141453 uvc-2735  uvc-heading-default-font-sizes\" data-hspacer=\"no_spacer\"  data-halign=\"left\" style=\"text-align:left\"><div class=\"uvc-heading-spacer no_spacer\" style=\"top\"><\/div><div class=\"uvc-main-heading ult-responsive\"  data-ultimate-target='.uvc-heading.ultimate-heading-313269e4704141453 h3'  data-responsive-json-new='{\"font-size\":\"\",\"line-height\":\"\"}' ><h3 style=\"--font-weight:theme;\">Avantaje:<\/h3><\/div><\/div>[vc_empty_space][vc_row_inner][vc_column_inner width=&#8221;1\/2&#8243;]<div class=\"standard-arrow list-divider bullet-top\"><ul>\n<li>\u00cembun\u0103t\u0103\u021be\u0219te confortul acas\u0103 sau la locul de munc\u0103<\/li>\n<li>Reduce costurile de r\u0103cire vara<\/li>\n<li>Reduce costurile de \u00eenc\u0103lzire iarna<\/li>\n<li>Garan\u021bie de la 3M<\/li>\n<\/ul>\n<\/div>[\/vc_column_inner][vc_column_inner width=&#8221;1\/2&#8243;]<div class=\"standard-arrow list-divider bullet-top\"><ul>\n<li>Reduce semnificativ num\u0103rul de raze UV d\u0103un\u0103toare<\/li>\n<li>Ajut\u0103 la prelungirea vie\u021bii mobilierului<\/li>\n<li>Reduce reflexiile, ceea ce poate ajuta la \u00eembun\u0103t\u0103\u021birea productivit\u0103\u021bii la locul de munc\u0103<\/li>\n<\/ul>\n<\/div>[\/vc_column_inner][\/vc_row_inner][\/vc_column][\/vc_row][vc_row css=&#8221;.vc_custom_1614340974723{border-top-width: 1px !important;border-right-width: 1px !important;border-bottom-width: 1px !important;border-left-width: 1px !important;border-left-color: #d8d8d8 !important;border-left-style: solid !important;border-right-color: #d8d8d8 !important;border-right-style: solid !important;border-top-color: #d8d8d8 !important;border-top-style: solid !important;border-bottom-color: #d8d8d8 !important;border-bottom-style: solid !important;border-radius: 1px !important;}&#8221;][vc_column]<div id=\"ultimate-heading-287569e47041414ce\" class=\"uvc-heading ult-adjust-bottom-margin ultimate-heading-287569e47041414ce uvc-3135  uvc-heading-default-font-sizes\" data-hspacer=\"no_spacer\"  data-halign=\"left\" style=\"text-align:left\"><div class=\"uvc-heading-spacer no_spacer\" style=\"top\"><\/div><div class=\"uvc-main-heading ult-responsive\"  data-ultimate-target='.uvc-heading.ultimate-heading-287569e47041414ce h3'  data-responsive-json-new='{\"font-size\":\"\",\"line-height\":\"\"}' ><h3 style=\"--font-weight:theme;\">Documente:<\/h3><\/div><\/div>[vc_empty_space][vc_row_inner][vc_column_inner width=&#8221;1\/4&#8243;][vc_column_text]Caracteristici[\/vc_column_text][vc_single_image image=&#8221;25182&#8243; onclick=&#8221;custom_link&#8221; img_link_target=&#8221;_blank&#8221; link=&#8221;\/wp-content\/uploads\/2021\/03\/All-Seasons-Amber-35-TDS_012017.pdf&#8221;]<style type=\"text\/css\" data-type=\"the7_shortcodes-inline-css\">#default-btn-dcd7a010d013bca7b9a33a0498c9fb0c.ico-right-side > i {\n  margin-right: 0px;\n  margin-left: 8px;\n}\n#default-btn-dcd7a010d013bca7b9a33a0498c9fb0c > i {\n  margin-right: 8px;\n}\n<\/style><a href=\"\/wp-content\/uploads\/2021\/03\/All-Seasons-Amber-35-TDS_012017.pdf\" class=\"default-btn-shortcode dt-btn dt-btn-s link-hover-off btn-inline-left \" target=\"_blank\" id=\"default-btn-dcd7a010d013bca7b9a33a0498c9fb0c\" rel=\"noopener\"><span>Descarc\u0103 PDF<\/span><\/a>[\/vc_column_inner][vc_column_inner width=&#8221;1\/4&#8243;][vc_column_text]Bro\u0219ur\u0103[\/vc_column_text][vc_single_image image=&#8221;25191&#8243; onclick=&#8221;custom_link&#8221; img_link_target=&#8221;_blank&#8221; link=&#8221;\/wp-content\/uploads\/2021\/03\/All-Seasons-Amber-35-Brochure.pdf&#8221;]<style type=\"text\/css\" data-type=\"the7_shortcodes-inline-css\">#default-btn-4387607a1050eb655ffa7b5bdc63b88d.ico-right-side > i {\n  margin-right: 0px;\n  margin-left: 8px;\n}\n#default-btn-4387607a1050eb655ffa7b5bdc63b88d > i {\n  margin-right: 8px;\n}\n<\/style><a href=\"\/wp-content\/uploads\/2021\/03\/All-Seasons-Amber-35-Brochure.pdf\" class=\"default-btn-shortcode dt-btn dt-btn-s link-hover-off btn-inline-left \" target=\"_blank\" id=\"default-btn-4387607a1050eb655ffa7b5bdc63b88d\" rel=\"noopener\"><span>Descarc\u0103 PDF<\/span><\/a>[\/vc_column_inner][vc_column_inner width=&#8221;1\/4&#8243;][\/vc_column_inner][vc_column_inner width=&#8221;1\/4&#8243;][\/vc_column_inner][\/vc_row_inner][vc_empty_space][\/vc_column][\/vc_row]<\/p>\n<\/div>","protected":false},"excerpt":{"rendered":"<p>3M All Season ASA35 economise\u0219te energie \u0219i \u00eembun\u0103t\u0103\u021be\u0219te confortul \u00een lunile reci de iarn\u0103, precum \u0219i \u00een mijlocul verii.\u00a0Tehnologia metalizat\u0103 reflect\u0103 razele solare, f\u0103r\u0103 a \u00eempiedica vederea clar\u0103. Produsul este pentru utilizare interioar\u0103 \u0219i ajut\u0103 la izolarea \u00eenc\u0103perii.<\/p>\n","protected":false},"featured_media":25194,"comment_status":"open","ping_status":"closed","template":"","meta":[],"product_cat":[1850,2495],"product_tag":[],"_links":{"self":[{"href":"https:\/\/partners-ltd.com\/ro\/wp-json\/wp\/v2\/product\/40090"}],"collection":[{"href":"https:\/\/partners-ltd.com\/ro\/wp-json\/wp\/v2\/product"}],"about":[{"href":"https:\/\/partners-ltd.com\/ro\/wp-json\/wp\/v2\/types\/product"}],"replies":[{"embeddable":true,"href":"https:\/\/partners-ltd.com\/ro\/wp-json\/wp\/v2\/comments?post=40090"}],"wp:featuredmedia":[{"embeddable":true,"href":"https:\/\/partners-ltd.com\/ro\/wp-json\/wp\/v2\/media\/25194"}],"wp:attachment":[{"href":"https:\/\/partners-ltd.com\/ro\/wp-json\/wp\/v2\/media?parent=40090"}],"wp:term":[{"taxonomy":"product_cat","embeddable":true,"href":"https:\/\/partners-ltd.com\/ro\/wp-json\/wp\/v2\/product_cat?post=40090"},{"taxonomy":"product_tag","embeddable":true,"href":"https:\/\/partners-ltd.com\/ro\/wp-json\/wp\/v2\/product_tag?post=40090"}],"curies":[{"name":"wp","href":"https:\/\/api.w.org\/{rel}","templated":true}]}}