{"id":40086,"date":"2018-06-17T10:30:19","date_gmt":"2018-06-17T07:30:19","guid":{"rendered":"https:\/\/partners-ltd.com\/magazin\/fara-categorie\/3m-dichroic-glass-finishes-df-blaze-folie-decorativa-pentru-sticla-cu-culori-calde-si-irizante\/"},"modified":"2025-05-28T11:53:52","modified_gmt":"2025-05-28T08:53:52","slug":"3m-dichroic-glass-finishes-df-blaze-folie-decorativa-pentru-sticla-cu-culori-calde-si-irizante","status":"publish","type":"product","link":"https:\/\/partners-ltd.com\/ro\/e-shop\/3m-folie-geamuri\/folie-decorativa-pentru-geamuri\/3m-dichroic-glass-finishes-df-blaze-folie-decorativa-pentru-sticla-cu-culori-calde-si-irizante\/","title":{"rendered":"3M DICHROIC Glass Finishes DF Blaze &#8211; folie decorativ\u0103 pentru sticl\u0103 cu culori calde \u0219i irizante"},"content":{"rendered":"<div class=\"wpb-content-wrapper\"><p>[vc_row css=&#8221;.vc_custom_1680253471996{margin-bottom: 30px !important;border-top-width: 1px !important;border-right-width: 1px !important;border-bottom-width: 1px !important;border-left-width: 1px !important;border-left-color: #d6d6d6 !important;border-left-style: solid !important;border-right-color: #d6d6d6 !important;border-right-style: solid !important;border-top-color: #d6d6d6 !important;border-top-style: solid !important;border-bottom-color: #d6d6d6 !important;border-bottom-style: solid !important;border-radius: 1px !important;}&#8221;][vc_column]<div id=\"ultimate-heading-125069e60624bb3bc\" class=\"uvc-heading ult-adjust-bottom-margin ultimate-heading-125069e60624bb3bc uvc-3604  uvc-heading-default-font-sizes\" data-hspacer=\"no_spacer\"  data-halign=\"left\" style=\"text-align:left\"><div class=\"uvc-heading-spacer no_spacer\" style=\"top\"><\/div><div class=\"uvc-main-heading ult-responsive\"  data-ultimate-target='.uvc-heading.ultimate-heading-125069e60624bb3bc h3'  data-responsive-json-new='{\"font-size\":\"\",\"line-height\":\"\"}' ><h3 style=\"--font-weight:theme;margin-bottom:20px;\">Crea\u021bi art\u0103 \u00een casa sau biroul dumneavoastr\u0103!<\/h3><\/div><\/div>[vc_column_text]<strong><a class=\"dt-pswp-item\" href=\"https:\/\/partners-ltd.com\/wp-content\/uploads\/2021\/01\/copper-bronze-dichroic-film-photo.jpg\" data-dt-img-description=\"\" data-large_image_width=\"400\" data-large_image_height=\"266\"><img loading=\"lazy\" decoding=\"async\" class=\" wp-image-24554 alignleft\" src=\"https:\/\/partners-ltd.com\/wp-content\/uploads\/2021\/01\/copper-bronze-dichroic-film-photo.jpg\" alt=\"3M DICHROIC Glass Finishes DF Blaze - folie decorativ\u0103 pentru sticl\u0103 cu culori irizante, exemplu\" width=\"232\" height=\"154\" srcset=\"https:\/\/partners-ltd.com\/wp-content\/uploads\/2021\/01\/copper-bronze-dichroic-film-photo.jpg 400w, https:\/\/partners-ltd.com\/wp-content\/uploads\/2021\/01\/copper-bronze-dichroic-film-photo-300x200.jpg 300w\" sizes=\"(max-width: 232px) 100vw, 232px\" \/><\/a>3M DICHROIC Glass Finishes DF Blaze<\/strong>\u00a0este o folie polimeric\u0103 multistrat f\u0103r\u0103 PVC. Folia decorativ\u0103 pentru sticl\u0103 \u00ee\u0219i schimb\u0103 culoarea \u00een func\u021bie de unghiul din care este privit\u0103. Seria &#8222;Blaze&#8221; are nuan\u021be mai calde de ro\u0219u \u0219i auriu, cian \u0219i verde. Aceast\u0103 folie v\u0103 ofer\u0103 posibilitatea de a crea un design interior unic pentru casa sau biroul dumneavoastr\u0103.<\/p>\n<p>Produsul con\u021bine un adeziv incolor, <strong>sensibil la presiune<\/strong>, care ader\u0103 excelent la sticl\u0103. De asemenea,\u00a0dispune de un <strong>substrat de protec\u021bie din silicon<\/strong>, care\u00a0protejeaz\u0103 stratul adeziv de lipirea prematur\u0103.<\/p>\n<p><strong>3M Dichroic Glass Finishes DF\u00a0<\/strong>este creat pentru utilizare interioar\u0103. Blocheaz\u0103 p\u00e2n\u0103 la 97% din razele UV \u0219i protejeaz\u0103 mobilierul din \u00eenc\u0103pere de decolorarea cauzat\u0103 de lumina solar\u0103 puternic\u0103.\u00a0Este recomandat ca dup\u0103 aplica\u021bia pe suprafa\u021ba de sticl\u0103 s\u0103 se aplice un laminat de protec\u021bie pentru a preveni zg\u00e2rieturile.<\/p>\n<p><strong>Temperatura de aplicare:<\/strong>\u00a0+12\u00b0C p\u00e2n\u0103 la +38\u00b0C[\/vc_column_text][\/vc_column][\/vc_row][vc_row css=&#8221;.vc_custom_1680253494936{margin-bottom: 30px !important;border-top-width: 1px !important;border-right-width: 1px !important;border-bottom-width: 1px !important;border-left-width: 1px !important;border-left-color: #dbdbdb !important;border-left-style: solid !important;border-right-color: #dbdbdb !important;border-right-style: solid !important;border-top-color: #dbdbdb !important;border-top-style: solid !important;border-bottom-color: #dbdbdb !important;border-bottom-style: solid !important;border-radius: 1px !important;}&#8221;][vc_column]<div id=\"ultimate-heading-750369e60624bb3f7\" class=\"uvc-heading ult-adjust-bottom-margin ultimate-heading-750369e60624bb3f7 uvc-7539  uvc-heading-default-font-sizes\" data-hspacer=\"no_spacer\"  data-halign=\"left\" style=\"text-align:left\"><div class=\"uvc-heading-spacer no_spacer\" style=\"top\"><\/div><div class=\"uvc-main-heading ult-responsive\"  data-ultimate-target='.uvc-heading.ultimate-heading-750369e60624bb3f7 h3'  data-responsive-json-new='{\"font-size\":\"\",\"line-height\":\"\"}' ><h3 style=\"--font-weight:theme;margin-bottom:20px;\">Avantaje:<\/h3><\/div><\/div>[vc_row_inner][vc_column_inner width=&#8221;1\/2&#8243;]<div class=\"standard-arrow list-divider bullet-top\"><ul>\n<li>Creeaz\u0103 culori calde, dinamice \u0219i gradiente<\/li>\n<li>Complet transparent, produsul \u00ee\u0219i schimb\u0103 culoarea \u00een func\u021bie de unghiul din care este privit<\/li>\n<\/ul>\n<\/div>[\/vc_column_inner][vc_column_inner width=&#8221;1\/2&#8243;]<div class=\"standard-arrow list-divider bullet-top\"><ul>\n<li>Pentru o instalare mai u\u0219oar\u0103, se poate folosi ap\u0103 pentru a elimina bulele de aer<\/li>\n<li>Durat\u0103 de via\u021b\u0103 estimat\u0103 de 10 ani.<\/li>\n<\/ul>\n<\/div>[\/vc_column_inner][\/vc_row_inner][vc_row_inner][vc_column_inner][vc_video link=&#8221;https:\/\/www.youtube.com\/watch?v=GUTxcTn6xP4&#8243;][\/vc_column_inner][\/vc_row_inner][\/vc_column][\/vc_row][vc_row][vc_column css=&#8221;.vc_custom_1610615408606{border-top-width: 1px !important;border-right-width: 1px !important;border-bottom-width: 1px !important;border-left-width: 1px !important;border-left-color: #d8d8d8 !important;border-left-style: solid !important;border-right-color: #d8d8d8 !important;border-right-style: solid !important;border-top-color: #d8d8d8 !important;border-top-style: solid !important;border-bottom-color: #d8d8d8 !important;border-bottom-style: solid !important;border-radius: 1px !important;}&#8221;]<div id=\"ultimate-heading-801669e60624bb47b\" class=\"uvc-heading ult-adjust-bottom-margin ultimate-heading-801669e60624bb47b uvc-3023  uvc-heading-default-font-sizes\" data-hspacer=\"no_spacer\"  data-halign=\"left\" style=\"text-align:left\"><div class=\"uvc-heading-spacer no_spacer\" style=\"top\"><\/div><div class=\"uvc-main-heading ult-responsive\"  data-ultimate-target='.uvc-heading.ultimate-heading-801669e60624bb47b h3'  data-responsive-json-new='{\"font-size\":\"\",\"line-height\":\"\"}' ><h3 style=\"--font-weight:theme;\">Documente:<\/h3><\/div><\/div>[vc_row_inner css=&#8221;.vc_custom_1680253587394{margin-bottom: 30px !important;}&#8221;][vc_column_inner width=&#8221;1\/5&#8243;][vc_column_text]Buletin de produs[\/vc_column_text][vc_single_image image=&#8221;24524&#8243; style=&#8221;vc_box_border&#8221; onclick=&#8221;custom_link&#8221; link=&#8221;https:\/\/partners-ltd.com\/wp-content\/uploads\/2021\/01\/Product-Bulletin-Dichroic-DFPA-EN.pdf&#8221;]<style type=\"text\/css\" data-type=\"the7_shortcodes-inline-css\">#default-btn-11996c9ff3226befdd0939035ec92f3b.ico-right-side > i {\n  margin-right: 0px;\n  margin-left: 8px;\n}\n#default-btn-11996c9ff3226befdd0939035ec92f3b > i {\n  margin-right: 8px;\n}\n<\/style><a href=\"https:\/\/partners-ltd.com\/wp-content\/uploads\/2021\/01\/Product-Bulletin-Dichroic-DFPA-EN.pdf\" class=\"default-btn-shortcode dt-btn dt-btn-s link-hover-off btn-inline-left \" target=\"_blank\" id=\"default-btn-11996c9ff3226befdd0939035ec92f3b\" rel=\"noopener\"><span>Descarc\u0103 PDF<\/span><\/a>[\/vc_column_inner][vc_column_inner width=&#8221;1\/5&#8243;][vc_column_text]Caracteristici:[\/vc_column_text][vc_single_image image=&#8221;24530&#8243; style=&#8221;vc_box_border&#8221; onclick=&#8221;custom_link&#8221; link=&#8221;https:\/\/partners-ltd.com\/wp-content\/uploads\/2021\/01\/DICHROIC-DF-PA-Tech-Data-Sheet-RJ.pdf&#8221;]<style type=\"text\/css\" data-type=\"the7_shortcodes-inline-css\">#default-btn-d6bff1cdc2e0fe669d1d191703b49a5b.ico-right-side > i {\n  margin-right: 0px;\n  margin-left: 8px;\n}\n#default-btn-d6bff1cdc2e0fe669d1d191703b49a5b > i {\n  margin-right: 8px;\n}\n<\/style><a href=\"https:\/\/partners-ltd.com\/wp-content\/uploads\/2021\/01\/DICHROIC-DF-PA-Tech-Data-Sheet-RJ.pdf\" class=\"default-btn-shortcode dt-btn dt-btn-s link-hover-off btn-inline-left \" target=\"_blank\" id=\"default-btn-d6bff1cdc2e0fe669d1d191703b49a5b\" rel=\"noopener\"><span>Descarc\u0103 PDF<\/span><\/a>[\/vc_column_inner][vc_column_inner width=&#8221;1\/5&#8243;][vc_column_text]Bro\u0219ur\u0103[\/vc_column_text][vc_single_image image=&#8221;24539&#8243; onclick=&#8221;custom_link&#8221; link=&#8221;https:\/\/partners-ltd.com\/wp-content\/uploads\/2021\/01\/DICHROIC-brochure.pdf&#8221;]<style type=\"text\/css\" data-type=\"the7_shortcodes-inline-css\">#default-btn-6d07ffcf6dfe6c0924f2e5ae16c5b198.ico-right-side > i {\n  margin-right: 0px;\n  margin-left: 8px;\n}\n#default-btn-6d07ffcf6dfe6c0924f2e5ae16c5b198 > i {\n  margin-right: 8px;\n}\n<\/style><a href=\"https:\/\/partners-ltd.com\/wp-content\/uploads\/2021\/01\/DICHROIC-brochure.pdf\" class=\"default-btn-shortcode dt-btn dt-btn-s link-hover-off btn-inline-left \" target=\"_blank\" id=\"default-btn-6d07ffcf6dfe6c0924f2e5ae16c5b198\" rel=\"noopener\"><span>Descarc\u0103 PDF<\/span><\/a>[\/vc_column_inner][vc_column_inner width=&#8221;1\/5&#8243;][\/vc_column_inner][vc_column_inner width=&#8221;1\/5&#8243;][\/vc_column_inner][\/vc_row_inner][\/vc_column][\/vc_row]<\/p>\n<\/div>","protected":false},"excerpt":{"rendered":"<p><strong>3M Dichroic Glass Finishes DF-PA<\/strong> v\u0103 ofer\u0103 posibilitatea de a crea un design interior unic pentru casa sau biroul dumneavoastr\u0103. Tehnologia inovatoare a foliei\u00a0\u00ee\u0219i schimb\u0103 culoarea \u00een func\u021bie de unghiul din care este privit\u0103. Seria &#8222;Blaze&#8221; con\u021bine nuan\u021be calde de ro\u0219u \u0219i auriu, cian \u0219i verde.<\/p>\n<p>Produsul este creat pentru utilizare interioar\u0103.<\/p>\n","protected":false},"featured_media":24520,"comment_status":"open","ping_status":"closed","template":"","meta":[],"product_cat":[1850,1860],"product_tag":[],"_links":{"self":[{"href":"https:\/\/partners-ltd.com\/ro\/wp-json\/wp\/v2\/product\/40086"}],"collection":[{"href":"https:\/\/partners-ltd.com\/ro\/wp-json\/wp\/v2\/product"}],"about":[{"href":"https:\/\/partners-ltd.com\/ro\/wp-json\/wp\/v2\/types\/product"}],"replies":[{"embeddable":true,"href":"https:\/\/partners-ltd.com\/ro\/wp-json\/wp\/v2\/comments?post=40086"}],"wp:featuredmedia":[{"embeddable":true,"href":"https:\/\/partners-ltd.com\/ro\/wp-json\/wp\/v2\/media\/24520"}],"wp:attachment":[{"href":"https:\/\/partners-ltd.com\/ro\/wp-json\/wp\/v2\/media?parent=40086"}],"wp:term":[{"taxonomy":"product_cat","embeddable":true,"href":"https:\/\/partners-ltd.com\/ro\/wp-json\/wp\/v2\/product_cat?post=40086"},{"taxonomy":"product_tag","embeddable":true,"href":"https:\/\/partners-ltd.com\/ro\/wp-json\/wp\/v2\/product_tag?post=40086"}],"curies":[{"name":"wp","href":"https:\/\/api.w.org\/{rel}","templated":true}]}}