{"id":40064,"date":"2018-06-17T10:44:46","date_gmt":"2018-06-17T07:44:46","guid":{"rendered":"https:\/\/partners-ltd.com\/magazin\/fara-categorie\/folie-decorativa-pentru-sticla-3m-di-noc-design-glass-film\/"},"modified":"2025-06-18T08:54:14","modified_gmt":"2025-06-18T05:54:14","slug":"folie-decorativa-pentru-sticla-3m-di-noc-design-glass-film","status":"publish","type":"product","link":"https:\/\/partners-ltd.com\/ro\/e-shop\/3m-folie-geamuri\/folie-decorativa-pentru-geamuri\/folie-decorativa-pentru-sticla-3m-di-noc-design-glass-film\/","title":{"rendered":"Folie decorativ\u0103 pentru sticl\u0103 3M DI-NOC Design Glass Film"},"content":{"rendered":"<div class=\"wpb-content-wrapper\"><p>[vc_row css=&#8221;.vc_custom_1568987566028{margin-bottom: 40px !important;border-top-width: 1px !important;border-right-width: 1px !important;border-bottom-width: 1px !important;border-left-width: 1px !important;padding-right: 10px !important;padding-bottom: 30px !important;padding-left: 10px !important;border-left-color: #e2e2e2 !important;border-left-style: dotted !important;border-right-color: #e2e2e2 !important;border-right-style: dotted !important;border-top-color: #e2e2e2 !important;border-top-style: dotted !important;border-bottom-color: #e2e2e2 !important;border-bottom-style: dotted !important;border-radius: 1px !important;}&#8221;][vc_column]<div id=\"ultimate-heading-945769e873710531d\" class=\"uvc-heading ult-adjust-bottom-margin ultimate-heading-945769e873710531d uvc-5159 \" data-hspacer=\"no_spacer\"  data-halign=\"left\" style=\"text-align:left\"><div class=\"uvc-heading-spacer no_spacer\" style=\"top\"><\/div><div class=\"uvc-main-heading ult-responsive\"  data-ultimate-target='.uvc-heading.ultimate-heading-945769e873710531d h2'  data-responsive-json-new='{\"font-size\":\"desktop:28px;\",\"line-height\":\"desktop:38px;\"}' ><h2 style=\"--font-weight:theme;margin-bottom:20px;\">3M DI-NOC Design Glass Film - folie autoadeziv\u0103 pentru sticl\u0103 cu designuri efecte<\/h2><\/div><\/div>[vc_column_text css=&#8221;.vc_custom_1750226037610{margin-bottom: 0px !important;}&#8221;]3M\u2122 DI-NOC\u2122 Design Glass Film este folie decorativ\u0103 pentru sticl\u0103 pentru aplica\u021bii interioare, destinat\u0103 aplic\u0103rii direct sub sticl\u0103 \u0219i produse din sticl\u0103. Este disponibil\u0103 \u00een <strong>18 designuri<\/strong>, imita\u021bii ale diferitelor materiale: <strong>abstracte, piatr\u0103, textile, lemn \u0219i metalice<\/strong>. Ofer\u0103 posibilit\u0103\u021bi nelimitate pentru decorarea aproape tuturor suprafe\u021belor de sticl\u0103 &#8211; u\u0219i de sticl\u0103, fa\u021bade, tavane, balcoane \u0219i sc\u0103ri, coridoare \u0219i altele.<\/p>\n<p><img loading=\"lazy\" decoding=\"async\" class=\"wp-image-19898 alignright\" src=\"https:\/\/partners-ltd.com\/wp-content\/uploads\/2018\/06\/3M-Di-NOC-for-Glass-struktura_ENG.jpg\" alt=\"3M Di-NOC for Glass - structura filmului\" width=\"383\" height=\"225\" srcset=\"https:\/\/partners-ltd.com\/wp-content\/uploads\/2018\/06\/3M-Di-NOC-for-Glass-struktura_ENG.jpg 637w, https:\/\/partners-ltd.com\/wp-content\/uploads\/2018\/06\/3M-Di-NOC-for-Glass-struktura_ENG-300x176.jpg 300w, https:\/\/partners-ltd.com\/wp-content\/uploads\/2018\/06\/3M-Di-NOC-for-Glass-struktura_ENG-425x250.jpg 425w\" sizes=\"(max-width: 383px) 100vw, 383px\" \/>Toate designurile din seria <strong>3M\u2122 DI-NOC\u2122 Glass Finishes<\/strong> sunt acoperite cu <strong>un adeziv complet transparent<\/strong>, sensibil la presiune <strong>adeziv<\/strong> <strong>pe partea designului propriu-zis<\/strong>, astfel \u00eenc\u00e2t acesta s\u0103 fie vizibil prin sticl\u0103. Dup\u0103 montajul <a href=\"\/kategoriya\/3m-folio-stukla\/\">foliei pentru sticl\u0103<\/a>, adezivul transparent este complet invizibil \u0219i designul aplicat 3M\u2122 DI-NOC\u2122 r\u0103m\u00e2ne neschimbat \u00een aspect. Prin utilizarea \u00a0foliei decorative 3M\u2122 DI-NOC\u2122 Glass Finishes se adaug\u0103 un efect suplimentar la elegan\u021ba \u0219i str\u0103lucirea sticlei, bloc\u00e2nd<strong> vizibilitatea dincolo de suprafa\u021ba de sticl\u0103<\/strong>.<\/p>\n<p>Spre deosebire de <a href=\"\/kategoriya\/samozalepvashto-folio\/folio-mebeli-vrati-steni\/\">folia arhitectural\u0103 pentru mobilier, u\u0219i \u0219i pere\u021bi<\/a> 3M\u2122 DI-NOC\u2122 Architectural Finishes, designurile pentru sticl\u0103 sunt create <strong>pentru montaj umed<\/strong> (cu ap\u0103), elimin\u00e2nd formarea de bule de aer \u0219i facilit\u00e2nd \u0219i acceler\u00e2nd semnificativ procesul de lucru. Se monteaz\u0103 u\u0219or \u0219i, dac\u0103 este necesar s\u0103 se implementeze o nou\u0103 idee de decorare, se demonteaz\u0103 la fel de u\u0219or.<\/p>\n<p>Pentru <b>aplica\u021bii interioare, verticale\u00a0<\/b> \u0219i \u00een func\u021bie de design, 3M\u2122 DI-NOC\u2122 Design Glass Film <strong>are o durabilitate de 5 ani<\/strong>.[\/vc_column_text][\/vc_column][\/vc_row][vc_row css=&#8221;.vc_custom_1568987628453{margin-bottom: 40px !important;border-top-width: 1px !important;border-right-width: 1px !important;border-bottom-width: 1px !important;border-left-width: 1px !important;padding-right: 10px !important;padding-bottom: 30px !important;padding-left: 10px !important;border-left-color: #e2e2e2 !important;border-left-style: dotted !important;border-right-color: #e2e2e2 !important;border-right-style: dotted !important;border-top-color: #e2e2e2 !important;border-top-style: dotted !important;border-bottom-color: #e2e2e2 !important;border-bottom-style: dotted !important;border-radius: 1px !important;}&#8221;][vc_column]<div id=\"ultimate-heading-561769e8737105352\" class=\"uvc-heading ult-adjust-bottom-margin ultimate-heading-561769e8737105352 uvc-5973 \" data-hspacer=\"no_spacer\"  data-halign=\"left\" style=\"text-align:left\"><div class=\"uvc-heading-spacer no_spacer\" style=\"top\"><\/div><div class=\"uvc-main-heading ult-responsive\"  data-ultimate-target='.uvc-heading.ultimate-heading-561769e8737105352 h3'  data-responsive-json-new='{\"font-size\":\"desktop:28px;\",\"line-height\":\"desktop:38px;\"}' ><h3 style=\"--font-weight:theme;margin-bottom:30px;\">Aplica\u021bii ale foliei decorative 3M DI-NOC Design Glass Film<\/h3><\/div><div class=\"uvc-sub-heading ult-responsive\"  data-ultimate-target='.uvc-heading.ultimate-heading-561769e8737105352 .uvc-sub-heading '  data-responsive-json-new='{\"font-size\":\"\",\"line-height\":\"\"}'  style=\"font-weight:normal;\"><strong>Destinat doar suprafe\u021belor de sticl\u0103 netede.<\/strong><\/div><\/div>[vc_empty_space][vc_row_inner gap=&#8221;20&#8243;][vc_column_inner width=&#8221;1\/2&#8243;]<div class=\"standard-arrow list-divider bullet-top\"><ul>\n<li>Pere\u021bi \u0219i panouri de perete<\/li>\n<li>Tavane<\/li>\n<li>Lifturi<\/li>\n<li>U\u0219i<\/li>\n<\/ul>\n<\/div>[\/vc_column_inner][vc_column_inner width=&#8221;1\/2&#8243;]<div class=\"standard-arrow list-divider bullet-top\"><ul>\n<li>Mese \u0219i rafturi<\/li>\n<li>Compartimente<\/li>\n<li>Fa\u021bade<\/li>\n<li>Coridoare<\/li>\n<\/ul>\n<\/div>[\/vc_column_inner][\/vc_row_inner][\/vc_column][\/vc_row][vc_row css=&#8221;.vc_custom_1568987309139{border-top-width: 1px !important;border-right-width: 1px !important;border-bottom-width: 1px !important;border-left-width: 1px !important;padding-right: 10px !important;padding-bottom: 30px !important;padding-left: 10px !important;border-left-color: #e2e2e2 !important;border-left-style: dotted !important;border-right-color: #e2e2e2 !important;border-right-style: dotted !important;border-top-color: #e2e2e2 !important;border-top-style: dotted !important;border-bottom-color: #e2e2e2 !important;border-bottom-style: dotted !important;border-radius: 1px !important;}&#8221;][vc_column]<div id=\"ultimate-heading-116169e87371053ce\" class=\"uvc-heading ult-adjust-bottom-margin ultimate-heading-116169e87371053ce uvc-4691 \" data-hspacer=\"no_spacer\"  data-halign=\"left\" style=\"text-align:left\"><div class=\"uvc-heading-spacer no_spacer\" style=\"top\"><\/div><div class=\"uvc-main-heading ult-responsive\"  data-ultimate-target='.uvc-heading.ultimate-heading-116169e87371053ce h3'  data-responsive-json-new='{\"font-size\":\"desktop:28px;\",\"line-height\":\"desktop:38px;\"}' ><h3 style=\"--font-weight:theme;margin-bottom:30px;\">Avantajele foliei 3M DI-NOC Design Glass Film<\/h3><\/div><\/div>[vc_row_inner gap=&#8221;20&#8243;][vc_column_inner]<div class=\"aio-icon-component    style_1\"><div id=\"Info-box-wrap-1793\" class=\"aio-icon-box default-icon\" style=\"\"  ><div class=\"aio-icon-default\"><div class=\"ult-just-icon-wrapper  \"><div class=\"align-icon\" style=\"text-align:center;\">\n<div class=\"aio-icon none \"  style=\"color:#333;font-size:32px;display:inline-block;\">\n\t<i class=\"Defaults-tint\"><\/i>\n<\/div><\/div><\/div><\/div><div class=\"aio-icon-header\" ><h3 class=\"aio-icon-title ult-responsive\"  data-ultimate-target='#Info-box-wrap-1793 .aio-icon-title'  data-responsive-json-new='{\"font-size\":\"\",\"line-height\":\"\"}'  style=\"\">Nu necesit\u0103 \u00eentre\u021binere<\/h3><\/div> <!-- header --><div class=\"aio-icon-description ult-responsive\"  data-ultimate-target='#Info-box-wrap-1793 .aio-icon-description'  data-responsive-json-new='{\"font-size\":\"\",\"line-height\":\"\"}'  style=\"\">Folia decorativ\u0103 pentru sticl\u0103 este deosebit de potrivit\u0103 pentru zonele cu utilizare intens\u0103, cum ar fi foaierele sau fa\u021badele de sticl\u0103, sau ghi\u0219eele de sticl\u0103. Urmele de atingere nu sunt vizibile, iar spa\u021biile sunt re\u00eemprosp\u0103tate \u0219i elegante.<\/div> <!-- description --><\/div> <!-- aio-icon-box --><\/div> <!-- aio-icon-component --><div class=\"aio-icon-component    style_1\"><div id=\"Info-box-wrap-2365\" class=\"aio-icon-box default-icon\" style=\"\"  ><div class=\"aio-icon-default\"><div class=\"ult-just-icon-wrapper  \"><div class=\"align-icon\" style=\"text-align:center;\">\n<div class=\"aio-icon none \"  style=\"color:#333;font-size:32px;display:inline-block;\">\n\t<i class=\"Defaults-wrench\"><\/i>\n<\/div><\/div><\/div><\/div><div class=\"aio-icon-header\" ><h3 class=\"aio-icon-title ult-responsive\"  data-ultimate-target='#Info-box-wrap-2365 .aio-icon-title'  data-responsive-json-new='{\"font-size\":\"\",\"line-height\":\"\"}'  style=\"\">Rapid \u0219i u\u0219or de aplicare<\/h3><\/div> <!-- header --><div class=\"aio-icon-description ult-responsive\"  data-ultimate-target='#Info-box-wrap-2365 .aio-icon-description'  data-responsive-json-new='{\"font-size\":\"\",\"line-height\":\"\"}'  style=\"\">Pentru aplicarea foliei se utilizeaz\u0103 montaj umed cu ap\u0103, ceea ce accelereaz\u0103 \u0219i faciliteaz\u0103 aplicarea.<\/div> <!-- description --><\/div> <!-- aio-icon-box --><\/div> <!-- aio-icon-component --><div class=\"aio-icon-component    style_1\"><div id=\"Info-box-wrap-5450\" class=\"aio-icon-box default-icon\" style=\"\"  ><div class=\"aio-icon-default\"><div class=\"ult-just-icon-wrapper  \"><div class=\"align-icon\" style=\"text-align:center;\">\n<div class=\"aio-icon none \"  style=\"color:#333;font-size:32px;display:inline-block;\">\n\t<i class=\"Defaults-rocket\"><\/i>\n<\/div><\/div><\/div><\/div><div class=\"aio-icon-header\" ><h3 class=\"aio-icon-title ult-responsive\"  data-ultimate-target='#Info-box-wrap-5450 .aio-icon-title'  data-responsive-json-new='{\"font-size\":\"\",\"line-height\":\"\"}'  style=\"\">Posibilit\u0103\u021bi nelimitate de decorare<\/h3><\/div> <!-- header --><div class=\"aio-icon-description ult-responsive\"  data-ultimate-target='#Info-box-wrap-5450 .aio-icon-description'  data-responsive-json-new='{\"font-size\":\"\",\"line-height\":\"\"}'  style=\"\">Acest produs garanteaz\u0103 o schimbare u\u0219oar\u0103 a designurilor \u0219i un aspect mereu proasp\u0103t \u0219i actualizat.<\/div> <!-- description --><\/div> <!-- aio-icon-box --><\/div> <!-- aio-icon-component --><div class=\"aio-icon-component    style_1\"><div id=\"Info-box-wrap-9805\" class=\"aio-icon-box default-icon\" style=\"\"  ><div class=\"aio-icon-default\"><div class=\"ult-just-icon-wrapper  \"><div class=\"align-icon\" style=\"text-align:center;\">\n<div class=\"aio-icon none \"  style=\"color:#333;font-size:32px;display:inline-block;\">\n\t<i class=\"Defaults-magic\"><\/i>\n<\/div><\/div><\/div><\/div><div class=\"aio-icon-header\" ><h3 class=\"aio-icon-title ult-responsive\"  data-ultimate-target='#Info-box-wrap-9805 .aio-icon-title'  data-responsive-json-new='{\"font-size\":\"\",\"line-height\":\"\"}'  style=\"\">Pot fi acoperite orice suprafe\u021be de sticl\u0103<\/h3><\/div> <!-- header --><div class=\"aio-icon-description ult-responsive\"  data-ultimate-target='#Info-box-wrap-9805 .aio-icon-description'  data-responsive-json-new='{\"font-size\":\"\",\"line-height\":\"\"}'  style=\"\">Utiliza\u021bi 3M\u2122 DI-NOC\u2122 Glass Finishes pentru decorarea u\u0219ilor de sticl\u0103, fa\u021badelor, tavanelor, compartimentelor de balcoane \u0219i sc\u0103ri, coridoarelor, mobilierului cu sticl\u0103 \u0219i altele.<\/div> <!-- description --><\/div> <!-- aio-icon-box --><\/div> <!-- aio-icon-component --><div class=\"aio-icon-component    style_1\"><div id=\"Info-box-wrap-1443\" class=\"aio-icon-box default-icon\" style=\"\"  ><div class=\"aio-icon-default\"><div class=\"ult-just-icon-wrapper  \"><div class=\"align-icon\" style=\"text-align:center;\">\n<div class=\"aio-icon none \"  style=\"color:#333;font-size:32px;display:inline-block;\">\n\t<i class=\"Defaults-star\"><\/i>\n<\/div><\/div><\/div><\/div><div class=\"aio-icon-header\" ><h3 class=\"aio-icon-title ult-responsive\"  data-ultimate-target='#Info-box-wrap-1443 .aio-icon-title'  data-responsive-json-new='{\"font-size\":\"\",\"line-height\":\"\"}'  style=\"\">Designuri care completeaz\u0103 colec\u021bia cunoscut\u0103 3M\u2122 DI-NOC\u2122<\/h3><\/div> <!-- header --><div class=\"aio-icon-description ult-responsive\"  data-ultimate-target='#Info-box-wrap-1443 .aio-icon-description'  data-responsive-json-new='{\"font-size\":\"\",\"line-height\":\"\"}'  style=\"\">Ve\u021bi descoperi 18 designuri de folie pentru decorarea sticlei 3M\u2122 DI-NOC\u2122 for Glass &#8211; imita\u021bii de lemn, metal, textile \u0219i piatr\u0103, inclusiv lucios negru \u0219i alb.<\/div> <!-- description --><\/div> <!-- aio-icon-box --><\/div> <!-- aio-icon-component -->[\/vc_column_inner][\/vc_row_inner][\/vc_column][\/vc_row][vc_row css=&#8221;.vc_custom_1568987309139{border-top-width: 1px !important;border-right-width: 1px !important;border-bottom-width: 1px !important;border-left-width: 1px !important;padding-right: 10px !important;padding-bottom: 30px !important;padding-left: 10px !important;border-left-color: #e2e2e2 !important;border-left-style: dotted !important;border-right-color: #e2e2e2 !important;border-right-style: dotted !important;border-top-color: #e2e2e2 !important;border-top-style: dotted !important;border-bottom-color: #e2e2e2 !important;border-bottom-style: dotted !important;border-radius: 1px !important;}&#8221;][vc_column]<div id=\"ultimate-heading-418469e8737105573\" class=\"uvc-heading ult-adjust-bottom-margin ultimate-heading-418469e8737105573 uvc-9911 \" data-hspacer=\"no_spacer\"  data-halign=\"left\" style=\"text-align:left\"><div class=\"uvc-heading-spacer no_spacer\" style=\"top\"><\/div><div class=\"uvc-main-heading ult-responsive\"  data-ultimate-target='.uvc-heading.ultimate-heading-418469e8737105573 h3'  data-responsive-json-new='{\"font-size\":\"desktop:28px;\",\"line-height\":\"desktop:38px;\"}' ><h3 style=\"--font-weight:theme;margin-bottom:30px;\">Documente<\/h3><\/div><\/div>[vc_row_inner][vc_column_inner width=&#8221;1\/4&#8243;][vc_column_text]<\/p>\n<p style=\"text-align: center;\">Buletin de produs<\/p>\n<p>[\/vc_column_text][vc_single_image image=&#8221;19694&#8243; img_size=&#8221;full&#8221; alignment=&#8221;center&#8221; style=&#8221;vc_box_outline&#8221;]<style type=\"text\/css\" data-type=\"the7_shortcodes-inline-css\">#default-btn-a2339cac39540ad18d85cd056ca7c8d0.ico-right-side > i {\n  margin-right: 0px;\n  margin-left: 8px;\n}\n#default-btn-a2339cac39540ad18d85cd056ca7c8d0 > i {\n  margin-right: 8px;\n}\n<\/style><div class=\"btn-align-center\"><a href=\"\/wp-content\/uploads\/2019\/09\/Product_Bulletin_DI-NOC_Glass_EN-WE_2019_9.pdf\" class=\"default-btn-shortcode dt-btn dt-btn-s link-hover-off \" target=\"_blank\" id=\"default-btn-a2339cac39540ad18d85cd056ca7c8d0\" rel=\"noopener\"><i class=\"fas fa-download\"><\/i><span>Descarc\u0103 PDF<\/span><\/a><\/div>[\/vc_column_inner][vc_column_inner width=&#8221;1\/4&#8243;][vc_column_text]<\/p>\n<p style=\"text-align: center;\">Bro\u0219ur\u0103<\/p>\n<p>[\/vc_column_text][vc_single_image image=&#8221;19697&#8243; img_size=&#8221;full&#8221; alignment=&#8221;center&#8221; style=&#8221;vc_box_outline&#8221;]<style type=\"text\/css\" data-type=\"the7_shortcodes-inline-css\">#default-btn-f13584fcb27a93cd8df69b6180169462.ico-right-side > i {\n  margin-right: 0px;\n  margin-left: 8px;\n}\n#default-btn-f13584fcb27a93cd8df69b6180169462 > i {\n  margin-right: 8px;\n}\n<\/style><div class=\"btn-align-center\"><a href=\"\/wp-content\/uploads\/2019\/09\/Glass-Finishes-2020-2021_Catalogue.pdf\" class=\"default-btn-shortcode dt-btn dt-btn-s link-hover-off \" target=\"_blank\" id=\"default-btn-f13584fcb27a93cd8df69b6180169462\" rel=\"noopener\"><i class=\"fas fa-download\"><\/i><span>Descarc\u0103 PDF<\/span><\/a><\/div>[\/vc_column_inner][vc_column_inner width=&#8221;1\/4&#8243;][vc_column_text]<\/p>\n<p style=\"text-align: center;\">Ghid de instalare<\/p>\n<p>[\/vc_column_text][vc_single_image image=&#8221;19700&#8243; img_size=&#8221;full&#8221; alignment=&#8221;center&#8221; style=&#8221;vc_box_outline&#8221;]<style type=\"text\/css\" data-type=\"the7_shortcodes-inline-css\">#default-btn-7cb62717739ceae0da50f51022a694d0.ico-right-side > i {\n  margin-right: 0px;\n  margin-left: 8px;\n}\n#default-btn-7cb62717739ceae0da50f51022a694d0 > i {\n  margin-right: 8px;\n}\n<\/style><div class=\"btn-align-center\"><a href=\"\/wp-content\/uploads\/2019\/09\/Install-Guide_Glass-Finishes-June-2019.pdf\" class=\"default-btn-shortcode dt-btn dt-btn-s link-hover-off \" target=\"_blank\" id=\"default-btn-7cb62717739ceae0da50f51022a694d0\" rel=\"noopener\"><i class=\"fas fa-download\"><\/i><span>Descarc\u0103 PDF<\/span><\/a><\/div>[\/vc_column_inner][vc_column_inner width=&#8221;1\/4&#8243;][vc_column_text]<\/p>\n<p style=\"text-align: center;\">Bro\u0219ur\u0103 mic\u0103<\/p>\n<p>[\/vc_column_text][vc_single_image image=&#8221;19703&#8243; img_size=&#8221;full&#8221; alignment=&#8221;center&#8221; style=&#8221;vc_box_outline&#8221;]<style type=\"text\/css\" data-type=\"the7_shortcodes-inline-css\">#default-btn-3ea912f3519631414e260ed1ece13bcc.ico-right-side > i {\n  margin-right: 0px;\n  margin-left: 8px;\n}\n#default-btn-3ea912f3519631414e260ed1ece13bcc > i {\n  margin-right: 8px;\n}\n<\/style><div class=\"btn-align-center\"><a href=\"\/wp-content\/uploads\/2019\/09\/3M-DI-NOC-Glass-Flyer.pdf\" class=\"default-btn-shortcode dt-btn dt-btn-s link-hover-off \" target=\"_blank\" id=\"default-btn-3ea912f3519631414e260ed1ece13bcc\" rel=\"noopener\"><i class=\"fas fa-download\"><\/i><span>Descarc\u0103 PDF<\/span><\/a><\/div>[\/vc_column_inner][\/vc_row_inner][\/vc_column][\/vc_row]<\/p>\n<\/div>","protected":false},"excerpt":{"rendered":"<p>Folie PVC autoadeziv\u0103, decorativ\u0103, specializat\u0103 pentru aplicare direct pe spatele sticlei. Disponibil\u0103 \u00een 18 designuri diferite pentru decora\u021biuni interioare atractive ale pere\u021bilor \u0219i desp\u0103r\u021bitoarelor de sticl\u0103, blaturilor de mese, rafturilor \u0219i altele.<\/p>\n","protected":false},"featured_media":19876,"comment_status":"open","ping_status":"closed","template":"","meta":[],"product_cat":[2697,1850,1860],"product_tag":[],"_links":{"self":[{"href":"https:\/\/partners-ltd.com\/ro\/wp-json\/wp\/v2\/product\/40064"}],"collection":[{"href":"https:\/\/partners-ltd.com\/ro\/wp-json\/wp\/v2\/product"}],"about":[{"href":"https:\/\/partners-ltd.com\/ro\/wp-json\/wp\/v2\/types\/product"}],"replies":[{"embeddable":true,"href":"https:\/\/partners-ltd.com\/ro\/wp-json\/wp\/v2\/comments?post=40064"}],"wp:featuredmedia":[{"embeddable":true,"href":"https:\/\/partners-ltd.com\/ro\/wp-json\/wp\/v2\/media\/19876"}],"wp:attachment":[{"href":"https:\/\/partners-ltd.com\/ro\/wp-json\/wp\/v2\/media?parent=40064"}],"wp:term":[{"taxonomy":"product_cat","embeddable":true,"href":"https:\/\/partners-ltd.com\/ro\/wp-json\/wp\/v2\/product_cat?post=40064"},{"taxonomy":"product_tag","embeddable":true,"href":"https:\/\/partners-ltd.com\/ro\/wp-json\/wp\/v2\/product_tag?post=40064"}],"curies":[{"name":"wp","href":"https:\/\/api.w.org\/{rel}","templated":true}]}}