{"id":40063,"date":"2018-06-18T16:30:20","date_gmt":"2018-06-18T13:30:20","guid":{"rendered":"https:\/\/partners-ltd.com\/magazin\/fara-categorie\/3m-7725-324-scotchcal-frosted-film-folie-frost\/"},"modified":"2026-04-07T11:55:22","modified_gmt":"2026-04-07T08:55:22","slug":"3m-7725-324-scotchcal-frosted-film-folie-frost","status":"publish","type":"product","link":"https:\/\/partners-ltd.com\/ro\/e-shop\/3m-folie-geamuri\/folie-decorativa-pentru-geamuri\/3m-7725-324-scotchcal-frosted-film-folie-frost\/","title":{"rendered":"3M 7725-324 Scotchcal Frosted Film, folie frost"},"content":{"rendered":"<div class=\"wpb-content-wrapper\"><p>[vc_row css=&#8221;.vc_custom_1525420602690{border-top-width: 1px !important;border-right-width: 1px !important;border-bottom-width: 1px !important;border-left-width: 1px !important;padding-right: 10px !important;padding-left: 10px !important;border-left-color: #e2e2e2 !important;border-left-style: dotted !important;border-right-color: #e2e2e2 !important;border-right-style: dotted !important;border-top-color: #e2e2e2 !important;border-top-style: dotted !important;border-bottom-color: #e2e2e2 !important;border-bottom-style: dotted !important;border-radius: 1px !important;}&#8221;][vc_column]<div id=\"ultimate-heading-657869e01d6fad9ed\" class=\"uvc-heading ult-adjust-bottom-margin ultimate-heading-657869e01d6fad9ed uvc-8104 \" data-hspacer=\"no_spacer\"  data-halign=\"left\" style=\"text-align:left\"><div class=\"uvc-heading-spacer no_spacer\" style=\"top\"><\/div><div class=\"uvc-main-heading ult-responsive\"  data-ultimate-target='.uvc-heading.ultimate-heading-657869e01d6fad9ed h2'  data-responsive-json-new='{\"font-size\":\"desktop:28px;\",\"line-height\":\"desktop:38px;\"}' ><h2 style=\"--font-weight:theme;margin-bottom:20px;\">3M 7725-324 Scotchcal Frosted Crystal Film - folie frost pentru sticl\u0103 cu efect de \u00eenghe\u021b<\/h2><\/div><\/div>[vc_row_inner][vc_column_inner width=&#8221;5\/6&#8243;][vc_column_text]Folie autoadeziv\u0103 frost turnat\u0103, seria 3M 7725-300 Scotchcal cu efect de \u00eenghe\u021b sau efect mat.<a href=\"https:\/\/partners-ltd.com\/ro\/e-shop\/3m-folie-geamuri\/folie-decorativa-pentru-geamuri\/3m-7725-314-scotchcal-dusted-film-folie-pentru-sticla-cu-efect-mat\/\"><\/a> <a href=\"https:\/\/partners-ltd.com\/ro\/product-categorie\/3m-folie-geamuri\/folie-decorativa-pentru-geamuri\/\">Folie decorativ\u0103 pentru sticl\u0103<\/a>, care poate fi aplicat\u0103 pe ambele p\u0103r\u021bi ale suprafe\u021bei transparente (sticl\u0103, acril sau policarbonat). Are un adeziv cristal transparent, care garanteaz\u0103 uniformitatea aspectului pe ambele p\u0103r\u021bi.<\/p>\n<p>Este u\u0219or de cur\u0103\u021bat, elimin\u0103 reflexiile de pe sticl\u0103. Folia frost este special proiectat\u0103 pentru suprafe\u021be netede. Ofer\u0103 posibilit\u0103\u021bi nelimitate de design.<\/p>\n<p>Folie turnat\u0103 <a href=\"https:\/\/partners-ltd.com\/ro\/product-categorie\/3m-folie-geamuri\/\">pentru sticl\u0103<\/a>&nbsp;3M 7725-324 Scotchcal este solu\u021bia ideal\u0103 pentru a conferi elegan\u021b\u0103 \u0219i originalitate vitrinelor mall-urilor, magazinelor, restaurantelor, birourilor, hotelurilor, centrelor spa. Aceast\u0103 <a href=\"https:\/\/partners-ltd.com\/ro\/product-categorie\/folie-pentru-cutter-plotter\/3m-folie-pentru-vitralii\/\">folie vitraliu<\/a> este durabil\u0103 &#8211; f\u0103r\u0103 decojire \u0219i deformare. Pentru grafice pe suprafe\u021be de sticl\u0103, care necesit\u0103 o durat\u0103 medie de utilizare \u00een exterior \u0219i interior.[\/vc_column_text][\/vc_column_inner][vc_column_inner width=&#8221;1\/6&#8243;][vc_single_image image=&#8221;14521&#8243; img_size=&#8221;90&#215;90&#8243; alignment=&#8221;center&#8221; onclick=&#8221;custom_link&#8221; link=&#8221;https:\/\/partners-ltd.com\/ro\/3m-mcs-warranty\/&#8221;][\/vc_column_inner][\/vc_row_inner][vc_row_inner][vc_column_inner width=&#8221;1\/3&#8243;][vc_column_text]<strong>Culori:<\/strong> <a href=\"https:\/\/partners-ltd.com\/ro\/e-shop\/3m-folie-geamuri\/folie-decorativa-pentru-geamuri\/3m-7725-314-scotchcal-dusted-film-folie-pentru-sticla-cu-efect-mat\/\">3M 7725-314 mat\u0103<\/a>; 3M 7725-324 frost;&nbsp;<a href=\"https:\/\/partners-ltd.com\/ro\/?post_type=product&#038;p=40069\">3M 7725-327 albastru frost<\/a>; <a href=\"https:\/\/partners-ltd.com\/ro\/e-shop\/3m-folie-geamuri\/folie-decorativa-pentru-geamuri\/3m-7725-331-scotchcal-frosted-crystal-gold-film-folie-aurie-frost\/\">3M 7725-331 auriu frost<\/a>[\/vc_column_text][\/vc_column_inner][vc_column_inner width=&#8221;1\/3&#8243;][vc_column_text]<strong>Dimensiune rol\u0103:<\/strong> 1,22m \u0445 45,7m[\/vc_column_text][\/vc_column_inner][vc_column_inner width=&#8221;1\/3&#8243;][vc_column_text]<strong>Grosime:<\/strong> 120 microni[\/vc_column_text][\/vc_column_inner][\/vc_row_inner][\/vc_column][\/vc_row][vc_row][vc_column][vc_empty_space height=&#8221;24px&#8221;][\/vc_column][\/vc_row][vc_row][vc_column][vc_row_inner css=&#8221;.vc_custom_1525420680546{border-top-width: 1px !important;border-right-width: 1px !important;border-bottom-width: 1px !important;border-left-width: 1px !important;padding-right: 10px !important;padding-left: 10px !important;border-left-color: #e2e2e2 !important;border-left-style: dotted !important;border-right-color: #e2e2e2 !important;border-right-style: dotted !important;border-top-color: #e2e2e2 !important;border-top-style: dotted !important;border-bottom-color: #e2e2e2 !important;border-bottom-style: dotted !important;border-radius: 1px !important;}&#8221;][vc_column_inner width=&#8221;1\/2&#8243;]<div id=\"ultimate-heading-485969e01d6fada26\" class=\"uvc-heading ult-adjust-bottom-margin ultimate-heading-485969e01d6fada26 uvc-4629 \" data-hspacer=\"no_spacer\"  data-halign=\"left\" style=\"text-align:left\"><div class=\"uvc-heading-spacer no_spacer\" style=\"top\"><\/div><div class=\"uvc-main-heading ult-responsive\"  data-ultimate-target='.uvc-heading.ultimate-heading-485969e01d6fada26 h3'  data-responsive-json-new='{\"font-size\":\"desktop:24px;\",\"line-height\":\"desktop:34px;\"}' ><h3 style=\"--font-weight:theme;margin-bottom:20px;\">Caracteristici principale:<\/h3><\/div><\/div><div class=\"standard-arrow list-divider bullet-top\"><ul>\n<li>pentru aplica\u021bii pe sticl\u0103, vitrine<\/li>\n<li>adeziv acrilat, transparent, permanent<\/li>\n<li>4 culori frosted, frosted crystal \u0219i dusted crystal<\/li>\n<li>15 ani durabilitate pentru utilizare interioar\u0103<\/li>\n<li>garan\u021bie p\u00e2n\u0103 la 4 ani pentru aplica\u021bii verticale exterioare<\/li>\n<\/ul>\n<\/div>[\/vc_column_inner][vc_column_inner width=&#8221;1\/2&#8243;][\/vc_column_inner][\/vc_row_inner][\/vc_column][\/vc_row]<\/p>\n<\/div>","protected":false},"excerpt":{"rendered":"<p>Folie turnat\u0103 cu adeziv permanent, transparent cristal, pentru aplica\u021bii pe suprafe\u021be netede: sticl\u0103, plexiglas \u0219i altele. Confer\u0103 un efect de sticl\u0103 \u00eenghe\u021bat\u0103 pentru vitrine, pere\u021bi desp\u0103r\u021bitori \u0219i altele. Potrivit\u0103 pentru aplica\u021bii care necesit\u0103 calitate \u00eenalt\u0103 \u0219i o perioad\u0103 lung\u0103 de utilizare \u00een exterior \u0219i interior.<\/p>\n","protected":false},"featured_media":2795,"comment_status":"open","ping_status":"closed","template":"","meta":[],"product_cat":[1842,1860],"product_tag":[],"_links":{"self":[{"href":"https:\/\/partners-ltd.com\/ro\/wp-json\/wp\/v2\/product\/40063"}],"collection":[{"href":"https:\/\/partners-ltd.com\/ro\/wp-json\/wp\/v2\/product"}],"about":[{"href":"https:\/\/partners-ltd.com\/ro\/wp-json\/wp\/v2\/types\/product"}],"replies":[{"embeddable":true,"href":"https:\/\/partners-ltd.com\/ro\/wp-json\/wp\/v2\/comments?post=40063"}],"wp:featuredmedia":[{"embeddable":true,"href":"https:\/\/partners-ltd.com\/ro\/wp-json\/wp\/v2\/media\/2795"}],"wp:attachment":[{"href":"https:\/\/partners-ltd.com\/ro\/wp-json\/wp\/v2\/media?parent=40063"}],"wp:term":[{"taxonomy":"product_cat","embeddable":true,"href":"https:\/\/partners-ltd.com\/ro\/wp-json\/wp\/v2\/product_cat?post=40063"},{"taxonomy":"product_tag","embeddable":true,"href":"https:\/\/partners-ltd.com\/ro\/wp-json\/wp\/v2\/product_tag?post=40063"}],"curies":[{"name":"wp","href":"https:\/\/api.w.org\/{rel}","templated":true}]}}