{"id":40062,"date":"2021-03-16T09:51:44","date_gmt":"2021-03-16T07:51:44","guid":{"rendered":"https:\/\/partners-ltd.com\/magazin\/fara-categorie\/3m-safety-and-security-window-film-privacy-series-protectie-impotriva-privirilor-indiscrete\/"},"modified":"2025-05-28T17:20:12","modified_gmt":"2025-05-28T14:20:12","slug":"3m-safety-and-security-window-film-privacy-series-protectie-impotriva-privirilor-indiscrete","status":"publish","type":"product","link":"https:\/\/partners-ltd.com\/ro\/e-shop\/3m-folie-geamuri\/folie-protectie-pentru-geamuri\/3m-safety-and-security-window-film-privacy-series-protectie-impotriva-privirilor-indiscrete\/","title":{"rendered":"3M Safety and Security Window Film, Privacy Series &#8211; protec\u021bie \u00eempotriva privirilor indiscrete"},"content":{"rendered":"<div class=\"wpb-content-wrapper\"><p>[vc_row css=&#8221;.vc_custom_1614340926172{margin-bottom: 30px !important;border-top-width: 1px !important;border-right-width: 1px !important;border-bottom-width: 1px !important;border-left-width: 1px !important;border-left-color: #d8d8d8 !important;border-left-style: solid !important;border-right-color: #d8d8d8 !important;border-right-style: solid !important;border-top-color: #d8d8d8 !important;border-top-style: solid !important;border-bottom-color: #d8d8d8 !important;border-bottom-style: solid !important;border-radius: 1px !important;}&#8221;][vc_column]<div id=\"ultimate-heading-695369d5ab4703642\" class=\"uvc-heading ult-adjust-bottom-margin ultimate-heading-695369d5ab4703642 uvc-8920  uvc-heading-default-font-sizes\" data-hspacer=\"no_spacer\"  data-halign=\"left\" style=\"text-align:left\"><div class=\"uvc-heading-spacer no_spacer\" style=\"top\"><\/div><div class=\"uvc-main-heading ult-responsive\"  data-ultimate-target='.uvc-heading.ultimate-heading-695369d5ab4703642 h3'  data-responsive-json-new='{\"font-size\":\"\",\"line-height\":\"\"}' ><h3 style=\"--font-weight:theme;\">3M Safety and Security Window Film, Privacy Series - protec\u021bie \u00eempotriva privirilor indiscrete<\/h3><\/div><\/div>[vc_empty_space][vc_column_text]<img loading=\"lazy\" decoding=\"async\" class=\" wp-image-25403 alignleft\" src=\"https:\/\/partners-ltd.com\/wp-content\/uploads\/2021\/03\/3M-Safety-and-Security-Window-Film-Privacy-Series-\u2013-\u0437\u0430\u0449\u0438\u0442\u0430-\u043e\u0442-\u043d\u0430\u0431\u043b\u044e\u0434\u0435\u043d\u0438\u0435.jpg\" alt=\"3M Safety and Security Window Film, Privacy Series \u2013 protec\u021bie \u00eempotriva privirilor indiscrete\" width=\"243\" height=\"170\" srcset=\"https:\/\/partners-ltd.com\/wp-content\/uploads\/2021\/03\/3M-Safety-and-Security-Window-Film-Privacy-Series-\u2013-\u0437\u0430\u0449\u0438\u0442\u0430-\u043e\u0442-\u043d\u0430\u0431\u043b\u044e\u0434\u0435\u043d\u0438\u0435.jpg 532w, https:\/\/partners-ltd.com\/wp-content\/uploads\/2021\/03\/3M-Safety-and-Security-Window-Film-Privacy-Series-\u2013-\u0437\u0430\u0449\u0438\u0442\u0430-\u043e\u0442-\u043d\u0430\u0431\u043b\u044e\u0434\u0435\u043d\u0438\u0435-300x209.jpg 300w, https:\/\/partners-ltd.com\/wp-content\/uploads\/2021\/03\/3M-Safety-and-Security-Window-Film-Privacy-Series-\u2013-\u0437\u0430\u0449\u0438\u0442\u0430-\u043e\u0442-\u043d\u0430\u0431\u043b\u044e\u0434\u0435\u043d\u0438\u0435-425x296.jpg 425w\" sizes=\"(max-width: 243px) 100vw, 243px\" \/><\/p>\n<p><strong>3M Safety and Security Window Film &#8211; Privacy Series<\/strong> este destinat utiliz\u0103rii pe suprafa\u021ba interioar\u0103 a ferestrelor. Folia este opac\u0103, permite trecerea luminii \u0219i este un mod eficient de a proteja camerele de privirile indiscrete. Produsul \u00eendepline\u0219te cerin\u021bele de siguran\u021b\u0103 ale EN 12600. Clasa 2B2 a fost atins\u0103 pe sticl\u0103 de 4 mm.<\/p>\n<p>Proteja\u021bi-v\u0103 \u00eenc\u0103perile de privirile indiscrete din exterior. 3M Safety and Security Window Film &#8211; Privacy Series blocheaz\u0103 99% din razele UV<strong>, ceea ce este echivalent cu un factor de protec\u021bie solar\u0103 1000 (SPF), protej\u00e2nd mobilierul \u0219i interiorul de decolorare<\/strong>.<\/p>\n<p>Folia asigur\u0103 intimitate \u0219i o bun\u0103 transmisie a luminii, ceea ce o face ideal\u0103 pentru cl\u0103dirile de birouri unde confiden\u021bialitatea este esen\u021bial\u0103, dar este necesar\u0103 o bun\u0103 lumin\u0103.<\/p>\n<p>Aceast\u0103 folie are un alt avantaj &#8211; \u00een caz de spargere, previne dispersarea sticlei \u00een fragmente care ar putea provoca r\u0103ni.[\/vc_column_text][\/vc_column][\/vc_row][vc_row css=&#8221;.vc_custom_1614340946766{margin-bottom: 30px !important;border-top-width: 1px !important;border-right-width: 1px !important;border-bottom-width: 1px !important;border-left-width: 1px !important;border-left-color: #d8d8d8 !important;border-left-style: solid !important;border-right-color: #d8d8d8 !important;border-right-style: solid !important;border-top-color: #d8d8d8 !important;border-top-style: solid !important;border-bottom-color: #d8d8d8 !important;border-bottom-style: solid !important;border-radius: 1px !important;}&#8221;][vc_column]<div id=\"ultimate-heading-884169d5ab4703679\" class=\"uvc-heading ult-adjust-bottom-margin ultimate-heading-884169d5ab4703679 uvc-1357  uvc-heading-default-font-sizes\" data-hspacer=\"no_spacer\"  data-halign=\"left\" style=\"text-align:left\"><div class=\"uvc-heading-spacer no_spacer\" style=\"top\"><\/div><div class=\"uvc-main-heading ult-responsive\"  data-ultimate-target='.uvc-heading.ultimate-heading-884169d5ab4703679 h3'  data-responsive-json-new='{\"font-size\":\"\",\"line-height\":\"\"}' ><h3 style=\"--font-weight:theme;\">Avantaje:<\/h3><\/div><\/div>[vc_empty_space][vc_row_inner][vc_column_inner width=&#8221;1\/2&#8243;]<div class=\"standard-arrow list-divider bullet-top\"><ul>\n<li>Cre\u0219te confiden\u021bialitatea \u0219i protejeaz\u0103 camerele de privirile indiscrete<\/li>\n<li>Transmitere excelent\u0103 a luminii<\/li>\n<li>Ajut\u0103 la prevenirea decolor\u0103rii mobilierului \u0219i a \u021bes\u0103turilor<\/li>\n<\/ul>\n<\/div>[\/vc_column_inner][vc_column_inner width=&#8221;1\/2&#8243;]<div class=\"standard-arrow list-divider bullet-top\"><ul>\n<li>Protec\u021bie \u00eempotriva r\u0103nilor sau daunelor cauzate de fragmente de sticl\u0103 spart\u0103<\/li>\n<li>Poate fi utilizat \u00een scopuri decorative<\/li>\n<\/ul>\n<\/div>[\/vc_column_inner][\/vc_row_inner][\/vc_column][\/vc_row][vc_row css=&#8221;.vc_custom_1614340974723{border-top-width: 1px !important;border-right-width: 1px !important;border-bottom-width: 1px !important;border-left-width: 1px !important;border-left-color: #d8d8d8 !important;border-left-style: solid !important;border-right-color: #d8d8d8 !important;border-right-style: solid !important;border-top-color: #d8d8d8 !important;border-top-style: solid !important;border-bottom-color: #d8d8d8 !important;border-bottom-style: solid !important;border-radius: 1px !important;}&#8221;][vc_column]<div id=\"ultimate-heading-69669d5ab47036f3\" class=\"uvc-heading ult-adjust-bottom-margin ultimate-heading-69669d5ab47036f3 uvc-1344  uvc-heading-default-font-sizes\" data-hspacer=\"no_spacer\"  data-halign=\"left\" style=\"text-align:left\"><div class=\"uvc-heading-spacer no_spacer\" style=\"top\"><\/div><div class=\"uvc-main-heading ult-responsive\"  data-ultimate-target='.uvc-heading.ultimate-heading-69669d5ab47036f3 h3'  data-responsive-json-new='{\"font-size\":\"\",\"line-height\":\"\"}' ><h3 style=\"--font-weight:theme;\">Documente:<\/h3><\/div><\/div>[vc_empty_space][vc_row_inner css=&#8221;.vc_custom_1615880604192{margin-bottom: 30px !important;}&#8221;][vc_column_inner width=&#8221;1\/3&#8243;][vc_column_text]Bro\u0219ur\u0103[\/vc_column_text][vc_single_image image=&#8221;25410&#8243; style=&#8221;vc_box_border&#8221; onclick=&#8221;custom_link&#8221; img_link_target=&#8221;_blank&#8221; link=&#8221;\/wp-content\/uploads\/2021\/03\/3m-privacy-films.pdf&#8221;]<style type=\"text\/css\" data-type=\"the7_shortcodes-inline-css\">#default-btn-169755bf9cfc9659cdffbe333a50d66b.ico-right-side > i {\n  margin-right: 0px;\n  margin-left: 8px;\n}\n#default-btn-169755bf9cfc9659cdffbe333a50d66b > i {\n  margin-right: 8px;\n}\n<\/style><a href=\"\/wp-content\/uploads\/2021\/03\/3m-privacy-films.pdf\" class=\"default-btn-shortcode dt-btn dt-btn-s link-hover-off btn-inline-left \" target=\"_blank\" id=\"default-btn-169755bf9cfc9659cdffbe333a50d66b\" rel=\"noopener\"><span>Descarc\u0103 PDF<\/span><\/a>[\/vc_column_inner][vc_column_inner width=&#8221;1\/3&#8243;][\/vc_column_inner][vc_column_inner width=&#8221;1\/3&#8243;][\/vc_column_inner][\/vc_row_inner][\/vc_column][\/vc_row]<\/p>\n<\/div>","protected":false},"excerpt":{"rendered":"<p>3M Safety and Security Window Film &#8211; Privacy Series este destinat utiliz\u0103rii pe suprafa\u021ba interioar\u0103 a ferestrelor. Folia asigur\u0103 intimitate \u0219i o bun\u0103 transmisie a luminii, ceea ce o face ideal\u0103 pentru cl\u0103dirile de birouri unde confiden\u021bialitatea este esen\u021bial\u0103, dar este necesar\u0103 o bun\u0103 lumin\u0103.<\/p>\n","protected":false},"featured_media":25402,"comment_status":"open","ping_status":"closed","template":"","meta":[],"product_cat":[1850,1861],"product_tag":[],"_links":{"self":[{"href":"https:\/\/partners-ltd.com\/ro\/wp-json\/wp\/v2\/product\/40062"}],"collection":[{"href":"https:\/\/partners-ltd.com\/ro\/wp-json\/wp\/v2\/product"}],"about":[{"href":"https:\/\/partners-ltd.com\/ro\/wp-json\/wp\/v2\/types\/product"}],"replies":[{"embeddable":true,"href":"https:\/\/partners-ltd.com\/ro\/wp-json\/wp\/v2\/comments?post=40062"}],"wp:featuredmedia":[{"embeddable":true,"href":"https:\/\/partners-ltd.com\/ro\/wp-json\/wp\/v2\/media\/25402"}],"wp:attachment":[{"href":"https:\/\/partners-ltd.com\/ro\/wp-json\/wp\/v2\/media?parent=40062"}],"wp:term":[{"taxonomy":"product_cat","embeddable":true,"href":"https:\/\/partners-ltd.com\/ro\/wp-json\/wp\/v2\/product_cat?post=40062"},{"taxonomy":"product_tag","embeddable":true,"href":"https:\/\/partners-ltd.com\/ro\/wp-json\/wp\/v2\/product_tag?post=40062"}],"curies":[{"name":"wp","href":"https:\/\/api.w.org\/{rel}","templated":true}]}}