{"id":40061,"date":"2018-06-17T10:15:11","date_gmt":"2018-06-17T07:15:11","guid":{"rendered":"https:\/\/partners-ltd.com\/magazin\/fara-categorie\/3m-dichroic-glass-finishes-df-chill-folie-decorativa-pentru-sticla-cu-culori-reci-irizante\/"},"modified":"2025-05-28T12:00:26","modified_gmt":"2025-05-28T09:00:26","slug":"3m-dichroic-glass-finishes-df-chill-folie-decorativa-pentru-sticla-cu-culori-reci-irizante","status":"publish","type":"product","link":"https:\/\/partners-ltd.com\/ro\/e-shop\/3m-folie-geamuri\/folie-decorativa-pentru-geamuri\/3m-dichroic-glass-finishes-df-chill-folie-decorativa-pentru-sticla-cu-culori-reci-irizante\/","title":{"rendered":"3M DICHROIC Glass Finishes DF Chill &#8211; folie decorativ\u0103 pentru sticl\u0103 cu culori reci, irizante"},"content":{"rendered":"<div class=\"wpb-content-wrapper\"><p>[vc_row css=&#8221;.vc_custom_1680249816290{margin-bottom: 30px !important;border-top-width: 1px !important;border-right-width: 1px !important;border-bottom-width: 1px !important;border-left-width: 1px !important;border-left-color: #d6d6d6 !important;border-left-style: solid !important;border-right-color: #d6d6d6 !important;border-right-style: solid !important;border-top-color: #d6d6d6 !important;border-top-style: solid !important;border-bottom-color: #d6d6d6 !important;border-bottom-style: solid !important;border-radius: 1px !important;}&#8221;][vc_column css=&#8221;.vc_custom_1680249708768{margin-bottom: 30px !important;}&#8221;]<div id=\"ultimate-heading-609769e505d5159a3\" class=\"uvc-heading ult-adjust-bottom-margin ultimate-heading-609769e505d5159a3 uvc-7957  uvc-heading-default-font-sizes\" data-hspacer=\"no_spacer\"  data-halign=\"left\" style=\"text-align:left\"><div class=\"uvc-heading-spacer no_spacer\" style=\"top\"><\/div><div class=\"uvc-main-heading ult-responsive\"  data-ultimate-target='.uvc-heading.ultimate-heading-609769e505d5159a3 h3'  data-responsive-json-new='{\"font-size\":\"\",\"line-height\":\"\"}' ><h3 style=\"--font-weight:theme;margin-bottom:30px;\">Crea\u021bi un design unic pentru casa sau biroul dumneavoastr\u0103!<\/h3><\/div><\/div>[vc_column_text]<strong>3M DICHROIC Glass Finishes DF Chill<\/strong> este o folie polimeric\u0103 multistrat f\u0103r\u0103 PVC. Folia decorativ\u0103 pentru sticl\u0103 \u00ee\u0219i schimb\u0103 culoarea \u00een func\u021bie de unghiul din care este privit\u0103. Seria &#8222;Chill&#8221; are nuan\u021be mai reci de albastru, magenta, reflexii galbene \u0219i reflec\u021bii aurii \u0219i verzi. Aceast\u0103 folie v\u0103 ofer\u0103 posibilitatea de a crea un design interior unic pentru casa sau biroul dumneavoastr\u0103.<\/p>\n<p>Produsul con\u021bine un adeziv incolor, <strong>sensibil la presiune<\/strong>, care ader\u0103 excelent la sticl\u0103. De asemenea,\u00a0dispune de un <strong>substrat de protec\u021bie din silicon<\/strong>, care\u00a0protejeaz\u0103 stratul adeziv de lipirea prematur\u0103.<\/p>\n<p><strong>3M Dichroic Glass Finishes DF\u00a0<\/strong>este creat pentru utilizare interioar\u0103. Blocheaz\u0103 p\u00e2n\u0103 la 97% din razele UV \u0219i protejeaz\u0103 mobilierul din \u00eenc\u0103pere de decolorarea cauzat\u0103 de lumina solar\u0103 puternic\u0103.\u00a0Este recomandat ca dup\u0103 aplica\u021bia pe suprafa\u021ba de sticl\u0103 s\u0103 se aplice un laminat de protec\u021bie pentru a preveni zg\u00e2rieturile.<\/p>\n<p><strong>Temperatura de aplicare:<\/strong>\u00a0+12\u00b0C p\u00e2n\u0103 la +38\u00b0C[\/vc_column_text][\/vc_column][\/vc_row][vc_row css=&#8221;.vc_custom_1680249816290{margin-bottom: 30px !important;border-top-width: 1px !important;border-right-width: 1px !important;border-bottom-width: 1px !important;border-left-width: 1px !important;border-left-color: #d6d6d6 !important;border-left-style: solid !important;border-right-color: #d6d6d6 !important;border-right-style: solid !important;border-top-color: #d6d6d6 !important;border-top-style: solid !important;border-bottom-color: #d6d6d6 !important;border-bottom-style: solid !important;border-radius: 1px !important;}&#8221;][vc_column css=&#8221;.vc_custom_1680249708768{margin-bottom: 30px !important;}&#8221;]<div id=\"ultimate-heading-898469e505d5159e0\" class=\"uvc-heading ult-adjust-bottom-margin ultimate-heading-898469e505d5159e0 uvc-5434  uvc-heading-default-font-sizes\" data-hspacer=\"no_spacer\"  data-halign=\"left\" style=\"text-align:left\"><div class=\"uvc-heading-spacer no_spacer\" style=\"top\"><\/div><div class=\"uvc-main-heading ult-responsive\"  data-ultimate-target='.uvc-heading.ultimate-heading-898469e505d5159e0 h3'  data-responsive-json-new='{\"font-size\":\"\",\"line-height\":\"\"}' ><h3 style=\"--font-weight:theme;margin-bottom:25px;\">Avantaje:<\/h3><\/div><\/div>[vc_row_inner css=&#8221;.vc_custom_1680252374036{margin-bottom: 20px !important;}&#8221;][vc_column_inner width=&#8221;1\/2&#8243;]<div class=\"standard-arrow list-divider bullet-top\"><ul>\n<li>Complet transparent, produsul \u00ee\u0219i schimb\u0103 culoarea \u00een func\u021bie de unghiul din care este privit<\/li>\n<li>Creeaz\u0103 culori reci, dinamice \u0219i gradiente<\/li>\n<\/ul>\n<\/div>[\/vc_column_inner][vc_column_inner width=&#8221;1\/2&#8243;]<div class=\"standard-arrow list-divider bullet-top\"><ul>\n<li>Pentru o instalare mai u\u0219oar\u0103, se poate folosi ap\u0103 pentru a elimina bulele de aer<\/li>\n<li>Durat\u0103 de via\u021b\u0103 estimat\u0103 de 10 ani.<\/li>\n<\/ul>\n<\/div>[\/vc_column_inner][\/vc_row_inner][vc_row_inner][vc_column_inner][vc_video link=&#8221;https:\/\/www.youtube.com\/watch?v=GUTxcTn6xP4&#8243; el_width=&#8221;50&#8243; align=&#8221;center&#8221;][\/vc_column_inner][\/vc_row_inner][\/vc_column][\/vc_row][vc_row css=&#8221;.vc_custom_1680249830510{margin-bottom: 30px !important;}&#8221;][vc_column css=&#8221;.vc_custom_1610615408606{border-top-width: 1px !important;border-right-width: 1px !important;border-bottom-width: 1px !important;border-left-width: 1px !important;border-left-color: #d8d8d8 !important;border-left-style: solid !important;border-right-color: #d8d8d8 !important;border-right-style: solid !important;border-top-color: #d8d8d8 !important;border-top-style: solid !important;border-bottom-color: #d8d8d8 !important;border-bottom-style: solid !important;border-radius: 1px !important;}&#8221;]<div id=\"ultimate-heading-693569e505d515a6b\" class=\"uvc-heading ult-adjust-bottom-margin ultimate-heading-693569e505d515a6b uvc-8311  uvc-heading-default-font-sizes\" data-hspacer=\"no_spacer\"  data-halign=\"left\" style=\"text-align:left\"><div class=\"uvc-heading-spacer no_spacer\" style=\"top\"><\/div><div class=\"uvc-main-heading ult-responsive\"  data-ultimate-target='.uvc-heading.ultimate-heading-693569e505d515a6b h3'  data-responsive-json-new='{\"font-size\":\"\",\"line-height\":\"\"}' ><h3 style=\"--font-weight:theme;margin-bottom:30px;\">Documente:<\/h3><\/div><\/div>[vc_row_inner css=&#8221;.vc_custom_1680249754737{margin-bottom: 30px !important;}&#8221;][vc_column_inner width=&#8221;1\/5&#8243;][vc_column_text]Buletin de produs[\/vc_column_text][vc_single_image image=&#8221;24524&#8243; style=&#8221;vc_box_border&#8221; onclick=&#8221;custom_link&#8221; link=&#8221;https:\/\/partners-ltd.com\/wp-content\/uploads\/2021\/01\/Product-Bulletin-Dichroic-DFPA-EN.pdf&#8221; css=&#8221;.vc_custom_1680252415178{border-top-width: 1px !important;border-right-width: 1px !important;border-bottom-width: 1px !important;border-left-width: 1px !important;border-left-style: dotted !important;border-right-style: dotted !important;border-top-style: dotted !important;border-bottom-style: dotted !important;border-radius: 1px !important;}&#8221;]<style type=\"text\/css\" data-type=\"the7_shortcodes-inline-css\">#default-btn-11996c9ff3226befdd0939035ec92f3b.ico-right-side > i {\n  margin-right: 0px;\n  margin-left: 8px;\n}\n#default-btn-11996c9ff3226befdd0939035ec92f3b > i {\n  margin-right: 8px;\n}\n<\/style><a href=\"https:\/\/partners-ltd.com\/wp-content\/uploads\/2021\/01\/Product-Bulletin-Dichroic-DFPA-EN.pdf\" class=\"default-btn-shortcode dt-btn dt-btn-s link-hover-off btn-inline-left \" target=\"_blank\" id=\"default-btn-11996c9ff3226befdd0939035ec92f3b\" rel=\"noopener\"><span>Descarc\u0103 PDF<\/span><\/a>[\/vc_column_inner][vc_column_inner width=&#8221;1\/5&#8243;][vc_column_text]Caracteristici:[\/vc_column_text][vc_single_image image=&#8221;24530&#8243; style=&#8221;vc_box_border&#8221; onclick=&#8221;custom_link&#8221; link=&#8221;https:\/\/partners-ltd.com\/wp-content\/uploads\/2021\/01\/DICHROIC-DF-PA-Tech-Data-Sheet-RJ.pdf&#8221;]<style type=\"text\/css\" data-type=\"the7_shortcodes-inline-css\">#default-btn-d6bff1cdc2e0fe669d1d191703b49a5b.ico-right-side > i {\n  margin-right: 0px;\n  margin-left: 8px;\n}\n#default-btn-d6bff1cdc2e0fe669d1d191703b49a5b > i {\n  margin-right: 8px;\n}\n<\/style><a href=\"https:\/\/partners-ltd.com\/wp-content\/uploads\/2021\/01\/DICHROIC-DF-PA-Tech-Data-Sheet-RJ.pdf\" class=\"default-btn-shortcode dt-btn dt-btn-s link-hover-off btn-inline-left \" target=\"_blank\" id=\"default-btn-d6bff1cdc2e0fe669d1d191703b49a5b\" rel=\"noopener\"><span>Descarc\u0103 PDF<\/span><\/a>[\/vc_column_inner][vc_column_inner width=&#8221;1\/5&#8243;][vc_column_text]Bro\u0219ur\u0103[\/vc_column_text][vc_single_image image=&#8221;24539&#8243; onclick=&#8221;custom_link&#8221; link=&#8221;https:\/\/partners-ltd.com\/wp-content\/uploads\/2021\/01\/DICHROIC-brochure.pdf&#8221;]<style type=\"text\/css\" data-type=\"the7_shortcodes-inline-css\">#default-btn-6d07ffcf6dfe6c0924f2e5ae16c5b198.ico-right-side > i {\n  margin-right: 0px;\n  margin-left: 8px;\n}\n#default-btn-6d07ffcf6dfe6c0924f2e5ae16c5b198 > i {\n  margin-right: 8px;\n}\n<\/style><a href=\"https:\/\/partners-ltd.com\/wp-content\/uploads\/2021\/01\/DICHROIC-brochure.pdf\" class=\"default-btn-shortcode dt-btn dt-btn-s link-hover-off btn-inline-left \" target=\"_blank\" id=\"default-btn-6d07ffcf6dfe6c0924f2e5ae16c5b198\" rel=\"noopener\"><span>Descarc\u0103 PDF<\/span><\/a>[\/vc_column_inner][vc_column_inner width=&#8221;1\/5&#8243;][\/vc_column_inner][vc_column_inner width=&#8221;1\/5&#8243;][\/vc_column_inner][\/vc_row_inner][\/vc_column][\/vc_row]<\/p>\n<\/div>","protected":false},"excerpt":{"rendered":"<p><strong>3M Dichroic Glass Finishes DF-PA<\/strong> v\u0103 ofer\u0103 posibilitatea de a crea un design interior unic pentru casa sau biroul dumneavoastr\u0103. Tehnologia inovatoare a foliei\u00a0\u00ee\u0219i schimb\u0103 culoarea \u00een func\u021bie de unghiul din care este privit\u0103. Seria &#8222;Chill&#8221; con\u021bine tonuri reci de albastru, magenta, nuan\u021be \u0219i reflexii de galben, auriu \u0219i verde.<\/p>\n<p>Produsul este creat pentru utilizare interioar\u0103.<\/p>\n","protected":false},"featured_media":24520,"comment_status":"open","ping_status":"closed","template":"","meta":[],"product_cat":[1850,1860],"product_tag":[],"_links":{"self":[{"href":"https:\/\/partners-ltd.com\/ro\/wp-json\/wp\/v2\/product\/40061"}],"collection":[{"href":"https:\/\/partners-ltd.com\/ro\/wp-json\/wp\/v2\/product"}],"about":[{"href":"https:\/\/partners-ltd.com\/ro\/wp-json\/wp\/v2\/types\/product"}],"replies":[{"embeddable":true,"href":"https:\/\/partners-ltd.com\/ro\/wp-json\/wp\/v2\/comments?post=40061"}],"wp:featuredmedia":[{"embeddable":true,"href":"https:\/\/partners-ltd.com\/ro\/wp-json\/wp\/v2\/media\/24520"}],"wp:attachment":[{"href":"https:\/\/partners-ltd.com\/ro\/wp-json\/wp\/v2\/media?parent=40061"}],"wp:term":[{"taxonomy":"product_cat","embeddable":true,"href":"https:\/\/partners-ltd.com\/ro\/wp-json\/wp\/v2\/product_cat?post=40061"},{"taxonomy":"product_tag","embeddable":true,"href":"https:\/\/partners-ltd.com\/ro\/wp-json\/wp\/v2\/product_tag?post=40061"}],"curies":[{"name":"wp","href":"https:\/\/api.w.org\/{rel}","templated":true}]}}