{"id":39997,"date":"2023-02-07T14:28:36","date_gmt":"2023-02-07T12:28:36","guid":{"rendered":"https:\/\/partners-ltd.com\/magazin\/fara-categorie\/3m-scotchcal-translucent-ij3730-folie-mata-translucida-pentru-reclame-led\/"},"modified":"2025-05-23T10:51:16","modified_gmt":"2025-05-23T07:51:16","slug":"3m-scotchcal-translucent-ij3730-folie-mata-translucida-pentru-reclame-led","status":"publish","type":"product","link":"https:\/\/partners-ltd.com\/ro\/e-shop\/medii-de-imprimare\/3%d0%bc-folie-translucenta-pentru-imprimare\/3m-scotchcal-translucent-ij3730-folie-mata-translucida-pentru-reclame-led\/","title":{"rendered":"3M Scotchcal Translucent IJ3730 &#8211; folie mat\u0103 translucid\u0103 pentru reclame LED"},"content":{"rendered":"<div class=\"wpb-content-wrapper\"><p>[vc_row css=&#8221;.vc_custom_1530878786079{margin-bottom: 20px !important;border-top-width: 1px !important;border-right-width: 1px !important;border-bottom-width: 1px !important;border-left-width: 1px !important;padding-right: 10px !important;padding-left: 10px !important;border-left-color: #e2e2e2 !important;border-left-style: dotted !important;border-right-color: #e2e2e2 !important;border-right-style: dotted !important;border-top-color: #e2e2e2 !important;border-top-style: dotted !important;border-bottom-color: #e2e2e2 !important;border-bottom-style: dotted !important;border-radius: 1px !important;}&#8221;][vc_column]<div id=\"ultimate-heading-573869d8d7e61480f\" class=\"uvc-heading ult-adjust-bottom-margin ultimate-heading-573869d8d7e61480f uvc-9590 \" data-hspacer=\"no_spacer\"  data-halign=\"left\" style=\"text-align:left\"><div class=\"uvc-heading-spacer no_spacer\" style=\"top\"><\/div><div class=\"uvc-main-heading ult-responsive\"  data-ultimate-target='.uvc-heading.ultimate-heading-573869d8d7e61480f h2'  data-responsive-json-new='{\"font-size\":\"desktop:28px;\",\"line-height\":\"desktop:38px;\"}' ><h2 style=\"--font-weight:theme;margin-bottom:20px;\">3M Scotchcal Translucent IJ3730 - folie mat\u0103 translucid\u0103<\/h2><\/div><\/div>[vc_row_inner][vc_column_inner][vc_column_text]<strong><img loading=\"lazy\" decoding=\"async\" class=\" wp-image-30480 alignleft\" src=\"https:\/\/partners-ltd.com\/wp-content\/uploads\/2023\/02\/3M-Scotchcal-Translucent-IJ3730-.jpg\" alt=\"3M Scotchcal Translucent IJ3730 \u2013 folie mat\u0103 translucid\u0103 pentru LED\" width=\"278\" height=\"277\" srcset=\"https:\/\/partners-ltd.com\/wp-content\/uploads\/2023\/02\/3M-Scotchcal-Translucent-IJ3730-.jpg 524w, https:\/\/partners-ltd.com\/wp-content\/uploads\/2023\/02\/3M-Scotchcal-Translucent-IJ3730--300x298.jpg 300w, https:\/\/partners-ltd.com\/wp-content\/uploads\/2023\/02\/3M-Scotchcal-Translucent-IJ3730--100x100.jpg 100w, https:\/\/partners-ltd.com\/wp-content\/uploads\/2023\/02\/3M-Scotchcal-Translucent-IJ3730--425x423.jpg 425w, https:\/\/partners-ltd.com\/wp-content\/uploads\/2023\/02\/3M-Scotchcal-Translucent-IJ3730--200x200.jpg 200w\" sizes=\"(max-width: 278px) 100vw, 278px\" \/>3M Envision Translucent Film Series 3730<\/strong> este o folie turnat\u0103, special proiectat\u0103 pentru reclame LED luminoase. Se utilizeaz\u0103 pentru crearea de grafic\u0103 interioar\u0103 sau exterioar\u0103. Seria 3730 are <strong>suprafa\u021b\u0103 mat\u0103<\/strong>, pentru a elimina reflexiile \u0219i a asigura o culoare uniform\u0103 la lumin\u0103 reflectat\u0103 \u0219i transmis\u0103. Con\u021bine adeziv sensibil la presiune, permanent, care ader\u0103 at\u00e2t la substraturi rigide, c\u00e2t \u0219i la cele flexibile. Substratul sintetic sub\u021bire nu este afectat de ap\u0103 sau umiditate. <strong>3M Envision Translucent Film Series 3730<\/strong> poate fi imprimat prin serigrafie sau t\u0103iere electronic\u0103.<\/p>\n<p>Asigur\u0103 o culoare str\u0103lucitoare ziua \u0219i noaptea (iluminat\u0103). Este disponibil\u0103 \u00een 25 de culori standard, precum \u0219i posibilitatea de a crea nuan\u021be personalizate.<\/p>\n<p>Adezivul permanent transparent ader\u0103 la substraturi flexibile 3M, precum \u0219i la multe substraturi rigide, cum ar fi policarbonat, acril, sticl\u0103 sau foi copoliesterice de \u00eenalt\u0103 temperatur\u0103. Se remarc\u0103 prin <strong>transmitan\u021b\u0103 de lumin\u0103 \u00eembun\u0103t\u0103\u021bit\u0103, crescut\u0103<\/strong> comparativ cu seria 3M Scotchcal Translucent film 3630.<\/p>\n<p>Durat\u0103 de via\u021b\u0103 estimat\u0103 de \u0219apte ani (perioad\u0103 negarantat\u0103 pentru film neimprimat f\u0103r\u0103 protec\u021bie grafic\u0103, aplicat pe o suprafa\u021b\u0103 plan\u0103, vertical\u0103, exterioar\u0103).<br \/>\nPentru durabilitate suplimentar\u0103 \u0219i protec\u021bie \u00eempotriva intemperiilor, poate fi utilizat cu laminate recomandate de 3M.<\/p>\n<p><strong>Dimensiuni rol\u0103:<\/strong> 1,22 m x 45,7 m<br \/>\n<strong>Laminare adecvat\u0103: <\/strong>3658G, 3660M[\/vc_column_text][\/vc_column_inner][\/vc_row_inner][\/vc_column][\/vc_row][vc_row css=&#8221;.vc_custom_1531293008623{margin-bottom: 20px !important;border-top-width: 1px !important;border-right-width: 1px !important;border-bottom-width: 1px !important;border-left-width: 1px !important;padding-right: 10px !important;padding-left: 10px !important;border-left-color: #e2e2e2 !important;border-left-style: dotted !important;border-right-color: #e2e2e2 !important;border-right-style: dotted !important;border-top-color: #e2e2e2 !important;border-top-style: dotted !important;border-bottom-color: #e2e2e2 !important;border-bottom-style: dotted !important;border-radius: 2px !important;}&#8221;][vc_column]<div id=\"ultimate-heading-672469d8d7e614858\" class=\"uvc-heading ult-adjust-bottom-margin ultimate-heading-672469d8d7e614858 uvc-8025 \" data-hspacer=\"no_spacer\"  data-halign=\"left\" style=\"text-align:left\"><div class=\"uvc-heading-spacer no_spacer\" style=\"top\"><\/div><div class=\"uvc-main-heading ult-responsive\"  data-ultimate-target='.uvc-heading.ultimate-heading-672469d8d7e614858 h3'  data-responsive-json-new='{\"font-size\":\"desktop:24px;\",\"line-height\":\"desktop:34px;\"}' ><h3 style=\"--font-weight:theme;margin-bottom:20px;\">Caracteristici principale:<\/h3><\/div><\/div>[vc_row_inner][vc_column_inner width=&#8221;1\/2&#8243;]<div class=\"standard-arrow list-divider bullet-top\"><ul>\n<li>Proiectat pentru reclame LED luminoase<\/li>\n<li>Culoare str\u0103lucitoare ziua \u0219i noaptea (iluminat\u0103)<\/li>\n<li>Adeziv sensibil la presiune, permanent<\/li>\n<li>Posibilitate de imprimare prin serigrafie sau t\u0103iere electronic\u0103<\/li>\n<\/ul>\n<\/div>[\/vc_column_inner][vc_column_inner width=&#8221;1\/2&#8243;]<div class=\"standard-arrow list-divider bullet-top\"><ul>\n<li>Disponibil \u00een 25 de culori standard<\/li>\n<li>Substrat sintetic rezistent la ap\u0103<\/li>\n<li>Durat\u0103 de via\u021b\u0103 estimat\u0103 de 7 ani<\/li>\n<\/ul>\n<\/div>[\/vc_column_inner][\/vc_row_inner][\/vc_column][\/vc_row][vc_row css=&#8221;.vc_custom_1531293008623{margin-bottom: 20px !important;border-top-width: 1px !important;border-right-width: 1px !important;border-bottom-width: 1px !important;border-left-width: 1px !important;padding-right: 10px !important;padding-left: 10px !important;border-left-color: #e2e2e2 !important;border-left-style: dotted !important;border-right-color: #e2e2e2 !important;border-right-style: dotted !important;border-top-color: #e2e2e2 !important;border-top-style: dotted !important;border-bottom-color: #e2e2e2 !important;border-bottom-style: dotted !important;border-radius: 2px !important;}&#8221;][vc_column]<div id=\"ultimate-heading-580669d8d7e6148fb\" class=\"uvc-heading ult-adjust-bottom-margin ultimate-heading-580669d8d7e6148fb uvc-7842 \" data-hspacer=\"no_spacer\"  data-halign=\"left\" style=\"text-align:left\"><div class=\"uvc-heading-spacer no_spacer\" style=\"top\"><\/div><div class=\"uvc-main-heading ult-responsive\"  data-ultimate-target='.uvc-heading.ultimate-heading-580669d8d7e6148fb h3'  data-responsive-json-new='{\"font-size\":\"desktop:28px;\",\"line-height\":\"desktop:38px;\"}' ><h3 style=\"--font-weight:theme;margin-bottom:30px;\">Documente<\/h3><\/div><\/div>[vc_row_inner css=&#8221;.vc_custom_1675779264745{margin-bottom: 30px !important;border-bottom-width: 30px !important;}&#8221;][vc_column_inner width=&#8221;1\/4&#8243;][vc_column_text]<\/p>\n<p style=\"text-align: center;\">Buletin de produs<\/p>\n<p>[\/vc_column_text][vc_single_image image=&#8221;30461&#8243; img_size=&#8221;130&#215;170&#8243; alignment=&#8221;center&#8221; style=&#8221;vc_box_outline&#8221; onclick=&#8221;custom_link&#8221; img_link_target=&#8221;_blank&#8221; link=&#8221;\/wp-content\/uploads\/2023\/02\/3M-3730-Product-Bulletin.pdf&#8221;]<style type=\"text\/css\" data-type=\"the7_shortcodes-inline-css\">#default-btn-872c34b1b5a509f4383a22e7a2bfd766.ico-right-side > i {\n  margin-right: 0px;\n  margin-left: 8px;\n}\n#default-btn-872c34b1b5a509f4383a22e7a2bfd766 > i {\n  margin-right: 8px;\n}\n<\/style><div class=\"btn-align-center\"><a href=\"\/wp-content\/uploads\/2023\/02\/3M-3730-Product-Bulletin.pdf\" class=\"default-btn-shortcode dt-btn dt-btn-s link-hover-off \" target=\"_blank\" id=\"default-btn-872c34b1b5a509f4383a22e7a2bfd766\" rel=\"noopener\"><i class=\"fas fa-download\"><\/i><span>Descarc\u0103 PDF<\/span><\/a><\/div>[\/vc_column_inner][vc_column_inner width=&#8221;1\/4&#8243;][vc_column_text]<\/p>\n<p style=\"text-align: center;\">Caracteristici tehnice<\/p>\n<p>[\/vc_column_text][vc_single_image image=&#8221;30464&#8243; img_size=&#8221;130&#215;170&#8243; alignment=&#8221;center&#8221; style=&#8221;vc_box_outline&#8221; onclick=&#8221;custom_link&#8221; img_link_target=&#8221;_blank&#8221; link=&#8221;\/wp-content\/uploads\/2023\/02\/3630_3730-Tech-DATA.pdf&#8221;]<style type=\"text\/css\" data-type=\"the7_shortcodes-inline-css\">#default-btn-e25437a52d351ee4b7316316d37526d4.ico-right-side > i {\n  margin-right: 0px;\n  margin-left: 8px;\n}\n#default-btn-e25437a52d351ee4b7316316d37526d4 > i {\n  margin-right: 8px;\n}\n<\/style><div class=\"btn-align-center\"><a href=\"\/wp-content\/uploads\/2023\/02\/3630_3730-Tech-DATA.pdf\" class=\"default-btn-shortcode dt-btn dt-btn-s link-hover-off \" target=\"_blank\" id=\"default-btn-e25437a52d351ee4b7316316d37526d4\" rel=\"noopener\"><i class=\"fas fa-download\"><\/i><span>Descarc\u0103 PDF<\/span><\/a><\/div>[\/vc_column_inner][vc_column_inner width=&#8221;1\/4&#8243;][vc_column_text]<\/p>\n<p style=\"text-align: center;\">Palet\u0103 de culori<\/p>\n<p>[\/vc_column_text][vc_single_image image=&#8221;30467&#8243; img_size=&#8221;130&#215;170&#8243; alignment=&#8221;center&#8221; style=&#8221;vc_box_outline&#8221; onclick=&#8221;custom_link&#8221; img_link_target=&#8221;_blank&#8221; link=&#8221;\/wp-content\/uploads\/2023\/02\/3M-envision-translucent-film-3730-color-card.pdf&#8221;]<style type=\"text\/css\" data-type=\"the7_shortcodes-inline-css\">#default-btn-be42002e5cf2948968c1db235173df29.ico-right-side > i {\n  margin-right: 0px;\n  margin-left: 8px;\n}\n#default-btn-be42002e5cf2948968c1db235173df29 > i {\n  margin-right: 8px;\n}\n<\/style><div class=\"btn-align-center\"><a href=\"\/wp-content\/uploads\/2023\/02\/3M-envision-translucent-film-3730-color-card.pdf\" class=\"default-btn-shortcode dt-btn dt-btn-s link-hover-off \" target=\"_blank\" id=\"default-btn-be42002e5cf2948968c1db235173df29\" rel=\"noopener\"><i class=\"fas fa-download\"><\/i><span>Descarc\u0103 PDF<\/span><\/a><\/div>[\/vc_column_inner][vc_column_inner width=&#8221;1\/4&#8243;][\/vc_column_inner][\/vc_row_inner][\/vc_column][\/vc_row]<\/p>\n<\/div>","protected":false},"excerpt":{"rendered":"<p>Folie turnat\u0103 translucid\u0103, special proiectat\u0103 pentru reclame LED luminoase interioare sau exterioare. Con\u021bine adeziv sensibil la presiune, permanent, care ader\u0103 at\u00e2t la substraturi rigide, c\u00e2t \u0219i la cele flexibile. \u00cembun\u0103t\u0103\u021bit, transmisie crescut\u0103 a luminii. Disponibil \u00een 25 de culori standard.<\/p>\n","protected":false},"featured_media":30458,"comment_status":"open","ping_status":"closed","template":"","meta":[],"product_cat":[1848,1867],"product_tag":[],"_links":{"self":[{"href":"https:\/\/partners-ltd.com\/ro\/wp-json\/wp\/v2\/product\/39997"}],"collection":[{"href":"https:\/\/partners-ltd.com\/ro\/wp-json\/wp\/v2\/product"}],"about":[{"href":"https:\/\/partners-ltd.com\/ro\/wp-json\/wp\/v2\/types\/product"}],"replies":[{"embeddable":true,"href":"https:\/\/partners-ltd.com\/ro\/wp-json\/wp\/v2\/comments?post=39997"}],"wp:featuredmedia":[{"embeddable":true,"href":"https:\/\/partners-ltd.com\/ro\/wp-json\/wp\/v2\/media\/30458"}],"wp:attachment":[{"href":"https:\/\/partners-ltd.com\/ro\/wp-json\/wp\/v2\/media?parent=39997"}],"wp:term":[{"taxonomy":"product_cat","embeddable":true,"href":"https:\/\/partners-ltd.com\/ro\/wp-json\/wp\/v2\/product_cat?post=39997"},{"taxonomy":"product_tag","embeddable":true,"href":"https:\/\/partners-ltd.com\/ro\/wp-json\/wp\/v2\/product_tag?post=39997"}],"curies":[{"name":"wp","href":"https:\/\/api.w.org\/{rel}","templated":true}]}}