{"id":39996,"date":"2021-08-12T15:32:14","date_gmt":"2021-08-12T12:32:14","guid":{"rendered":"https:\/\/partners-ltd.com\/magazin\/fara-categorie\/emblem-magic-textile-2-material-textil-translucid-pentru-semne\/"},"modified":"2025-05-23T11:03:20","modified_gmt":"2025-05-23T08:03:20","slug":"emblem-magic-textile-2-material-textil-translucid-pentru-semne","status":"publish","type":"product","link":"https:\/\/partners-ltd.com\/ro\/e-shop\/medii-de-imprimare\/canvas-si-tesaturi-pentru-imprimare\/emblem-magic-textile-2-material-textil-translucid-pentru-semne\/","title":{"rendered":"EMBLEM Magic Textile 2 &#8211; material textil translucid pentru semne"},"content":{"rendered":"<div class=\"wpb-content-wrapper\"><p>[vc_row css=&#8221;.vc_custom_1614340926172{margin-bottom: 30px !important;border-top-width: 1px !important;border-right-width: 1px !important;border-bottom-width: 1px !important;border-left-width: 1px !important;border-left-color: #d8d8d8 !important;border-left-style: solid !important;border-right-color: #d8d8d8 !important;border-right-style: solid !important;border-top-color: #d8d8d8 !important;border-top-style: solid !important;border-bottom-color: #d8d8d8 !important;border-bottom-style: solid !important;border-radius: 1px !important;}&#8221;][vc_column]<div id=\"ultimate-heading-744769e5c5127bf0f\" class=\"uvc-heading ult-adjust-bottom-margin ultimate-heading-744769e5c5127bf0f uvc-903  uvc-heading-default-font-sizes\" data-hspacer=\"no_spacer\"  data-halign=\"left\" style=\"text-align:left\"><div class=\"uvc-heading-spacer no_spacer\" style=\"top\"><\/div><div class=\"uvc-main-heading ult-responsive\"  data-ultimate-target='.uvc-heading.ultimate-heading-744769e5c5127bf0f h3'  data-responsive-json-new='{\"font-size\":\"\",\"line-height\":\"\"}' ><h3 style=\"--font-weight:theme;\">EMBLEM Magic Textile 2 - material textil din poliester translucid<\/h3><\/div><\/div>[vc_empty_space][vc_column_text]<strong>EMBLEM Solvent Magic Textile II<\/strong> este un material textil din poliester translucid pentru design interior cu redare excelent\u0103 a culorilor. Material pentru imprimare cu greutatea de 180 g\/m2, utilizat pentru fa\u021ba unui panou luminos sau neluminos (unilateral sau bilateral) cu profil textil. Se imprim\u0103 cu ecosolvent, solvent, imprimante UV \u0219i altele. Materialul este f\u0103r\u0103 PVC, ignifug conform DIN 4102 \u0219i este pentru utilizare interioar\u0103. Se utilizeaz\u0103 pentru iluminare backlit, deoarece este conceput special pentru iluminare cu module LED. Produsul este utilizat \u00een principal pentru: panouri luminoase \u0219i neluminoase, postere \u0219i display-uri \u00een magazine, s\u0103li de expozi\u021bii (standuri de t\u00e2rg).[\/vc_column_text][\/vc_column][\/vc_row][vc_row css=&#8221;.vc_custom_1614340946766{margin-bottom: 30px !important;border-top-width: 1px !important;border-right-width: 1px !important;border-bottom-width: 1px !important;border-left-width: 1px !important;border-left-color: #d8d8d8 !important;border-left-style: solid !important;border-right-color: #d8d8d8 !important;border-right-style: solid !important;border-top-color: #d8d8d8 !important;border-top-style: solid !important;border-bottom-color: #d8d8d8 !important;border-bottom-style: solid !important;border-radius: 1px !important;}&#8221;][vc_column]<div id=\"ultimate-heading-922669e5c5127bf4e\" class=\"uvc-heading ult-adjust-bottom-margin ultimate-heading-922669e5c5127bf4e uvc-7644  uvc-heading-default-font-sizes\" data-hspacer=\"no_spacer\"  data-halign=\"left\" style=\"text-align:left\"><div class=\"uvc-heading-spacer no_spacer\" style=\"top\"><\/div><div class=\"uvc-main-heading ult-responsive\"  data-ultimate-target='.uvc-heading.ultimate-heading-922669e5c5127bf4e h3'  data-responsive-json-new='{\"font-size\":\"\",\"line-height\":\"\"}' ><h3 style=\"--font-weight:theme;\">Avantaje:<\/h3><\/div><\/div>[vc_empty_space][vc_row_inner][vc_column_inner width=&#8221;1\/2&#8243;]<div class=\"standard-arrow list-divider bullet-top\"><ul>\n<li>Redare excelent\u0103 a culorilor<\/li>\n<li>Pentru fa\u021ba panourilor luminoase sau neluminoase<\/li>\n<li>F\u0103r\u0103 PVC<\/li>\n<\/ul>\n<\/div>[\/vc_column_inner][vc_column_inner width=&#8221;1\/2&#8243;]<div class=\"standard-arrow list-divider bullet-top\"><ul>\n<li>Produs ignifug, conform DIN 4102<\/li>\n<li>Iluminare backlit cu module LED<\/li>\n<\/ul>\n<\/div>[\/vc_column_inner][\/vc_row_inner][\/vc_column][\/vc_row][vc_row css=&#8221;.vc_custom_1614340974723{border-top-width: 1px !important;border-right-width: 1px !important;border-bottom-width: 1px !important;border-left-width: 1px !important;border-left-color: #d8d8d8 !important;border-left-style: solid !important;border-right-color: #d8d8d8 !important;border-right-style: solid !important;border-top-color: #d8d8d8 !important;border-top-style: solid !important;border-bottom-color: #d8d8d8 !important;border-bottom-style: solid !important;border-radius: 1px !important;}&#8221;][vc_column]<div id=\"ultimate-heading-342269e5c5127bfce\" class=\"uvc-heading ult-adjust-bottom-margin ultimate-heading-342269e5c5127bfce uvc-5828  uvc-heading-default-font-sizes\" data-hspacer=\"no_spacer\"  data-halign=\"left\" style=\"text-align:left\"><div class=\"uvc-heading-spacer no_spacer\" style=\"top\"><\/div><div class=\"uvc-main-heading ult-responsive\"  data-ultimate-target='.uvc-heading.ultimate-heading-342269e5c5127bfce h3'  data-responsive-json-new='{\"font-size\":\"\",\"line-height\":\"\"}' ><h3 style=\"--font-weight:theme;\">Documente:<\/h3><\/div><\/div>[vc_empty_space][vc_row_inner css=&#8221;.vc_custom_1615980091033{margin-bottom: 30px !important;}&#8221;][vc_column_inner width=&#8221;1\/3&#8243;][vc_single_image image=&#8221;26292&#8243; onclick=&#8221;custom_link&#8221; img_link_target=&#8221;_blank&#8221; link=&#8221;\/wp-content\/uploads\/2021\/08\/EMBLEM-Magic-Textile-2.pdf&#8221;]<style type=\"text\/css\" data-type=\"the7_shortcodes-inline-css\">#default-btn-169f3bda92c00f263a4d520d94a14b8c.ico-right-side > i {\n  margin-right: 0px;\n  margin-left: 8px;\n}\n#default-btn-169f3bda92c00f263a4d520d94a14b8c > i {\n  margin-right: 8px;\n}\n<\/style><a href=\"\/wp-content\/uploads\/2021\/08\/EMBLEM-Magic-Textile-2.pdf\" class=\"default-btn-shortcode dt-btn dt-btn-s link-hover-off btn-inline-left \" target=\"_blank\" id=\"default-btn-169f3bda92c00f263a4d520d94a14b8c\" rel=\"noopener\"><span>Descarc\u0103 PDF<\/span><\/a>[\/vc_column_inner][vc_column_inner width=&#8221;1\/3&#8243;][\/vc_column_inner][vc_column_inner width=&#8221;1\/3&#8243;][\/vc_column_inner][\/vc_row_inner][\/vc_column][\/vc_row]<\/p>\n<\/div>","protected":false},"excerpt":{"rendered":"<p>EMBLEM Solvent Magic Textile II este un material textil din poliester translucid pentru design interior cu redare excelent\u0103 a culorilor. F\u0103r\u0103 PVC, ignifug \u0219i pentru utilizare interioar\u0103.<\/p>\n<p>Produsul este disponibil cu l\u0103\u021bimea: 1,32m, 1,60m; Lungime: 50m<\/p>\n","protected":false},"featured_media":26289,"comment_status":"open","ping_status":"closed","template":"","meta":[],"product_cat":[1848,1871],"product_tag":[],"_links":{"self":[{"href":"https:\/\/partners-ltd.com\/ro\/wp-json\/wp\/v2\/product\/39996"}],"collection":[{"href":"https:\/\/partners-ltd.com\/ro\/wp-json\/wp\/v2\/product"}],"about":[{"href":"https:\/\/partners-ltd.com\/ro\/wp-json\/wp\/v2\/types\/product"}],"replies":[{"embeddable":true,"href":"https:\/\/partners-ltd.com\/ro\/wp-json\/wp\/v2\/comments?post=39996"}],"wp:featuredmedia":[{"embeddable":true,"href":"https:\/\/partners-ltd.com\/ro\/wp-json\/wp\/v2\/media\/26289"}],"wp:attachment":[{"href":"https:\/\/partners-ltd.com\/ro\/wp-json\/wp\/v2\/media?parent=39996"}],"wp:term":[{"taxonomy":"product_cat","embeddable":true,"href":"https:\/\/partners-ltd.com\/ro\/wp-json\/wp\/v2\/product_cat?post=39996"},{"taxonomy":"product_tag","embeddable":true,"href":"https:\/\/partners-ltd.com\/ro\/wp-json\/wp\/v2\/product_tag?post=39996"}],"curies":[{"name":"wp","href":"https:\/\/api.w.org\/{rel}","templated":true}]}}