{"id":39994,"date":"2021-03-22T10:31:04","date_gmt":"2021-03-22T08:31:04","guid":{"rendered":"https:\/\/partners-ltd.com\/magazin\/fara-categorie\/3m-exterior-aircraft-graphic-film-a7706-perforated-folie-perforata-pentru-avioane\/"},"modified":"2025-05-23T10:04:59","modified_gmt":"2025-05-23T07:04:59","slug":"3m-exterior-aircraft-graphic-film-a7706-perforated-folie-perforata-pentru-avioane","status":"publish","type":"product","link":"https:\/\/partners-ltd.com\/ro\/e-shop\/medii-de-imprimare\/3m-exterior-aircraft-graphic-film-a7706-perforated-folie-perforata-pentru-avioane\/","title":{"rendered":"3M Exterior Aircraft Graphic Film A7706, Perforated &#8211; Folie perforat\u0103 pentru avioane"},"content":{"rendered":"<div class=\"wpb-content-wrapper\"><p>[vc_row css=&#8221;.vc_custom_1614340926172{margin-bottom: 30px !important;border-top-width: 1px !important;border-right-width: 1px !important;border-bottom-width: 1px !important;border-left-width: 1px !important;border-left-color: #d8d8d8 !important;border-left-style: solid !important;border-right-color: #d8d8d8 !important;border-right-style: solid !important;border-top-color: #d8d8d8 !important;border-top-style: solid !important;border-bottom-color: #d8d8d8 !important;border-bottom-style: solid !important;border-radius: 1px !important;}&#8221;][vc_column]<div id=\"ultimate-heading-219869fb1bff771ed\" class=\"uvc-heading ult-adjust-bottom-margin ultimate-heading-219869fb1bff771ed uvc-6895  uvc-heading-default-font-sizes\" data-hspacer=\"no_spacer\"  data-halign=\"left\" style=\"text-align:left\"><div class=\"uvc-heading-spacer no_spacer\" style=\"top\"><\/div><div class=\"uvc-main-heading ult-responsive\"  data-ultimate-target='.uvc-heading.ultimate-heading-219869fb1bff771ed h3'  data-responsive-json-new='{\"font-size\":\"\",\"line-height\":\"\"}' ><h3 style=\"--font-weight:theme;\">3M Exterior Aircraft Graphic Film A7706, Perforated - Folie pentru avioane<\/h3><\/div><\/div>[vc_empty_space][vc_column_text]<a class=\"dt-pswp-item\" href=\"https:\/\/partners-ltd.com\/wp-content\/uploads\/2021\/03\/3M-\u041f\u0435\u0440\u0444\u043e-\u0444\u043e\u043b\u0438\u043e-\u0437\u0430-\u0441\u0430\u043c\u043e\u043b\u0435\u0442\u0438.jpg\" data-dt-img-description=\"\" data-large_image_width=\"220\" data-large_image_height=\"229\"><img loading=\"lazy\" decoding=\"async\" class=\" wp-image-25511 alignleft\" src=\"https:\/\/partners-ltd.com\/wp-content\/uploads\/2021\/03\/3M-\u041f\u0435\u0440\u0444\u043e-\u0444\u043e\u043b\u0438\u043e-\u0437\u0430-\u0441\u0430\u043c\u043e\u043b\u0435\u0442\u0438.jpg\" alt=\"3M\u2122 Exterior Aircraft Graphic Film A7706, Perforated\" width=\"118\" height=\"123\" \/><\/a>3M Exterior Aircraft Graphic Film A7706, Perforated este o folie turnat\u0103 perforat\u0103 cu adeziv permanent. Produsul este potrivit pentru toate tipurile de <strong>aparate de zbor<\/strong>. Destinat pentru acoperirea exterioar\u0103 a avioanelor. Rezisten\u021ba \u0219i durabilitatea sa \u00eembun\u0103t\u0103\u021bite asigur\u0103 o \u00eendep\u0103rtare u\u0219oar\u0103 \u0219i f\u0103r\u0103 probleme.<\/p>\n<p>Folia de acest tip garanteaz\u0103 calit\u0103\u021bile \u0219i propriet\u0103\u021bile necesare cerute pentru aplica\u021bii de acest gen. Aceasta include durabilitatea la temperaturi sc\u0103zute \u00een timpul zborului \u0219i rezisten\u021ba la temperaturi ridicate \u00eenainte \u0219i \u00een timpul decol\u0103rii.[\/vc_column_text][\/vc_column][\/vc_row][vc_row css=&#8221;.vc_custom_1614340946766{margin-bottom: 30px !important;border-top-width: 1px !important;border-right-width: 1px !important;border-bottom-width: 1px !important;border-left-width: 1px !important;border-left-color: #d8d8d8 !important;border-left-style: solid !important;border-right-color: #d8d8d8 !important;border-right-style: solid !important;border-top-color: #d8d8d8 !important;border-top-style: solid !important;border-bottom-color: #d8d8d8 !important;border-bottom-style: solid !important;border-radius: 1px !important;}&#8221;][vc_column]<div id=\"ultimate-heading-894869fb1bff77226\" class=\"uvc-heading ult-adjust-bottom-margin ultimate-heading-894869fb1bff77226 uvc-1606  uvc-heading-default-font-sizes\" data-hspacer=\"no_spacer\"  data-halign=\"left\" style=\"text-align:left\"><div class=\"uvc-heading-spacer no_spacer\" style=\"top\"><\/div><div class=\"uvc-main-heading ult-responsive\"  data-ultimate-target='.uvc-heading.ultimate-heading-894869fb1bff77226 h3'  data-responsive-json-new='{\"font-size\":\"\",\"line-height\":\"\"}' ><h3 style=\"--font-weight:theme;\">Avantaje:<\/h3><\/div><\/div>[vc_empty_space][vc_row_inner][vc_column_inner width=&#8221;1\/2&#8243;]<div class=\"standard-arrow list-divider bullet-top\"><ul>\n<li>Folie turnat\u0103 perforat\u0103<\/li>\n<li>Destinat pentru acoperirea exterioar\u0103 a aparatelor de zbor<\/li>\n<li>Rol\u0103 larg\u0103 pentru acoperirea u\u0219oar\u0103 a pieselor mari<\/li>\n<\/ul>\n<\/div>[\/vc_column_inner][vc_column_inner width=&#8221;1\/2&#8243;]<div class=\"standard-arrow list-divider bullet-top\"><ul>\n<li>Adeziv transparent, sensibil la presiune<\/li>\n<li>Suprafa\u021b\u0103 lucioas\u0103<\/li>\n<li>\u00cendep\u0103rtare u\u0219oar\u0103 \u0219i curat\u0103<\/li>\n<\/ul>\n<\/div>[\/vc_column_inner][\/vc_row_inner][\/vc_column][\/vc_row][vc_row css=&#8221;.vc_custom_1614340974723{border-top-width: 1px !important;border-right-width: 1px !important;border-bottom-width: 1px !important;border-left-width: 1px !important;border-left-color: #d8d8d8 !important;border-left-style: solid !important;border-right-color: #d8d8d8 !important;border-right-style: solid !important;border-top-color: #d8d8d8 !important;border-top-style: solid !important;border-bottom-color: #d8d8d8 !important;border-bottom-style: solid !important;border-radius: 1px !important;}&#8221;][vc_column]<div id=\"ultimate-heading-897469fb1bff772a1\" class=\"uvc-heading ult-adjust-bottom-margin ultimate-heading-897469fb1bff772a1 uvc-649  uvc-heading-default-font-sizes\" data-hspacer=\"no_spacer\"  data-halign=\"left\" style=\"text-align:left\"><div class=\"uvc-heading-spacer no_spacer\" style=\"top\"><\/div><div class=\"uvc-main-heading ult-responsive\"  data-ultimate-target='.uvc-heading.ultimate-heading-897469fb1bff772a1 h3'  data-responsive-json-new='{\"font-size\":\"\",\"line-height\":\"\"}' ><h3 style=\"--font-weight:theme;\">Documente:<\/h3><\/div><\/div>[vc_empty_space][vc_row_inner css=&#8221;.vc_custom_1615980091033{margin-bottom: 30px !important;}&#8221;][vc_column_inner width=&#8221;1\/4&#8243;][vc_column_text]Buletin de produs[\/vc_column_text][vc_single_image image=&#8221;25501&#8243; style=&#8221;vc_box_border&#8221; onclick=&#8221;custom_link&#8221; img_link_target=&#8221;_blank&#8221; link=&#8221;\/wp-content\/uploads\/2021\/03\/3M-Exterior-Aircraft-Graphic-Film-A7706-Perforated.pdf&#8221;]<style type=\"text\/css\" data-type=\"the7_shortcodes-inline-css\">#default-btn-f4985397810bc10ffc00d495f07c01b8.ico-right-side > i {\n  margin-right: 0px;\n  margin-left: 8px;\n}\n#default-btn-f4985397810bc10ffc00d495f07c01b8 > i {\n  margin-right: 8px;\n}\n<\/style><a href=\"\/wp-content\/uploads\/2021\/03\/3M-Exterior-Aircraft-Graphic-Film-A7706-Perforated.pdf\" class=\"default-btn-shortcode dt-btn dt-btn-s link-hover-off btn-inline-left \" target=\"_blank\" id=\"default-btn-f4985397810bc10ffc00d495f07c01b8\" rel=\"noopener\"><span>Descarc\u0103 PDF<\/span><\/a>[\/vc_column_inner][vc_column_inner width=&#8221;1\/4&#8243;][vc_column_text]Bro\u0219ur\u0103[\/vc_column_text][vc_single_image image=&#8221;25510&#8243; style=&#8221;vc_box_border&#8221; onclick=&#8221;custom_link&#8221; img_link_target=&#8221;_blank&#8221; link=&#8221;\/wp-content\/uploads\/2021\/03\/3M-Exterior-Aircraft-Graphic-Film-A7706-Perforated-Brochure.pdf&#8221;]<style type=\"text\/css\" data-type=\"the7_shortcodes-inline-css\">#default-btn-76a0b3625f18912ad21c67ac69b798ce.ico-right-side > i {\n  margin-right: 0px;\n  margin-left: 8px;\n}\n#default-btn-76a0b3625f18912ad21c67ac69b798ce > i {\n  margin-right: 8px;\n}\n<\/style><a href=\"\/wp-content\/uploads\/2021\/03\/3M-Exterior-Aircraft-Graphic-Film-A7706-Perforated-Brochure.pdf\" class=\"default-btn-shortcode dt-btn dt-btn-s link-hover-off btn-inline-left \" target=\"_blank\" id=\"default-btn-76a0b3625f18912ad21c67ac69b798ce\" rel=\"noopener\"><span>Descarc\u0103 PDF<\/span><\/a>[\/vc_column_inner][vc_column_inner width=&#8221;1\/4&#8243;][\/vc_column_inner][vc_column_inner width=&#8221;1\/4&#8243;][\/vc_column_inner][\/vc_row_inner][\/vc_column][\/vc_row]<\/p>\n<\/div>","protected":false},"excerpt":{"rendered":"<p>Folie turnat\u0103 perforat\u0103 cu adeziv permanent. Produsul este potrivit pentru toate tipurile de aparate de zbor. Destinat pentru acoperirea exterioar\u0103. Rezisten\u021ba \u0219i durabilitatea sa \u00eembun\u0103t\u0103\u021bite asigur\u0103 o \u00eendep\u0103rtare u\u0219oar\u0103 \u0219i f\u0103r\u0103 probleme.<\/p>\n","protected":false},"featured_media":25519,"comment_status":"open","ping_status":"closed","template":"","meta":[],"product_cat":[1848],"product_tag":[],"_links":{"self":[{"href":"https:\/\/partners-ltd.com\/ro\/wp-json\/wp\/v2\/product\/39994"}],"collection":[{"href":"https:\/\/partners-ltd.com\/ro\/wp-json\/wp\/v2\/product"}],"about":[{"href":"https:\/\/partners-ltd.com\/ro\/wp-json\/wp\/v2\/types\/product"}],"replies":[{"embeddable":true,"href":"https:\/\/partners-ltd.com\/ro\/wp-json\/wp\/v2\/comments?post=39994"}],"wp:featuredmedia":[{"embeddable":true,"href":"https:\/\/partners-ltd.com\/ro\/wp-json\/wp\/v2\/media\/25519"}],"wp:attachment":[{"href":"https:\/\/partners-ltd.com\/ro\/wp-json\/wp\/v2\/media?parent=39994"}],"wp:term":[{"taxonomy":"product_cat","embeddable":true,"href":"https:\/\/partners-ltd.com\/ro\/wp-json\/wp\/v2\/product_cat?post=39994"},{"taxonomy":"product_tag","embeddable":true,"href":"https:\/\/partners-ltd.com\/ro\/wp-json\/wp\/v2\/product_tag?post=39994"}],"curies":[{"name":"wp","href":"https:\/\/api.w.org\/{rel}","templated":true}]}}