{"id":39992,"date":"2021-03-19T13:30:41","date_gmt":"2021-03-19T11:30:41","guid":{"rendered":"https:\/\/partners-ltd.com\/magazin\/fara-categorie\/3m-8550m-envision-wrap-overlaminate-laminat-mat\/"},"modified":"2025-05-23T10:32:13","modified_gmt":"2025-05-23T07:32:13","slug":"3m-8550m-envision-wrap-overlaminate-laminat-mat","status":"publish","type":"product","link":"https:\/\/partners-ltd.com\/ro\/e-shop\/medii-de-imprimare\/3%d0%bc-laminare\/3m-8550m-envision-wrap-overlaminate-laminat-mat\/","title":{"rendered":"3M 8550M Envision Wrap Overlaminate &#8211; laminat, mat"},"content":{"rendered":"<div class=\"wpb-content-wrapper\"><p>[vc_row css=&#8221;.vc_custom_1530084765632{margin-bottom: 20px !important;border-top-width: 1px !important;border-right-width: 1px !important;border-bottom-width: 1px !important;border-left-width: 1px !important;padding-right: 10px !important;padding-left: 10px !important;border-left-color: #e2e2e2 !important;border-left-style: dotted !important;border-right-color: #e2e2e2 !important;border-right-style: dotted !important;border-top-color: #e2e2e2 !important;border-top-style: dotted !important;border-bottom-color: #e2e2e2 !important;border-bottom-style: dotted !important;border-radius: 1px !important;}&#8221;][vc_column]<div id=\"ultimate-heading-792769e7abd4ca8bb\" class=\"uvc-heading ult-adjust-bottom-margin ultimate-heading-792769e7abd4ca8bb uvc-403 \" data-hspacer=\"no_spacer\"  data-halign=\"left\" style=\"text-align:left\"><div class=\"uvc-heading-spacer no_spacer\" style=\"top\"><\/div><div class=\"uvc-main-heading ult-responsive\"  data-ultimate-target='.uvc-heading.ultimate-heading-792769e7abd4ca8bb h2'  data-responsive-json-new='{\"font-size\":\"desktop:28px;\",\"line-height\":\"desktop:38px;\"}' ><h2 style=\"--font-weight:theme;margin-bottom:20px;\">3M 8550M Envision Matte Wrap Overlaminate - laminat pentru folie Envision 480Cv3<\/h2><\/div><\/div>[vc_row_inner][vc_column_inner width=&#8221;5\/6&#8243;][vc_column_text]Folie autoadeziv\u0103, transparent\u0103, mat (laminat), care nu este PVC, potrivit\u0103 pentru suprafe\u021be cu: curburi 3D u\u0219oare \u0219i complexe; suprafe\u021be cu canale ad\u00e2nci \u0219i ad\u00e2ncituri; suprafe\u021be netede. 3M 8550M are un adeziv acrilat, transparent, sensibil la presiune.<\/p>\n<p>Folia are o excelent\u0103 rezisten\u021b\u0103 UV, rezisten\u021b\u0103 la zg\u00e2riere \u0219i \u00eendoire. Ader\u0103 la curburi 3D sau sec\u021biuni ad\u00e2ncite, f\u0103r\u0103 risc de ridicare. Are o elasticitate ridicat\u0103 de p\u00e2n\u0103 la 150%, f\u0103r\u0103 rupere.<\/p>\n<p>Poate fi aplicat la temperaturi extreme, deoarece este extrem de flexibil &#8211; nici prea moale, nici fragil.<\/p>\n<p>Pentru aplica\u021bii care necesit\u0103 durabilitate ridicat\u0103 \u00een exterior \u0219i interior: \u00eenvelire auto complet\u0103, ambarca\u021biuni, ferestre, pere\u021bi cu asperit\u0103\u021bi, vitrine etc.<\/p>\n<p>Protejat de <a href=\"https:\/\/partners-ltd.com\/ro\/3m-mcs-warranty\/\">garan\u021bia 3M MCS Warranty<\/a>.[\/vc_column_text][\/vc_column_inner][vc_column_inner width=&#8221;1\/6&#8243;][vc_single_image image=&#8221;14521&#8243; img_size=&#8221;90&#215;90&#8243; alignment=&#8221;center&#8221; onclick=&#8221;custom_link&#8221; link=&#8221;https:\/\/partners-ltd.com\/ro\/3m-mcs-warranty\/&#8221;][\/vc_column_inner][\/vc_row_inner][vc_row_inner][vc_column_inner width=&#8221;1\/3&#8243;][vc_column_text]<strong>Dimensiune rol\u0103:<\/strong>\u00a01,37m \u0445 50m; 1,37m \u0445 50m[\/vc_column_text][\/vc_column_inner][vc_column_inner width=&#8221;1\/3&#8243;][vc_column_text]<strong>Se combin\u0103 cu folie:<\/strong> <a href=\"https:\/\/partners-ltd.com\/ro\/e-shop\/medii-de-imprimare\/folie-pentru-imprimante-format-mare\/3m-envision-sv480cv3-luciu-alb-solventi\/\">SV480Cv3<\/a>; <a href=\"https:\/\/partners-ltd.com\/ro\/e-shop\/medii-de-imprimare\/folie-pentru-imprimante-format-mare\/3m-envision-lx480cv3-luciu-alb-latex\/\">LX480Cv3<\/a>;[\/vc_column_text][\/vc_column_inner][vc_column_inner width=&#8221;1\/3&#8243;][vc_column_text]<strong>Grosime:<\/strong> 50 microni[\/vc_column_text][\/vc_column_inner][\/vc_row_inner][\/vc_column][\/vc_row][vc_row][vc_column][vc_row_inner css=&#8221;.vc_custom_1525420680546{border-top-width: 1px !important;border-right-width: 1px !important;border-bottom-width: 1px !important;border-left-width: 1px !important;padding-right: 10px !important;padding-left: 10px !important;border-left-color: #e2e2e2 !important;border-left-style: dotted !important;border-right-color: #e2e2e2 !important;border-right-style: dotted !important;border-top-color: #e2e2e2 !important;border-top-style: dotted !important;border-bottom-color: #e2e2e2 !important;border-bottom-style: dotted !important;border-radius: 1px !important;}&#8221;][vc_column_inner width=&#8221;1\/2&#8243;]<div id=\"ultimate-heading-822169e7abd4ca90b\" class=\"uvc-heading ult-adjust-bottom-margin ultimate-heading-822169e7abd4ca90b uvc-2299 \" data-hspacer=\"no_spacer\"  data-halign=\"left\" style=\"text-align:left\"><div class=\"uvc-heading-spacer no_spacer\" style=\"top\"><\/div><div class=\"uvc-main-heading ult-responsive\"  data-ultimate-target='.uvc-heading.ultimate-heading-822169e7abd4ca90b h3'  data-responsive-json-new='{\"font-size\":\"desktop:24px;\",\"line-height\":\"desktop:34px;\"}' ><h3 style=\"--font-weight:theme;margin-bottom:20px;\">Caracteristici principale:<\/h3><\/div><\/div><div class=\"standard-arrow bullet-top\"><ul>\n<li>folie care nu con\u021bine PVC<\/li>\n<li>pentru suprafe\u021be cu curburi 3D u\u0219oare \u0219i complexe; suprafe\u021be cu canale ad\u00e2nci \u0219i ad\u00e2ncituri \u0219i suprafe\u021be netede<\/li>\n<li>pentru grafice promo\u021bionale pe vehicule, ambarca\u021biuni, pere\u021bi cu asperit\u0103\u021bi, vitrine etc.<\/li>\n<li>adeziv acrilat, transparent, sensibil la presiune<\/li>\n<li>pentru aplica\u021bii care necesit\u0103 calitate \u00eenalt\u0103 \u0219i durabilitate<\/li>\n<\/ul>\n<\/div>[\/vc_column_inner][vc_column_inner width=&#8221;1\/2&#8243;][vc_empty_space height=&#8221;54px&#8221;]<div class=\"standard-arrow bullet-top\"><ul>\n<li>elasticitate ridicat\u0103 p\u00e2n\u0103 la 150%<\/li>\n<li>Rezisten\u021b\u0103 UV<\/li>\n<li>rezisten\u021b\u0103 la zg\u00e2riere \u0219i \u00eendoire<\/li>\n<li>\u00eendep\u0103rtare mai rapid\u0103 \u0219i u\u0219oar\u0103<\/li>\n<li>durabilitate \u2013 9 ani<\/li>\n<\/ul>\n<\/div>[\/vc_column_inner][\/vc_row_inner][\/vc_column][\/vc_row][vc_row css=&#8221;.vc_custom_1616157212894{margin-top: 30px !important;border-top-width: 1px !important;border-right-width: 1px !important;border-bottom-width: 1px !important;border-left-width: 1px !important;border-left-color: #e2e2e2 !important;border-left-style: dotted !important;border-right-color: #e2e2e2 !important;border-right-style: dotted !important;border-top-color: #e2e2e2 !important;border-top-style: dotted !important;border-bottom-color: #e2e2e2 !important;border-bottom-style: dotted !important;border-radius: 1px !important;}&#8221;][vc_column]<div id=\"ultimate-heading-576369e7abd4caa53\" class=\"uvc-heading ult-adjust-bottom-margin ultimate-heading-576369e7abd4caa53 uvc-2329  uvc-heading-default-font-sizes\" data-hspacer=\"no_spacer\"  data-halign=\"left\" style=\"text-align:left\"><div class=\"uvc-heading-spacer no_spacer\" style=\"top\"><\/div><div class=\"uvc-main-heading ult-responsive\"  data-ultimate-target='.uvc-heading.ultimate-heading-576369e7abd4caa53 h3'  data-responsive-json-new='{\"font-size\":\"\",\"line-height\":\"\"}' ><h3 style=\"--font-weight:theme;\">Documente:<\/h3><\/div><\/div>[vc_empty_space height=&#8221;10px&#8221;][vc_row_inner css=&#8221;.vc_custom_1616157086641{margin-bottom: 30px !important;border-top-width: 1px !important;border-right-width: 1px !important;border-bottom-width: 1px !important;border-left-width: 1px !important;border-left-color: #ffffff !important;border-right-color: #ffffff !important;border-top-color: #ffffff !important;border-bottom-color: #ffffff !important;}&#8221;][vc_column_inner width=&#8221;1\/3&#8243;][vc_column_text]Buletin de produs[\/vc_column_text][vc_single_image image=&#8221;25483&#8243; style=&#8221;vc_box_border&#8221; onclick=&#8221;custom_link&#8221; img_link_target=&#8221;_blank&#8221; link=&#8221;\/wp-content\/uploads\/2021\/03\/3M-Envision-Wrap-Overlaminates-Bulletin.pdf&#8221;]<style type=\"text\/css\" data-type=\"the7_shortcodes-inline-css\">#default-btn-d9dbeb66e7c89da359d8e66f36db83e1.ico-right-side > i {\n  margin-right: 0px;\n  margin-left: 8px;\n}\n#default-btn-d9dbeb66e7c89da359d8e66f36db83e1 > i {\n  margin-right: 8px;\n}\n<\/style><a href=\"\/wp-content\/uploads\/2021\/03\/3M-Envision-Wrap-Overlaminates-Bulletin.pdf\" class=\"default-btn-shortcode dt-btn dt-btn-s link-hover-off btn-inline-left \" target=\"_blank\" id=\"default-btn-d9dbeb66e7c89da359d8e66f36db83e1\" rel=\"noopener\"><span>Descarc\u0103 PDF<\/span><\/a>[\/vc_column_inner][vc_column_inner width=&#8221;1\/3&#8243;][vc_column_text]Bro\u0219ur\u0103[\/vc_column_text][vc_single_image image=&#8221;25489&#8243; style=&#8221;vc_box_border&#8221; onclick=&#8221;custom_link&#8221; img_link_target=&#8221;_blank&#8221; link=&#8221;\/wp-content\/uploads\/2021\/03\/8550M-Brochure.pdf&#8221;]<style type=\"text\/css\" data-type=\"the7_shortcodes-inline-css\">#default-btn-7a8ee817a2b37730a6fab9f353db1142.ico-right-side > i {\n  margin-right: 0px;\n  margin-left: 8px;\n}\n#default-btn-7a8ee817a2b37730a6fab9f353db1142 > i {\n  margin-right: 8px;\n}\n<\/style><a href=\"\/wp-content\/uploads\/2021\/03\/8550M-Brochure.pdf\" class=\"default-btn-shortcode dt-btn dt-btn-s link-hover-off btn-inline-left \" target=\"_blank\" id=\"default-btn-7a8ee817a2b37730a6fab9f353db1142\" rel=\"noopener\"><span>Descarc\u0103 PDF<\/span><\/a>[\/vc_column_inner][vc_column_inner width=&#8221;1\/3&#8243;][\/vc_column_inner][\/vc_row_inner][\/vc_column][\/vc_row]<\/p>\n<\/div>","protected":false},"excerpt":{"rendered":"<p>Folie autoadeziv\u0103, transparent\u0103, mat (laminat), care nu este PVC, potrivit\u0103 pentru suprafe\u021be cu curburi complexe 3D. Pentru aplica\u021bii pe termen lung, at\u00e2t \u00een exterior, c\u00e2t \u0219i \u00een interior: \u00eenvelire auto complet\u0103, ambarca\u021biuni, ferestre, pere\u021bi cu asperit\u0103\u021bi, vitrine etc.<\/p>\n","protected":false},"featured_media":25478,"comment_status":"open","ping_status":"closed","template":"","meta":[],"product_cat":[1848,1868],"product_tag":[],"_links":{"self":[{"href":"https:\/\/partners-ltd.com\/ro\/wp-json\/wp\/v2\/product\/39992"}],"collection":[{"href":"https:\/\/partners-ltd.com\/ro\/wp-json\/wp\/v2\/product"}],"about":[{"href":"https:\/\/partners-ltd.com\/ro\/wp-json\/wp\/v2\/types\/product"}],"replies":[{"embeddable":true,"href":"https:\/\/partners-ltd.com\/ro\/wp-json\/wp\/v2\/comments?post=39992"}],"wp:featuredmedia":[{"embeddable":true,"href":"https:\/\/partners-ltd.com\/ro\/wp-json\/wp\/v2\/media\/25478"}],"wp:attachment":[{"href":"https:\/\/partners-ltd.com\/ro\/wp-json\/wp\/v2\/media?parent=39992"}],"wp:term":[{"taxonomy":"product_cat","embeddable":true,"href":"https:\/\/partners-ltd.com\/ro\/wp-json\/wp\/v2\/product_cat?post=39992"},{"taxonomy":"product_tag","embeddable":true,"href":"https:\/\/partners-ltd.com\/ro\/wp-json\/wp\/v2\/product_tag?post=39992"}],"curies":[{"name":"wp","href":"https:\/\/api.w.org\/{rel}","templated":true}]}}