{"id":39985,"date":"2018-07-05T15:24:12","date_gmt":"2018-07-05T12:24:12","guid":{"rendered":"https:\/\/partners-ltd.com\/magazin\/fara-categorie\/3m-scotchcal-clear-view-ij8150-folie-optic-transparenta\/"},"modified":"2026-03-24T10:39:30","modified_gmt":"2026-03-24T08:39:30","slug":"3m-scotchcal-clear-view-ij8150-folie-optic-transparenta","status":"publish","type":"product","link":"https:\/\/partners-ltd.com\/ro\/e-shop\/medii-de-imprimare\/3%d0%bc-folie-grafica-pentru-ferestre\/3m-scotchcal-clear-view-ij8150-folie-optic-transparenta\/","title":{"rendered":"3M Scotchcal Clear View IJ8150 &#8211; folie optic transparent\u0103"},"content":{"rendered":"<div class=\"wpb-content-wrapper\"><p>[vc_row css=&#8221;.vc_custom_1530619279291{margin-bottom: 20px !important;border-top-width: 1px !important;border-right-width: 1px !important;border-bottom-width: 1px !important;border-left-width: 1px !important;padding-right: 10px !important;padding-left: 10px !important;border-left-color: #e2e2e2 !important;border-left-style: dotted !important;border-right-color: #e2e2e2 !important;border-right-style: dotted !important;border-top-color: #e2e2e2 !important;border-top-style: dotted !important;border-bottom-color: #e2e2e2 !important;border-bottom-style: dotted !important;border-radius: 1px !important;}&#8221;][vc_column]<div id=\"ultimate-heading-851069d0e220d46c9\" class=\"uvc-heading ult-adjust-bottom-margin ultimate-heading-851069d0e220d46c9 uvc-6675 \" data-hspacer=\"no_spacer\"  data-halign=\"left\" style=\"text-align:left\"><div class=\"uvc-heading-spacer no_spacer\" style=\"top\"><\/div><div class=\"uvc-main-heading ult-responsive\"  data-ultimate-target='.uvc-heading.ultimate-heading-851069d0e220d46c9 h2'  data-responsive-json-new='{\"font-size\":\"desktop:28px;\",\"line-height\":\"desktop:38px;\"}' ><h2 style=\"--font-weight:theme;margin-bottom:20px;\">3M Scotchcal Clear View IJ8150 - folie cristal clar<\/h2><\/div><\/div>[vc_row_inner][vc_column_inner width=&#8221;5\/6&#8243;][vc_column_text]3M 8150 Clear View este o folie autoadeziv\u0103 turnat\u0103, optic transparent\u0103. Are un adeziv acrilat, transparent, care asigur\u0103 <a href=\"https:\/\/partners-ltd.com\/montazh-folio-za-stukla\/\">instalare u\u0219oar\u0103 \u0219i rapid\u0103 pe sticl\u0103<\/a>. Tehnologia removable permite o \u00eendep\u0103rtare curat\u0103 &#8211; la demontarea foliei nu r\u0103m\u00e2ne adeziv pe suprafa\u021ba de sticl\u0103.<\/p>\n<p>Ofer\u0103 posibilit\u0103\u021bi practic nelimitate pentru crearea de grafice unice, policrome pe vitrine, cu detalii foarte fine, care nu pot fi imprimate \u0219i decupate din folie obi\u0219nuit\u0103. 3M 8150 Clear View este potrivit\u0103 pentru imprimare digital\u0103, solvent, UV \u0219i latex.<\/p>\n<p>Folia complet transparent\u0103 8150 este destinat\u0103 aplic\u0103rii pe suprafe\u021be cu curbe \u0219i ondula\u021bii u\u0219oare, motiv pentru care poate fi aplicat\u0103 \u0219i pe vitrine curbate.<\/p>\n<p>Pentru aplica\u021bii care necesit\u0103 calitate \u00eenalt\u0103 \u0219i o durat\u0103 lung\u0103 de exploatare at\u00e2t \u00een exterior, c\u00e2t \u0219i \u00een interior: fa\u021bade de sticl\u0103, vitrine, ferestre, geamuri de automobile etc.<\/p>\n<p>Protejat de <a href=\"https:\/\/partners-ltd.com\/ro\/3m-mcs-warranty\/\">garan\u021bia 3M\u2122 MCS\u2122 Warranty<\/a>.[\/vc_column_text][\/vc_column_inner][vc_column_inner width=&#8221;1\/6&#8243;][vc_single_image image=&#8221;14521&#8243; img_size=&#8221;120&#215;120&#8243; alignment=&#8221;center&#8221; onclick=&#8221;custom_link&#8221; link=&#8221;https:\/\/partners-ltd.com\/ro\/3m-mcs-warranty\/&#8221;][\/vc_column_inner][\/vc_row_inner][vc_row_inner][vc_column_inner width=&#8221;1\/3&#8243;][vc_column_text]<strong>Dimensiune rol\u0103:<\/strong> 1,22m \u0445 10m[\/vc_column_text][\/vc_column_inner][vc_column_inner width=&#8221;1\/3&#8243;][vc_column_text]<strong>Laminare adecvat\u0103:<\/strong> <a href=\"https:\/\/partners-ltd.com\/ro\/e-shop\/medii-de-imprimare\/3%d0%bc-laminare\/3m-scotchcal-overlaminate-8518g-laminare-cu-aspect-lucios\/\">8518G<\/a>, <a href=\"https:\/\/partners-ltd.com\/ro\/e-shop\/medii-de-imprimare\/3%d0%bc-laminare\/3m-scotchcal-matte-overlaminate-8520m-laminare-cu-aspect-mat\/\">8520M<\/a>, 8519L[\/vc_column_text][\/vc_column_inner][vc_column_inner width=&#8221;1\/3&#8243;][vc_column_text]<strong>Grosime:<\/strong> 50 microni[\/vc_column_text][\/vc_column_inner][\/vc_row_inner][\/vc_column][\/vc_row][vc_row css=&#8221;.vc_custom_1526039313708{border-top-width: 1px !important;border-right-width: 1px !important;border-bottom-width: 1px !important;border-left-width: 1px !important;padding-right: 10px !important;padding-left: 10px !important;border-left-color: #e2e2e2 !important;border-left-style: dotted !important;border-right-color: #e2e2e2 !important;border-right-style: dotted !important;border-top-color: #e2e2e2 !important;border-top-style: dotted !important;border-bottom-color: #e2e2e2 !important;border-bottom-style: dotted !important;border-radius: 2px !important;}&#8221;][vc_column width=&#8221;1\/2&#8243;]<div id=\"ultimate-heading-159869d0e220d4707\" class=\"uvc-heading ult-adjust-bottom-margin ultimate-heading-159869d0e220d4707 uvc-6254 \" data-hspacer=\"no_spacer\"  data-halign=\"left\" style=\"text-align:left\"><div class=\"uvc-heading-spacer no_spacer\" style=\"top\"><\/div><div class=\"uvc-main-heading ult-responsive\"  data-ultimate-target='.uvc-heading.ultimate-heading-159869d0e220d4707 h3'  data-responsive-json-new='{\"font-size\":\"desktop:24px;\",\"line-height\":\"desktop:34px;\"}' ><h3 style=\"--font-weight:theme;margin-bottom:20px;\">Caracteristici principale:<\/h3><\/div><\/div><div class=\"standard-arrow list-divider bullet-top\"><ul>\n<li>optic transparent\u0103<\/li>\n<li>specializat\u0103 pentru suprafe\u021be de sticl\u0103<\/li>\n<li>chiar \u0219i cele mai fine detalii pot fi imprimate \u0219i decupate<\/li>\n<li>destinat aplic\u0103rii pe suprafe\u021be netede \u0219i cu curbe \u0219i ondula\u021bii u\u0219oare<\/li>\n<li>pentru grafica pe vitrine, fa\u021bade de sticl\u0103, ferestre \u0219i altele<\/li>\n<li>adeziv transparent, sensibil la presiune, cu tehnologie removable<\/li>\n<li>pentru imprimare digital\u0103, solvent, UV \u0219i latex<\/li>\n<li>durabilitate &#8211; 7 ani<\/li>\n<\/ul>\n<\/div>[\/vc_column][vc_column width=&#8221;1\/2&#8243;][\/vc_column][\/vc_row]<\/p>\n<\/div>","protected":false},"excerpt":{"rendered":"<p>Folie autoadeziv\u0103 turnat\u0103, optic transparent\u0103, specializat\u0103 pentru grafica pe suprafe\u021be de sticl\u0103. Cu calitate \u00eenalt\u0103 a imprim\u0103rii, pentru aplica\u021bii pe termen lung at\u00e2t \u00een exterior, c\u00e2t \u0219i \u00een interior: fa\u021bade de sticl\u0103, grafice promo\u021bionale pe vitrine \u0219i ferestre etc. <strong>Laminare adecvat\u0103:<\/strong> 8518G, 8520M, 8519L<\/p>\n","protected":false},"featured_media":15022,"comment_status":"open","ping_status":"closed","template":"","meta":[],"product_cat":[1869],"product_tag":[],"_links":{"self":[{"href":"https:\/\/partners-ltd.com\/ro\/wp-json\/wp\/v2\/product\/39985"}],"collection":[{"href":"https:\/\/partners-ltd.com\/ro\/wp-json\/wp\/v2\/product"}],"about":[{"href":"https:\/\/partners-ltd.com\/ro\/wp-json\/wp\/v2\/types\/product"}],"replies":[{"embeddable":true,"href":"https:\/\/partners-ltd.com\/ro\/wp-json\/wp\/v2\/comments?post=39985"}],"wp:featuredmedia":[{"embeddable":true,"href":"https:\/\/partners-ltd.com\/ro\/wp-json\/wp\/v2\/media\/15022"}],"wp:attachment":[{"href":"https:\/\/partners-ltd.com\/ro\/wp-json\/wp\/v2\/media?parent=39985"}],"wp:term":[{"taxonomy":"product_cat","embeddable":true,"href":"https:\/\/partners-ltd.com\/ro\/wp-json\/wp\/v2\/product_cat?post=39985"},{"taxonomy":"product_tag","embeddable":true,"href":"https:\/\/partners-ltd.com\/ro\/wp-json\/wp\/v2\/product_tag?post=39985"}],"curies":[{"name":"wp","href":"https:\/\/api.w.org\/{rel}","templated":true}]}}