{"id":39972,"date":"2018-06-08T13:00:38","date_gmt":"2018-06-08T10:00:38","guid":{"rendered":"https:\/\/partners-ltd.com\/magazin\/fara-categorie\/3m-scotchcal-graphic-film-with-comply-adhesive-ij35c-alb-lucios\/"},"modified":"2025-05-23T10:14:48","modified_gmt":"2025-05-23T07:14:48","slug":"3m-scotchcal-graphic-film-with-comply-adhesive-ij35c-alb-lucios","status":"publish","type":"product","link":"https:\/\/partners-ltd.com\/ro\/e-shop\/medii-de-imprimare\/folie-pentru-imprimante-format-mare\/3m-scotchcal-graphic-film-with-comply-adhesive-ij35c-alb-lucios\/","title":{"rendered":"3M Scotchcal Graphic Film with Comply Adhesive IJ35C, alb lucios"},"content":{"rendered":"<div class=\"wpb-content-wrapper\"><p>[vc_row css=&#8221;.vc_custom_1528462112766{margin-bottom: 40px !important;border-top-width: 1px !important;border-right-width: 1px !important;border-bottom-width: 1px !important;border-left-width: 1px !important;padding-right: 10px !important;padding-left: 10px !important;border-left-color: #e2e2e2 !important;border-left-style: dotted !important;border-right-color: #e2e2e2 !important;border-right-style: dotted !important;border-top-color: #e2e2e2 !important;border-top-style: dotted !important;border-bottom-color: #e2e2e2 !important;border-bottom-style: dotted !important;border-radius: 1px !important;}&#8221;][vc_column]<div id=\"ultimate-heading-70569e98f7de75d7\" class=\"uvc-heading ult-adjust-bottom-margin ultimate-heading-70569e98f7de75d7 uvc-8058 \" data-hspacer=\"no_spacer\"  data-halign=\"left\" style=\"text-align:left\"><div class=\"uvc-heading-spacer no_spacer\" style=\"top\"><\/div><div class=\"uvc-main-heading ult-responsive\"  data-ultimate-target='.uvc-heading.ultimate-heading-70569e98f7de75d7 h2'  data-responsive-json-new='{\"font-size\":\"desktop:28px;\",\"line-height\":\"desktop:38px;\"}' ><h2 style=\"--font-weight:theme;margin-bottom:20px;\">3M Scotchcal Graphic Film with Comply Adhesive IJ35C - folie pentru imprimare digital\u0103, alb lucios<\/h2><\/div><\/div>[vc_column_text]Folia polimeric\u0103 calandrat\u0103 ader\u0103 puternic la suprafe\u021be netede \u0219i plane. Calitatea sa \u00eenalt\u0103 \u00eel face o op\u021biune fiabil\u0103 \u0219i economic\u0103 pentru crearea de grafice publicitare atr\u0103g\u0103toare, semne temporare, afi\u0219aje POP \u0219i altele, at\u00e2t \u00een exterior, c\u00e2t \u0219i \u00een interior.<\/p>\n<p>Produsul se remarc\u0103 printr-o<a href=\"https:\/\/partners-ltd.com\/ro\/tipuri-de-vinil-tehnologie-si-calitate\/#t34\"><strong>\u00a0tehnologie inovatoare a stratului adeziv<\/strong><\/a>, care permite o instalare u\u0219oar\u0103. <strong><a href=\"https:\/\/partners-ltd.com\/ro\/ce-reprezinta-tehnologiile-comply-si-controltac-ale-adezivului\/\">Sistemul &#8222;Comply&#8221;<\/a><\/strong>\u00a0const\u0103 din mii de canale miniaturale, form\u00e2nd un grilaj, prin care aerul este evacuat cu o u\u0219oar\u0103 presiune pe suprafa\u021b\u0103.<\/p>\n<p>Seria<strong>\u00a0IJ35C-10<\/strong>\u00a0permite excelent ca imaginile grafice s\u0103 ias\u0103 \u00een eviden\u021b\u0103, protej\u00e2ndu-le de condi\u021bii nefavorabile, zg\u00e2rieturi \u0219i umiditate.[\/vc_column_text][vc_row_inner][vc_column_inner width=&#8221;1\/3&#8243;][vc_column_text]<strong>Dimensiune rol\u0103: <\/strong>1,37m \u0445 50m; 1,52m x 50m[\/vc_column_text][\/vc_column_inner][vc_column_inner width=&#8221;1\/3&#8243;][vc_column_text]<strong>Laminare adecvat\u0103:<\/strong> <a href=\"https:\/\/partners-ltd.com\/ro\/e-shop\/medii-de-imprimare\/3%d0%bc-laminare\/3m-scotchcal-gloss-overlaminate-8508-laminat-lucios\/\"><strong>8508<\/strong><\/a>, 8509, 8510M[\/vc_column_text][\/vc_column_inner][vc_column_inner width=&#8221;1\/3&#8243;][vc_column_text]<strong>Grosime: <\/strong>80 microni<strong><br \/>\n<\/strong>[\/vc_column_text][\/vc_column_inner][\/vc_row_inner][\/vc_column][\/vc_row][vc_row css=&#8221;.vc_custom_1526039313708{border-top-width: 1px !important;border-right-width: 1px !important;border-bottom-width: 1px !important;border-left-width: 1px !important;padding-right: 10px !important;padding-left: 10px !important;border-left-color: #e2e2e2 !important;border-left-style: dotted !important;border-right-color: #e2e2e2 !important;border-right-style: dotted !important;border-top-color: #e2e2e2 !important;border-top-style: dotted !important;border-bottom-color: #e2e2e2 !important;border-bottom-style: dotted !important;border-radius: 2px !important;}&#8221;][vc_column width=&#8221;1\/2&#8243;]<div id=\"ultimate-heading-231869e98f7de7615\" class=\"uvc-heading ult-adjust-bottom-margin ultimate-heading-231869e98f7de7615 uvc-1442 \" data-hspacer=\"no_spacer\"  data-halign=\"left\" style=\"text-align:left\"><div class=\"uvc-heading-spacer no_spacer\" style=\"top\"><\/div><div class=\"uvc-main-heading ult-responsive\"  data-ultimate-target='.uvc-heading.ultimate-heading-231869e98f7de7615 h3'  data-responsive-json-new='{\"font-size\":\"desktop:24px;\",\"line-height\":\"desktop:34px;\"}' ><h3 style=\"--font-weight:theme;margin-bottom:20px;\">Avantaje:<\/h3><\/div><\/div><div class=\"standard-arrow list-divider bullet-top\"><ul>\n<li>pentru aplica\u021bii pe suprafe\u021be plane \u0219i cu u\u0219oare curbe<\/li>\n<li>pentru semne publicitare \u0219i afi\u0219aje, design arhitectural, afi\u0219aje POP<\/li>\n<li>sistemul &#8222;Comply&#8221; pentru instalare u\u0219oar\u0103<\/li>\n<li>adeziv sensibil la presiune<\/li>\n<li>calitate excelent\u0103 a imprim\u0103rii<\/li>\n<li>durabilitate ridicat\u0103<\/li>\n<\/ul>\n<\/div>[\/vc_column][vc_column width=&#8221;1\/2&#8243;][vc_single_image image=&#8221;22936&#8243; img_size=&#8221;large&#8221;][\/vc_column][\/vc_row][vc_row][vc_column]<div id=\"ultimate-heading-102469e98f7de7678\" class=\"uvc-heading ult-adjust-bottom-margin ultimate-heading-102469e98f7de7678 uvc-542 \" data-hspacer=\"no_spacer\"  data-halign=\"left\" style=\"text-align:left\"><div class=\"uvc-heading-spacer no_spacer\" style=\"top\"><\/div><div class=\"uvc-main-heading ult-responsive\"  data-ultimate-target='.uvc-heading.ultimate-heading-102469e98f7de7678 h3'  data-responsive-json-new='{\"font-size\":\"desktop:24px;\",\"line-height\":\"desktop:34px;\"}' ><h3 style=\"--font-weight:theme;margin-bottom:20px;\">Documente:<\/h3><\/div><\/div>[\/vc_column][\/vc_row][vc_row][vc_column width=&#8221;1\/4&#8243;][vc_column_text]Buletin de produs[\/vc_column_text][vc_single_image image=&#8221;22942&#8243; style=&#8221;vc_box_border&#8221; onclick=&#8221;custom_link&#8221; img_link_target=&#8221;_blank&#8221; link=&#8221;\/wp-content\/uploads\/2020\/10\/3M-Scotchcal-Graphic-Film-with-Comply-Adhesive-IJ35C-Buletin-de-produs.pdf&#8221;]<style type=\"text\/css\" data-type=\"the7_shortcodes-inline-css\">#default-btn-8733eb7cce7214b91d61a16dfbf4c8e0.ico-right-side > i {\n  margin-right: 0px;\n  margin-left: 8px;\n}\n#default-btn-8733eb7cce7214b91d61a16dfbf4c8e0 > i {\n  margin-right: 8px;\n}\n<\/style><a href=\"\/wp-content\/uploads\/2020\/10\/3M-Scotchcal-Graphic-Film-with-Comply-Adhesive-IJ35C-\u041f\u0440\u043e\u0434\u0443\u043a\u0442\u043e\u0432-\u0431\u044e\u043b\u0435\u0442\u0438\u043d.pdf\" class=\"default-btn-shortcode dt-btn dt-btn-s link-hover-off btn-inline-left \" target=\"_blank\" id=\"default-btn-8733eb7cce7214b91d61a16dfbf4c8e0\" rel=\"noopener\"><span>Descarc\u0103 PDF<\/span><\/a>[\/vc_column][vc_column width=&#8221;1\/4&#8243;][vc_column_text]Informa\u021bii utile[\/vc_column_text][vc_single_image image=&#8221;22924&#8243; style=&#8221;vc_box_border&#8221; onclick=&#8221;custom_link&#8221; img_link_target=&#8221;_blank&#8221; link=&#8221;\/wp-content\/uploads\/2020\/10\/3M-Scotchcal-Graphic-Film-with-Comply-Adhesive-IJ35C-alb-lucios.pdf&#8221;]<style type=\"text\/css\" data-type=\"the7_shortcodes-inline-css\">#default-btn-3403540de1b78e0171593d7711100b01.ico-right-side > i {\n  margin-right: 0px;\n  margin-left: 8px;\n}\n#default-btn-3403540de1b78e0171593d7711100b01 > i {\n  margin-right: 8px;\n}\n<\/style><a href=\"#\" class=\"default-btn-shortcode dt-btn dt-btn-s link-hover-off btn-inline-left \" id=\"default-btn-3403540de1b78e0171593d7711100b01\"><span>Descarc\u0103 PDF<\/span><\/a>[\/vc_column][vc_column width=&#8221;1\/4&#8243;][\/vc_column][vc_column width=&#8221;1\/4&#8243;][\/vc_column][\/vc_row]<\/p>\n<\/div>","protected":false},"excerpt":{"rendered":"<p>Folie autoadeziv\u0103 polimeric\u0103 calandrat\u0103 cu <strong>tehnologia Comply a stratului adeziv, <\/strong>prin care aerul este u\u0219or eliminat de pe suprafa\u021b\u0103. Creat\u0103 pentru aplica\u021bii pe suprafe\u021be plane \u0219i cu u\u0219oare curbe. Pentru aplica\u021bii pe termen scurt \u0219i mediu, at\u00e2t \u00een exterior, c\u00e2t \u0219i \u00een interior: semne \u0219i afi\u0219aje, afi\u0219aje POP \u0219i utilizare arhitectural\u0103.<\/p>\n<p><strong>L\u0103\u021bimea rolei:\u00a0<\/strong>1,37m \u0219i 1,52m<br \/>\n<strong>Laminare adecvat\u0103:<\/strong> 8508, 8509, 8510M.<\/p>\n","protected":false},"featured_media":22946,"comment_status":"open","ping_status":"closed","template":"","meta":[],"product_cat":[1848,1864],"product_tag":[],"_links":{"self":[{"href":"https:\/\/partners-ltd.com\/ro\/wp-json\/wp\/v2\/product\/39972"}],"collection":[{"href":"https:\/\/partners-ltd.com\/ro\/wp-json\/wp\/v2\/product"}],"about":[{"href":"https:\/\/partners-ltd.com\/ro\/wp-json\/wp\/v2\/types\/product"}],"replies":[{"embeddable":true,"href":"https:\/\/partners-ltd.com\/ro\/wp-json\/wp\/v2\/comments?post=39972"}],"wp:featuredmedia":[{"embeddable":true,"href":"https:\/\/partners-ltd.com\/ro\/wp-json\/wp\/v2\/media\/22946"}],"wp:attachment":[{"href":"https:\/\/partners-ltd.com\/ro\/wp-json\/wp\/v2\/media?parent=39972"}],"wp:term":[{"taxonomy":"product_cat","embeddable":true,"href":"https:\/\/partners-ltd.com\/ro\/wp-json\/wp\/v2\/product_cat?post=39972"},{"taxonomy":"product_tag","embeddable":true,"href":"https:\/\/partners-ltd.com\/ro\/wp-json\/wp\/v2\/product_tag?post=39972"}],"curies":[{"name":"wp","href":"https:\/\/api.w.org\/{rel}","templated":true}]}}