{"id":39969,"date":"2018-08-02T11:14:32","date_gmt":"2018-08-02T08:14:32","guid":{"rendered":"https:\/\/partners-ltd.com\/magazin\/fara-categorie\/emblem-solvent-sticky-textile-banner-sostbar-lt-textil-pentru-imprimare\/"},"modified":"2025-05-23T11:07:30","modified_gmt":"2025-05-23T08:07:30","slug":"emblem-solvent-sticky-textile-banner-sostbar-lt-textil-pentru-imprimare","status":"publish","type":"product","link":"https:\/\/partners-ltd.com\/ro\/e-shop\/medii-de-imprimare\/canvas-si-tesaturi-pentru-imprimare\/emblem-solvent-sticky-textile-banner-sostbar-lt-textil-pentru-imprimare\/","title":{"rendered":"EMBLEM Solvent Sticky Textile Banner SOSTBAR\/LT &#8211; textil pentru imprimare"},"content":{"rendered":"<div class=\"wpb-content-wrapper\"><p>[vc_row css=&#8221;.vc_custom_1532072282826{margin-bottom: 20px !important;border-top-width: 1px !important;border-right-width: 1px !important;border-bottom-width: 1px !important;border-left-width: 1px !important;padding-right: 10px !important;padding-left: 10px !important;border-left-color: #e2e2e2 !important;border-left-style: dotted !important;border-right-color: #e2e2e2 !important;border-right-style: dotted !important;border-top-color: #e2e2e2 !important;border-top-style: dotted !important;border-bottom-color: #e2e2e2 !important;border-bottom-style: dotted !important;border-radius: 1px !important;}&#8221;][vc_column]<div id=\"ultimate-heading-324169db2f987c071\" class=\"uvc-heading ult-adjust-bottom-margin ultimate-heading-324169db2f987c071 uvc-2415 \" data-hspacer=\"no_spacer\"  data-halign=\"left\" style=\"text-align:left\"><div class=\"uvc-heading-spacer no_spacer\" style=\"top\"><\/div><div class=\"uvc-main-heading ult-responsive\"  data-ultimate-target='.uvc-heading.ultimate-heading-324169db2f987c071 h2'  data-responsive-json-new='{\"font-size\":\"desktop:28px;\",\"line-height\":\"desktop:38px;\"}' ><h2 style=\"--font-weight:theme;margin-bottom:20px;\">Emblem Solvent Sticky Textile Banner - banner textil din poliester mat<\/h2><\/div><\/div>[vc_column_text]Solvent Sticky Text Banner Rem. (SOSTBAR) \u0219i Solvent Sticky Text Banner Rem. Low Tac (SOSTBAR-LT) \u2013 textile din poliester mat pentru imprimare, cu structur\u0103 fin\u0103. SOSTBAR-LT \u0219i SOSTBAR au spate adeziv, cu adeziv acrilat semipermanent \u0219i suport din silicon. Diferen\u021ba dintre cele dou\u0103 este c\u0103 <strong>SOSTBAR-LT are adeziv transparent<\/strong>. Ambele pot fi dezlipite f\u0103r\u0103 a l\u0103sa urme de adeziv \u0219i repozi\u021bionate, ceea ce faciliteaz\u0103 aplicarea lor u\u0219oar\u0103. Suprafa\u021ba textil\u0103 fin\u0103 \u0219i acoperirea special\u0103 contribuie la culori excelente ale graficelor cu cerneluri moderne \u2013\u00a0 cerneluri solvent, ecosolvent, UV \u0219i latex.<\/p>\n<p>Este potrivit pentru decorarea pere\u021bilor, reclame pentru expozi\u021bii, vitrine, mobilier, s\u0103li de conferin\u021be, hoteluri, restaurante \u0219i orice alte aplica\u021bii interioare.[\/vc_column_text][vc_row_inner][vc_column_inner width=&#8221;1\/3&#8243;][vc_column_text]<strong>Dimensiune rol\u0103:<\/strong> 1,07m \u0445 15m[\/vc_column_text][\/vc_column_inner][vc_column_inner width=&#8221;1\/3&#8243;][vc_column_text]<strong>Suprafa\u021b\u0103:<\/strong> mat\u0103[\/vc_column_text][\/vc_column_inner][vc_column_inner width=&#8221;1\/3&#8243;][vc_column_text]<strong>Culoare:<\/strong> alb[\/vc_column_text][\/vc_column_inner][\/vc_row_inner][\/vc_column][\/vc_row][vc_row css=&#8221;.vc_custom_1532072379976{margin-bottom: 20px !important;border-top-width: 1px !important;border-right-width: 1px !important;border-bottom-width: 1px !important;border-left-width: 1px !important;padding-right: 10px !important;padding-bottom: 20px !important;padding-left: 10px !important;border-left-color: #e2e2e2 !important;border-left-style: dotted !important;border-right-color: #e2e2e2 !important;border-right-style: dotted !important;border-top-color: #e2e2e2 !important;border-top-style: dotted !important;border-bottom-color: #e2e2e2 !important;border-bottom-style: dotted !important;border-radius: 1px !important;}&#8221;][vc_column width=&#8221;1\/2&#8243;]<div id=\"ultimate-heading-557769db2f987c0b3\" class=\"uvc-heading ult-adjust-bottom-margin ultimate-heading-557769db2f987c0b3 uvc-5505 \" data-hspacer=\"no_spacer\"  data-halign=\"left\" style=\"text-align:left\"><div class=\"uvc-heading-spacer no_spacer\" style=\"top\"><\/div><div class=\"uvc-main-heading ult-responsive\"  data-ultimate-target='.uvc-heading.ultimate-heading-557769db2f987c0b3 h3'  data-responsive-json-new='{\"font-size\":\"desktop:24px;\",\"line-height\":\"desktop:34px;\"}' ><h3 style=\"--font-weight:theme;margin-bottom:20px;\">Caracteristici principale:<\/h3><\/div><\/div><div class=\"standard-arrow list-divider bullet-top\"><ul>\n<li>textile din poliester mat pentru imprimare<\/li>\n<li>adeziv transparent &#8211; SOSTBAR-LT<\/li>\n<li>greutate &#8211; 190 gr.\/m\u00b2<\/li>\n<\/ul>\n<\/div>[\/vc_column][vc_column width=&#8221;1\/2&#8243;][vc_empty_space height=&#8221;54px&#8221;]<div class=\"standard-arrow list-divider bullet-top\"><ul>\n<li>substrat &#8211; siliconic \u2013 135 gr.\/m\u00b2<\/li>\n<li>temperatur\u0103 pentru aplicare &#8211; peste 10\u00b0 C<\/li>\n<li>durabilitate &#8211; p\u00e2n\u0103 la 6 luni<\/li>\n<\/ul>\n<\/div>[\/vc_column][\/vc_row][vc_row css=&#8221;.vc_custom_1532072267931{border-top-width: 1px !important;border-right-width: 1px !important;border-bottom-width: 1px !important;border-left-width: 1px !important;padding-right: 10px !important;padding-bottom: 20px !important;padding-left: 10px !important;border-left-color: #e2e2e2 !important;border-left-style: dotted !important;border-right-color: #e2e2e2 !important;border-right-style: dotted !important;border-top-color: #e2e2e2 !important;border-top-style: dotted !important;border-bottom-color: #e2e2e2 !important;border-bottom-style: dotted !important;border-radius: 1px !important;}&#8221;][vc_column]<div id=\"ultimate-heading-634269db2f987c149\" class=\"uvc-heading ult-adjust-bottom-margin ultimate-heading-634269db2f987c149 uvc-6033 \" data-hspacer=\"no_spacer\"  data-halign=\"left\" style=\"text-align:left\"><div class=\"uvc-heading-spacer no_spacer\" style=\"top\"><\/div><div class=\"uvc-main-heading ult-responsive\"  data-ultimate-target='.uvc-heading.ultimate-heading-634269db2f987c149 h3'  data-responsive-json-new='{\"font-size\":\"desktop:24px;\",\"line-height\":\"desktop:34px;\"}' ><h3 style=\"--font-weight:theme;margin-bottom:20px;\">Documente<\/h3><\/div><\/div>[vc_column_text]Buletine de produs pentru textile mate pentru imprimare Emblem Solvent Sticky Banner (SOSTBAR \u0219i SOSTBAR-LT).[\/vc_column_text][vc_row_inner gap=&#8221;15&#8243;][vc_column_inner width=&#8221;1\/4&#8243;][vc_column_text]<\/p>\n<p style=\"text-align: center;\">SOSTBAR<\/p>\n<p>[\/vc_column_text][vc_single_image image=&#8221;15430&#8243; img_size=&#8221;130&#215;180&#8243; alignment=&#8221;center&#8221; style=&#8221;vc_box_outline&#8221;]<style type=\"text\/css\" data-type=\"the7_shortcodes-inline-css\">#default-btn-b287d7c15d54ab95f7e6069fb40b3d5f.ico-right-side > i {\n  margin-right: 0px;\n  margin-left: 8px;\n}\n#default-btn-b287d7c15d54ab95f7e6069fb40b3d5f > i {\n  margin-right: 8px;\n}\n<\/style><div class=\"btn-align-center\"><a href=\"\/wp-content\/uploads\/2018\/08\/Emblem-Solvent-Sticky-Banner-SOSTBAR-PDF.pdf\" class=\"default-btn-shortcode dt-btn dt-btn-s link-hover-off \" target=\"_blank\" id=\"default-btn-b287d7c15d54ab95f7e6069fb40b3d5f\" rel=\"noopener\"><i class=\"fas fa-download\"><\/i><span>Descarc\u0103 PDF<\/span><\/a><\/div>[\/vc_column_inner][vc_column_inner width=&#8221;1\/4&#8243;][vc_column_text]<\/p>\n<p style=\"text-align: center;\">SOSTBAR-LT<\/p>\n<p>[\/vc_column_text][vc_single_image image=&#8221;15431&#8243; img_size=&#8221;130&#215;180&#8243; alignment=&#8221;center&#8221; style=&#8221;vc_box_outline&#8221;]<style type=\"text\/css\" data-type=\"the7_shortcodes-inline-css\">#default-btn-5ab39860cbbde6fa1a114d4b7e2d3170.ico-right-side > i {\n  margin-right: 0px;\n  margin-left: 8px;\n}\n#default-btn-5ab39860cbbde6fa1a114d4b7e2d3170 > i {\n  margin-right: 8px;\n}\n<\/style><div class=\"btn-align-center\"><a href=\"\/wp-content\/uploads\/2018\/08\/Emblem-Solvent-Sticky-Banner-SOSTBAR-LT-PDF.pdf\" class=\"default-btn-shortcode dt-btn dt-btn-s link-hover-off \" target=\"_blank\" id=\"default-btn-5ab39860cbbde6fa1a114d4b7e2d3170\" rel=\"noopener\"><i class=\"fas fa-download\"><\/i><span>Descarc\u0103 PDF<\/span><\/a><\/div>[\/vc_column_inner][vc_column_inner width=&#8221;1\/2&#8243;][\/vc_column_inner][\/vc_row_inner][\/vc_column][\/vc_row]<\/p>\n<\/div>","protected":false},"excerpt":{"rendered":"<p>Material textil din poliester pentru reclam\u0103 luminoas\u0103 \u0219i neluminoas\u0103. Se folose\u0219te pentru imprimarea de panouri publicitare \u00een spa\u021bii interioare \u0219i locuri &#8211; magazine, expozi\u021bii, semne luminoase.<\/p>\n","protected":false},"featured_media":15428,"comment_status":"open","ping_status":"closed","template":"","meta":[],"product_cat":[1848,1871,3173],"product_tag":[],"_links":{"self":[{"href":"https:\/\/partners-ltd.com\/ro\/wp-json\/wp\/v2\/product\/39969"}],"collection":[{"href":"https:\/\/partners-ltd.com\/ro\/wp-json\/wp\/v2\/product"}],"about":[{"href":"https:\/\/partners-ltd.com\/ro\/wp-json\/wp\/v2\/types\/product"}],"replies":[{"embeddable":true,"href":"https:\/\/partners-ltd.com\/ro\/wp-json\/wp\/v2\/comments?post=39969"}],"wp:featuredmedia":[{"embeddable":true,"href":"https:\/\/partners-ltd.com\/ro\/wp-json\/wp\/v2\/media\/15428"}],"wp:attachment":[{"href":"https:\/\/partners-ltd.com\/ro\/wp-json\/wp\/v2\/media?parent=39969"}],"wp:term":[{"taxonomy":"product_cat","embeddable":true,"href":"https:\/\/partners-ltd.com\/ro\/wp-json\/wp\/v2\/product_cat?post=39969"},{"taxonomy":"product_tag","embeddable":true,"href":"https:\/\/partners-ltd.com\/ro\/wp-json\/wp\/v2\/product_tag?post=39969"}],"curies":[{"name":"wp","href":"https:\/\/api.w.org\/{rel}","templated":true}]}}