{"id":39968,"date":"2018-08-03T12:53:43","date_gmt":"2018-08-03T09:53:43","guid":{"rendered":"https:\/\/partners-ltd.com\/magazin\/fara-categorie\/emblem-solvent-semi-photo-paper-sosppsm-hartie-foto-cu-uscare-rapida\/"},"modified":"2025-05-23T11:15:33","modified_gmt":"2025-05-23T08:15:33","slug":"emblem-solvent-semi-photo-paper-sosppsm-hartie-foto-cu-uscare-rapida","status":"publish","type":"product","link":"https:\/\/partners-ltd.com\/ro\/e-shop\/medii-de-imprimare\/hartie-pentru-imprimare\/emblem-solvent-semi-photo-paper-sosppsm-hartie-foto-cu-uscare-rapida\/","title":{"rendered":"EMBLEM Solvent Semi-Photo Paper SOSPPSM &#8211; h\u00e2rtie foto cu uscare rapid\u0103"},"content":{"rendered":"<div class=\"wpb-content-wrapper\"><p>[vc_row css=&#8221;.vc_custom_1532072282826{margin-bottom: 20px !important;border-top-width: 1px !important;border-right-width: 1px !important;border-bottom-width: 1px !important;border-left-width: 1px !important;padding-right: 10px !important;padding-left: 10px !important;border-left-color: #e2e2e2 !important;border-left-style: dotted !important;border-right-color: #e2e2e2 !important;border-right-style: dotted !important;border-top-color: #e2e2e2 !important;border-top-style: dotted !important;border-bottom-color: #e2e2e2 !important;border-bottom-style: dotted !important;border-radius: 1px !important;}&#8221;][vc_column]<div id=\"ultimate-heading-569769d79c4e7582b\" class=\"uvc-heading ult-adjust-bottom-margin ultimate-heading-569769d79c4e7582b uvc-8345 \" data-hspacer=\"no_spacer\"  data-halign=\"left\" style=\"text-align:left\"><div class=\"uvc-heading-spacer no_spacer\" style=\"top\"><\/div><div class=\"uvc-main-heading ult-responsive\"  data-ultimate-target='.uvc-heading.ultimate-heading-569769d79c4e7582b h2'  data-responsive-json-new='{\"font-size\":\"desktop:28px;\",\"line-height\":\"desktop:38px;\"}' ><h2 style=\"--font-weight:theme;margin-bottom:20px;\">Emblem Solvent Semi-Photo Paper - h\u00e2rtie foto pentru aplica\u021bii interioare<\/h2><\/div><\/div>[vc_column_text]Solvent Semi-Photo Paper Semi-Matte (SOSPPSM) este o h\u00e2rtie foto alb\u0103 de \u00eenalt\u0103 calitate, cu uscare rapid\u0103.<\/p>\n<p>Acoperirea este semi-mat\u0103, f\u0103r\u0103 reflexii. H\u00e2rtia foto este adaptat\u0103 pentru o imprimare excelent\u0103 cu cerneluri solvent, eco-solvent, UV \u0219i latex. SOSPPSM sus\u021bine imprimarea de \u00eenalt\u0103 calitate a imaginilor cu rezolu\u021bie mare, cum ar fi 780 x 1080 dpi. Din acest motiv, se folose\u0219te pe scar\u0103 larg\u0103 pentru imprimarea de postere pentru aplica\u021bii interioare.<\/p>\n<p>Alte aplica\u021bii includ &#8211; reproduceri de picturi, reclame pentru vitrine de magazine, prezent\u0103ri, display-uri \u0219i standuri publicitare etc.[\/vc_column_text][vc_row_inner][vc_column_inner width=&#8221;1\/3&#8243;][vc_column_text]<strong>Dimensiune rol\u0103:<\/strong> 1,37m \u0445 50m[\/vc_column_text][\/vc_column_inner][vc_column_inner width=&#8221;1\/3&#8243;][vc_column_text]<strong>Suprafa\u021b\u0103:<\/strong>\u00a0semi-mat\u0103[\/vc_column_text][\/vc_column_inner][vc_column_inner width=&#8221;1\/3&#8243;][vc_column_text]<strong>Culoare:<\/strong>\u00a0alb[\/vc_column_text][\/vc_column_inner][\/vc_row_inner][\/vc_column][\/vc_row][vc_row css=&#8221;.vc_custom_1532072379976{margin-bottom: 20px !important;border-top-width: 1px !important;border-right-width: 1px !important;border-bottom-width: 1px !important;border-left-width: 1px !important;padding-right: 10px !important;padding-bottom: 20px !important;padding-left: 10px !important;border-left-color: #e2e2e2 !important;border-left-style: dotted !important;border-right-color: #e2e2e2 !important;border-right-style: dotted !important;border-top-color: #e2e2e2 !important;border-top-style: dotted !important;border-bottom-color: #e2e2e2 !important;border-bottom-style: dotted !important;border-radius: 1px !important;}&#8221;][vc_column width=&#8221;1\/2&#8243;]<div id=\"ultimate-heading-140069d79c4e75863\" class=\"uvc-heading ult-adjust-bottom-margin ultimate-heading-140069d79c4e75863 uvc-4424 \" data-hspacer=\"no_spacer\"  data-halign=\"left\" style=\"text-align:left\"><div class=\"uvc-heading-spacer no_spacer\" style=\"top\"><\/div><div class=\"uvc-main-heading ult-responsive\"  data-ultimate-target='.uvc-heading.ultimate-heading-140069d79c4e75863 h3'  data-responsive-json-new='{\"font-size\":\"desktop:24px;\",\"line-height\":\"desktop:34px;\"}' ><h3 style=\"--font-weight:theme;margin-bottom:20px;\">Caracteristici principale:<\/h3><\/div><\/div><div class=\"standard-arrow list-divider bullet-top\"><ul>\n<li>h\u00e2rtie foto alb\u0103, cu uscare rapid\u0103<\/li>\n<li>greutate &#8211; 220 gr.\/m\u00b2<\/li>\n<\/ul>\n<\/div>[\/vc_column][vc_column width=&#8221;1\/2&#8243;][vc_empty_space height=&#8221;54px&#8221;]<div class=\"standard-arrow list-divider bullet-top\"><ul>\n<li>imprimare de imagini cu rezolu\u021bie \u00eenalt\u0103<\/li>\n<li>reproduceri de picturi, reclame pe vitrine, prezent\u0103ri \u0219i altele<\/li>\n<\/ul>\n<\/div>[\/vc_column][\/vc_row][vc_row css=&#8221;.vc_custom_1532072267931{border-top-width: 1px !important;border-right-width: 1px !important;border-bottom-width: 1px !important;border-left-width: 1px !important;padding-right: 10px !important;padding-bottom: 20px !important;padding-left: 10px !important;border-left-color: #e2e2e2 !important;border-left-style: dotted !important;border-right-color: #e2e2e2 !important;border-right-style: dotted !important;border-top-color: #e2e2e2 !important;border-top-style: dotted !important;border-bottom-color: #e2e2e2 !important;border-bottom-style: dotted !important;border-radius: 1px !important;}&#8221;][vc_column width=&#8221;2\/3&#8243;]<div id=\"ultimate-heading-505569d79c4e758e1\" class=\"uvc-heading ult-adjust-bottom-margin ultimate-heading-505569d79c4e758e1 uvc-1000 \" data-hspacer=\"no_spacer\"  data-halign=\"left\" style=\"text-align:left\"><div class=\"uvc-heading-spacer no_spacer\" style=\"top\"><\/div><div class=\"uvc-main-heading ult-responsive\"  data-ultimate-target='.uvc-heading.ultimate-heading-505569d79c4e758e1 h3'  data-responsive-json-new='{\"font-size\":\"desktop:24px;\",\"line-height\":\"desktop:34px;\"}' ><h3 style=\"--font-weight:theme;margin-bottom:20px;\">Documente<\/h3><\/div><\/div>[vc_column_text]Buletin de produs pentru h\u00e2rtie foto cu uscare rapid\u0103 Emblem Solvent Semi-Photo Paper.[\/vc_column_text][\/vc_column][vc_column width=&#8221;1\/3&#8243;][vc_column_text]<\/p>\n<p style=\"text-align: center;\">Buletin de produs<\/p>\n<p>[\/vc_column_text][vc_single_image image=&#8221;15446&#8243; img_size=&#8221;130&#215;180&#8243; alignment=&#8221;center&#8221; style=&#8221;vc_box_outline&#8221;]<style type=\"text\/css\" data-type=\"the7_shortcodes-inline-css\">#default-btn-a640822488ba36e2a71d68f0057196d2.ico-right-side > i {\n  margin-right: 0px;\n  margin-left: 8px;\n}\n#default-btn-a640822488ba36e2a71d68f0057196d2 > i {\n  margin-right: 8px;\n}\n<\/style><div class=\"btn-align-center\"><a href=\"\/wp-content\/uploads\/2018\/08\/Emblem-Solvent-Semi-Photo-Paper-Semi-Matte-PDF.pdf\" class=\"default-btn-shortcode dt-btn dt-btn-s link-hover-off \" target=\"_blank\" id=\"default-btn-a640822488ba36e2a71d68f0057196d2\" rel=\"noopener\"><i class=\"fas fa-download\"><\/i><span>Descarc\u0103 PDF<\/span><\/a><\/div>[\/vc_column][\/vc_row]<\/p>\n<\/div>","protected":false},"excerpt":{"rendered":"<p>H\u00e2rtie foto alb\u0103 de \u00eenalt\u0103 calitate, cu uscare rapid\u0103. Se folose\u0219te pe scar\u0103 larg\u0103 pentru imprimarea de postere pentru aplica\u021bii interioare. Este potrivit\u0103 \u0219i pentru reproduceri de picturi, reclame pentru vitrine de magazine, prezent\u0103ri, display-uri \u0219i standuri publicitare etc.<\/p>\n","protected":false},"featured_media":15454,"comment_status":"open","ping_status":"closed","template":"","meta":[],"product_cat":[1848,1865],"product_tag":[],"_links":{"self":[{"href":"https:\/\/partners-ltd.com\/ro\/wp-json\/wp\/v2\/product\/39968"}],"collection":[{"href":"https:\/\/partners-ltd.com\/ro\/wp-json\/wp\/v2\/product"}],"about":[{"href":"https:\/\/partners-ltd.com\/ro\/wp-json\/wp\/v2\/types\/product"}],"replies":[{"embeddable":true,"href":"https:\/\/partners-ltd.com\/ro\/wp-json\/wp\/v2\/comments?post=39968"}],"wp:featuredmedia":[{"embeddable":true,"href":"https:\/\/partners-ltd.com\/ro\/wp-json\/wp\/v2\/media\/15454"}],"wp:attachment":[{"href":"https:\/\/partners-ltd.com\/ro\/wp-json\/wp\/v2\/media?parent=39968"}],"wp:term":[{"taxonomy":"product_cat","embeddable":true,"href":"https:\/\/partners-ltd.com\/ro\/wp-json\/wp\/v2\/product_cat?post=39968"},{"taxonomy":"product_tag","embeddable":true,"href":"https:\/\/partners-ltd.com\/ro\/wp-json\/wp\/v2\/product_tag?post=39968"}],"curies":[{"name":"wp","href":"https:\/\/api.w.org\/{rel}","templated":true}]}}